{"id":29264,"date":"2025-12-12T12:23:14","date_gmt":"2025-12-12T11:23:14","guid":{"rendered":"https:\/\/www.bivillage.com\/?page_id=29264"},"modified":"2026-01-13T15:39:03","modified_gmt":"2026-01-13T14:39:03","slug":"accessible","status":"publish","type":"page","link":"https:\/\/www.bivillage.com\/pl\/accessible\/","title":{"rendered":"Accessible"},"content":{"rendered":"<div  class=\"grids-section row-elenchi grids-is-advanced alignfull\" style=\"--_gs-gap-desktop:0px 0px;--_gs-m-desktop:0 0 0 0;--_gs-p-desktop:0 0 0 0;--_gs-bg-desktop:transparent none;--_gs-bg-xp-desktop:0px;--_gs-zi-desktop:auto;--_gs-d-desktop:block;--_gs-mw-desktop:calc(100% - 0 - 0);--_gs-gap-tablet:0px 0px;--_gs-m-tablet:0 0 0 0;--_gs-p-tablet:0 0 0 0;--_gs-bg-tablet:transparent none;--_gs-bg-xp-tablet:0px;--_gs-zi-tablet:auto;--_gs-d-tablet:block;--_gs-mw-tablet:calc(100% - 0 - 0);--_gs-gap-mobile:0px 0px;--_gs-m-mobile:0 0 0 0;--_gs-p-mobile:0 0 0 0;--_gs-bg-mobile:transparent none;--_gs-bg-xp-mobile:0px;--_gs-zi-mobile:auto;--_gs-d-mobile:block;--_gs-mw-mobile:calc(100% - 0 - 0);--_gs-columns:12;--_gs-rows:6\"><div class=\"grids-s-w_i\">\n<div class=\"grids-area\" style=\"--_ga-column:2\/12;--_ga-row:1\/3;--_ga-m-desktop:0 0 0 0;--_ga-p-desktop:0 0 0 0;--_ga-bg-desktop:transparent none;--_ga-zi-desktop:auto;--_ga-d-desktop:flex;--_ga-mw-desktop:calc(100% - 0 - 0);--_ga-m-tablet:0 0 0 0;--_ga-p-tablet:0 0 0 0;--_ga-bg-tablet:transparent none;--_ga-zi-tablet:auto;--_ga-d-tablet:flex;--_ga-mw-tablet:calc(100% - 0 - 0);--_ga-m-mobile:0 0 0 0;--_ga-p-mobile:0 0 0 0;--_ga-bg-mobile:transparent none;--_ga-zi-mobile:auto;--_ga-d-mobile:flex;--_ga-mw-mobile:calc(100% - 0 - 0)\">\n\n<p class=\"has-text-align-center\"> Dla os\u00f3b, kt\u00f3re kochaj\u0105 wakacje na \u015bwie\u017cym powietrzu, ale nie chc\u0105 rezygnowa\u0107 z wygody prawdziwego apartamentu, murowane zakwaterowania BiVillage oferuj\u0105 nowoczesne i przytulne przestrzenie otoczone natur\u0105. W\u015br\u00f3d nich znajduj\u0105 si\u0119 <strong>Holiday Home Comfort Accessibili<\/strong>, zaprojektowane tak, aby zapewni\u0107 pobyt bez barier osobom poruszaj\u0105cym si\u0119 na w\u00f3zku inwalidzkim lub z chodzikiem, gwarantuj\u0105c komfort, niezale\u017cno\u015b\u0107 i pe\u0142n\u0105 swobod\u0119 poruszania si\u0119. <\/p>\n\n<\/div>\n<\/div><\/div>\n\n<div  class=\"grids-section grids-is-advanced\" style=\"--_gs-gap-desktop:0px 0px;--_gs-m-desktop:0 0 0 0;--_gs-p-desktop:0 0 0 0;--_gs-bg-desktop:transparent none;--_gs-bg-xp-desktop:0px;--_gs-zi-desktop:auto;--_gs-d-desktop:none;--_gs-mw-desktop:calc(100% - 0 - 0);--_gs-gap-tablet:0px 0px;--_gs-m-tablet:0 0 0 0;--_gs-p-tablet:0 0 0 0;--_gs-bg-tablet:transparent none;--_gs-bg-xp-tablet:0px;--_gs-zi-tablet:auto;--_gs-d-tablet:none;--_gs-mw-tablet:calc(100% - 0 - 0);--_gs-gap-mobile:0px 0px;--_gs-m-mobile:0 0 0 0;--_gs-p-mobile:0 0 0 0;--_gs-bg-mobile:transparent none;--_gs-bg-xp-mobile:0px;--_gs-zi-mobile:auto;--_gs-d-mobile:none;--_gs-mw-mobile:calc(100% - 0 - 0);--_gs-columns:12;--_gs-rows:6\"><div class=\"grids-s-w_i\">\n<div class=\"grids-area\" style=\"--_ga-column:2\/12;--_ga-row:1\/7;--_ga-m-desktop:0 0 0 0;--_ga-p-desktop:0 0 0 0;--_ga-bg-desktop:transparent none;--_ga-zi-desktop:auto;--_ga-d-desktop:flex;--_ga-mw-desktop:calc(100% - 0 - 0);--_ga-m-tablet:0 0 0 0;--_ga-p-tablet:0 0 0 0;--_ga-bg-tablet:transparent none;--_ga-zi-tablet:auto;--_ga-d-tablet:flex;--_ga-mw-tablet:calc(100% - 0 - 0);--_ga-m-mobile:0 0 0 0;--_ga-p-mobile:0 0 0 0;--_ga-bg-mobile:transparent none;--_ga-zi-mobile:auto;--_ga-d-mobile:flex;--_ga-mw-mobile:calc(100% - 0 - 0)\">\n\t<div class=\"slider-novita-container-wrapper\" id=\"swiperSliderNovita1\">\n\t\t<div class=\"swiper-wrapper\">\n\t\t\t\t\t\t\t\t\t\t\t<div class=\"single-slide-novita swiper-slide\">\n\t\t\t\t\t<div class=\"single-slider-novita-image\">\n\t\t\t\t\t\t\t\t\t\t\t\t\t<span class=\"label\">W\u0141A\u015aNIE ODNOWIONY!<\/span>\n\t\t\t\t\t\t\n\t\t\t\t\t\t<figure class=\"full-width\" style=\"background-color: #867f77;\">\n\t\t\t\t\t\t\t<img decoding=\"async\" src=\"https:\/\/www.bivillage.com\/wp-content\/uploads\/2022\/06\/holiday-home-comfort-bivillage-15.jpg\" width=\"1200\" height=\"800\" \/>\n\t\t\t\t\t\t<\/figure>\n\t\t\t\t\t<\/div>\n\t\t\t\t\t<div class=\"single-slider-novita-background\"><\/div>\n\t\t\t\t\t<div class=\"single-slider-novita-content\">\n\t\t\t\t\t\t<h2>Holiday Home Comfort<\/h2>\n<h3>Ty wybierasz dzie\u0144 przyjazdu i wyjazdu, o dowolnej porze tygodnia!<\/h3>\n<p>Szukasz wypoczynku w <strong>designerskim i komfortowym<\/strong> mieszkaniu? Odkryj Holiday Home Comfort. S\u0105 one pozbawione barier i <strong>przystosowane dla os\u00f3b niepe\u0142nosprawnych<\/strong>!<\/p>\n\t\t\t\t\t<\/div>\n\t\t\t\t<\/div>\n\t\t\t\t\n\t\t\t\t\t<\/div>\n\t\t<div class=\"swiper-pagination\"><\/div>\n\t<\/div>\n\n\t\n\n\n<\/div>\n<\/div><\/div>\n\n<div  class=\"grids-section grids-is-advanced alignfull\" style=\"--_gs-gap-desktop:0px 0px;--_gs-m-desktop:0 0 0 0;--_gs-p-desktop:0 0 0 0;--_gs-bg-desktop:transparent none;--_gs-bg-xp-desktop:0px;--_gs-zi-desktop:auto;--_gs-d-desktop:block;--_gs-mw-desktop:calc(100% - 0 - 0);--_gs-gap-tablet:0px 0px;--_gs-m-tablet:0 0 0 0;--_gs-p-tablet:0 0 0 0;--_gs-bg-tablet:transparent none;--_gs-bg-xp-tablet:0px;--_gs-zi-tablet:auto;--_gs-d-tablet:block;--_gs-mw-tablet:calc(100% - 0 - 0);--_gs-gap-mobile:0px 0px;--_gs-m-mobile:0 0 0 0;--_gs-p-mobile:0 0 0 0;--_gs-bg-mobile:transparent none;--_gs-bg-xp-mobile:0px;--_gs-zi-mobile:auto;--_gs-d-mobile:block;--_gs-mw-mobile:calc(100% - 0 - 0);--_gs-columns:12;--_gs-rows:6\"><div class=\"grids-s-w_i\">\n<div class=\"grids-area\" style=\"--_ga-column:2\/12;--_ga-row:1\/7;--_ga-m-desktop:0 0 0 0;--_ga-p-desktop:0 0 0 0;--_ga-bg-desktop:transparent none;--_ga-zi-desktop:auto;--_ga-d-desktop:flex;--_ga-mw-desktop:calc(100% - 0 - 0);--_ga-m-tablet:0 0 0 0;--_ga-p-tablet:0 0 0 0;--_ga-bg-tablet:transparent none;--_ga-zi-tablet:auto;--_ga-d-tablet:flex;--_ga-mw-tablet:calc(100% - 0 - 0);--_ga-m-mobile:0 0 0 0;--_ga-p-mobile:0 0 0 0;--_ga-bg-mobile:transparent none;--_ga-zi-mobile:auto;--_ga-d-mobile:flex;--_ga-mw-mobile:calc(100% - 0 - 0)\">\n\n<div id=\"ammodationsList_2\" class=\"accommodations-list-container\" style=\"--accommodations-list-container-columns: 3\">\n\t\t\t\t\t<div class=\"accommodations-list-container-single \" onclick=\"window.open('https:\/\/www.bivillage.com\/pl\/accommodations\/accessible\/holiday-home-comfort-accessible\/')\">\n\t\t\t\t\t\t\t\t\n\t\t\t\t\t\t\t\t\t<a href=\"https:\/\/www.bivillage.com\/pl\/accommodations\/accessible\/holiday-home-comfort-accessible\/\" class=\"accommodations-list-container-single-img\" title=\"Holiday Home Comfort Accessible\" target=\"_blank\">\n\t\t\t\t\t\t<figure class=\"full-width\" style=\"background-color: #7e7265;\">\n\t\t\t\t\t\t\t<img decoding=\"async\" src=\"https:\/\/www.bivillage.com\/wp-content\/uploads\/2022\/06\/holiday-home-comfort-bivillage-01.jpg\" width=\"1200\" height=\"800\" \/>\n\t\t\t\t\t\t<\/figure>\n\t\t\t\t\t<\/a>\n\t\t\t\t\t\t\t\t\n\t\t\t\t<a href=\"https:\/\/www.bivillage.com\/pl\/accommodations\/accessible\/holiday-home-comfort-accessible\/\" class=\"accommodations-list-container-single-title\" title=\"Holiday Home Comfort Accessible\" target=\"_blank\">\n\t\t\t\t\t<h3>Holiday Home Comfort Accessible<\/h3>\n\t\t\t\t<\/a>\n\n\t\t\t\t<div class=\"accommodations-list-container-single-features\">\n\t\t\t\t\t\t\n\t\t\t\t\t\t<span class=\"feature-box\">\n\t\t\t\t\t\t\t<i class=\"fa-regular fa-square\"><\/i>\n\t\t\t\t\t\t\t<span>62 m<sup>2<\/sup><\/span>\n\t\t\t\t\t\t<\/span>\n\t\t\t\t\t\t\t\t\t\t\t\t\t\t\t\t\t\t\t\t\t\t\t<span class=\"feature-box feature-box-occupancy\">\n\t\t\t\t\t\t\t\t<i class=\"fa-regular fa-people-group\"><\/i>\n\t\t\t\t\t\t\t\t<span>6 os\u00f3b<\/span>\n\t\t\t\t\t\t\t<\/span>\n\t\t\t\t\t\t\t\t\t\t\t\n\t\t\t\t\t\t\n\t\t\t\t\t\t<span class=\"feature-box\" title=\"dost\u0119pny\">\n\t\t\t\t\t\t\t<i class=\"fa-regular fa-wheelchair\"><\/i>\n\t\t\t\t\t\t<\/span>\n\t\t\t\t\t\n\t\t\t\t\t\t\n\t\t\t\t\t\t<span class=\"feature-box\" title=\"zwierz\u0119ta dozwolone\">\n\t\t\t\t\t\t\t<i class=\"fa-regular fa-dog\"><\/i>\n\t\t\t\t\t\t<\/span>\n\t\t\t\t\t\t\t\t\t\t\n\t\t\t\t\t\t\t\t\t<\/div>\n\n\t\t\t\t<div class=\"accommodations-list-container-single-short-description\">\n\t\t\t\t\tBlisko basen\u00f3w lub w centralnej lokalizacji.\t\t\t\t<\/div>\n\t\t\t\t\n\t\t\t\t<a href=\"https:\/\/www.bivillage.com\/pl\/accommodations\/accessible\/holiday-home-comfort-accessible\/\" title=\"Holiday Home Comfort Accessible\" class=\"btn accommodations-list-container-single-button\" target=\"_blank\">\n\t\t\t\t\todkrywa\u0107\t\t\t\t<\/a>\n\t\t\t<\/div>\n\t\t\t\n\t<\/div>\n\n\n\n<\/div>\n<\/div><\/div>","protected":false},"excerpt":{"rendered":"","protected":false},"author":19,"featured_media":18603,"parent":0,"menu_order":0,"comment_status":"closed","ping_status":"closed","template":"","meta":{"_acf_changed":false,"advgb_blocks_editor_width":"","advgb_blocks_columns_visual_guide":"","footnotes":""},"class_list":["post-29264","page","type-page","status-publish","has-post-thumbnail","hentry","entry"],"acf":[],"yoast_head":"<!-- This site is optimized with the Yoast SEO plugin v26.0 - https:\/\/yoast.com\/wordpress\/plugins\/seo\/ -->\n<title>Apartamenty &quot;Holiday Homes&quot;| O\u015brodek kempingowy BiVillage na Istrii<\/title>\n<meta name=\"description\" content=\"Na wakacje w Chorwacji wybierz apartamenty &quot;Holiday Homes&quot; kt\u00f3re, mog\u0105 pomie\u015bci\u0107 od 2 do 8 os\u00f3b, a nawet Twojego psa!\" \/>\n<meta name=\"robots\" content=\"index, follow, max-snippet:-1, max-image-preview:large, max-video-preview:-1\" \/>\n<link rel=\"canonical\" href=\"https:\/\/www.bivillage.com\/pl\/accessible\/\" \/>\n<meta property=\"og:locale\" content=\"pl_PL\" \/>\n<meta property=\"og:type\" content=\"article\" \/>\n<meta property=\"og:title\" content=\"Apartamenty &quot;Holiday Homes&quot;| O\u015brodek kempingowy BiVillage na Istrii\" \/>\n<meta property=\"og:description\" content=\"Na wakacje w Chorwacji wybierz apartamenty &quot;Holiday Homes&quot; kt\u00f3re, mog\u0105 pomie\u015bci\u0107 od 2 do 8 os\u00f3b, a nawet Twojego psa!\" \/>\n<meta property=\"og:url\" content=\"https:\/\/www.bivillage.com\/pl\/accessible\/\" \/>\n<meta property=\"og:site_name\" content=\"BiVillage\" \/>\n<meta property=\"article:publisher\" content=\"https:\/\/www.facebook.com\/BiVillageHolidayCenter\/\" \/>\n<meta property=\"article:modified_time\" content=\"2026-01-13T14:39:03+00:00\" \/>\n<meta property=\"og:image\" content=\"https:\/\/www.bivillage.com\/wp-content\/uploads\/2023\/03\/holiday-home-comfort-.jpg\" \/>\n\t<meta property=\"og:image:width\" content=\"1800\" \/>\n\t<meta property=\"og:image:height\" content=\"1200\" \/>\n\t<meta property=\"og:image:type\" content=\"image\/jpeg\" \/>\n<meta name=\"twitter:card\" content=\"summary_large_image\" \/>\n<meta name=\"twitter:label1\" content=\"Szacowany czas czytania\" \/>\n\t<meta name=\"twitter:data1\" content=\"1 minuta\" \/>\n<script type=\"application\/ld+json\" class=\"yoast-schema-graph\">{\"@context\":\"https:\/\/schema.org\",\"@graph\":[{\"@type\":\"WebPage\",\"@id\":\"https:\/\/www.bivillage.com\/pl\/accessible\/\",\"url\":\"https:\/\/www.bivillage.com\/pl\/accessible\/\",\"name\":\"Apartamenty \\\"Holiday Homes\\\"| O\u015brodek kempingowy BiVillage na Istrii\",\"isPartOf\":{\"@id\":\"https:\/\/www.bivillage.com\/pl\/#website\"},\"primaryImageOfPage\":{\"@id\":\"https:\/\/www.bivillage.com\/pl\/accessible\/#primaryimage\"},\"image\":{\"@id\":\"https:\/\/www.bivillage.com\/pl\/accessible\/#primaryimage\"},\"thumbnailUrl\":\"https:\/\/www.bivillage.com\/wp-content\/uploads\/2023\/03\/holiday-home-comfort-.jpg\",\"datePublished\":\"2025-12-12T11:23:14+00:00\",\"dateModified\":\"2026-01-13T14:39:03+00:00\",\"description\":\"Na wakacje w Chorwacji wybierz apartamenty \\\"Holiday Homes\\\" kt\u00f3re, mog\u0105 pomie\u015bci\u0107 od 2 do 8 os\u00f3b, a nawet Twojego psa!\",\"breadcrumb\":{\"@id\":\"https:\/\/www.bivillage.com\/pl\/accessible\/#breadcrumb\"},\"inLanguage\":\"pl-PL\",\"potentialAction\":[{\"@type\":\"ReadAction\",\"target\":[\"https:\/\/www.bivillage.com\/pl\/accessible\/\"]}]},{\"@type\":\"ImageObject\",\"inLanguage\":\"pl-PL\",\"@id\":\"https:\/\/www.bivillage.com\/pl\/accessible\/#primaryimage\",\"url\":\"https:\/\/www.bivillage.com\/wp-content\/uploads\/2023\/03\/holiday-home-comfort-.jpg\",\"contentUrl\":\"https:\/\/www.bivillage.com\/wp-content\/uploads\/2023\/03\/holiday-home-comfort-.jpg\",\"width\":1800,\"height\":1200},{\"@type\":\"BreadcrumbList\",\"@id\":\"https:\/\/www.bivillage.com\/pl\/accessible\/#breadcrumb\",\"itemListElement\":[{\"@type\":\"ListItem\",\"position\":1,\"name\":\"Home\",\"item\":\"https:\/\/www.bivillage.com\/pl\/\"},{\"@type\":\"ListItem\",\"position\":2,\"name\":\"Accessible\"}]},{\"@type\":\"WebSite\",\"@id\":\"https:\/\/www.bivillage.com\/pl\/#website\",\"url\":\"https:\/\/www.bivillage.com\/pl\/\",\"name\":\"BiVillage\",\"description\":\"Fasana, ISTRIA\",\"publisher\":{\"@id\":\"https:\/\/www.bivillage.com\/pl\/#organization\"},\"potentialAction\":[{\"@type\":\"SearchAction\",\"target\":{\"@type\":\"EntryPoint\",\"urlTemplate\":\"https:\/\/www.bivillage.com\/pl\/?s={search_term_string}\"},\"query-input\":{\"@type\":\"PropertyValueSpecification\",\"valueRequired\":true,\"valueName\":\"search_term_string\"}}],\"inLanguage\":\"pl-PL\"},{\"@type\":\"Organization\",\"@id\":\"https:\/\/www.bivillage.com\/pl\/#organization\",\"name\":\"BiVillage\",\"alternateName\":\"bivillage\",\"url\":\"https:\/\/www.bivillage.com\/pl\/\",\"logo\":{\"@type\":\"ImageObject\",\"inLanguage\":\"pl-PL\",\"@id\":\"https:\/\/www.bivillage.com\/pl\/#\/schema\/logo\/image\/\",\"url\":\"https:\/\/www.bivillage.com\/wp-content\/uploads\/2022\/04\/logo-bivillage.png\",\"contentUrl\":\"https:\/\/www.bivillage.com\/wp-content\/uploads\/2022\/04\/logo-bivillage.png\",\"width\":973,\"height\":340,\"caption\":\"BiVillage\"},\"image\":{\"@id\":\"https:\/\/www.bivillage.com\/pl\/#\/schema\/logo\/image\/\"},\"sameAs\":[\"https:\/\/www.facebook.com\/BiVillageHolidayCenter\/\",\"https:\/\/www.instagram.com\/bivillage_holidayresort\/\",\"https:\/\/www.youtube.com\/channel\/UCu0whYLFWz1DQK-xiTLIuVw\",\"https:\/\/www.tiktok.com\/@bivillage\"]}]}<\/script>\n<!-- \/ Yoast SEO plugin. -->","yoast_head_json":{"title":"Apartamenty \"Holiday Homes\"| O\u015brodek kempingowy BiVillage na Istrii","description":"Na wakacje w Chorwacji wybierz apartamenty \"Holiday Homes\" kt\u00f3re, mog\u0105 pomie\u015bci\u0107 od 2 do 8 os\u00f3b, a nawet Twojego psa!","robots":{"index":"index","follow":"follow","max-snippet":"max-snippet:-1","max-image-preview":"max-image-preview:large","max-video-preview":"max-video-preview:-1"},"canonical":"https:\/\/www.bivillage.com\/pl\/accessible\/","og_locale":"pl_PL","og_type":"article","og_title":"Apartamenty \"Holiday Homes\"| O\u015brodek kempingowy BiVillage na Istrii","og_description":"Na wakacje w Chorwacji wybierz apartamenty \"Holiday Homes\" kt\u00f3re, mog\u0105 pomie\u015bci\u0107 od 2 do 8 os\u00f3b, a nawet Twojego psa!","og_url":"https:\/\/www.bivillage.com\/pl\/accessible\/","og_site_name":"BiVillage","article_publisher":"https:\/\/www.facebook.com\/BiVillageHolidayCenter\/","article_modified_time":"2026-01-13T14:39:03+00:00","og_image":[{"width":1800,"height":1200,"url":"https:\/\/www.bivillage.com\/wp-content\/uploads\/2023\/03\/holiday-home-comfort-.jpg","type":"image\/jpeg"}],"twitter_card":"summary_large_image","twitter_misc":{"Szacowany czas czytania":"1 minuta"},"schema":{"@context":"https:\/\/schema.org","@graph":[{"@type":"WebPage","@id":"https:\/\/www.bivillage.com\/pl\/accessible\/","url":"https:\/\/www.bivillage.com\/pl\/accessible\/","name":"Apartamenty \"Holiday Homes\"| O\u015brodek kempingowy BiVillage na Istrii","isPartOf":{"@id":"https:\/\/www.bivillage.com\/pl\/#website"},"primaryImageOfPage":{"@id":"https:\/\/www.bivillage.com\/pl\/accessible\/#primaryimage"},"image":{"@id":"https:\/\/www.bivillage.com\/pl\/accessible\/#primaryimage"},"thumbnailUrl":"https:\/\/www.bivillage.com\/wp-content\/uploads\/2023\/03\/holiday-home-comfort-.jpg","datePublished":"2025-12-12T11:23:14+00:00","dateModified":"2026-01-13T14:39:03+00:00","description":"Na wakacje w Chorwacji wybierz apartamenty \"Holiday Homes\" kt\u00f3re, mog\u0105 pomie\u015bci\u0107 od 2 do 8 os\u00f3b, a nawet Twojego psa!","breadcrumb":{"@id":"https:\/\/www.bivillage.com\/pl\/accessible\/#breadcrumb"},"inLanguage":"pl-PL","potentialAction":[{"@type":"ReadAction","target":["https:\/\/www.bivillage.com\/pl\/accessible\/"]}]},{"@type":"ImageObject","inLanguage":"pl-PL","@id":"https:\/\/www.bivillage.com\/pl\/accessible\/#primaryimage","url":"https:\/\/www.bivillage.com\/wp-content\/uploads\/2023\/03\/holiday-home-comfort-.jpg","contentUrl":"https:\/\/www.bivillage.com\/wp-content\/uploads\/2023\/03\/holiday-home-comfort-.jpg","width":1800,"height":1200},{"@type":"BreadcrumbList","@id":"https:\/\/www.bivillage.com\/pl\/accessible\/#breadcrumb","itemListElement":[{"@type":"ListItem","position":1,"name":"Home","item":"https:\/\/www.bivillage.com\/pl\/"},{"@type":"ListItem","position":2,"name":"Accessible"}]},{"@type":"WebSite","@id":"https:\/\/www.bivillage.com\/pl\/#website","url":"https:\/\/www.bivillage.com\/pl\/","name":"BiVillage","description":"Fasana, ISTRIA","publisher":{"@id":"https:\/\/www.bivillage.com\/pl\/#organization"},"potentialAction":[{"@type":"SearchAction","target":{"@type":"EntryPoint","urlTemplate":"https:\/\/www.bivillage.com\/pl\/?s={search_term_string}"},"query-input":{"@type":"PropertyValueSpecification","valueRequired":true,"valueName":"search_term_string"}}],"inLanguage":"pl-PL"},{"@type":"Organization","@id":"https:\/\/www.bivillage.com\/pl\/#organization","name":"BiVillage","alternateName":"bivillage","url":"https:\/\/www.bivillage.com\/pl\/","logo":{"@type":"ImageObject","inLanguage":"pl-PL","@id":"https:\/\/www.bivillage.com\/pl\/#\/schema\/logo\/image\/","url":"https:\/\/www.bivillage.com\/wp-content\/uploads\/2022\/04\/logo-bivillage.png","contentUrl":"https:\/\/www.bivillage.com\/wp-content\/uploads\/2022\/04\/logo-bivillage.png","width":973,"height":340,"caption":"BiVillage"},"image":{"@id":"https:\/\/www.bivillage.com\/pl\/#\/schema\/logo\/image\/"},"sameAs":["https:\/\/www.facebook.com\/BiVillageHolidayCenter\/","https:\/\/www.instagram.com\/bivillage_holidayresort\/","https:\/\/www.youtube.com\/channel\/UCu0whYLFWz1DQK-xiTLIuVw","https:\/\/www.tiktok.com\/@bivillage"]}]}},"coauthors":[],"author_meta":{"author_link":"https:\/\/www.bivillage.com\/pl\/news\/author\/marco-per786r3bv\/","display_name":"marco.per786r3BV"},"relative_dates":{"created":"Posted 4 miesi\u0105ce ago","modified":"Updated 3 miesi\u0105ce ago"},"absolute_dates":{"created":"Posted on 12 grudnia, 2025","modified":"Updated on 13 stycznia, 2026"},"absolute_dates_time":{"created":"Posted on 12 grudnia, 2025 12:23 pm","modified":"Updated on 13 stycznia, 2026 3:39 pm"},"featured_img_caption":"","featured_img":"https:\/\/www.bivillage.com\/wp-content\/uploads\/2023\/03\/holiday-home-comfort--1568x1045.jpg","series_order":"","_links":{"self":[{"href":"https:\/\/www.bivillage.com\/pl\/wp-json\/wp\/v2\/pages\/29264","targetHints":{"allow":["GET"]}}],"collection":[{"href":"https:\/\/www.bivillage.com\/pl\/wp-json\/wp\/v2\/pages"}],"about":[{"href":"https:\/\/www.bivillage.com\/pl\/wp-json\/wp\/v2\/types\/page"}],"author":[{"embeddable":true,"href":"https:\/\/www.bivillage.com\/pl\/wp-json\/wp\/v2\/users\/19"}],"replies":[{"embeddable":true,"href":"https:\/\/www.bivillage.com\/pl\/wp-json\/wp\/v2\/comments?post=29264"}],"version-history":[{"count":0,"href":"https:\/\/www.bivillage.com\/pl\/wp-json\/wp\/v2\/pages\/29264\/revisions"}],"wp:featuredmedia":[{"embeddable":true,"href":"https:\/\/www.bivillage.com\/pl\/wp-json\/wp\/v2\/media\/18603"}],"wp:attachment":[{"href":"https:\/\/www.bivillage.com\/pl\/wp-json\/wp\/v2\/media?parent=29264"}],"curies":[{"name":"wp","href":"https:\/\/api.w.org\/{rel}","templated":true}]}}