{"id":19108,"date":"2024-01-25T10:40:41","date_gmt":"2024-01-25T09:40:41","guid":{"rendered":"https:\/\/www.bivillage.com\/pracuj-z-nami\/"},"modified":"2024-02-17T03:29:34","modified_gmt":"2024-02-17T02:29:34","slug":"pracuj-z-nami","status":"publish","type":"page","link":"https:\/\/www.bivillage.com\/pl\/pracuj-z-nami\/","title":{"rendered":"Pracuj z nami"},"content":{"rendered":"<div  class=\"grids-section row-elenchi grids-is-advanced alignfull\" style=\"--_gs-gap-desktop:0px 0px;--_gs-m-desktop:0 0 0 0;--_gs-p-desktop:0 0 0 0;--_gs-bg-desktop:transparent none;--_gs-bg-xp-desktop:0px;--_gs-zi-desktop:auto;--_gs-d-desktop:block;--_gs-mw-desktop:calc(100% - 0 - 0);--_gs-gap-tablet:0px 0px;--_gs-m-tablet:0 0 0 0;--_gs-p-tablet:0 0 0 0;--_gs-bg-tablet:transparent none;--_gs-bg-xp-tablet:0px;--_gs-zi-tablet:auto;--_gs-d-tablet:block;--_gs-mw-tablet:calc(100% - 0 - 0);--_gs-gap-mobile:0px 0px;--_gs-m-mobile:0 0 0 0;--_gs-p-mobile:0 0 0 0;--_gs-bg-mobile:transparent none;--_gs-bg-xp-mobile:0px;--_gs-zi-mobile:auto;--_gs-d-mobile:block;--_gs-mw-mobile:calc(100% - 0 - 0);--_gs-columns:12;--_gs-rows:6\"><div class=\"grids-s-w_i\">\n<div class=\"grids-area\" style=\"--_ga-column:2\/12;--_ga-row:1\/3;--_ga-m-desktop:0 0 0 0;--_ga-p-desktop:0 0 0 0;--_ga-bg-desktop:transparent none;--_ga-zi-desktop:auto;--_ga-d-desktop:flex;--_ga-mw-desktop:calc(100% - 0 - 0);--_ga-m-tablet:0 0 0 0;--_ga-p-tablet:0 0 0 0;--_ga-bg-tablet:transparent none;--_ga-zi-tablet:auto;--_ga-d-tablet:flex;--_ga-mw-tablet:calc(100% - 0 - 0);--_ga-m-mobile:0 0 0 0;--_ga-p-mobile:0 0 0 0;--_ga-bg-mobile:transparent none;--_ga-zi-mobile:auto;--_ga-d-mobile:flex;--_ga-mw-mobile:calc(100% - 0 - 0)\">\n\n<h2 class=\"has-text-align-center wp-block-heading\">Zbuduj swoj\u0105 przysz\u0142o\u015b\u0107 &#8211; czas na Ciebie<br\/><\/h2>\n\n\n\n<p>W BiHoliday Resorts praca to co\u015b <strong>wi\u0119cej ni\u017c<\/strong> tymczasowe <strong>zaj\u0119cie<\/strong>, to <strong>prawdziwe do\u015bwiadczenie<\/strong>.<\/p>\n\n\n\n<p>B\u0119dziesz pracowa\u0107 rami\u0119 w rami\u0119 z <strong>profesjonalistami<\/strong> nie tylko z W\u0142och, ale tak\u017ce z Niemiec, Holandii, Polski, Czech i Szwajcarii, tworz\u0105c razem <strong>wielozadaniowy zesp\u00f3\u0142 o ogromnym potencjale<\/strong>.<\/p>\n\n\n\n<p>W BiVillage (Fa\u017eana, Chorwacja) i Villaggio San Francesco (Caorle) znajdziesz:<\/p>\n\n\n\n<ul class=\"wp-block-list\">\n<li><strong>stymuluj\u0105ce \u015brodowisko<\/strong>, w kt\u00f3rym mo\u017cna si\u0119 rozwija\u0107;<\/li>\n\n\n\n<li><strong>ci\u0105g\u0142e szkolenia<\/strong> dzi\u0119ki <strong>wewn\u0119trznej Akademii<\/strong>;<\/li>\n\n\n\n<li><strong>zgrany zesp\u00f3\u0142<\/strong>.<\/li>\n<\/ul>\n\n\n\n<p>Wszystko, co w\u0142o\u017cysz, stanie si\u0119 <strong>cennym zasobem kultury i do\u015bwiadczenia, <\/strong>niezb\u0119dnym dla <strong>rozwoju zawodowego i osobistego<\/strong>.<\/p>\n\n\n\n<p><strong>Nab\u00f3r<\/strong> jest <strong>r\u00f3wnie\u017c<\/strong> otwarty <strong>dla m\u0142odych ludzi mieszkaj\u0105cych za granic\u0105<\/strong>, kt\u00f3rzy s\u0105 zmotywowani do zdobycia nowego do\u015bwiadczenia we W\u0142oszech lub Chorwacji (zakwaterowanie op\u0142acane przez firm\u0119).<\/p>\n\n<\/div>\n<\/div><\/div><div  class=\"grids-section grids-is-stretch alignwide\" style=\"--_gs-gap-desktop:0px 0px;--_gs-m-desktop:0 0 0 0;--_gs-p-desktop:0 50px 0 50px;--_gs-bg-desktop:#006293 none;--_gs-bg-xp-desktop:0px;--_gs-zi-desktop:auto;--_gs-d-desktop:block;--_gs-mw-desktop:calc(100% - 0 - 0);--_gs-gap-tablet:0px 0px;--_gs-m-tablet:0 0 0 0;--_gs-p-tablet:0 50px 0 50px;--_gs-bg-tablet:#006293 none;--_gs-bg-xp-tablet:0px;--_gs-zi-tablet:auto;--_gs-d-tablet:block;--_gs-mw-tablet:calc(100% - 0 - 0);--_gs-gap-mobile:0px 0px;--_gs-m-mobile:0 0 0 0;--_gs-p-mobile:0 50px 0 50px;--_gs-bg-mobile:#006293 none;--_gs-bg-xp-mobile:0px;--_gs-zi-mobile:auto;--_gs-d-mobile:block;--_gs-mw-mobile:calc(100% - 0 - 0);--_gs-columns:1;--_gs-rows:1\"><div class=\"grids-s-w_i\">\n<div class=\"grids-area\" style=\"--_ga-column:1\/2;--_ga-row:1\/2;--_ga-va:center;--_ga-m-desktop:0 0 0 0;--_ga-p-desktop:0 0 0 0;--_ga-bg-desktop:transparent none;--_ga-zi-desktop:auto;--_ga-d-desktop:flex;--_ga-mw-desktop:calc(100% - 0 - 0);--_ga-m-tablet:0 0 0 0;--_ga-p-tablet:0 0 0 0;--_ga-bg-tablet:transparent none;--_ga-zi-tablet:auto;--_ga-d-tablet:flex;--_ga-mw-tablet:calc(100% - 0 - 0);--_ga-m-mobile:0 0 0 0;--_ga-p-mobile:0 0 0 0;--_ga-bg-mobile:transparent none;--_ga-zi-mobile:auto;--_ga-d-mobile:flex;--_ga-mw-mobile:calc(100% - 0 - 0)\">\n\n<div style=\"height:50px\" aria-hidden=\"true\" class=\"wp-block-spacer\"><\/div>\n\n\n\n<figure class=\"wp-block-image size-full\"><img decoding=\"async\" src=\"https:\/\/www.bivillage.com\/wp-content\/uploads\/2022\/08\/ESEC_LOGO_BIAACADEMY_ORIZZONTALE.png\" alt=\"\" class=\"wp-image-5822\"\/><\/figure>\n\n\n\n<p class=\"has-text-align-center has-white-color has-text-color\">BiAcademy to prawdziwa <strong>akademia szkoleniowa<\/strong>, do kt\u00f3rej dosta\u0107 mo\u017cna si\u0119 poprzez <strong>rekrutacj\u0119<\/strong>. Jest to przestrze\u0144 po\u015bwi\u0119cona <strong>rozwojowi szkole\u0144 na wysokim poziomie<\/strong>, aby <strong>przygotowa\u0107 nowe osoby<\/strong> do profesjonalnej pracy.<\/p>\n\n\n\n<p class=\"has-text-align-center has-white-color has-text-color\">To <strong>wyj\u0105tkowa okazja! <\/strong>Wy\u015blij swoje CV i we\u017a udzia\u0142 w rekrutacji!<\/p>\n\n\n\n<div class=\"wp-block-buttons is-content-justification-center is-layout-flex wp-container-core-buttons-is-layout-16018d1d wp-block-buttons-is-layout-flex\"><\/div>\n\n\n\n<div style=\"height:50px\" aria-hidden=\"true\" class=\"wp-block-spacer\"><\/div>\n\n<\/div>\n<\/div><\/div><div  class=\"grids-section grids-is-advanced alignfull\" style=\"--_gs-gap-desktop:0px 0px;--_gs-m-desktop:0 0 0 0;--_gs-p-desktop:0 0 0 0;--_gs-bg-desktop:transparent none;--_gs-bg-xp-desktop:0px;--_gs-zi-desktop:auto;--_gs-d-desktop:block;--_gs-mw-desktop:calc(100% - 0 - 0);--_gs-gap-tablet:0px 0px;--_gs-m-tablet:0 0 0 0;--_gs-p-tablet:0 0 0 0;--_gs-bg-tablet:transparent none;--_gs-bg-xp-tablet:0px;--_gs-zi-tablet:auto;--_gs-d-tablet:block;--_gs-mw-tablet:calc(100% - 0 - 0);--_gs-gap-mobile:0px 0px;--_gs-m-mobile:0 0 0 0;--_gs-p-mobile:0 0 0 0;--_gs-bg-mobile:transparent none;--_gs-bg-xp-mobile:0px;--_gs-zi-mobile:auto;--_gs-d-mobile:block;--_gs-mw-mobile:calc(100% - 0 - 0);--_gs-columns:12;--_gs-rows:6\"><div class=\"grids-s-w_i\">\n<div class=\"grids-area\" style=\"--_ga-column:2\/12;--_ga-row:1\/3;--_ga-m-desktop:0 0 0 0;--_ga-p-desktop:0 0 0 0;--_ga-bg-desktop:transparent none;--_ga-zi-desktop:auto;--_ga-d-desktop:flex;--_ga-mw-desktop:calc(100% - 0 - 0);--_ga-m-tablet:0 0 0 0;--_ga-p-tablet:0 0 0 0;--_ga-bg-tablet:transparent none;--_ga-zi-tablet:auto;--_ga-d-tablet:flex;--_ga-mw-tablet:calc(100% - 0 - 0);--_ga-m-mobile:0 0 0 0;--_ga-p-mobile:0 0 0 0;--_ga-bg-mobile:transparent none;--_ga-zi-mobile:auto;--_ga-d-mobile:flex;--_ga-mw-mobile:calc(100% - 0 - 0)\">\n\n<h2 class=\"has-text-align-center wp-block-heading\">Poszukiwane profile dla naszych o\u015brodk\u00f3w wypoczynkowych<\/h2>\n\n\n\n<p>Znajomo\u015b\u0107 j\u0119zyk\u00f3w obcych jest wymagana <strong>na wszystkich stanowiskach<\/strong> (z wyj\u0105tkiem obszaru konserwacji):<\/p>\n\n\n\n<ul class=\"wp-block-list\">\n<li>Chorwacki<\/li>\n\n\n\n<li>Angielski<\/li>\n\n\n\n<li>Niemiecki.<\/li>\n<\/ul>\n\n\n\n<p>Znajomo\u015b\u0107 j\u0119zyka w\u0142oskiego b\u0119dzie dodatkowym atutem.<\/p>\n\n<\/div>\n<\/div><\/div><div  id=\"reception\" class=\"grids-section grids-is-advanced alignwide\" style=\"--_gs-gap-desktop:0px 0px;--_gs-m-desktop:0 0 0 0;--_gs-p-desktop:0 0 0 0;--_gs-bg-desktop:transparent none;--_gs-bg-xp-desktop:0px;--_gs-zi-desktop:auto;--_gs-d-desktop:block;--_gs-mw-desktop:calc(100% - 0 - 0);--_gs-gap-tablet:0px 0px;--_gs-m-tablet:0 0 0 0;--_gs-p-tablet:0 0 0 0;--_gs-bg-tablet:transparent none;--_gs-bg-xp-tablet:0px;--_gs-zi-tablet:auto;--_gs-d-tablet:block;--_gs-mw-tablet:calc(100% - 0 - 0);--_gs-gap-mobile:0px 0px;--_gs-m-mobile:0 0 0 0;--_gs-p-mobile:0 0 0 0;--_gs-bg-mobile:transparent none;--_gs-bg-xp-mobile:0px;--_gs-zi-mobile:auto;--_gs-d-mobile:block;--_gs-mw-mobile:calc(100% - 0 - 0);--_gs-columns:12;--_gs-rows:6\"><div class=\"grids-s-w_i\">\n<div class=\"grids-area\" style=\"--_ga-column:2\/12;--_ga-row:1\/2;--_ga-m-desktop:0 0 0 0;--_ga-p-desktop:0 0 0 0;--_ga-bg-desktop:transparent none;--_ga-zi-desktop:auto;--_ga-d-desktop:flex;--_ga-mw-desktop:calc(100% - 0 - 0);--_ga-m-tablet:0 0 0 0;--_ga-p-tablet:0 0 0 0;--_ga-bg-tablet:transparent none;--_ga-zi-tablet:auto;--_ga-d-tablet:flex;--_ga-mw-tablet:calc(100% - 0 - 0);--_ga-m-mobile:0 0 0 0;--_ga-p-mobile:0 0 0 0;--_ga-bg-mobile:transparent none;--_ga-zi-mobile:auto;--_ga-d-mobile:flex;--_ga-mw-mobile:calc(100% - 0 - 0)\">\n\n<h3 class=\"wp-block-heading\">RECEPCJONISTKI<\/h3>\n\n\n\n<p>Kandydat\/ka b\u0119dzie odpowiedzialny\/a za <strong>odbieranie telefon\u00f3w<\/strong>, <strong>przyjmowanie go\u015bci i udzielanie wst\u0119pnych informacji<\/strong>.<\/p>\n\n\n\n<div class=\"wp-block-buttons is-layout-flex wp-block-buttons-is-layout-flex\">\n<div class=\"wp-block-button advgb-dyn-6d8753bb\"><a class=\"wp-block-button__link wp-element-button\" href=\"https:\/\/www.bivillage.com\/pl\/?page_id=18863\">KANDYDACI<\/a><\/div>\n<\/div>\n\n<\/div>\n<\/div><\/div><div  id=\"concierge\" class=\"grids-section grids-is-advanced alignwide\" style=\"--_gs-gap-desktop:0px 0px;--_gs-m-desktop:0 0 0 0;--_gs-p-desktop:0 0 0 0;--_gs-bg-desktop:transparent none;--_gs-bg-xp-desktop:0px;--_gs-zi-desktop:auto;--_gs-d-desktop:block;--_gs-mw-desktop:calc(100% - 0 - 0);--_gs-gap-tablet:0px 0px;--_gs-m-tablet:0 0 0 0;--_gs-p-tablet:0 0 0 0;--_gs-bg-tablet:transparent none;--_gs-bg-xp-tablet:0px;--_gs-zi-tablet:auto;--_gs-d-tablet:block;--_gs-mw-tablet:calc(100% - 0 - 0);--_gs-gap-mobile:0px 0px;--_gs-m-mobile:0 0 0 0;--_gs-p-mobile:0 0 0 0;--_gs-bg-mobile:transparent none;--_gs-bg-xp-mobile:0px;--_gs-zi-mobile:auto;--_gs-d-mobile:block;--_gs-mw-mobile:calc(100% - 0 - 0);--_gs-columns:12;--_gs-rows:6\"><div class=\"grids-s-w_i\">\n<div class=\"grids-area\" style=\"--_ga-column:2\/12;--_ga-row:1\/2;--_ga-m-desktop:0 0 0 0;--_ga-p-desktop:0 0 0 0;--_ga-bg-desktop:transparent none;--_ga-zi-desktop:auto;--_ga-d-desktop:flex;--_ga-mw-desktop:calc(100% - 0 - 0);--_ga-m-tablet:0 0 0 0;--_ga-p-tablet:0 0 0 0;--_ga-bg-tablet:transparent none;--_ga-zi-tablet:auto;--_ga-d-tablet:flex;--_ga-mw-tablet:calc(100% - 0 - 0);--_ga-m-mobile:0 0 0 0;--_ga-p-mobile:0 0 0 0;--_ga-bg-mobile:transparent none;--_ga-zi-mobile:auto;--_ga-d-mobile:flex;--_ga-mw-mobile:calc(100% - 0 - 0)\">\n\n<h3 class=\"wp-block-heading\">KONSJER\u017b I PRACOWNIK BIURA OBS\u0141UGI KLIENTA<\/h3>\n\n\n\n<p>Kandydat\/ka b\u0119dzie odpowiedzialny\/a za <strong>odbieranie telefon\u00f3w, przyjmowanie go\u015bci i udzielanie wst\u0119pnych informacji<\/strong>. B\u0119dzie r\u00f3wnie\u017c <strong>promotorem\/k\u0105 i sprzedawc\u0105\/sprzedawczyni\u0105 wycieczek i wyjazd\u00f3w turystycznych w okolicy<\/strong>.<\/p>\n\n\n\n<div class=\"wp-block-buttons is-layout-flex wp-block-buttons-is-layout-flex\">\n<div class=\"wp-block-button advgb-dyn-6d8753bb\"><a class=\"wp-block-button__link wp-element-button\" href=\"https:\/\/www.bivillage.com\/pl\/?page_id=18863\">KANDYDACI<\/a><\/div>\n<\/div>\n\n<\/div>\n<\/div><\/div><div  id=\"openair\" class=\"grids-section grids-is-advanced alignwide\" style=\"--_gs-gap-desktop:0px 0px;--_gs-m-desktop:0 0 0 0;--_gs-p-desktop:0 0 0 0;--_gs-bg-desktop:transparent none;--_gs-bg-xp-desktop:0px;--_gs-zi-desktop:auto;--_gs-d-desktop:block;--_gs-mw-desktop:calc(100% - 0 - 0);--_gs-gap-tablet:0px 0px;--_gs-m-tablet:0 0 0 0;--_gs-p-tablet:0 0 0 0;--_gs-bg-tablet:transparent none;--_gs-bg-xp-tablet:0px;--_gs-zi-tablet:auto;--_gs-d-tablet:block;--_gs-mw-tablet:calc(100% - 0 - 0);--_gs-gap-mobile:0px 0px;--_gs-m-mobile:0 0 0 0;--_gs-p-mobile:0 0 0 0;--_gs-bg-mobile:transparent none;--_gs-bg-xp-mobile:0px;--_gs-zi-mobile:auto;--_gs-d-mobile:block;--_gs-mw-mobile:calc(100% - 0 - 0);--_gs-columns:12;--_gs-rows:6\"><div class=\"grids-s-w_i\">\n<div class=\"grids-area\" style=\"--_ga-column:2\/12;--_ga-row:1\/2;--_ga-m-desktop:0 0 0 0;--_ga-p-desktop:0 0 0 0;--_ga-bg-desktop:transparent none;--_ga-zi-desktop:auto;--_ga-d-desktop:flex;--_ga-mw-desktop:calc(100% - 0 - 0);--_ga-m-tablet:0 0 0 0;--_ga-p-tablet:0 0 0 0;--_ga-bg-tablet:transparent none;--_ga-zi-tablet:auto;--_ga-d-tablet:flex;--_ga-mw-tablet:calc(100% - 0 - 0);--_ga-m-mobile:0 0 0 0;--_ga-p-mobile:0 0 0 0;--_ga-bg-mobile:transparent none;--_ga-zi-mobile:auto;--_ga-d-mobile:flex;--_ga-mw-mobile:calc(100% - 0 - 0)\">\n\n<h3 class=\"wp-block-heading\">PRZEWODNIK<\/h3>\n\n\n\n<p>Kandydat\/ka b\u0119dzie odpowiedzialny\/a za <strong>powitanie go\u015bci i towarzyszenie im do parceli kempingowych<\/strong>.<\/p>\n\n\n\n<div class=\"wp-block-buttons is-layout-flex wp-block-buttons-is-layout-flex\">\n<div class=\"wp-block-button advgb-dyn-6d8753bb\"><a class=\"wp-block-button__link wp-element-button\" href=\"https:\/\/www.bivillage.com\/pl\/?page_id=18863\">KANDYDACI<\/a><\/div>\n<\/div>\n\n<\/div>\n<\/div><\/div>","protected":false},"excerpt":{"rendered":"","protected":false},"author":1,"featured_media":18864,"parent":0,"menu_order":0,"comment_status":"closed","ping_status":"closed","template":"","meta":{"_acf_changed":false,"advgb_blocks_editor_width":"","advgb_blocks_columns_visual_guide":"","footnotes":""},"class_list":["post-19108","page","type-page","status-publish","has-post-thumbnail","hentry","entry"],"acf":[],"yoast_head":"<!-- This site is optimized with the Yoast SEO plugin v26.0 - https:\/\/yoast.com\/wordpress\/plugins\/seo\/ -->\n<title>Praca w o\u015brodku wypoczynkowym BiVillage w miejscowo\u015bci Fazana na Istrii w Chorwacji<\/title>\n<meta name=\"description\" content=\"W naszym o\u015brodku kempingowym b\u0119dziesz pracowa\u0107 rami\u0119 w rami\u0119 z profesjonalistami z ca\u0142ej Europy w m\u0142odym i dynamicznym zespole.\" \/>\n<meta name=\"robots\" content=\"index, follow, max-snippet:-1, max-image-preview:large, max-video-preview:-1\" \/>\n<link rel=\"canonical\" href=\"https:\/\/www.bivillage.com\/pl\/pracuj-z-nami\/\" \/>\n<meta property=\"og:locale\" content=\"pl_PL\" \/>\n<meta property=\"og:type\" content=\"article\" \/>\n<meta property=\"og:title\" content=\"Praca w o\u015brodku wypoczynkowym BiVillage w miejscowo\u015bci Fazana na Istrii w Chorwacji\" \/>\n<meta property=\"og:description\" content=\"W naszym o\u015brodku kempingowym b\u0119dziesz pracowa\u0107 rami\u0119 w rami\u0119 z profesjonalistami z ca\u0142ej Europy w m\u0142odym i dynamicznym zespole.\" \/>\n<meta property=\"og:url\" content=\"https:\/\/www.bivillage.com\/pl\/pracuj-z-nami\/\" \/>\n<meta property=\"og:site_name\" content=\"BiVillage\" \/>\n<meta property=\"article:publisher\" content=\"https:\/\/www.facebook.com\/BiVillageHolidayCenter\/\" \/>\n<meta property=\"article:modified_time\" content=\"2024-02-17T02:29:34+00:00\" \/>\n<meta property=\"og:image\" content=\"https:\/\/www.bivillage.com\/wp-content\/uploads\/2022\/08\/lavora-con-noi-bivillage-croazia.jpg\" \/>\n\t<meta property=\"og:image:width\" content=\"1920\" \/>\n\t<meta property=\"og:image:height\" content=\"1000\" \/>\n\t<meta property=\"og:image:type\" content=\"image\/jpeg\" \/>\n<meta name=\"twitter:card\" content=\"summary_large_image\" \/>\n<meta name=\"twitter:label1\" content=\"Szacowany czas czytania\" \/>\n\t<meta name=\"twitter:data1\" content=\"2 minuty\" \/>\n<script type=\"application\/ld+json\" class=\"yoast-schema-graph\">{\"@context\":\"https:\/\/schema.org\",\"@graph\":[{\"@type\":\"WebPage\",\"@id\":\"https:\/\/www.bivillage.com\/pl\/pracuj-z-nami\/\",\"url\":\"https:\/\/www.bivillage.com\/pl\/pracuj-z-nami\/\",\"name\":\"Praca w o\u015brodku wypoczynkowym BiVillage w miejscowo\u015bci Fazana na Istrii w Chorwacji\",\"isPartOf\":{\"@id\":\"https:\/\/www.bivillage.com\/pl\/#website\"},\"primaryImageOfPage\":{\"@id\":\"https:\/\/www.bivillage.com\/pl\/pracuj-z-nami\/#primaryimage\"},\"image\":{\"@id\":\"https:\/\/www.bivillage.com\/pl\/pracuj-z-nami\/#primaryimage\"},\"thumbnailUrl\":\"https:\/\/www.bivillage.com\/wp-content\/uploads\/2022\/08\/lavora-con-noi-bivillage-croazia.jpg\",\"datePublished\":\"2024-01-25T09:40:41+00:00\",\"dateModified\":\"2024-02-17T02:29:34+00:00\",\"description\":\"W naszym o\u015brodku kempingowym b\u0119dziesz pracowa\u0107 rami\u0119 w rami\u0119 z profesjonalistami z ca\u0142ej Europy w m\u0142odym i dynamicznym zespole.\",\"breadcrumb\":{\"@id\":\"https:\/\/www.bivillage.com\/pl\/pracuj-z-nami\/#breadcrumb\"},\"inLanguage\":\"pl-PL\",\"potentialAction\":[{\"@type\":\"ReadAction\",\"target\":[\"https:\/\/www.bivillage.com\/pl\/pracuj-z-nami\/\"]}]},{\"@type\":\"ImageObject\",\"inLanguage\":\"pl-PL\",\"@id\":\"https:\/\/www.bivillage.com\/pl\/pracuj-z-nami\/#primaryimage\",\"url\":\"https:\/\/www.bivillage.com\/wp-content\/uploads\/2022\/08\/lavora-con-noi-bivillage-croazia.jpg\",\"contentUrl\":\"https:\/\/www.bivillage.com\/wp-content\/uploads\/2022\/08\/lavora-con-noi-bivillage-croazia.jpg\",\"width\":1920,\"height\":1000},{\"@type\":\"BreadcrumbList\",\"@id\":\"https:\/\/www.bivillage.com\/pl\/pracuj-z-nami\/#breadcrumb\",\"itemListElement\":[{\"@type\":\"ListItem\",\"position\":1,\"name\":\"Home\",\"item\":\"https:\/\/www.bivillage.com\/pl\/\"},{\"@type\":\"ListItem\",\"position\":2,\"name\":\"Pracuj z nami\"}]},{\"@type\":\"WebSite\",\"@id\":\"https:\/\/www.bivillage.com\/pl\/#website\",\"url\":\"https:\/\/www.bivillage.com\/pl\/\",\"name\":\"BiVillage\",\"description\":\"Fasana, ISTRIA\",\"publisher\":{\"@id\":\"https:\/\/www.bivillage.com\/pl\/#organization\"},\"potentialAction\":[{\"@type\":\"SearchAction\",\"target\":{\"@type\":\"EntryPoint\",\"urlTemplate\":\"https:\/\/www.bivillage.com\/pl\/?s={search_term_string}\"},\"query-input\":{\"@type\":\"PropertyValueSpecification\",\"valueRequired\":true,\"valueName\":\"search_term_string\"}}],\"inLanguage\":\"pl-PL\"},{\"@type\":\"Organization\",\"@id\":\"https:\/\/www.bivillage.com\/pl\/#organization\",\"name\":\"BiVillage\",\"alternateName\":\"bivillage\",\"url\":\"https:\/\/www.bivillage.com\/pl\/\",\"logo\":{\"@type\":\"ImageObject\",\"inLanguage\":\"pl-PL\",\"@id\":\"https:\/\/www.bivillage.com\/pl\/#\/schema\/logo\/image\/\",\"url\":\"https:\/\/www.bivillage.com\/wp-content\/uploads\/2022\/04\/logo-bivillage.png\",\"contentUrl\":\"https:\/\/www.bivillage.com\/wp-content\/uploads\/2022\/04\/logo-bivillage.png\",\"width\":973,\"height\":340,\"caption\":\"BiVillage\"},\"image\":{\"@id\":\"https:\/\/www.bivillage.com\/pl\/#\/schema\/logo\/image\/\"},\"sameAs\":[\"https:\/\/www.facebook.com\/BiVillageHolidayCenter\/\",\"https:\/\/www.instagram.com\/bivillage_holidayresort\/\",\"https:\/\/www.youtube.com\/channel\/UCu0whYLFWz1DQK-xiTLIuVw\",\"https:\/\/www.tiktok.com\/@bivillage\"]}]}<\/script>\n<!-- \/ Yoast SEO plugin. -->","yoast_head_json":{"title":"Praca w o\u015brodku wypoczynkowym BiVillage w miejscowo\u015bci Fazana na Istrii w Chorwacji","description":"W naszym o\u015brodku kempingowym b\u0119dziesz pracowa\u0107 rami\u0119 w rami\u0119 z profesjonalistami z ca\u0142ej Europy w m\u0142odym i dynamicznym zespole.","robots":{"index":"index","follow":"follow","max-snippet":"max-snippet:-1","max-image-preview":"max-image-preview:large","max-video-preview":"max-video-preview:-1"},"canonical":"https:\/\/www.bivillage.com\/pl\/pracuj-z-nami\/","og_locale":"pl_PL","og_type":"article","og_title":"Praca w o\u015brodku wypoczynkowym BiVillage w miejscowo\u015bci Fazana na Istrii w Chorwacji","og_description":"W naszym o\u015brodku kempingowym b\u0119dziesz pracowa\u0107 rami\u0119 w rami\u0119 z profesjonalistami z ca\u0142ej Europy w m\u0142odym i dynamicznym zespole.","og_url":"https:\/\/www.bivillage.com\/pl\/pracuj-z-nami\/","og_site_name":"BiVillage","article_publisher":"https:\/\/www.facebook.com\/BiVillageHolidayCenter\/","article_modified_time":"2024-02-17T02:29:34+00:00","og_image":[{"width":1920,"height":1000,"url":"https:\/\/www.bivillage.com\/wp-content\/uploads\/2022\/08\/lavora-con-noi-bivillage-croazia.jpg","type":"image\/jpeg"}],"twitter_card":"summary_large_image","twitter_misc":{"Szacowany czas czytania":"2 minuty"},"schema":{"@context":"https:\/\/schema.org","@graph":[{"@type":"WebPage","@id":"https:\/\/www.bivillage.com\/pl\/pracuj-z-nami\/","url":"https:\/\/www.bivillage.com\/pl\/pracuj-z-nami\/","name":"Praca w o\u015brodku wypoczynkowym BiVillage w miejscowo\u015bci Fazana na Istrii w Chorwacji","isPartOf":{"@id":"https:\/\/www.bivillage.com\/pl\/#website"},"primaryImageOfPage":{"@id":"https:\/\/www.bivillage.com\/pl\/pracuj-z-nami\/#primaryimage"},"image":{"@id":"https:\/\/www.bivillage.com\/pl\/pracuj-z-nami\/#primaryimage"},"thumbnailUrl":"https:\/\/www.bivillage.com\/wp-content\/uploads\/2022\/08\/lavora-con-noi-bivillage-croazia.jpg","datePublished":"2024-01-25T09:40:41+00:00","dateModified":"2024-02-17T02:29:34+00:00","description":"W naszym o\u015brodku kempingowym b\u0119dziesz pracowa\u0107 rami\u0119 w rami\u0119 z profesjonalistami z ca\u0142ej Europy w m\u0142odym i dynamicznym zespole.","breadcrumb":{"@id":"https:\/\/www.bivillage.com\/pl\/pracuj-z-nami\/#breadcrumb"},"inLanguage":"pl-PL","potentialAction":[{"@type":"ReadAction","target":["https:\/\/www.bivillage.com\/pl\/pracuj-z-nami\/"]}]},{"@type":"ImageObject","inLanguage":"pl-PL","@id":"https:\/\/www.bivillage.com\/pl\/pracuj-z-nami\/#primaryimage","url":"https:\/\/www.bivillage.com\/wp-content\/uploads\/2022\/08\/lavora-con-noi-bivillage-croazia.jpg","contentUrl":"https:\/\/www.bivillage.com\/wp-content\/uploads\/2022\/08\/lavora-con-noi-bivillage-croazia.jpg","width":1920,"height":1000},{"@type":"BreadcrumbList","@id":"https:\/\/www.bivillage.com\/pl\/pracuj-z-nami\/#breadcrumb","itemListElement":[{"@type":"ListItem","position":1,"name":"Home","item":"https:\/\/www.bivillage.com\/pl\/"},{"@type":"ListItem","position":2,"name":"Pracuj z nami"}]},{"@type":"WebSite","@id":"https:\/\/www.bivillage.com\/pl\/#website","url":"https:\/\/www.bivillage.com\/pl\/","name":"BiVillage","description":"Fasana, ISTRIA","publisher":{"@id":"https:\/\/www.bivillage.com\/pl\/#organization"},"potentialAction":[{"@type":"SearchAction","target":{"@type":"EntryPoint","urlTemplate":"https:\/\/www.bivillage.com\/pl\/?s={search_term_string}"},"query-input":{"@type":"PropertyValueSpecification","valueRequired":true,"valueName":"search_term_string"}}],"inLanguage":"pl-PL"},{"@type":"Organization","@id":"https:\/\/www.bivillage.com\/pl\/#organization","name":"BiVillage","alternateName":"bivillage","url":"https:\/\/www.bivillage.com\/pl\/","logo":{"@type":"ImageObject","inLanguage":"pl-PL","@id":"https:\/\/www.bivillage.com\/pl\/#\/schema\/logo\/image\/","url":"https:\/\/www.bivillage.com\/wp-content\/uploads\/2022\/04\/logo-bivillage.png","contentUrl":"https:\/\/www.bivillage.com\/wp-content\/uploads\/2022\/04\/logo-bivillage.png","width":973,"height":340,"caption":"BiVillage"},"image":{"@id":"https:\/\/www.bivillage.com\/pl\/#\/schema\/logo\/image\/"},"sameAs":["https:\/\/www.facebook.com\/BiVillageHolidayCenter\/","https:\/\/www.instagram.com\/bivillage_holidayresort\/","https:\/\/www.youtube.com\/channel\/UCu0whYLFWz1DQK-xiTLIuVw","https:\/\/www.tiktok.com\/@bivillage"]}]}},"coauthors":[],"author_meta":{"author_link":"https:\/\/www.bivillage.com\/pl\/news\/author\/admin\/","display_name":"admin"},"relative_dates":{"created":"Posted 2 lata ago","modified":"Updated 2 lata ago"},"absolute_dates":{"created":"Posted on 25 stycznia, 2024","modified":"Updated on 17 lutego, 2024"},"absolute_dates_time":{"created":"Posted on 25 stycznia, 2024 10:40 am","modified":"Updated on 17 lutego, 2024 3:29 am"},"featured_img_caption":"","featured_img":"https:\/\/www.bivillage.com\/wp-content\/uploads\/2022\/08\/lavora-con-noi-bivillage-croazia-1568x817.jpg","series_order":"","_links":{"self":[{"href":"https:\/\/www.bivillage.com\/pl\/wp-json\/wp\/v2\/pages\/19108","targetHints":{"allow":["GET"]}}],"collection":[{"href":"https:\/\/www.bivillage.com\/pl\/wp-json\/wp\/v2\/pages"}],"about":[{"href":"https:\/\/www.bivillage.com\/pl\/wp-json\/wp\/v2\/types\/page"}],"author":[{"embeddable":true,"href":"https:\/\/www.bivillage.com\/pl\/wp-json\/wp\/v2\/users\/1"}],"replies":[{"embeddable":true,"href":"https:\/\/www.bivillage.com\/pl\/wp-json\/wp\/v2\/comments?post=19108"}],"version-history":[{"count":0,"href":"https:\/\/www.bivillage.com\/pl\/wp-json\/wp\/v2\/pages\/19108\/revisions"}],"wp:featuredmedia":[{"embeddable":true,"href":"https:\/\/www.bivillage.com\/pl\/wp-json\/wp\/v2\/media\/18864"}],"wp:attachment":[{"href":"https:\/\/www.bivillage.com\/pl\/wp-json\/wp\/v2\/media?parent=19108"}],"curies":[{"name":"wp","href":"https:\/\/api.w.org\/{rel}","templated":true}]}}