{"id":18949,"date":"2024-01-25T10:40:21","date_gmt":"2024-01-25T09:40:21","guid":{"rendered":"https:\/\/www.bivillage.com\/polityka-prywatnosci-formularz-wniosku-o-udzielenie-informacji\/"},"modified":"2024-02-17T01:46:28","modified_gmt":"2024-02-17T00:46:28","slug":"polityka-prywatnosci-formularz-wniosku-o-udzielenie-informacji","status":"publish","type":"page","link":"https:\/\/www.bivillage.com\/pl\/polityka-prywatnosci-formularz-wniosku-o-udzielenie-informacji\/","title":{"rendered":"Polityka prywatno\u015bci &#8211; Formularz wniosku o udzielenie informacji"},"content":{"rendered":"<div  class=\"grids-section grids-is-advanced alignwide\" style=\"--_gs-gap-desktop:0px 0px;--_gs-m-desktop:0 0 0 0;--_gs-p-desktop:0 0 0 0;--_gs-bg-desktop:transparent none;--_gs-bg-xp-desktop:0px;--_gs-zi-desktop:auto;--_gs-d-desktop:block;--_gs-mw-desktop:calc(100% - 0 - 0);--_gs-gap-tablet:0px 0px;--_gs-m-tablet:0 0 0 0;--_gs-p-tablet:0 0 0 0;--_gs-bg-tablet:transparent none;--_gs-bg-xp-tablet:0px;--_gs-zi-tablet:auto;--_gs-d-tablet:block;--_gs-mw-tablet:calc(100% - 0 - 0);--_gs-gap-mobile:0px 0px;--_gs-m-mobile:0 0 0 0;--_gs-p-mobile:0 0 0 0;--_gs-bg-mobile:transparent none;--_gs-bg-xp-mobile:0px;--_gs-zi-mobile:auto;--_gs-d-mobile:block;--_gs-mw-mobile:calc(100% - 0 - 0);--_gs-columns:12;--_gs-rows:6\"><div class=\"grids-s-w_i\">\n<div class=\"grids-area\" style=\"--_ga-column:2\/12;--_ga-row:1\/7;--_ga-m-desktop:0 0 0 0;--_ga-p-desktop:0 0 0 0;--_ga-bg-desktop:transparent none;--_ga-zi-desktop:auto;--_ga-d-desktop:flex;--_ga-mw-desktop:calc(100% - 0 - 0);--_ga-m-tablet:0 0 0 0;--_ga-p-tablet:0 0 0 0;--_ga-bg-tablet:transparent none;--_ga-zi-tablet:auto;--_ga-d-tablet:flex;--_ga-mw-tablet:calc(100% - 0 - 0);--_ga-m-mobile:0 0 0 0;--_ga-p-mobile:0 0 0 0;--_ga-bg-mobile:transparent none;--_ga-zi-mobile:auto;--_ga-d-mobile:flex;--_ga-mw-mobile:calc(100% - 0 - 0)\">\n\n<h2 class=\"has-text-align-center wp-block-heading\">Informacje dotycz\u0105ce przetwarzania danych osobowych<\/h2>\n\n<\/div>\n<\/div><\/div><div  class=\"grids-section row-elenchi grids-is-advanced alignfull\" style=\"--_gs-gap-desktop:0px 0px;--_gs-m-desktop:0 0 0 0;--_gs-p-desktop:0 0 0 0;--_gs-bg-desktop:transparent none;--_gs-bg-xp-desktop:0px;--_gs-zi-desktop:auto;--_gs-d-desktop:block;--_gs-mw-desktop:calc(100% - 0 - 0);--_gs-gap-tablet:0px 0px;--_gs-m-tablet:0 0 0 0;--_gs-p-tablet:0 0 0 0;--_gs-bg-tablet:transparent none;--_gs-bg-xp-tablet:0px;--_gs-zi-tablet:auto;--_gs-d-tablet:block;--_gs-mw-tablet:calc(100% - 0 - 0);--_gs-gap-mobile:0px 0px;--_gs-m-mobile:0 0 0 0;--_gs-p-mobile:0 0 0 0;--_gs-bg-mobile:transparent none;--_gs-bg-xp-mobile:0px;--_gs-zi-mobile:auto;--_gs-d-mobile:block;--_gs-mw-mobile:calc(100% - 0 - 0);--_gs-columns:12;--_gs-rows:6\"><div class=\"grids-s-w_i\">\n<div class=\"grids-area\" style=\"--_ga-column:2\/12;--_ga-row:1\/8;--_ga-m-desktop:0 0 0 0;--_ga-p-desktop:0 0 0 0;--_ga-bg-desktop:transparent none;--_ga-zi-desktop:auto;--_ga-d-desktop:flex;--_ga-mw-desktop:calc(100% - 0 - 0);--_ga-m-tablet:0 0 0 0;--_ga-p-tablet:0 0 0 0;--_ga-bg-tablet:transparent none;--_ga-zi-tablet:auto;--_ga-d-tablet:flex;--_ga-mw-tablet:calc(100% - 0 - 0);--_ga-m-mobile:0 0 0 0;--_ga-p-mobile:0 0 0 0;--_ga-bg-mobile:transparent none;--_ga-zi-mobile:auto;--_ga-d-mobile:flex;--_ga-mw-mobile:calc(100% - 0 - 0)\">\n\n<ol class=\"wp-block-list\">\n<li><strong>Administrator danych<\/strong><\/li>\n<\/ol>\n\n\n\n<p>Administratorem danych jest sp\u00f3\u0142ka <strong>Industrial Project d.o.o.<\/strong>, z kt\u00f3r\u0105 mo\u017cna si\u0119 skontaktowa\u0107 w sprawach dotycz\u0105cych ochrony danych osobowych pod adresem e-mail <a href=\"mailto:privacy@bivillage.com\">privacy@bivillage.com.<\/a><\/p>\n\n\n\n<ol class=\"wp-block-list\" start=\"2\">\n<li><strong>Kategorie przetwarzanych danych osobowych<\/strong><\/li>\n<\/ol>\n\n\n\n<p>Nast\u0119puj\u0105ce kategorie danych osobowych mog\u0105 by\u0107 przetwarzane w celu udzielenia odpowiedzi na otrzymane wnioski: imi\u0119 i nazwisko, adres pocztowy, numer telefonu, adres e-mail, informacje dotycz\u0105ce konkretnych potrzeb wskazanych we wniosku, dane dotycz\u0105ce cz\u0142onk\u00f3w rodziny lub innych os\u00f3b towarzysz\u0105cych w podr\u00f3\u017cy.<\/p>\n\n\n\n<ol class=\"wp-block-list\" start=\"3\">\n<li><strong>Cel, podstawa prawna i okres przechowywania<\/strong><\/li>\n<\/ol>\n\n\n\n<p>Dane osobowe b\u0119d\u0105 przetwarzane przez Industrial Project d.o.o. w celach i na warunkach okre\u015blonych poni\u017cej.<\/p>\n\n\n\n<p><strong>Cel<\/strong><\/p>\n\n\n\n<p>Odpowiadanie na zapytania u\u017cytkownik\u00f3w: dostarczanie informacji o us\u0142ugach Administratora i obiektach turystycznych u\u017cytkownikom, kt\u00f3rzy o to prosz\u0105.<\/p>\n\n\n\n<p><strong>Podstawa prawna<\/strong><\/p>\n\n\n\n<p>Uzasadniony interes W\u0142a\u015bciciela w odpowiadaniu na \u017c\u0105dania u\u017cytkownik\u00f3w.<\/p>\n\n\n\n<p><strong>Okres przechowywania danych<\/strong><\/p>\n\n\n\n<p>Przez okres niezb\u0119dny do spe\u0142nienia \u017c\u0105da\u0144 u\u017cytkownik\u00f3w.<\/p>\n\n\n\n<ol class=\"wp-block-list\" start=\"4\">\n<li><strong>Odmowa ujawnienia danych<\/strong><\/li>\n<\/ol>\n\n\n\n<p>Je\u015bli u\u017cytkownik odm\u00f3wi podania swoich danych, Administrator nie b\u0119dzie m\u00f3g\u0142 przetworzy\u0107 otrzymanego wniosku.<\/p>\n\n\n\n<ol class=\"wp-block-list\" start=\"5\">\n<li><strong>Kategorie odbiorc\u00f3w danych osobowych<\/strong><\/li>\n<\/ol>\n\n\n\n<p>W celu realizacji wy\u017cej wymienionych cel\u00f3w Industria Project d.o.o. mo\u017ce ujawnia\u0107 zebrane dane nast\u0119puj\u0105cym kategoriom podmiot\u00f3w: dostawcom us\u0142ug IT, takich jak us\u0142ugi internetowe i przetwarzanie w chmurze; podmiotom wykonuj\u0105cym czynno\u015bci zwi\u0105zane z obs\u0142ug\u0105 klienta. W razie potrzeby odbiorcy danych zostan\u0105 wyznaczeni jako podmioty przetwarzaj\u0105ce dane zgodnie z postanowieniami art. 6 ust. 1 lit. a) RODO. 28 RODO.<\/p>\n\n\n\n<ol class=\"wp-block-list\" start=\"6\">\n<li><strong>Przekazywanie danych do kraj\u00f3w trzecich<\/strong><\/li>\n<\/ol>\n\n\n\n<p>Dane osobowe przetwarzane przez Administratora Danych mog\u0105 by\u0107 przekazywane, wy\u0142\u0105cznie w celu realizacji cel\u00f3w wskazanych powy\u017cej, sp\u00f3\u0142kom z siedzib\u0105 w Stanach Zjednoczonych Ameryki. Przekazanie to nast\u0105pi wy\u0142\u0105cznie po podpisaniu standardowych um\u00f3w (S.C.C.) przyj\u0119tych przez Komisj\u0119 Unii Europejskiej z firmami otrzymuj\u0105cymi dane osobowe (dawniej art. 46 ust. II lit. C i D RODO).<\/p>\n\n\n\n<ol class=\"wp-block-list\" start=\"7\">\n<li><strong>Prawa os\u00f3b, kt\u00f3rych dane dotycz\u0105<\/strong><\/li>\n<\/ol>\n\n\n\n<p>W odniesieniu do dostarczonych danych osobowych osoby, kt\u00f3rych dane dotycz\u0105, maj\u0105 prawo w dowolnym momencie za\u017c\u0105da\u0107: potwierdzenia, czy dotycz\u0105ce ich dane osobowe s\u0105 przetwarzane, a je\u015bli tak, uzyskania dost\u0119pu do tych danych i ich kopii (art. 15 RODO); sprostowania wszelkich niedok\u0142adnych danych osobowych lub w\u0142\u0105czenia niekompletnych danych (art. 16 RODO); w przypadkach wyra\u017anie przewidzianych w przepisach prawa, usuni\u0119cia danych osobowych. 15 RODO); sprostowania wszelkich niedok\u0142adnych danych osobowych lub uzupe\u0142nienia niekompletnych danych (art. 16 RODO); w przypadkach wyra\u017anie przewidzianych w przepisach, anulowania danych (art. 17 RODO), ograniczenia ich przetwarzania (art. 18 RODO) oraz sprzeciwu wobec ich przetwarzania (art. 21 RODO). Aby skorzysta\u0107 z tych praw, zainteresowane strony mog\u0105 przes\u0142a\u0107 swoje wnioski poczt\u0105 elektroniczn\u0105 do Administratora na adres <a href=\"mailto:privacy@bivillage.com\">privacy@bivillage.com<\/a>. Zainteresowane strony mog\u0105 r\u00f3wnie\u017c skorzysta\u0107 z adres\u00f3w pocztowych wskazanych w pkt 1 niniejszego arkusza informacyjnego. Je\u015bli osoby, kt\u00f3rych dane dotycz\u0105, uwa\u017caj\u0105, \u017ce ich prawa wynikaj\u0105ce z przepis\u00f3w o ochronie danych zosta\u0142y naruszone, mog\u0105 z\u0142o\u017cy\u0107 skarg\u0119 do w\u0142a\u015bciwego organu nadzorczego<a href=\"http:\/\/www.azop.hr\" target=\"_blank\" rel=\"noreferrer noopener\">(www.azop.hr)<\/a>.<\/p>\n\n<\/div>\n<\/div><\/div>","protected":false},"excerpt":{"rendered":"","protected":false},"author":1,"featured_media":18514,"parent":0,"menu_order":0,"comment_status":"closed","ping_status":"closed","template":"","meta":{"_acf_changed":false,"advgb_blocks_editor_width":"","advgb_blocks_columns_visual_guide":"","footnotes":""},"class_list":["post-18949","page","type-page","status-publish","has-post-thumbnail","hentry","entry"],"acf":[],"yoast_head":"<!-- This site is optimized with the Yoast SEO plugin v26.0 - https:\/\/yoast.com\/wordpress\/plugins\/seo\/ -->\n<title>Polityka prywatno\u015bci - Formularz wniosku o udzielenie informacji - BiVillage<\/title>\n<meta name=\"robots\" content=\"index, follow, max-snippet:-1, max-image-preview:large, max-video-preview:-1\" \/>\n<link rel=\"canonical\" href=\"https:\/\/www.bivillage.com\/pl\/polityka-prywatnosci-formularz-wniosku-o-udzielenie-informacji\/\" \/>\n<meta property=\"og:locale\" content=\"pl_PL\" \/>\n<meta property=\"og:type\" content=\"article\" \/>\n<meta property=\"og:title\" content=\"Polityka prywatno\u015bci - Formularz wniosku o udzielenie informacji - BiVillage\" \/>\n<meta property=\"og:url\" content=\"https:\/\/www.bivillage.com\/pl\/polityka-prywatnosci-formularz-wniosku-o-udzielenie-informacji\/\" \/>\n<meta property=\"og:site_name\" content=\"BiVillage\" \/>\n<meta property=\"article:publisher\" content=\"https:\/\/www.facebook.com\/BiVillageHolidayCenter\/\" \/>\n<meta property=\"article:modified_time\" content=\"2024-02-17T00:46:28+00:00\" \/>\n<meta property=\"og:image\" content=\"https:\/\/www.bivillage.com\/wp-content\/uploads\/2022\/08\/spiaggia-bivillage-croazia-banner.jpg\" \/>\n\t<meta property=\"og:image:width\" content=\"1920\" \/>\n\t<meta property=\"og:image:height\" content=\"1000\" \/>\n\t<meta property=\"og:image:type\" content=\"image\/jpeg\" \/>\n<meta name=\"twitter:card\" content=\"summary_large_image\" \/>\n<meta name=\"twitter:label1\" content=\"Szacowany czas czytania\" \/>\n\t<meta name=\"twitter:data1\" content=\"3 minuty\" \/>\n<script type=\"application\/ld+json\" class=\"yoast-schema-graph\">{\"@context\":\"https:\/\/schema.org\",\"@graph\":[{\"@type\":\"WebPage\",\"@id\":\"https:\/\/www.bivillage.com\/pl\/polityka-prywatnosci-formularz-wniosku-o-udzielenie-informacji\/\",\"url\":\"https:\/\/www.bivillage.com\/pl\/polityka-prywatnosci-formularz-wniosku-o-udzielenie-informacji\/\",\"name\":\"Polityka prywatno\u015bci - Formularz wniosku o udzielenie informacji - BiVillage\",\"isPartOf\":{\"@id\":\"https:\/\/www.bivillage.com\/pl\/#website\"},\"primaryImageOfPage\":{\"@id\":\"https:\/\/www.bivillage.com\/pl\/polityka-prywatnosci-formularz-wniosku-o-udzielenie-informacji\/#primaryimage\"},\"image\":{\"@id\":\"https:\/\/www.bivillage.com\/pl\/polityka-prywatnosci-formularz-wniosku-o-udzielenie-informacji\/#primaryimage\"},\"thumbnailUrl\":\"https:\/\/www.bivillage.com\/wp-content\/uploads\/2022\/08\/spiaggia-bivillage-croazia-banner.jpg\",\"datePublished\":\"2024-01-25T09:40:21+00:00\",\"dateModified\":\"2024-02-17T00:46:28+00:00\",\"breadcrumb\":{\"@id\":\"https:\/\/www.bivillage.com\/pl\/polityka-prywatnosci-formularz-wniosku-o-udzielenie-informacji\/#breadcrumb\"},\"inLanguage\":\"pl-PL\",\"potentialAction\":[{\"@type\":\"ReadAction\",\"target\":[\"https:\/\/www.bivillage.com\/pl\/polityka-prywatnosci-formularz-wniosku-o-udzielenie-informacji\/\"]}]},{\"@type\":\"ImageObject\",\"inLanguage\":\"pl-PL\",\"@id\":\"https:\/\/www.bivillage.com\/pl\/polityka-prywatnosci-formularz-wniosku-o-udzielenie-informacji\/#primaryimage\",\"url\":\"https:\/\/www.bivillage.com\/wp-content\/uploads\/2022\/08\/spiaggia-bivillage-croazia-banner.jpg\",\"contentUrl\":\"https:\/\/www.bivillage.com\/wp-content\/uploads\/2022\/08\/spiaggia-bivillage-croazia-banner.jpg\",\"width\":1920,\"height\":1000},{\"@type\":\"BreadcrumbList\",\"@id\":\"https:\/\/www.bivillage.com\/pl\/polityka-prywatnosci-formularz-wniosku-o-udzielenie-informacji\/#breadcrumb\",\"itemListElement\":[{\"@type\":\"ListItem\",\"position\":1,\"name\":\"Home\",\"item\":\"https:\/\/www.bivillage.com\/pl\/\"},{\"@type\":\"ListItem\",\"position\":2,\"name\":\"Polityka prywatno\u015bci &#8211; Formularz wniosku o udzielenie informacji\"}]},{\"@type\":\"WebSite\",\"@id\":\"https:\/\/www.bivillage.com\/pl\/#website\",\"url\":\"https:\/\/www.bivillage.com\/pl\/\",\"name\":\"BiVillage\",\"description\":\"Fasana, ISTRIA\",\"publisher\":{\"@id\":\"https:\/\/www.bivillage.com\/pl\/#organization\"},\"potentialAction\":[{\"@type\":\"SearchAction\",\"target\":{\"@type\":\"EntryPoint\",\"urlTemplate\":\"https:\/\/www.bivillage.com\/pl\/?s={search_term_string}\"},\"query-input\":{\"@type\":\"PropertyValueSpecification\",\"valueRequired\":true,\"valueName\":\"search_term_string\"}}],\"inLanguage\":\"pl-PL\"},{\"@type\":\"Organization\",\"@id\":\"https:\/\/www.bivillage.com\/pl\/#organization\",\"name\":\"BiVillage\",\"alternateName\":\"bivillage\",\"url\":\"https:\/\/www.bivillage.com\/pl\/\",\"logo\":{\"@type\":\"ImageObject\",\"inLanguage\":\"pl-PL\",\"@id\":\"https:\/\/www.bivillage.com\/pl\/#\/schema\/logo\/image\/\",\"url\":\"https:\/\/www.bivillage.com\/wp-content\/uploads\/2022\/04\/logo-bivillage.png\",\"contentUrl\":\"https:\/\/www.bivillage.com\/wp-content\/uploads\/2022\/04\/logo-bivillage.png\",\"width\":973,\"height\":340,\"caption\":\"BiVillage\"},\"image\":{\"@id\":\"https:\/\/www.bivillage.com\/pl\/#\/schema\/logo\/image\/\"},\"sameAs\":[\"https:\/\/www.facebook.com\/BiVillageHolidayCenter\/\",\"https:\/\/www.instagram.com\/bivillage_holidayresort\/\",\"https:\/\/www.youtube.com\/channel\/UCu0whYLFWz1DQK-xiTLIuVw\",\"https:\/\/www.tiktok.com\/@bivillage\"]}]}<\/script>\n<!-- \/ Yoast SEO plugin. -->","yoast_head_json":{"title":"Polityka prywatno\u015bci - Formularz wniosku o udzielenie informacji - BiVillage","robots":{"index":"index","follow":"follow","max-snippet":"max-snippet:-1","max-image-preview":"max-image-preview:large","max-video-preview":"max-video-preview:-1"},"canonical":"https:\/\/www.bivillage.com\/pl\/polityka-prywatnosci-formularz-wniosku-o-udzielenie-informacji\/","og_locale":"pl_PL","og_type":"article","og_title":"Polityka prywatno\u015bci - Formularz wniosku o udzielenie informacji - BiVillage","og_url":"https:\/\/www.bivillage.com\/pl\/polityka-prywatnosci-formularz-wniosku-o-udzielenie-informacji\/","og_site_name":"BiVillage","article_publisher":"https:\/\/www.facebook.com\/BiVillageHolidayCenter\/","article_modified_time":"2024-02-17T00:46:28+00:00","og_image":[{"width":1920,"height":1000,"url":"https:\/\/www.bivillage.com\/wp-content\/uploads\/2022\/08\/spiaggia-bivillage-croazia-banner.jpg","type":"image\/jpeg"}],"twitter_card":"summary_large_image","twitter_misc":{"Szacowany czas czytania":"3 minuty"},"schema":{"@context":"https:\/\/schema.org","@graph":[{"@type":"WebPage","@id":"https:\/\/www.bivillage.com\/pl\/polityka-prywatnosci-formularz-wniosku-o-udzielenie-informacji\/","url":"https:\/\/www.bivillage.com\/pl\/polityka-prywatnosci-formularz-wniosku-o-udzielenie-informacji\/","name":"Polityka prywatno\u015bci - Formularz wniosku o udzielenie informacji - BiVillage","isPartOf":{"@id":"https:\/\/www.bivillage.com\/pl\/#website"},"primaryImageOfPage":{"@id":"https:\/\/www.bivillage.com\/pl\/polityka-prywatnosci-formularz-wniosku-o-udzielenie-informacji\/#primaryimage"},"image":{"@id":"https:\/\/www.bivillage.com\/pl\/polityka-prywatnosci-formularz-wniosku-o-udzielenie-informacji\/#primaryimage"},"thumbnailUrl":"https:\/\/www.bivillage.com\/wp-content\/uploads\/2022\/08\/spiaggia-bivillage-croazia-banner.jpg","datePublished":"2024-01-25T09:40:21+00:00","dateModified":"2024-02-17T00:46:28+00:00","breadcrumb":{"@id":"https:\/\/www.bivillage.com\/pl\/polityka-prywatnosci-formularz-wniosku-o-udzielenie-informacji\/#breadcrumb"},"inLanguage":"pl-PL","potentialAction":[{"@type":"ReadAction","target":["https:\/\/www.bivillage.com\/pl\/polityka-prywatnosci-formularz-wniosku-o-udzielenie-informacji\/"]}]},{"@type":"ImageObject","inLanguage":"pl-PL","@id":"https:\/\/www.bivillage.com\/pl\/polityka-prywatnosci-formularz-wniosku-o-udzielenie-informacji\/#primaryimage","url":"https:\/\/www.bivillage.com\/wp-content\/uploads\/2022\/08\/spiaggia-bivillage-croazia-banner.jpg","contentUrl":"https:\/\/www.bivillage.com\/wp-content\/uploads\/2022\/08\/spiaggia-bivillage-croazia-banner.jpg","width":1920,"height":1000},{"@type":"BreadcrumbList","@id":"https:\/\/www.bivillage.com\/pl\/polityka-prywatnosci-formularz-wniosku-o-udzielenie-informacji\/#breadcrumb","itemListElement":[{"@type":"ListItem","position":1,"name":"Home","item":"https:\/\/www.bivillage.com\/pl\/"},{"@type":"ListItem","position":2,"name":"Polityka prywatno\u015bci &#8211; Formularz wniosku o udzielenie informacji"}]},{"@type":"WebSite","@id":"https:\/\/www.bivillage.com\/pl\/#website","url":"https:\/\/www.bivillage.com\/pl\/","name":"BiVillage","description":"Fasana, ISTRIA","publisher":{"@id":"https:\/\/www.bivillage.com\/pl\/#organization"},"potentialAction":[{"@type":"SearchAction","target":{"@type":"EntryPoint","urlTemplate":"https:\/\/www.bivillage.com\/pl\/?s={search_term_string}"},"query-input":{"@type":"PropertyValueSpecification","valueRequired":true,"valueName":"search_term_string"}}],"inLanguage":"pl-PL"},{"@type":"Organization","@id":"https:\/\/www.bivillage.com\/pl\/#organization","name":"BiVillage","alternateName":"bivillage","url":"https:\/\/www.bivillage.com\/pl\/","logo":{"@type":"ImageObject","inLanguage":"pl-PL","@id":"https:\/\/www.bivillage.com\/pl\/#\/schema\/logo\/image\/","url":"https:\/\/www.bivillage.com\/wp-content\/uploads\/2022\/04\/logo-bivillage.png","contentUrl":"https:\/\/www.bivillage.com\/wp-content\/uploads\/2022\/04\/logo-bivillage.png","width":973,"height":340,"caption":"BiVillage"},"image":{"@id":"https:\/\/www.bivillage.com\/pl\/#\/schema\/logo\/image\/"},"sameAs":["https:\/\/www.facebook.com\/BiVillageHolidayCenter\/","https:\/\/www.instagram.com\/bivillage_holidayresort\/","https:\/\/www.youtube.com\/channel\/UCu0whYLFWz1DQK-xiTLIuVw","https:\/\/www.tiktok.com\/@bivillage"]}]}},"coauthors":[],"author_meta":{"author_link":"https:\/\/www.bivillage.com\/pl\/news\/author\/admin\/","display_name":"admin"},"relative_dates":{"created":"Posted 2 lata ago","modified":"Updated 2 lata ago"},"absolute_dates":{"created":"Posted on 25 stycznia, 2024","modified":"Updated on 17 lutego, 2024"},"absolute_dates_time":{"created":"Posted on 25 stycznia, 2024 10:40 am","modified":"Updated on 17 lutego, 2024 1:46 am"},"featured_img_caption":"","featured_img":"https:\/\/www.bivillage.com\/wp-content\/uploads\/2022\/08\/spiaggia-bivillage-croazia-banner-1568x817.jpg","series_order":"","_links":{"self":[{"href":"https:\/\/www.bivillage.com\/pl\/wp-json\/wp\/v2\/pages\/18949","targetHints":{"allow":["GET"]}}],"collection":[{"href":"https:\/\/www.bivillage.com\/pl\/wp-json\/wp\/v2\/pages"}],"about":[{"href":"https:\/\/www.bivillage.com\/pl\/wp-json\/wp\/v2\/types\/page"}],"author":[{"embeddable":true,"href":"https:\/\/www.bivillage.com\/pl\/wp-json\/wp\/v2\/users\/1"}],"replies":[{"embeddable":true,"href":"https:\/\/www.bivillage.com\/pl\/wp-json\/wp\/v2\/comments?post=18949"}],"version-history":[{"count":0,"href":"https:\/\/www.bivillage.com\/pl\/wp-json\/wp\/v2\/pages\/18949\/revisions"}],"wp:featuredmedia":[{"embeddable":true,"href":"https:\/\/www.bivillage.com\/pl\/wp-json\/wp\/v2\/media\/18514"}],"wp:attachment":[{"href":"https:\/\/www.bivillage.com\/pl\/wp-json\/wp\/v2\/media?parent=18949"}],"curies":[{"name":"wp","href":"https:\/\/api.w.org\/{rel}","templated":true}]}}