{"id":18920,"date":"2024-01-25T10:40:11","date_gmt":"2024-01-25T09:40:11","guid":{"rendered":"https:\/\/www.bivillage.com\/twoj-wyjatkowy-dzien\/"},"modified":"2024-11-12T16:46:25","modified_gmt":"2024-11-12T15:46:25","slug":"twoj-wyjatkowy-dzien","status":"publish","type":"page","link":"https:\/\/www.bivillage.com\/pl\/twoj-wyjatkowy-dzien\/","title":{"rendered":"Tw\u00f3j wyj\u0105tkowy dzie\u0144"},"content":{"rendered":"<div  class=\"grids-section grids-is-advanced alignfull\" style=\"--_gs-gap-desktop:0px 0px;--_gs-m-desktop:0 0 0 0;--_gs-p-desktop:0 0 0 0;--_gs-bg-desktop:transparent none;--_gs-bg-xp-desktop:0px;--_gs-zi-desktop:auto;--_gs-d-desktop:block;--_gs-mw-desktop:calc(100% - 0 - 0);--_gs-gap-tablet:0px 0px;--_gs-m-tablet:0 0 0 0;--_gs-p-tablet:0 0 0 0;--_gs-bg-tablet:transparent none;--_gs-bg-xp-tablet:0px;--_gs-zi-tablet:auto;--_gs-d-tablet:block;--_gs-mw-tablet:calc(100% - 0 - 0);--_gs-gap-mobile:0px 0px;--_gs-m-mobile:0 0 0 0;--_gs-p-mobile:0 0 0 0;--_gs-bg-mobile:transparent none;--_gs-bg-xp-mobile:0px;--_gs-zi-mobile:auto;--_gs-d-mobile:block;--_gs-mw-mobile:calc(100% - 0 - 0);--_gs-columns:12;--_gs-rows:6\"><div class=\"grids-s-w_i\">\n<div class=\"grids-area\" style=\"--_ga-column:2\/12;--_ga-row:1\/3;--_ga-m-desktop:0 0 0 0;--_ga-p-desktop:0 0 0 0;--_ga-bg-desktop:transparent none;--_ga-zi-desktop:auto;--_ga-d-desktop:flex;--_ga-mw-desktop:calc(100% - 0 - 0);--_ga-m-tablet:0 0 0 0;--_ga-p-tablet:0 0 0 0;--_ga-bg-tablet:transparent none;--_ga-zi-tablet:auto;--_ga-d-tablet:flex;--_ga-mw-tablet:calc(100% - 0 - 0);--_ga-m-mobile:0 0 0 0;--_ga-p-mobile:0 0 0 0;--_ga-bg-mobile:transparent none;--_ga-zi-mobile:auto;--_ga-d-mobile:flex;--_ga-mw-mobile:calc(100% - 0 - 0)\">\n\n<div style=\"height:50px\" aria-hidden=\"true\" class=\"wp-block-spacer\"><\/div>\n\n\n\n<h2 class=\"wp-block-heading has-text-align-center\">Chcesz \u015bwi\u0119towa\u0107 swoje urodziny na wakacjach?<\/h2>\n\n\n\n<p>Jeste\u015b we w\u0142a\u015bciwym miejscu, aby uczyni\u0107 sw\u00f3j dzie\u0144 naprawd\u0119 wyj\u0105tkowym!<\/p>\n\n<\/div>\n\n<div class=\"grids-area\" style=\"--_ga-column:2\/12;--_ga-row:3\/7;--_ga-m-desktop:50px 0 0 0;--_ga-p-desktop:0 0 0 0;--_ga-bg-desktop:transparent none;--_ga-zi-desktop:auto;--_ga-d-desktop:flex;--_ga-mw-desktop:calc(100% - 0 - 0);--_ga-m-tablet:50px 0 0 0;--_ga-p-tablet:0 0 0 0;--_ga-bg-tablet:transparent none;--_ga-zi-tablet:auto;--_ga-d-tablet:flex;--_ga-mw-tablet:calc(100% - 0 - 0);--_ga-m-mobile:50px 0 0 0;--_ga-p-mobile:0 0 0 0;--_ga-bg-mobile:transparent none;--_ga-zi-mobile:auto;--_ga-d-mobile:flex;--_ga-mw-mobile:calc(100% - 0 - 0)\">\n\t<div id=\"sliderImgText_2\" class=\"slider-img-text-container-wrapper slides-view-auto\">\n\t\t<div class=\"swiper-wrapper\">\n\t\t\t\t\t\t\t\t\t\t\t<div class=\"single-slide-img-text swiper-slide\">\n\t\t\t\t\t<figure class=\"full-width\" style=\"background-color: #aaaca5;\">\n\t\t\t\t\t\t<img decoding=\"async\" src=\"https:\/\/www.bivillage.com\/wp-content\/uploads\/2022\/09\/special-day-bivillage-croazia-feste-bambini.jpg\" width=\"1800\" height=\"1200\" \/>\n\t\t\t\t\t<\/figure>\n\t\t\t\t\t\t\n\t\t\t\t\t\t\t\t\t\t\t<h2>Imprezy dla dzieci<\/h2>\n\t\t\t\t\t\n\t\t\t\t\t\t\t\t\t\t\t<div class=\"single-slide-img-text-content\">\n\t\t\t\t\t\t\t<p>W BiVillage ka\u017cde dziecko mo\u017ce sp\u0119dzi\u0107 wspania\u0142y dzie\u0144 &#8211; <strong>Biz\u00f9 Club<\/strong> jest dost\u0119pny na przyj\u0119cia dla dzieci!<\/p>\n\t\t\t\t\t\t<\/div>\n\t\t\t\t\t\t\t\t\t<\/div>\n\t\t\t\t\n\t\t\t\t\t\t\t\t\t\t\t<div class=\"single-slide-img-text swiper-slide\">\n\t\t\t\t\t<figure class=\"full-width\" style=\"background-color: #2f2e38;\">\n\t\t\t\t\t\t<img decoding=\"async\" src=\"https:\/\/www.bivillage.com\/wp-content\/uploads\/2022\/09\/special-day-compleanno-bivillage-croazia.jpg\" width=\"1800\" height=\"1200\" \/>\n\t\t\t\t\t<\/figure>\n\t\t\t\t\t\t\n\t\t\t\t\t\t\t\t\t\t\t<h2>Specjalne \u017cyczenia<\/h2>\n\t\t\t\t\t\n\t\t\t\t\t\t\t\t\t\t\t<div class=\"single-slide-img-text-content\">\n\t\t\t\t\t\t\t<p>Zesp\u00f3\u0142 animator\u00f3w BiHoliday jest zawsze gotowy, aby z\u0142o\u017cy\u0107 wyj\u0105tkowe \u017cyczenia tym, kt\u00f3rych kochasz!<\/p>\n\t\t\t\t\t\t<\/div>\n\t\t\t\t\t\t\t\t\t<\/div>\n\t\t\t\t\n\t\t\t\t\t\t\t\t\t\t\t<div class=\"single-slide-img-text swiper-slide\">\n\t\t\t\t\t<figure class=\"full-width\" style=\"background-color: #707276;\">\n\t\t\t\t\t\t<img decoding=\"async\" src=\"https:\/\/www.bivillage.com\/wp-content\/uploads\/2022\/09\/special-day-bivillage-croazia-eventi-speciali.jpg\" width=\"1800\" height=\"1000\" \/>\n\t\t\t\t\t<\/figure>\n\t\t\t\t\t\t\n\t\t\t\t\t\t\t\t\t\t\t<h2>Organizowanie specjalnych okazji<\/h2>\n\t\t\t\t\t\n\t\t\t\t\t\t\t\t\t\t\t<div class=\"single-slide-img-text-content\">\n\t\t\t\t\t\t\t<p>Opowiedz nam o swojej wyj\u0105tkowej chwili &#8211; zesp\u00f3\u0142 animator\u00f3w b\u0119dzie gotowy do zorganizowania uroczysto\u015bci!<\/p>\n\t\t\t\t\t\t<\/div>\n\t\t\t\t\t\t\t\t\t<\/div>\n\t\t\t\t\n\t\t\t\t\t<\/div>\n\n\t\t\t\t\t<div class=\"slider-list-navigation\">\n\t\t\t\t<div class=\"swiper-button-next\"><\/div>\n\t\t\t\t<div class=\"swiper-button-prev\"><\/div>\n\t\t\t<\/div>\n\t\t\t<\/div>\n\n\t\t\t<script type=\"text\/javascript\">\n\t\t\tjQuery(document).ready(function () {\n\t\t\t\t\/\/ initialize swiper when document ready\n\t\t\t\tvar sliderImgText_2 = new Swiper ('#sliderImgText_2.slider-img-text-container-wrapper', {\n\t\t\t\t\tslidesPerView: 'auto',\n\t\t\t\t\tspaceBetween: 50,\n\t\t\t\t\tobserver: true,\n\t\t\t\t\tobserveParents: true,\n\t\t\t\t\tnavigation: {\n\t\t\t\t\t\tnextEl: '#sliderImgText_2 .slider-list-navigation .swiper-button-next',\n\t\t\t\t\t\tprevEl: '#sliderImgText_2 .slider-list-navigation .swiper-button-prev',\n\t\t\t\t\t}\n\t\t\t\t});\n\t\t\t});\n\t\t<\/script>\n\t\n\n\n<\/div>\n<\/div><\/div>\n\n\t<div class=\"slider-novita-container-wrapper\" id=\"swiperSliderNovita1\">\n\t\t<div class=\"swiper-wrapper\">\n\t\t\t\t\t\t\t\t\t\t\t<div class=\"single-slide-novita swiper-slide\">\n\t\t\t\t\t<div class=\"single-slider-novita-image\">\n\t\t\t\t\t\t\n\t\t\t\t\t\t<figure class=\"full-width\" style=\"background-color: #97956e;\">\n\t\t\t\t\t\t\t<img decoding=\"async\" src=\"https:\/\/www.bivillage.com\/wp-content\/uploads\/2022\/08\/ristoranti-bivillage-croazia-03.jpg\" width=\"1800\" height=\"1200\" \/>\n\t\t\t\t\t\t<\/figure>\n\t\t\t\t\t<\/div>\n\t\t\t\t\t<div class=\"single-slider-novita-background\"><\/div>\n\t\t\t\t\t<div class=\"single-slider-novita-content\">\n\t\t\t\t\t\t<h2>Bary i restauracje<\/h2>\n<p>Chcesz \u015bwi\u0119towa\u0107 podczas lunchu, kolacji lub aperitifie? Odkryj wszystkie obiekty BiVillage!<\/p>\n<p><a class=\"btn btn-white\" href=\"\/pl\/food-beverage\/\">Odkryj stref\u0119 restauracyjn\u0105<\/a><\/p>\n\t\t\t\t\t<\/div>\n\t\t\t\t<\/div>\n\t\t\t\t\n\t\t\t\t\t<\/div>\n\t\t<div class=\"swiper-pagination\"><\/div>\n\t<\/div>\n\n\t\n\n\n\n\n","protected":false},"excerpt":{"rendered":"","protected":false},"author":1,"featured_media":18921,"parent":0,"menu_order":0,"comment_status":"closed","ping_status":"closed","template":"","meta":{"_acf_changed":false,"advgb_blocks_editor_width":"","advgb_blocks_columns_visual_guide":"","footnotes":""},"class_list":["post-18920","page","type-page","status-publish","has-post-thumbnail","hentry","entry"],"acf":[],"yoast_head":"<!-- This site is optimized with the Yoast SEO plugin v26.0 - https:\/\/yoast.com\/wordpress\/plugins\/seo\/ -->\n<title>\u015awi\u0119tuj swoje urodziny na kempingu | Camping BiVillage<\/title>\n<meta name=\"description\" content=\"W o\u015brodku BiVillage w Fazanie w Chorwacji sprawimy, \u017ce Tw\u00f3j wyj\u0105tkowy dzie\u0144 b\u0119dzie niezapomniany! Dowiedz si\u0119, co mo\u017cemy dla Ciebie zorganizowa\u0107|\" \/>\n<meta name=\"robots\" content=\"index, follow, max-snippet:-1, max-image-preview:large, max-video-preview:-1\" \/>\n<link rel=\"canonical\" href=\"https:\/\/www.bivillage.com\/pl\/twoj-wyjatkowy-dzien\/\" \/>\n<meta property=\"og:locale\" content=\"pl_PL\" \/>\n<meta property=\"og:type\" content=\"article\" \/>\n<meta property=\"og:title\" content=\"\u015awi\u0119tuj swoje urodziny na kempingu | Camping BiVillage\" \/>\n<meta property=\"og:description\" content=\"W o\u015brodku BiVillage w Fazanie w Chorwacji sprawimy, \u017ce Tw\u00f3j wyj\u0105tkowy dzie\u0144 b\u0119dzie niezapomniany! Dowiedz si\u0119, co mo\u017cemy dla Ciebie zorganizowa\u0107|\" \/>\n<meta property=\"og:url\" content=\"https:\/\/www.bivillage.com\/pl\/twoj-wyjatkowy-dzien\/\" \/>\n<meta property=\"og:site_name\" content=\"BiVillage\" \/>\n<meta property=\"article:publisher\" content=\"https:\/\/www.facebook.com\/BiVillageHolidayCenter\/\" \/>\n<meta property=\"article:modified_time\" content=\"2024-11-12T15:46:25+00:00\" \/>\n<meta property=\"og:image\" content=\"https:\/\/www.bivillage.com\/wp-content\/uploads\/2022\/09\/special-day-bivillage-croazia-banner.jpg\" \/>\n\t<meta property=\"og:image:width\" content=\"1920\" \/>\n\t<meta property=\"og:image:height\" content=\"1000\" \/>\n\t<meta property=\"og:image:type\" content=\"image\/jpeg\" \/>\n<meta name=\"twitter:card\" content=\"summary_large_image\" \/>\n<meta name=\"twitter:label1\" content=\"Szacowany czas czytania\" \/>\n\t<meta name=\"twitter:data1\" content=\"1 minuta\" \/>\n<script type=\"application\/ld+json\" class=\"yoast-schema-graph\">{\"@context\":\"https:\/\/schema.org\",\"@graph\":[{\"@type\":\"WebPage\",\"@id\":\"https:\/\/www.bivillage.com\/pl\/twoj-wyjatkowy-dzien\/\",\"url\":\"https:\/\/www.bivillage.com\/pl\/twoj-wyjatkowy-dzien\/\",\"name\":\"\u015awi\u0119tuj swoje urodziny na kempingu | Camping BiVillage\",\"isPartOf\":{\"@id\":\"https:\/\/www.bivillage.com\/pl\/#website\"},\"primaryImageOfPage\":{\"@id\":\"https:\/\/www.bivillage.com\/pl\/twoj-wyjatkowy-dzien\/#primaryimage\"},\"image\":{\"@id\":\"https:\/\/www.bivillage.com\/pl\/twoj-wyjatkowy-dzien\/#primaryimage\"},\"thumbnailUrl\":\"https:\/\/www.bivillage.com\/wp-content\/uploads\/2022\/09\/special-day-bivillage-croazia-banner.jpg\",\"datePublished\":\"2024-01-25T09:40:11+00:00\",\"dateModified\":\"2024-11-12T15:46:25+00:00\",\"description\":\"W o\u015brodku BiVillage w Fazanie w Chorwacji sprawimy, \u017ce Tw\u00f3j wyj\u0105tkowy dzie\u0144 b\u0119dzie niezapomniany! Dowiedz si\u0119, co mo\u017cemy dla Ciebie zorganizowa\u0107|\",\"breadcrumb\":{\"@id\":\"https:\/\/www.bivillage.com\/pl\/twoj-wyjatkowy-dzien\/#breadcrumb\"},\"inLanguage\":\"pl-PL\",\"potentialAction\":[{\"@type\":\"ReadAction\",\"target\":[\"https:\/\/www.bivillage.com\/pl\/twoj-wyjatkowy-dzien\/\"]}]},{\"@type\":\"ImageObject\",\"inLanguage\":\"pl-PL\",\"@id\":\"https:\/\/www.bivillage.com\/pl\/twoj-wyjatkowy-dzien\/#primaryimage\",\"url\":\"https:\/\/www.bivillage.com\/wp-content\/uploads\/2022\/09\/special-day-bivillage-croazia-banner.jpg\",\"contentUrl\":\"https:\/\/www.bivillage.com\/wp-content\/uploads\/2022\/09\/special-day-bivillage-croazia-banner.jpg\",\"width\":1920,\"height\":1000},{\"@type\":\"BreadcrumbList\",\"@id\":\"https:\/\/www.bivillage.com\/pl\/twoj-wyjatkowy-dzien\/#breadcrumb\",\"itemListElement\":[{\"@type\":\"ListItem\",\"position\":1,\"name\":\"Home\",\"item\":\"https:\/\/www.bivillage.com\/pl\/\"},{\"@type\":\"ListItem\",\"position\":2,\"name\":\"Tw\u00f3j wyj\u0105tkowy dzie\u0144\"}]},{\"@type\":\"WebSite\",\"@id\":\"https:\/\/www.bivillage.com\/pl\/#website\",\"url\":\"https:\/\/www.bivillage.com\/pl\/\",\"name\":\"BiVillage\",\"description\":\"Fasana, ISTRIA\",\"publisher\":{\"@id\":\"https:\/\/www.bivillage.com\/pl\/#organization\"},\"potentialAction\":[{\"@type\":\"SearchAction\",\"target\":{\"@type\":\"EntryPoint\",\"urlTemplate\":\"https:\/\/www.bivillage.com\/pl\/?s={search_term_string}\"},\"query-input\":{\"@type\":\"PropertyValueSpecification\",\"valueRequired\":true,\"valueName\":\"search_term_string\"}}],\"inLanguage\":\"pl-PL\"},{\"@type\":\"Organization\",\"@id\":\"https:\/\/www.bivillage.com\/pl\/#organization\",\"name\":\"BiVillage\",\"alternateName\":\"bivillage\",\"url\":\"https:\/\/www.bivillage.com\/pl\/\",\"logo\":{\"@type\":\"ImageObject\",\"inLanguage\":\"pl-PL\",\"@id\":\"https:\/\/www.bivillage.com\/pl\/#\/schema\/logo\/image\/\",\"url\":\"https:\/\/www.bivillage.com\/wp-content\/uploads\/2022\/04\/logo-bivillage.png\",\"contentUrl\":\"https:\/\/www.bivillage.com\/wp-content\/uploads\/2022\/04\/logo-bivillage.png\",\"width\":973,\"height\":340,\"caption\":\"BiVillage\"},\"image\":{\"@id\":\"https:\/\/www.bivillage.com\/pl\/#\/schema\/logo\/image\/\"},\"sameAs\":[\"https:\/\/www.facebook.com\/BiVillageHolidayCenter\/\",\"https:\/\/www.instagram.com\/bivillage_holidayresort\/\",\"https:\/\/www.youtube.com\/channel\/UCu0whYLFWz1DQK-xiTLIuVw\",\"https:\/\/www.tiktok.com\/@bivillage\"]}]}<\/script>\n<!-- \/ Yoast SEO plugin. -->","yoast_head_json":{"title":"\u015awi\u0119tuj swoje urodziny na kempingu | Camping BiVillage","description":"W o\u015brodku BiVillage w Fazanie w Chorwacji sprawimy, \u017ce Tw\u00f3j wyj\u0105tkowy dzie\u0144 b\u0119dzie niezapomniany! Dowiedz si\u0119, co mo\u017cemy dla Ciebie zorganizowa\u0107|","robots":{"index":"index","follow":"follow","max-snippet":"max-snippet:-1","max-image-preview":"max-image-preview:large","max-video-preview":"max-video-preview:-1"},"canonical":"https:\/\/www.bivillage.com\/pl\/twoj-wyjatkowy-dzien\/","og_locale":"pl_PL","og_type":"article","og_title":"\u015awi\u0119tuj swoje urodziny na kempingu | Camping BiVillage","og_description":"W o\u015brodku BiVillage w Fazanie w Chorwacji sprawimy, \u017ce Tw\u00f3j wyj\u0105tkowy dzie\u0144 b\u0119dzie niezapomniany! Dowiedz si\u0119, co mo\u017cemy dla Ciebie zorganizowa\u0107|","og_url":"https:\/\/www.bivillage.com\/pl\/twoj-wyjatkowy-dzien\/","og_site_name":"BiVillage","article_publisher":"https:\/\/www.facebook.com\/BiVillageHolidayCenter\/","article_modified_time":"2024-11-12T15:46:25+00:00","og_image":[{"width":1920,"height":1000,"url":"https:\/\/www.bivillage.com\/wp-content\/uploads\/2022\/09\/special-day-bivillage-croazia-banner.jpg","type":"image\/jpeg"}],"twitter_card":"summary_large_image","twitter_misc":{"Szacowany czas czytania":"1 minuta"},"schema":{"@context":"https:\/\/schema.org","@graph":[{"@type":"WebPage","@id":"https:\/\/www.bivillage.com\/pl\/twoj-wyjatkowy-dzien\/","url":"https:\/\/www.bivillage.com\/pl\/twoj-wyjatkowy-dzien\/","name":"\u015awi\u0119tuj swoje urodziny na kempingu | Camping BiVillage","isPartOf":{"@id":"https:\/\/www.bivillage.com\/pl\/#website"},"primaryImageOfPage":{"@id":"https:\/\/www.bivillage.com\/pl\/twoj-wyjatkowy-dzien\/#primaryimage"},"image":{"@id":"https:\/\/www.bivillage.com\/pl\/twoj-wyjatkowy-dzien\/#primaryimage"},"thumbnailUrl":"https:\/\/www.bivillage.com\/wp-content\/uploads\/2022\/09\/special-day-bivillage-croazia-banner.jpg","datePublished":"2024-01-25T09:40:11+00:00","dateModified":"2024-11-12T15:46:25+00:00","description":"W o\u015brodku BiVillage w Fazanie w Chorwacji sprawimy, \u017ce Tw\u00f3j wyj\u0105tkowy dzie\u0144 b\u0119dzie niezapomniany! Dowiedz si\u0119, co mo\u017cemy dla Ciebie zorganizowa\u0107|","breadcrumb":{"@id":"https:\/\/www.bivillage.com\/pl\/twoj-wyjatkowy-dzien\/#breadcrumb"},"inLanguage":"pl-PL","potentialAction":[{"@type":"ReadAction","target":["https:\/\/www.bivillage.com\/pl\/twoj-wyjatkowy-dzien\/"]}]},{"@type":"ImageObject","inLanguage":"pl-PL","@id":"https:\/\/www.bivillage.com\/pl\/twoj-wyjatkowy-dzien\/#primaryimage","url":"https:\/\/www.bivillage.com\/wp-content\/uploads\/2022\/09\/special-day-bivillage-croazia-banner.jpg","contentUrl":"https:\/\/www.bivillage.com\/wp-content\/uploads\/2022\/09\/special-day-bivillage-croazia-banner.jpg","width":1920,"height":1000},{"@type":"BreadcrumbList","@id":"https:\/\/www.bivillage.com\/pl\/twoj-wyjatkowy-dzien\/#breadcrumb","itemListElement":[{"@type":"ListItem","position":1,"name":"Home","item":"https:\/\/www.bivillage.com\/pl\/"},{"@type":"ListItem","position":2,"name":"Tw\u00f3j wyj\u0105tkowy dzie\u0144"}]},{"@type":"WebSite","@id":"https:\/\/www.bivillage.com\/pl\/#website","url":"https:\/\/www.bivillage.com\/pl\/","name":"BiVillage","description":"Fasana, ISTRIA","publisher":{"@id":"https:\/\/www.bivillage.com\/pl\/#organization"},"potentialAction":[{"@type":"SearchAction","target":{"@type":"EntryPoint","urlTemplate":"https:\/\/www.bivillage.com\/pl\/?s={search_term_string}"},"query-input":{"@type":"PropertyValueSpecification","valueRequired":true,"valueName":"search_term_string"}}],"inLanguage":"pl-PL"},{"@type":"Organization","@id":"https:\/\/www.bivillage.com\/pl\/#organization","name":"BiVillage","alternateName":"bivillage","url":"https:\/\/www.bivillage.com\/pl\/","logo":{"@type":"ImageObject","inLanguage":"pl-PL","@id":"https:\/\/www.bivillage.com\/pl\/#\/schema\/logo\/image\/","url":"https:\/\/www.bivillage.com\/wp-content\/uploads\/2022\/04\/logo-bivillage.png","contentUrl":"https:\/\/www.bivillage.com\/wp-content\/uploads\/2022\/04\/logo-bivillage.png","width":973,"height":340,"caption":"BiVillage"},"image":{"@id":"https:\/\/www.bivillage.com\/pl\/#\/schema\/logo\/image\/"},"sameAs":["https:\/\/www.facebook.com\/BiVillageHolidayCenter\/","https:\/\/www.instagram.com\/bivillage_holidayresort\/","https:\/\/www.youtube.com\/channel\/UCu0whYLFWz1DQK-xiTLIuVw","https:\/\/www.tiktok.com\/@bivillage"]}]}},"coauthors":[],"author_meta":{"author_link":"https:\/\/www.bivillage.com\/pl\/news\/author\/admin\/","display_name":"admin"},"relative_dates":{"created":"Posted 2 lata ago","modified":"Updated 1 rok ago"},"absolute_dates":{"created":"Posted on 25 stycznia, 2024","modified":"Updated on 12 listopada, 2024"},"absolute_dates_time":{"created":"Posted on 25 stycznia, 2024 10:40 am","modified":"Updated on 12 listopada, 2024 4:46 pm"},"featured_img_caption":"","featured_img":"https:\/\/www.bivillage.com\/wp-content\/uploads\/2022\/09\/special-day-bivillage-croazia-banner-1568x817.jpg","series_order":"","_links":{"self":[{"href":"https:\/\/www.bivillage.com\/pl\/wp-json\/wp\/v2\/pages\/18920","targetHints":{"allow":["GET"]}}],"collection":[{"href":"https:\/\/www.bivillage.com\/pl\/wp-json\/wp\/v2\/pages"}],"about":[{"href":"https:\/\/www.bivillage.com\/pl\/wp-json\/wp\/v2\/types\/page"}],"author":[{"embeddable":true,"href":"https:\/\/www.bivillage.com\/pl\/wp-json\/wp\/v2\/users\/1"}],"replies":[{"embeddable":true,"href":"https:\/\/www.bivillage.com\/pl\/wp-json\/wp\/v2\/comments?post=18920"}],"version-history":[{"count":0,"href":"https:\/\/www.bivillage.com\/pl\/wp-json\/wp\/v2\/pages\/18920\/revisions"}],"wp:featuredmedia":[{"embeddable":true,"href":"https:\/\/www.bivillage.com\/pl\/wp-json\/wp\/v2\/media\/18921"}],"wp:attachment":[{"href":"https:\/\/www.bivillage.com\/pl\/wp-json\/wp\/v2\/media?parent=18920"}],"curies":[{"name":"wp","href":"https:\/\/api.w.org\/{rel}","templated":true}]}}