{"id":18893,"date":"2024-01-25T10:40:07","date_gmt":"2024-01-25T09:40:07","guid":{"rendered":"https:\/\/www.bivillage.com\/kajak\/"},"modified":"2024-02-15T17:37:15","modified_gmt":"2024-02-15T16:37:15","slug":"kajak","status":"publish","type":"page","link":"https:\/\/www.bivillage.com\/pl\/kajak\/","title":{"rendered":"Kajak"},"content":{"rendered":"<div  class=\"grids-section row-elenchi grids-is-advanced alignfull\" style=\"--_gs-gap-desktop:0px 0px;--_gs-m-desktop:0 0 0 0;--_gs-p-desktop:0 0 0 0;--_gs-bg-desktop:transparent none;--_gs-bg-xp-desktop:0px;--_gs-zi-desktop:auto;--_gs-d-desktop:block;--_gs-mw-desktop:calc(100% - 0 - 0);--_gs-gap-tablet:0px 0px;--_gs-m-tablet:0 0 0 0;--_gs-p-tablet:0 0 0 0;--_gs-bg-tablet:transparent none;--_gs-bg-xp-tablet:0px;--_gs-zi-tablet:auto;--_gs-d-tablet:block;--_gs-mw-tablet:calc(100% - 0 - 0);--_gs-gap-mobile:0px 0px;--_gs-m-mobile:0 0 0 0;--_gs-p-mobile:0 0 0 0;--_gs-bg-mobile:transparent none;--_gs-bg-xp-mobile:0px;--_gs-zi-mobile:auto;--_gs-d-mobile:block;--_gs-mw-mobile:calc(100% - 0 - 0);--_gs-columns:12;--_gs-rows:6\"><div class=\"grids-s-w_i\">\n<div class=\"grids-area\" style=\"--_ga-column:2\/12;--_ga-row:1\/3;--_ga-m-desktop:0 0 0 0;--_ga-p-desktop:0 0 0 0;--_ga-bg-desktop:transparent none;--_ga-zi-desktop:auto;--_ga-d-desktop:flex;--_ga-mw-desktop:calc(100% - 0 - 0);--_ga-m-tablet:0 0 0 0;--_ga-p-tablet:0 0 0 0;--_ga-bg-tablet:transparent none;--_ga-zi-tablet:auto;--_ga-d-tablet:flex;--_ga-mw-tablet:calc(100% - 0 - 0);--_ga-m-mobile:0 0 0 0;--_ga-p-mobile:0 0 0 0;--_ga-bg-mobile:transparent none;--_ga-zi-mobile:auto;--_ga-d-mobile:flex;--_ga-mw-mobile:calc(100% - 0 - 0)\">\n\n<h2 class=\"has-text-align-center wp-block-heading\">Mi\u0142ej zabawy podczas odkrywania morskich atrakcji w Fa\u017eanie<\/h2>\n\n\n\n<p>Gor\u0105cy dzie\u0144? Nie ma problemu, w Camping Resort BiVillage w Fa\u017eana mo\u017cesz cieszy\u0107 si\u0119 krystalicznie czystym morzem i orze\u017awiaj\u0105c\u0105 wod\u0105 podczas wycieczki <strong>kajakiem<\/strong>!<br\/>Kajakarstwo to idealny spos\u00f3b na poznanie morza i odkrycie magicznych miejsc, do kt\u00f3rych mo\u017cna dotrze\u0107 tylko wios\u0142uj\u0105c: wszystko to jest mo\u017cliwe w BiVillage dzi\u0119ki wypo\u017cyczalni kajak\u00f3w!<\/p>\n\n<\/div>\n<\/div><\/div>\t<div class=\"slider-novita-container-wrapper\" id=\"swiperSliderNovita1\">\n\t\t<div class=\"swiper-wrapper\">\n\t\t\t\t\t\t\t\t\t\t\t<div class=\"single-slide-novita swiper-slide\">\n\t\t\t\t\t<div class=\"single-slider-novita-image\">\n\t\t\t\t\t\t\n\t\t\t\t\t\t<figure class=\"full-width\" style=\"background-color: #8b99a5;\">\n\t\t\t\t\t\t\t<img decoding=\"async\" src=\"https:\/\/www.bivillage.com\/wp-content\/uploads\/2022\/09\/kayak-bivillage-croazia-01.jpg\" width=\"1800\" height=\"1200\" \/>\n\t\t\t\t\t\t<\/figure>\n\t\t\t\t\t<\/div>\n\t\t\t\t\t<div class=\"single-slider-novita-background\"><\/div>\n\t\t\t\t\t<div class=\"single-slider-novita-content\">\n\t\t\t\t\t\t<h3>WODNA ROZRYWKA<\/h3>\n<h2>Podziwiaj widoki<\/h2>\n<p>Dzi\u0119ki naszym <strong>pojedynczym lub podw\u00f3jnym kajakom<\/strong> mo\u017cesz wypoczywa\u0107 aktywnie z ca\u0142\u0105 swoj\u0105 rodzin\u0119.<\/p>\n<p>Przyjd\u017a i wypr\u00f3buj t\u0119 aktywno\u015b\u0107 i <strong>delektuj si\u0119 cisz\u0105 i spokojem b\u0142\u0119kitnego<\/strong> morza!<\/p>\n\t\t\t\t\t<\/div>\n\t\t\t\t<\/div>\n\t\t\t\t\n\t\t\t\t\t<\/div>\n\t\t<div class=\"swiper-pagination\"><\/div>\n\t<\/div>\n\n\t\n\n<div  class=\"grids-section row-elenchi grids-is-advanced alignfull\" style=\"--_gs-gap-desktop:0px 0px;--_gs-m-desktop:0 0 0 0;--_gs-p-desktop:0 0 0 0;--_gs-bg-desktop:transparent none;--_gs-bg-xp-desktop:0px;--_gs-zi-desktop:auto;--_gs-d-desktop:block;--_gs-mw-desktop:calc(100% - 0 - 0);--_gs-gap-tablet:0px 0px;--_gs-m-tablet:0 0 0 0;--_gs-p-tablet:0 0 0 0;--_gs-bg-tablet:transparent none;--_gs-bg-xp-tablet:0px;--_gs-zi-tablet:auto;--_gs-d-tablet:block;--_gs-mw-tablet:calc(100% - 0 - 0);--_gs-gap-mobile:0px 0px;--_gs-m-mobile:0 0 0 0;--_gs-p-mobile:0 0 0 0;--_gs-bg-mobile:transparent none;--_gs-bg-xp-mobile:0px;--_gs-zi-mobile:auto;--_gs-d-mobile:block;--_gs-mw-mobile:calc(100% - 0 - 0);--_gs-columns:12;--_gs-rows:6\"><div class=\"grids-s-w_i\">\n<div class=\"grids-area\" style=\"--_ga-column:2\/12;--_ga-row:1\/3;--_ga-m-desktop:0 0 0 0;--_ga-p-desktop:0 0 0 0;--_ga-bg-desktop:transparent none;--_ga-zi-desktop:auto;--_ga-d-desktop:flex;--_ga-mw-desktop:calc(100% - 0 - 0);--_ga-m-tablet:0 0 0 0;--_ga-p-tablet:0 0 0 0;--_ga-bg-tablet:transparent none;--_ga-zi-tablet:auto;--_ga-d-tablet:flex;--_ga-mw-tablet:calc(100% - 0 - 0);--_ga-m-mobile:0 0 0 0;--_ga-p-mobile:0 0 0 0;--_ga-bg-mobile:transparent none;--_ga-zi-mobile:auto;--_ga-d-mobile:flex;--_ga-mw-mobile:calc(100% - 0 - 0)\">\n\n<h2 class=\"has-text-align-center wp-block-heading\">Poczuj dreszczyk emocji lataj\u0105c nad wod\u0105<\/h2>\n\n\n\n<p>Przy tak b\u0142\u0119kitnym i przejrzystym morzu nie mo\u017cna nie spr\u00f3bowa\u0107 windsurfingu i nurkowania!<\/p>\n\n\n\n<p>Na pla\u017cy przy o\u015brodku do dyspozycji <strong>Go\u015bci jest szko\u0142a windsurfingu i centrum nurkowe Caretta<\/strong>. Wynajmij najlepszy sprz\u0119t: odkryj nasze morze ju\u017c dzi\u015b!<\/p>\n\n\n\n<div class=\"wp-block-buttons is-layout-flex wp-block-buttons-is-layout-flex\">\n<div class=\"wp-block-button aligncenter advgb-dyn-31707cb2\"><a class=\"wp-block-button__link wp-element-button\">ODKRYJ WI\u0118CEJ<\/a><\/div>\n<\/div>\n\n<\/div>\n<\/div><\/div>\n<div id=\"residence\" class=\"wp-block-group advgb-dyn-64c86a1e\"><div class=\"wp-block-group__inner-container is-layout-flow wp-block-group-is-layout-flow\">\n    <div class=\"custom-gallery-wrapper custom-gallery-wrapper-column-4 custom-gallery-grid\" style=\"--gallery-columns: 4;\">\n        \n        \n                            \n            <figure class=\"full-width gallery-wrapper-image gallery-wrapper-image-0\" onclick=\"showHideFotorama('custom-gallery_1', 0);\" style=\"background-color: #7d868a;\">\n                                                    <img decoding=\"async\" class=\"gallery-wrapper-image-small\" src=\"https:\/\/www.bivillage.com\/wp-content\/uploads\/2022\/09\/kayak-bivillage-croazia-02.jpg\" alt=\"\" title=\"kayak bivillage croazia 02\" \/>\n                            <\/figure>\n\n                                \n            <figure class=\"full-width gallery-wrapper-image gallery-wrapper-image-1\" onclick=\"showHideFotorama('custom-gallery_1', 1);\" style=\"background-color: #939790;\">\n                                                    <img decoding=\"async\" class=\"gallery-wrapper-image-small\" src=\"https:\/\/www.bivillage.com\/wp-content\/uploads\/2022\/09\/kayak-bivillage-croazia-03.jpg\" alt=\"\" title=\"kayak bivillage croazia 03\" \/>\n                            <\/figure>\n\n                                \n            <figure class=\"full-width gallery-wrapper-image gallery-wrapper-image-2\" onclick=\"showHideFotorama('custom-gallery_1', 2);\" style=\"background-color: #8fa7b9;\">\n                                                    <img decoding=\"async\" class=\"gallery-wrapper-image-small\" src=\"https:\/\/www.bivillage.com\/wp-content\/uploads\/2022\/09\/kayak-bivillage-croazia-04.jpg\" alt=\"\" title=\"kayak bivillage croazia 04\" \/>\n                            <\/figure>\n\n                                \n            <figure class=\"full-width gallery-wrapper-image gallery-wrapper-image-3\" onclick=\"showHideFotorama('custom-gallery_1', 3);\" style=\"background-color: #98b2c0;\">\n                                                    <img decoding=\"async\" class=\"gallery-wrapper-image-small\" src=\"https:\/\/www.bivillage.com\/wp-content\/uploads\/2022\/09\/kayak-bivillage-croazia-05.jpg\" alt=\"\" title=\"kayak bivillage croazia 05\" \/>\n                            <\/figure>\n\n                                \n            <figure class=\"full-width gallery-wrapper-image gallery-wrapper-image-4\" onclick=\"showHideFotorama('custom-gallery_1', 4);\" style=\"background-color: #93aab6;\">\n                                                    <img decoding=\"async\" class=\"gallery-wrapper-image-small\" src=\"https:\/\/www.bivillage.com\/wp-content\/uploads\/2022\/09\/kayak-bivillage-croazia-06.jpg\" alt=\"\" title=\"kayak bivillage croazia 06\" \/>\n                            <\/figure>\n\n                                \n            <figure class=\"full-width gallery-wrapper-image gallery-wrapper-image-5\" onclick=\"showHideFotorama('custom-gallery_1', 5);\" style=\"background-color: #89969c;\">\n                                                    <img decoding=\"async\" class=\"gallery-wrapper-image-small\" src=\"https:\/\/www.bivillage.com\/wp-content\/uploads\/2022\/09\/kayak-bivillage-croazia-07.jpg\" alt=\"\" title=\"kayak bivillage croazia 07\" \/>\n                            <\/figure>\n\n                                \n            <figure class=\"full-width gallery-wrapper-image gallery-wrapper-image-6\" onclick=\"showHideFotorama('custom-gallery_1', 6);\" style=\"background-color: #abbbc8;\">\n                                                    <img decoding=\"async\" class=\"gallery-wrapper-image-small\" src=\"https:\/\/www.bivillage.com\/wp-content\/uploads\/2022\/09\/kayak-bivillage-croazia-08.jpg\" alt=\"\" title=\"kayak bivillage croazia 08\" \/>\n                            <\/figure>\n\n                                \n            <figure class=\"full-width gallery-wrapper-image gallery-wrapper-image-7\" onclick=\"showHideFotorama('custom-gallery_1', 7);\" style=\"background-color: #99a9ad;\">\n                                                    <img decoding=\"async\" class=\"gallery-wrapper-image-small\" src=\"https:\/\/www.bivillage.com\/wp-content\/uploads\/2022\/09\/kayak-bivillage-croazia-09.jpg\" alt=\"\" title=\"kayak bivillage croazia 09\" \/>\n                            <\/figure>\n\n                        <\/div>\n\n    <div style=\"width:1px;height:1px;position:absolute;\" name=\"fotorama\" id=\"custom-gallery_1\" class=\"fotorama\" data-width=\"100%\"  data-nav=\"thumbs\"  data-allowfullscreen=\"true\" >\n                            <img decoding=\"async\" src=\"https:\/\/www.bivillage.com\/wp-content\/uploads\/2022\/09\/kayak-bivillage-croazia-02.jpg\" class=\"attachment-full skip-lazy\" data-caption=\"1\" \/>\n                                    <img decoding=\"async\" src=\"https:\/\/www.bivillage.com\/wp-content\/uploads\/2022\/09\/kayak-bivillage-croazia-03.jpg\" class=\"attachment-full skip-lazy\" data-caption=\"2\" \/>\n                                    <img decoding=\"async\" src=\"https:\/\/www.bivillage.com\/wp-content\/uploads\/2022\/09\/kayak-bivillage-croazia-04.jpg\" class=\"attachment-full skip-lazy\" data-caption=\"3\" \/>\n                                    <img decoding=\"async\" src=\"https:\/\/www.bivillage.com\/wp-content\/uploads\/2022\/09\/kayak-bivillage-croazia-05.jpg\" class=\"attachment-full skip-lazy\" data-caption=\"4\" \/>\n                                    <img decoding=\"async\" src=\"https:\/\/www.bivillage.com\/wp-content\/uploads\/2022\/09\/kayak-bivillage-croazia-06.jpg\" class=\"attachment-full skip-lazy\" data-caption=\"5\" \/>\n                                    <img decoding=\"async\" src=\"https:\/\/www.bivillage.com\/wp-content\/uploads\/2022\/09\/kayak-bivillage-croazia-07.jpg\" class=\"attachment-full skip-lazy\" data-caption=\"6\" \/>\n                                    <img decoding=\"async\" src=\"https:\/\/www.bivillage.com\/wp-content\/uploads\/2022\/09\/kayak-bivillage-croazia-08.jpg\" class=\"attachment-full skip-lazy\" data-caption=\"7\" \/>\n                                    <img decoding=\"async\" src=\"https:\/\/www.bivillage.com\/wp-content\/uploads\/2022\/09\/kayak-bivillage-croazia-09.jpg\" class=\"attachment-full skip-lazy\" data-caption=\"8\" \/>\n                    <\/div>\n\n\n<\/div><\/div>\n","protected":false},"excerpt":{"rendered":"","protected":false},"author":1,"featured_media":18894,"parent":0,"menu_order":0,"comment_status":"closed","ping_status":"closed","template":"","meta":{"_acf_changed":false,"advgb_blocks_editor_width":"","advgb_blocks_columns_visual_guide":"","footnotes":""},"class_list":["post-18893","page","type-page","status-publish","has-post-thumbnail","hentry","entry"],"acf":[],"yoast_head":"<!-- This site is optimized with the Yoast SEO plugin v26.0 - https:\/\/yoast.com\/wordpress\/plugins\/seo\/ -->\n<title>O\u015brodek z wypo\u017cyczalni\u0105 kajak\u00f3w oraz kursami | O\u015brodek wypoczynkowy BiVillage<\/title>\n<meta name=\"description\" content=\"Na kempingu BiVillage w Fa\u017eanie mo\u017cesz cieszy\u0107 si\u0119 krystalicznie czystym morzem i s\u0142odk\u0105 wod\u0105 podczas p\u0142ywania kajakiem!\" \/>\n<meta name=\"robots\" content=\"index, follow, max-snippet:-1, max-image-preview:large, max-video-preview:-1\" \/>\n<link rel=\"canonical\" href=\"https:\/\/www.bivillage.com\/pl\/kajak\/\" \/>\n<meta property=\"og:locale\" content=\"pl_PL\" \/>\n<meta property=\"og:type\" content=\"article\" \/>\n<meta property=\"og:title\" content=\"O\u015brodek z wypo\u017cyczalni\u0105 kajak\u00f3w oraz kursami | O\u015brodek wypoczynkowy BiVillage\" \/>\n<meta property=\"og:description\" content=\"Na kempingu BiVillage w Fa\u017eanie mo\u017cesz cieszy\u0107 si\u0119 krystalicznie czystym morzem i s\u0142odk\u0105 wod\u0105 podczas p\u0142ywania kajakiem!\" \/>\n<meta property=\"og:url\" content=\"https:\/\/www.bivillage.com\/pl\/kajak\/\" \/>\n<meta property=\"og:site_name\" content=\"BiVillage\" \/>\n<meta property=\"article:publisher\" content=\"https:\/\/www.facebook.com\/BiVillageHolidayCenter\/\" \/>\n<meta property=\"article:modified_time\" content=\"2024-02-15T16:37:15+00:00\" \/>\n<meta property=\"og:image\" content=\"https:\/\/www.bivillage.com\/wp-content\/uploads\/2022\/09\/kayak-bivillage-croazia-banner.jpg\" \/>\n\t<meta property=\"og:image:width\" content=\"1920\" \/>\n\t<meta property=\"og:image:height\" content=\"1000\" \/>\n\t<meta property=\"og:image:type\" content=\"image\/jpeg\" \/>\n<meta name=\"twitter:card\" content=\"summary_large_image\" \/>\n<meta name=\"twitter:label1\" content=\"Szacowany czas czytania\" \/>\n\t<meta name=\"twitter:data1\" content=\"1 minuta\" \/>\n<script type=\"application\/ld+json\" class=\"yoast-schema-graph\">{\"@context\":\"https:\/\/schema.org\",\"@graph\":[{\"@type\":\"WebPage\",\"@id\":\"https:\/\/www.bivillage.com\/pl\/kajak\/\",\"url\":\"https:\/\/www.bivillage.com\/pl\/kajak\/\",\"name\":\"O\u015brodek z wypo\u017cyczalni\u0105 kajak\u00f3w oraz kursami | O\u015brodek wypoczynkowy BiVillage\",\"isPartOf\":{\"@id\":\"https:\/\/www.bivillage.com\/pl\/#website\"},\"primaryImageOfPage\":{\"@id\":\"https:\/\/www.bivillage.com\/pl\/kajak\/#primaryimage\"},\"image\":{\"@id\":\"https:\/\/www.bivillage.com\/pl\/kajak\/#primaryimage\"},\"thumbnailUrl\":\"https:\/\/www.bivillage.com\/wp-content\/uploads\/2022\/09\/kayak-bivillage-croazia-banner.jpg\",\"datePublished\":\"2024-01-25T09:40:07+00:00\",\"dateModified\":\"2024-02-15T16:37:15+00:00\",\"description\":\"Na kempingu BiVillage w Fa\u017eanie mo\u017cesz cieszy\u0107 si\u0119 krystalicznie czystym morzem i s\u0142odk\u0105 wod\u0105 podczas p\u0142ywania kajakiem!\",\"breadcrumb\":{\"@id\":\"https:\/\/www.bivillage.com\/pl\/kajak\/#breadcrumb\"},\"inLanguage\":\"pl-PL\",\"potentialAction\":[{\"@type\":\"ReadAction\",\"target\":[\"https:\/\/www.bivillage.com\/pl\/kajak\/\"]}]},{\"@type\":\"ImageObject\",\"inLanguage\":\"pl-PL\",\"@id\":\"https:\/\/www.bivillage.com\/pl\/kajak\/#primaryimage\",\"url\":\"https:\/\/www.bivillage.com\/wp-content\/uploads\/2022\/09\/kayak-bivillage-croazia-banner.jpg\",\"contentUrl\":\"https:\/\/www.bivillage.com\/wp-content\/uploads\/2022\/09\/kayak-bivillage-croazia-banner.jpg\",\"width\":1920,\"height\":1000},{\"@type\":\"BreadcrumbList\",\"@id\":\"https:\/\/www.bivillage.com\/pl\/kajak\/#breadcrumb\",\"itemListElement\":[{\"@type\":\"ListItem\",\"position\":1,\"name\":\"Home\",\"item\":\"https:\/\/www.bivillage.com\/pl\/\"},{\"@type\":\"ListItem\",\"position\":2,\"name\":\"Kajak\"}]},{\"@type\":\"WebSite\",\"@id\":\"https:\/\/www.bivillage.com\/pl\/#website\",\"url\":\"https:\/\/www.bivillage.com\/pl\/\",\"name\":\"BiVillage\",\"description\":\"Fasana, ISTRIA\",\"publisher\":{\"@id\":\"https:\/\/www.bivillage.com\/pl\/#organization\"},\"potentialAction\":[{\"@type\":\"SearchAction\",\"target\":{\"@type\":\"EntryPoint\",\"urlTemplate\":\"https:\/\/www.bivillage.com\/pl\/?s={search_term_string}\"},\"query-input\":{\"@type\":\"PropertyValueSpecification\",\"valueRequired\":true,\"valueName\":\"search_term_string\"}}],\"inLanguage\":\"pl-PL\"},{\"@type\":\"Organization\",\"@id\":\"https:\/\/www.bivillage.com\/pl\/#organization\",\"name\":\"BiVillage\",\"alternateName\":\"bivillage\",\"url\":\"https:\/\/www.bivillage.com\/pl\/\",\"logo\":{\"@type\":\"ImageObject\",\"inLanguage\":\"pl-PL\",\"@id\":\"https:\/\/www.bivillage.com\/pl\/#\/schema\/logo\/image\/\",\"url\":\"https:\/\/www.bivillage.com\/wp-content\/uploads\/2022\/04\/logo-bivillage.png\",\"contentUrl\":\"https:\/\/www.bivillage.com\/wp-content\/uploads\/2022\/04\/logo-bivillage.png\",\"width\":973,\"height\":340,\"caption\":\"BiVillage\"},\"image\":{\"@id\":\"https:\/\/www.bivillage.com\/pl\/#\/schema\/logo\/image\/\"},\"sameAs\":[\"https:\/\/www.facebook.com\/BiVillageHolidayCenter\/\",\"https:\/\/www.instagram.com\/bivillage_holidayresort\/\",\"https:\/\/www.youtube.com\/channel\/UCu0whYLFWz1DQK-xiTLIuVw\",\"https:\/\/www.tiktok.com\/@bivillage\"]}]}<\/script>\n<!-- \/ Yoast SEO plugin. -->","yoast_head_json":{"title":"O\u015brodek z wypo\u017cyczalni\u0105 kajak\u00f3w oraz kursami | O\u015brodek wypoczynkowy BiVillage","description":"Na kempingu BiVillage w Fa\u017eanie mo\u017cesz cieszy\u0107 si\u0119 krystalicznie czystym morzem i s\u0142odk\u0105 wod\u0105 podczas p\u0142ywania kajakiem!","robots":{"index":"index","follow":"follow","max-snippet":"max-snippet:-1","max-image-preview":"max-image-preview:large","max-video-preview":"max-video-preview:-1"},"canonical":"https:\/\/www.bivillage.com\/pl\/kajak\/","og_locale":"pl_PL","og_type":"article","og_title":"O\u015brodek z wypo\u017cyczalni\u0105 kajak\u00f3w oraz kursami | O\u015brodek wypoczynkowy BiVillage","og_description":"Na kempingu BiVillage w Fa\u017eanie mo\u017cesz cieszy\u0107 si\u0119 krystalicznie czystym morzem i s\u0142odk\u0105 wod\u0105 podczas p\u0142ywania kajakiem!","og_url":"https:\/\/www.bivillage.com\/pl\/kajak\/","og_site_name":"BiVillage","article_publisher":"https:\/\/www.facebook.com\/BiVillageHolidayCenter\/","article_modified_time":"2024-02-15T16:37:15+00:00","og_image":[{"width":1920,"height":1000,"url":"https:\/\/www.bivillage.com\/wp-content\/uploads\/2022\/09\/kayak-bivillage-croazia-banner.jpg","type":"image\/jpeg"}],"twitter_card":"summary_large_image","twitter_misc":{"Szacowany czas czytania":"1 minuta"},"schema":{"@context":"https:\/\/schema.org","@graph":[{"@type":"WebPage","@id":"https:\/\/www.bivillage.com\/pl\/kajak\/","url":"https:\/\/www.bivillage.com\/pl\/kajak\/","name":"O\u015brodek z wypo\u017cyczalni\u0105 kajak\u00f3w oraz kursami | O\u015brodek wypoczynkowy BiVillage","isPartOf":{"@id":"https:\/\/www.bivillage.com\/pl\/#website"},"primaryImageOfPage":{"@id":"https:\/\/www.bivillage.com\/pl\/kajak\/#primaryimage"},"image":{"@id":"https:\/\/www.bivillage.com\/pl\/kajak\/#primaryimage"},"thumbnailUrl":"https:\/\/www.bivillage.com\/wp-content\/uploads\/2022\/09\/kayak-bivillage-croazia-banner.jpg","datePublished":"2024-01-25T09:40:07+00:00","dateModified":"2024-02-15T16:37:15+00:00","description":"Na kempingu BiVillage w Fa\u017eanie mo\u017cesz cieszy\u0107 si\u0119 krystalicznie czystym morzem i s\u0142odk\u0105 wod\u0105 podczas p\u0142ywania kajakiem!","breadcrumb":{"@id":"https:\/\/www.bivillage.com\/pl\/kajak\/#breadcrumb"},"inLanguage":"pl-PL","potentialAction":[{"@type":"ReadAction","target":["https:\/\/www.bivillage.com\/pl\/kajak\/"]}]},{"@type":"ImageObject","inLanguage":"pl-PL","@id":"https:\/\/www.bivillage.com\/pl\/kajak\/#primaryimage","url":"https:\/\/www.bivillage.com\/wp-content\/uploads\/2022\/09\/kayak-bivillage-croazia-banner.jpg","contentUrl":"https:\/\/www.bivillage.com\/wp-content\/uploads\/2022\/09\/kayak-bivillage-croazia-banner.jpg","width":1920,"height":1000},{"@type":"BreadcrumbList","@id":"https:\/\/www.bivillage.com\/pl\/kajak\/#breadcrumb","itemListElement":[{"@type":"ListItem","position":1,"name":"Home","item":"https:\/\/www.bivillage.com\/pl\/"},{"@type":"ListItem","position":2,"name":"Kajak"}]},{"@type":"WebSite","@id":"https:\/\/www.bivillage.com\/pl\/#website","url":"https:\/\/www.bivillage.com\/pl\/","name":"BiVillage","description":"Fasana, ISTRIA","publisher":{"@id":"https:\/\/www.bivillage.com\/pl\/#organization"},"potentialAction":[{"@type":"SearchAction","target":{"@type":"EntryPoint","urlTemplate":"https:\/\/www.bivillage.com\/pl\/?s={search_term_string}"},"query-input":{"@type":"PropertyValueSpecification","valueRequired":true,"valueName":"search_term_string"}}],"inLanguage":"pl-PL"},{"@type":"Organization","@id":"https:\/\/www.bivillage.com\/pl\/#organization","name":"BiVillage","alternateName":"bivillage","url":"https:\/\/www.bivillage.com\/pl\/","logo":{"@type":"ImageObject","inLanguage":"pl-PL","@id":"https:\/\/www.bivillage.com\/pl\/#\/schema\/logo\/image\/","url":"https:\/\/www.bivillage.com\/wp-content\/uploads\/2022\/04\/logo-bivillage.png","contentUrl":"https:\/\/www.bivillage.com\/wp-content\/uploads\/2022\/04\/logo-bivillage.png","width":973,"height":340,"caption":"BiVillage"},"image":{"@id":"https:\/\/www.bivillage.com\/pl\/#\/schema\/logo\/image\/"},"sameAs":["https:\/\/www.facebook.com\/BiVillageHolidayCenter\/","https:\/\/www.instagram.com\/bivillage_holidayresort\/","https:\/\/www.youtube.com\/channel\/UCu0whYLFWz1DQK-xiTLIuVw","https:\/\/www.tiktok.com\/@bivillage"]}]}},"coauthors":[],"author_meta":{"author_link":"https:\/\/www.bivillage.com\/pl\/news\/author\/admin\/","display_name":"admin"},"relative_dates":{"created":"Posted 2 lata ago","modified":"Updated 2 lata ago"},"absolute_dates":{"created":"Posted on 25 stycznia, 2024","modified":"Updated on 15 lutego, 2024"},"absolute_dates_time":{"created":"Posted on 25 stycznia, 2024 10:40 am","modified":"Updated on 15 lutego, 2024 5:37 pm"},"featured_img_caption":"","featured_img":"https:\/\/www.bivillage.com\/wp-content\/uploads\/2022\/09\/kayak-bivillage-croazia-banner-1568x817.jpg","series_order":"","_links":{"self":[{"href":"https:\/\/www.bivillage.com\/pl\/wp-json\/wp\/v2\/pages\/18893","targetHints":{"allow":["GET"]}}],"collection":[{"href":"https:\/\/www.bivillage.com\/pl\/wp-json\/wp\/v2\/pages"}],"about":[{"href":"https:\/\/www.bivillage.com\/pl\/wp-json\/wp\/v2\/types\/page"}],"author":[{"embeddable":true,"href":"https:\/\/www.bivillage.com\/pl\/wp-json\/wp\/v2\/users\/1"}],"replies":[{"embeddable":true,"href":"https:\/\/www.bivillage.com\/pl\/wp-json\/wp\/v2\/comments?post=18893"}],"version-history":[{"count":0,"href":"https:\/\/www.bivillage.com\/pl\/wp-json\/wp\/v2\/pages\/18893\/revisions"}],"wp:featuredmedia":[{"embeddable":true,"href":"https:\/\/www.bivillage.com\/pl\/wp-json\/wp\/v2\/media\/18894"}],"wp:attachment":[{"href":"https:\/\/www.bivillage.com\/pl\/wp-json\/wp\/v2\/media?parent=18893"}],"curies":[{"name":"wp","href":"https:\/\/api.w.org\/{rel}","templated":true}]}}