{"id":18791,"date":"2024-01-25T10:39:26","date_gmt":"2024-01-25T09:39:26","guid":{"rendered":"https:\/\/www.bivillage.com\/korty-tenisowe\/"},"modified":"2024-02-17T17:09:18","modified_gmt":"2024-02-17T16:09:18","slug":"korty-tenisowe","status":"publish","type":"page","link":"https:\/\/www.bivillage.com\/pl\/korty-tenisowe\/","title":{"rendered":"Korty tenisowe"},"content":{"rendered":"<div  class=\"grids-section row-elenchi grids-is-advanced alignfull\" style=\"--_gs-gap-desktop:0px 0px;--_gs-m-desktop:0 0 0 0;--_gs-p-desktop:0 0 0 0;--_gs-bg-desktop:transparent none;--_gs-bg-xp-desktop:0px;--_gs-zi-desktop:auto;--_gs-d-desktop:block;--_gs-mw-desktop:calc(100% - 0 - 0);--_gs-gap-tablet:0px 0px;--_gs-m-tablet:0 0 0 0;--_gs-p-tablet:0 0 0 0;--_gs-bg-tablet:transparent none;--_gs-bg-xp-tablet:0px;--_gs-zi-tablet:auto;--_gs-d-tablet:block;--_gs-mw-tablet:calc(100% - 0 - 0);--_gs-gap-mobile:0px 0px;--_gs-m-mobile:0 0 0 0;--_gs-p-mobile:0 0 0 0;--_gs-bg-mobile:transparent none;--_gs-bg-xp-mobile:0px;--_gs-zi-mobile:auto;--_gs-d-mobile:block;--_gs-mw-mobile:calc(100% - 0 - 0);--_gs-columns:12;--_gs-rows:6\"><div class=\"grids-s-w_i\">\n<div class=\"grids-area\" style=\"--_ga-column:2\/12;--_ga-row:1\/3;--_ga-m-desktop:0 0 0 0;--_ga-p-desktop:0 0 0 0;--_ga-bg-desktop:transparent none;--_ga-zi-desktop:auto;--_ga-d-desktop:flex;--_ga-mw-desktop:calc(100% - 0 - 0);--_ga-m-tablet:0 0 0 0;--_ga-p-tablet:0 0 0 0;--_ga-bg-tablet:transparent none;--_ga-zi-tablet:auto;--_ga-d-tablet:flex;--_ga-mw-tablet:calc(100% - 0 - 0);--_ga-m-mobile:0 0 0 0;--_ga-p-mobile:0 0 0 0;--_ga-bg-mobile:transparent none;--_ga-zi-mobile:auto;--_ga-d-mobile:flex;--_ga-mw-mobile:calc(100% - 0 - 0)\">\n\n<h2 class=\"has-text-align-center wp-block-heading\">Z rakiet\u0105&#8230; nawet na wakacjach<\/h2>\n\n\n\n<p>Gra zaledwie kilka metr\u00f3w od morza jest niesamowitym prze\u017cyciem i m.in. za to <strong>entuzja\u015bci tenisa<\/strong> uwielbiaj\u0105 Camping Resort BiVillage! Dzi\u0119ki dost\u0119pno\u015bci <strong>2 kort\u00f3w<\/strong>, b\u0119dziesz m\u00f3g\u0142 trenowa\u0107 nawet podczas wakacji, mierz\u0105c si\u0119 z przyjaci\u00f3\u0142mi lub innymi go\u015b\u0107mi kochaj\u0105cymi tenis ziemny!<\/p>\n\n<\/div>\n<\/div><\/div><div  class=\"grids-section row-information grids-is-advanced alignfull\" style=\"--_gs-gap-desktop:0px 0px;--_gs-m-desktop:0 0 0 0;--_gs-p-desktop:0 0 0 0;--_gs-bg-desktop:#64b95b none;--_gs-bg-xp-desktop:0px;--_gs-zi-desktop:auto;--_gs-d-desktop:block;--_gs-mw-desktop:calc(100% - 0 - 0);--_gs-gap-tablet:0px 0px;--_gs-m-tablet:0 0 0 0;--_gs-p-tablet:0 0 0 0;--_gs-bg-tablet:#64b95b none;--_gs-bg-xp-tablet:0px;--_gs-zi-tablet:auto;--_gs-d-tablet:block;--_gs-mw-tablet:calc(100% - 0 - 0);--_gs-gap-mobile:0px 0px;--_gs-m-mobile:0 0 0 0;--_gs-p-mobile:0 0 0 0;--_gs-bg-mobile:#64b95b none;--_gs-bg-xp-mobile:0px;--_gs-zi-mobile:auto;--_gs-d-mobile:block;--_gs-mw-mobile:calc(100% - 0 - 0);--_gs-columns:12;--_gs-rows:6\"><div class=\"grids-s-w_i\">\n<div class=\"grids-area\" style=\"--_ga-column:1\/4;--_ga-row:1\/7;--_ga-va:center;--_ga-m-desktop:0 0 0 0;--_ga-p-desktop:0 0 0 0;--_ga-bg-desktop:transparent none;--_ga-zi-desktop:auto;--_ga-d-desktop:flex;--_ga-mw-desktop:calc(100% - 0 - 0);--_ga-m-tablet:0 0 0 0;--_ga-p-tablet:0 0 0 0;--_ga-bg-tablet:transparent none;--_ga-zi-tablet:auto;--_ga-d-tablet:flex;--_ga-mw-tablet:calc(100% - 0 - 0);--_ga-m-mobile:0 0 0 0;--_ga-p-mobile:0 0 0 0;--_ga-bg-mobile:transparent none;--_ga-zi-mobile:auto;--_ga-d-mobile:flex;--_ga-mw-mobile:calc(100% - 0 - 0)\">\n\n<lord-icon src=\"https:\/\/cdn.lordicon.com\/ogjynloi.json\" trigger=\"loop\" delay=\"2000\" colors=\"primary:#ffffff,secondary:#ffffff\" style=\"width:250px;height:250px\">\n<\/lord-icon>\n\n<\/div>\n\n<div class=\"grids-area\" style=\"--_ga-column:4\/10;--_ga-row:1\/7;--_ga-va:center;--_ga-m-desktop:0 0 0 0;--_ga-p-desktop:0 0 0 0;--_ga-bg-desktop:transparent none;--_ga-zi-desktop:auto;--_ga-d-desktop:flex;--_ga-mw-desktop:calc(100% - 0 - 0);--_ga-m-tablet:0 0 0 0;--_ga-p-tablet:0 0 0 0;--_ga-bg-tablet:transparent none;--_ga-zi-tablet:auto;--_ga-d-tablet:flex;--_ga-mw-tablet:calc(100% - 0 - 0);--_ga-m-mobile:0 0 0 0;--_ga-p-mobile:0 0 0 0;--_ga-bg-mobile:transparent none;--_ga-zi-mobile:auto;--_ga-d-mobile:flex;--_ga-mw-mobile:calc(100% - 0 - 0)\">\n\n<h2 class=\"has-text-align-center wp-block-heading\">2 korty tenisowe<\/h2>\n\n\n\n<p class=\"has-text-align-center\">Prawdziwy tenisista nie mo\u017ce obej\u015b\u0107 si\u0119 bez swojej rakiety, dlatego stworzyli\u015bmy specjaln\u0105 stref\u0119 dla entuzjast\u00f3w tenisa takich jak Ty!<\/p>\n\n\n\n<p class=\"has-text-align-center\">Je\u015bli nie posiadasz sprz\u0119tu, mo\u017cesz go od nas wypo\u017cyczy\u0107.<\/p>\n\n<\/div>\n\n<div class=\"grids-area\" style=\"--_ga-column:10\/13;--_ga-row:1\/7;--_ga-va:center;--_ga-m-desktop:0 0 0 0;--_ga-p-desktop:0 0 0 0;--_ga-bg-desktop:transparent none;--_ga-zi-desktop:auto;--_ga-d-desktop:flex;--_ga-mw-desktop:calc(100% - 0 - 0);--_ga-m-tablet:0 0 0 0;--_ga-p-tablet:0 0 0 0;--_ga-bg-tablet:transparent none;--_ga-zi-tablet:auto;--_ga-d-tablet:flex;--_ga-mw-tablet:calc(100% - 0 - 0);--_ga-m-mobile:0 0 0 0;--_ga-p-mobile:0 0 0 0;--_ga-bg-mobile:transparent none;--_ga-zi-mobile:auto;--_ga-d-mobile:flex;--_ga-mw-mobile:calc(100% - 0 - 0)\">\n\n<lord-icon src=\"https:\/\/cdn.lordicon.com\/ogjynloi.json\" trigger=\"loop\" delay=\"2000\" colors=\"primary:#ffffff,secondary:#ffffff\" style=\"width:250px;height:250px\">\n<\/lord-icon>\n\n<\/div>\n<\/div><\/div>\t<div id=\"boxTextSlider_2\" class=\"box-text-slider-container-wrapper no-background \" style=\"--box-text-bck-color: #f3f3f3;--box-text-color: #000000;\">\n\n\t\t<div class=\"box-text-slider_content\">\n\t\t\t<h3>Certyfikowane korty FIFA 2**<\/h3>\n<p><strong>Ca\u0142kowite wymiary powierzchni:<\/strong> 2 x 42 x 25 m<br \/>\nZ oddzielnie ogrodzonymi kortami (40 x 20 m)<\/p>\n\t\t<\/div>\n\n\t\t\t\t\t<div class=\"box-text-slider_slider\">\n\t\t\t\t<div class=\"swiper-wrapper\">\n\t\t\t\t\t\t\t\t\t\t\t\t\t\t\t\t\t<div class=\"box-text-slider_slider_slide swiper-slide\">\n\n\t\t\t\t\t\t\t\t\t\t\t\t\t\t\t<figure class=\"full-width\" style=\"background-color: #968c88;\">\n\t\t\t\t\t\t\t\t\t<img decoding=\"async\" src=\"https:\/\/www.bivillage.com\/wp-content\/uploads\/2022\/09\/campi-tennis-bivillage-croazia.jpg\" alt=\"\" title=\"campi da tennis sintetici al bivillage\" \/>\n\t\t\t\t\t\t\t\t<\/figure>\n\t\t\t\t\t\t\t\n\t\t\t\t\t\t\t\n\t\t\t\t\t\t\t\t\t\t\t\t\t\t\t\t\t<div class=\"box-text-slider_slider_slide_title\">\n\t\t\t\t\t\t\t\t\t\tNasze korty\t\t\t\t\t\t\t\t\t\t\t\t\t\t\t\t\n\t\t\t\t\t\t\t\t<\/div>\n\t\t\t\t\t\t\t\t\t\t\t\t\t<\/div>\n\t\t\t\t\t\t\n\t\t\t\t\t\t\t\t\t<\/div>\n\t\t\t\t\n\t\t\t\t\t\t\t<\/div>\n\t\t\t<\/div>\n\n\t\n\n\n    <div class=\"custom-gallery-wrapper custom-gallery-wrapper-column-4 custom-gallery-grid\" style=\"--gallery-columns: 4;\">\n        \n        \n                            \n            <figure class=\"full-width gallery-wrapper-image gallery-wrapper-image-0\" onclick=\"showHideFotorama('custom-gallery_1', 0);\" style=\"background-color: #738893;\">\n                                                    <img decoding=\"async\" class=\"gallery-wrapper-image-small\" src=\"https:\/\/www.bivillage.com\/wp-content\/uploads\/2022\/09\/campi-tennis-bivillage-croazia-02.jpg\" alt=\"\" title=\"campi da tennis bivillage in croazia\" \/>\n                            <\/figure>\n\n                                \n            <figure class=\"full-width gallery-wrapper-image gallery-wrapper-image-1\" onclick=\"showHideFotorama('custom-gallery_1', 1);\" style=\"background-color: #7b808a;\">\n                                                    <img decoding=\"async\" class=\"gallery-wrapper-image-small\" src=\"https:\/\/www.bivillage.com\/wp-content\/uploads\/2022\/09\/campi-tennis-bivillage-croazia-03.jpg\" alt=\"\" title=\"campi tennis bivillage in erba sintetica\" \/>\n                            <\/figure>\n\n                                \n            <figure class=\"full-width gallery-wrapper-image gallery-wrapper-image-2\" onclick=\"showHideFotorama('custom-gallery_1', 2);\" style=\"background-color: #a7876f;\">\n                                                    <img decoding=\"async\" class=\"gallery-wrapper-image-small\" src=\"https:\/\/www.bivillage.com\/wp-content\/uploads\/2022\/09\/campi-tennis-bivillage-croazia-04.jpg\" alt=\"\" title=\"campi tennis bivillage in croazia\" \/>\n                            <\/figure>\n\n                                \n            <figure class=\"full-width gallery-wrapper-image gallery-wrapper-image-3\" onclick=\"showHideFotorama('custom-gallery_1', 3);\" style=\"background-color: #aa7e75;\">\n                                                    <img decoding=\"async\" class=\"gallery-wrapper-image-small\" src=\"https:\/\/www.bivillage.com\/wp-content\/uploads\/2022\/09\/campi-tennis-bivillage-croazia-05.jpg\" alt=\"\" title=\"bambini sul campo da tennis al Bivillage\" \/>\n                            <\/figure>\n\n                                \n            <figure class=\"full-width gallery-wrapper-image gallery-wrapper-image-4\" onclick=\"showHideFotorama('custom-gallery_1', 4);\" style=\"background-color: #b5968b;\">\n                                                    <img decoding=\"async\" class=\"gallery-wrapper-image-small\" src=\"https:\/\/www.bivillage.com\/wp-content\/uploads\/2022\/09\/campi-tennis-bivillage-croazia-06.jpg\" alt=\"\" title=\"bambini sul campo da tennis del bivillage in croazia\" \/>\n                            <\/figure>\n\n                                \n            <figure class=\"full-width gallery-wrapper-image gallery-wrapper-image-5\" onclick=\"showHideFotorama('custom-gallery_1', 5);\" style=\"background-color: #b3978a;\">\n                                                    <img decoding=\"async\" class=\"gallery-wrapper-image-small\" src=\"https:\/\/www.bivillage.com\/wp-content\/uploads\/2022\/09\/campi-tennis-bivillage-croazia-07.jpg\" alt=\"\" title=\"bambini giocano a tennis nel villaggio vacanze bivillage\" \/>\n                            <\/figure>\n\n                                \n            <figure class=\"full-width gallery-wrapper-image gallery-wrapper-image-6\" onclick=\"showHideFotorama('custom-gallery_1', 6);\" style=\"background-color: #a48167;\">\n                                                    <img decoding=\"async\" class=\"gallery-wrapper-image-small\" src=\"https:\/\/www.bivillage.com\/wp-content\/uploads\/2022\/09\/campi-tennis-bivillage-croazia-08.jpg\" alt=\"\" title=\"campi tennis centro vacanze bivillage\" \/>\n                            <\/figure>\n\n                                \n            <figure class=\"full-width gallery-wrapper-image gallery-wrapper-image-7\" onclick=\"showHideFotorama('custom-gallery_1', 7);\" style=\"background-color: #685c45;\">\n                                                    <img decoding=\"async\" class=\"gallery-wrapper-image-small\" src=\"https:\/\/www.bivillage.com\/wp-content\/uploads\/2022\/09\/campi-tennis-bivillage-croazia-09.jpg\" alt=\"\" title=\"campi da tennis camping resort bivillage\" \/>\n                            <\/figure>\n\n                        <\/div>\n\n    <div style=\"width:1px;height:1px;position:absolute;\" name=\"fotorama\" id=\"custom-gallery_1\" class=\"fotorama\" data-width=\"100%\"  data-nav=\"thumbs\"  data-allowfullscreen=\"true\" >\n                            <img decoding=\"async\" src=\"https:\/\/www.bivillage.com\/wp-content\/uploads\/2022\/09\/campi-tennis-bivillage-croazia-02.jpg\" class=\"attachment-full skip-lazy\" data-caption=\"1\" \/>\n                                    <img decoding=\"async\" src=\"https:\/\/www.bivillage.com\/wp-content\/uploads\/2022\/09\/campi-tennis-bivillage-croazia-03.jpg\" class=\"attachment-full skip-lazy\" data-caption=\"2\" \/>\n                                    <img decoding=\"async\" src=\"https:\/\/www.bivillage.com\/wp-content\/uploads\/2022\/09\/campi-tennis-bivillage-croazia-04.jpg\" class=\"attachment-full skip-lazy\" data-caption=\"3\" \/>\n                                    <img decoding=\"async\" src=\"https:\/\/www.bivillage.com\/wp-content\/uploads\/2022\/09\/campi-tennis-bivillage-croazia-05.jpg\" class=\"attachment-full skip-lazy\" data-caption=\"4\" \/>\n                                    <img decoding=\"async\" src=\"https:\/\/www.bivillage.com\/wp-content\/uploads\/2022\/09\/campi-tennis-bivillage-croazia-06.jpg\" class=\"attachment-full skip-lazy\" data-caption=\"5\" \/>\n                                    <img decoding=\"async\" src=\"https:\/\/www.bivillage.com\/wp-content\/uploads\/2022\/09\/campi-tennis-bivillage-croazia-07.jpg\" class=\"attachment-full skip-lazy\" data-caption=\"6\" \/>\n                                    <img decoding=\"async\" src=\"https:\/\/www.bivillage.com\/wp-content\/uploads\/2022\/09\/campi-tennis-bivillage-croazia-08.jpg\" class=\"attachment-full skip-lazy\" data-caption=\"7\" \/>\n                                    <img decoding=\"async\" src=\"https:\/\/www.bivillage.com\/wp-content\/uploads\/2022\/09\/campi-tennis-bivillage-croazia-09.jpg\" class=\"attachment-full skip-lazy\" data-caption=\"8\" \/>\n                    <\/div>\n\n\n","protected":false},"excerpt":{"rendered":"","protected":false},"author":1,"featured_media":18792,"parent":0,"menu_order":0,"comment_status":"closed","ping_status":"closed","template":"","meta":{"_acf_changed":false,"advgb_blocks_editor_width":"","advgb_blocks_columns_visual_guide":"","footnotes":""},"class_list":["post-18791","page","type-page","status-publish","has-post-thumbnail","hentry","entry"],"acf":[],"yoast_head":"<!-- This site is optimized with the Yoast SEO plugin v26.0 - https:\/\/yoast.com\/wordpress\/plugins\/seo\/ -->\n<title>O\u015brodek z kortami tenisowymi | O\u015brodek wakacyjny BiVillage w Chorwacji<\/title>\n<meta name=\"description\" content=\"Je\u015bli kochasz tenis, mo\u017cesz gra\u0107 w niego r\u00f3wnie\u017c na wakacjach w naszym o\u015brodku kempingowym BiVillage w Fa\u017eana z 2 kortami po\u0142o\u017conymi w lesie sosnowym.\" \/>\n<meta name=\"robots\" content=\"index, follow, max-snippet:-1, max-image-preview:large, max-video-preview:-1\" \/>\n<link rel=\"canonical\" href=\"https:\/\/www.bivillage.com\/pl\/korty-tenisowe\/\" \/>\n<meta property=\"og:locale\" content=\"pl_PL\" \/>\n<meta property=\"og:type\" content=\"article\" \/>\n<meta property=\"og:title\" content=\"O\u015brodek z kortami tenisowymi | O\u015brodek wakacyjny BiVillage w Chorwacji\" \/>\n<meta property=\"og:description\" content=\"Je\u015bli kochasz tenis, mo\u017cesz gra\u0107 w niego r\u00f3wnie\u017c na wakacjach w naszym o\u015brodku kempingowym BiVillage w Fa\u017eana z 2 kortami po\u0142o\u017conymi w lesie sosnowym.\" \/>\n<meta property=\"og:url\" content=\"https:\/\/www.bivillage.com\/pl\/korty-tenisowe\/\" \/>\n<meta property=\"og:site_name\" content=\"BiVillage\" \/>\n<meta property=\"article:publisher\" content=\"https:\/\/www.facebook.com\/BiVillageHolidayCenter\/\" \/>\n<meta property=\"article:modified_time\" content=\"2024-02-17T16:09:18+00:00\" \/>\n<meta property=\"og:image\" content=\"https:\/\/www.bivillage.com\/wp-content\/uploads\/2022\/09\/tennis-bivillage-croazia-banner.jpg\" \/>\n\t<meta property=\"og:image:width\" content=\"1920\" \/>\n\t<meta property=\"og:image:height\" content=\"1000\" \/>\n\t<meta property=\"og:image:type\" content=\"image\/jpeg\" \/>\n<meta name=\"twitter:card\" content=\"summary_large_image\" \/>\n<meta name=\"twitter:label1\" content=\"Szacowany czas czytania\" \/>\n\t<meta name=\"twitter:data1\" content=\"1 minuta\" \/>\n<script type=\"application\/ld+json\" class=\"yoast-schema-graph\">{\"@context\":\"https:\/\/schema.org\",\"@graph\":[{\"@type\":\"WebPage\",\"@id\":\"https:\/\/www.bivillage.com\/pl\/korty-tenisowe\/\",\"url\":\"https:\/\/www.bivillage.com\/pl\/korty-tenisowe\/\",\"name\":\"O\u015brodek z kortami tenisowymi | O\u015brodek wakacyjny BiVillage w Chorwacji\",\"isPartOf\":{\"@id\":\"https:\/\/www.bivillage.com\/pl\/#website\"},\"primaryImageOfPage\":{\"@id\":\"https:\/\/www.bivillage.com\/pl\/korty-tenisowe\/#primaryimage\"},\"image\":{\"@id\":\"https:\/\/www.bivillage.com\/pl\/korty-tenisowe\/#primaryimage\"},\"thumbnailUrl\":\"https:\/\/www.bivillage.com\/wp-content\/uploads\/2022\/09\/tennis-bivillage-croazia-banner.jpg\",\"datePublished\":\"2024-01-25T09:39:26+00:00\",\"dateModified\":\"2024-02-17T16:09:18+00:00\",\"description\":\"Je\u015bli kochasz tenis, mo\u017cesz gra\u0107 w niego r\u00f3wnie\u017c na wakacjach w naszym o\u015brodku kempingowym BiVillage w Fa\u017eana z 2 kortami po\u0142o\u017conymi w lesie sosnowym.\",\"breadcrumb\":{\"@id\":\"https:\/\/www.bivillage.com\/pl\/korty-tenisowe\/#breadcrumb\"},\"inLanguage\":\"pl-PL\",\"potentialAction\":[{\"@type\":\"ReadAction\",\"target\":[\"https:\/\/www.bivillage.com\/pl\/korty-tenisowe\/\"]}]},{\"@type\":\"ImageObject\",\"inLanguage\":\"pl-PL\",\"@id\":\"https:\/\/www.bivillage.com\/pl\/korty-tenisowe\/#primaryimage\",\"url\":\"https:\/\/www.bivillage.com\/wp-content\/uploads\/2022\/09\/tennis-bivillage-croazia-banner.jpg\",\"contentUrl\":\"https:\/\/www.bivillage.com\/wp-content\/uploads\/2022\/09\/tennis-bivillage-croazia-banner.jpg\",\"width\":1920,\"height\":1000},{\"@type\":\"BreadcrumbList\",\"@id\":\"https:\/\/www.bivillage.com\/pl\/korty-tenisowe\/#breadcrumb\",\"itemListElement\":[{\"@type\":\"ListItem\",\"position\":1,\"name\":\"Home\",\"item\":\"https:\/\/www.bivillage.com\/pl\/\"},{\"@type\":\"ListItem\",\"position\":2,\"name\":\"Korty tenisowe\"}]},{\"@type\":\"WebSite\",\"@id\":\"https:\/\/www.bivillage.com\/pl\/#website\",\"url\":\"https:\/\/www.bivillage.com\/pl\/\",\"name\":\"BiVillage\",\"description\":\"Fasana, ISTRIA\",\"publisher\":{\"@id\":\"https:\/\/www.bivillage.com\/pl\/#organization\"},\"potentialAction\":[{\"@type\":\"SearchAction\",\"target\":{\"@type\":\"EntryPoint\",\"urlTemplate\":\"https:\/\/www.bivillage.com\/pl\/?s={search_term_string}\"},\"query-input\":{\"@type\":\"PropertyValueSpecification\",\"valueRequired\":true,\"valueName\":\"search_term_string\"}}],\"inLanguage\":\"pl-PL\"},{\"@type\":\"Organization\",\"@id\":\"https:\/\/www.bivillage.com\/pl\/#organization\",\"name\":\"BiVillage\",\"alternateName\":\"bivillage\",\"url\":\"https:\/\/www.bivillage.com\/pl\/\",\"logo\":{\"@type\":\"ImageObject\",\"inLanguage\":\"pl-PL\",\"@id\":\"https:\/\/www.bivillage.com\/pl\/#\/schema\/logo\/image\/\",\"url\":\"https:\/\/www.bivillage.com\/wp-content\/uploads\/2022\/04\/logo-bivillage.png\",\"contentUrl\":\"https:\/\/www.bivillage.com\/wp-content\/uploads\/2022\/04\/logo-bivillage.png\",\"width\":973,\"height\":340,\"caption\":\"BiVillage\"},\"image\":{\"@id\":\"https:\/\/www.bivillage.com\/pl\/#\/schema\/logo\/image\/\"},\"sameAs\":[\"https:\/\/www.facebook.com\/BiVillageHolidayCenter\/\",\"https:\/\/www.instagram.com\/bivillage_holidayresort\/\",\"https:\/\/www.youtube.com\/channel\/UCu0whYLFWz1DQK-xiTLIuVw\",\"https:\/\/www.tiktok.com\/@bivillage\"]}]}<\/script>\n<!-- \/ Yoast SEO plugin. -->","yoast_head_json":{"title":"O\u015brodek z kortami tenisowymi | O\u015brodek wakacyjny BiVillage w Chorwacji","description":"Je\u015bli kochasz tenis, mo\u017cesz gra\u0107 w niego r\u00f3wnie\u017c na wakacjach w naszym o\u015brodku kempingowym BiVillage w Fa\u017eana z 2 kortami po\u0142o\u017conymi w lesie sosnowym.","robots":{"index":"index","follow":"follow","max-snippet":"max-snippet:-1","max-image-preview":"max-image-preview:large","max-video-preview":"max-video-preview:-1"},"canonical":"https:\/\/www.bivillage.com\/pl\/korty-tenisowe\/","og_locale":"pl_PL","og_type":"article","og_title":"O\u015brodek z kortami tenisowymi | O\u015brodek wakacyjny BiVillage w Chorwacji","og_description":"Je\u015bli kochasz tenis, mo\u017cesz gra\u0107 w niego r\u00f3wnie\u017c na wakacjach w naszym o\u015brodku kempingowym BiVillage w Fa\u017eana z 2 kortami po\u0142o\u017conymi w lesie sosnowym.","og_url":"https:\/\/www.bivillage.com\/pl\/korty-tenisowe\/","og_site_name":"BiVillage","article_publisher":"https:\/\/www.facebook.com\/BiVillageHolidayCenter\/","article_modified_time":"2024-02-17T16:09:18+00:00","og_image":[{"width":1920,"height":1000,"url":"https:\/\/www.bivillage.com\/wp-content\/uploads\/2022\/09\/tennis-bivillage-croazia-banner.jpg","type":"image\/jpeg"}],"twitter_card":"summary_large_image","twitter_misc":{"Szacowany czas czytania":"1 minuta"},"schema":{"@context":"https:\/\/schema.org","@graph":[{"@type":"WebPage","@id":"https:\/\/www.bivillage.com\/pl\/korty-tenisowe\/","url":"https:\/\/www.bivillage.com\/pl\/korty-tenisowe\/","name":"O\u015brodek z kortami tenisowymi | O\u015brodek wakacyjny BiVillage w Chorwacji","isPartOf":{"@id":"https:\/\/www.bivillage.com\/pl\/#website"},"primaryImageOfPage":{"@id":"https:\/\/www.bivillage.com\/pl\/korty-tenisowe\/#primaryimage"},"image":{"@id":"https:\/\/www.bivillage.com\/pl\/korty-tenisowe\/#primaryimage"},"thumbnailUrl":"https:\/\/www.bivillage.com\/wp-content\/uploads\/2022\/09\/tennis-bivillage-croazia-banner.jpg","datePublished":"2024-01-25T09:39:26+00:00","dateModified":"2024-02-17T16:09:18+00:00","description":"Je\u015bli kochasz tenis, mo\u017cesz gra\u0107 w niego r\u00f3wnie\u017c na wakacjach w naszym o\u015brodku kempingowym BiVillage w Fa\u017eana z 2 kortami po\u0142o\u017conymi w lesie sosnowym.","breadcrumb":{"@id":"https:\/\/www.bivillage.com\/pl\/korty-tenisowe\/#breadcrumb"},"inLanguage":"pl-PL","potentialAction":[{"@type":"ReadAction","target":["https:\/\/www.bivillage.com\/pl\/korty-tenisowe\/"]}]},{"@type":"ImageObject","inLanguage":"pl-PL","@id":"https:\/\/www.bivillage.com\/pl\/korty-tenisowe\/#primaryimage","url":"https:\/\/www.bivillage.com\/wp-content\/uploads\/2022\/09\/tennis-bivillage-croazia-banner.jpg","contentUrl":"https:\/\/www.bivillage.com\/wp-content\/uploads\/2022\/09\/tennis-bivillage-croazia-banner.jpg","width":1920,"height":1000},{"@type":"BreadcrumbList","@id":"https:\/\/www.bivillage.com\/pl\/korty-tenisowe\/#breadcrumb","itemListElement":[{"@type":"ListItem","position":1,"name":"Home","item":"https:\/\/www.bivillage.com\/pl\/"},{"@type":"ListItem","position":2,"name":"Korty tenisowe"}]},{"@type":"WebSite","@id":"https:\/\/www.bivillage.com\/pl\/#website","url":"https:\/\/www.bivillage.com\/pl\/","name":"BiVillage","description":"Fasana, ISTRIA","publisher":{"@id":"https:\/\/www.bivillage.com\/pl\/#organization"},"potentialAction":[{"@type":"SearchAction","target":{"@type":"EntryPoint","urlTemplate":"https:\/\/www.bivillage.com\/pl\/?s={search_term_string}"},"query-input":{"@type":"PropertyValueSpecification","valueRequired":true,"valueName":"search_term_string"}}],"inLanguage":"pl-PL"},{"@type":"Organization","@id":"https:\/\/www.bivillage.com\/pl\/#organization","name":"BiVillage","alternateName":"bivillage","url":"https:\/\/www.bivillage.com\/pl\/","logo":{"@type":"ImageObject","inLanguage":"pl-PL","@id":"https:\/\/www.bivillage.com\/pl\/#\/schema\/logo\/image\/","url":"https:\/\/www.bivillage.com\/wp-content\/uploads\/2022\/04\/logo-bivillage.png","contentUrl":"https:\/\/www.bivillage.com\/wp-content\/uploads\/2022\/04\/logo-bivillage.png","width":973,"height":340,"caption":"BiVillage"},"image":{"@id":"https:\/\/www.bivillage.com\/pl\/#\/schema\/logo\/image\/"},"sameAs":["https:\/\/www.facebook.com\/BiVillageHolidayCenter\/","https:\/\/www.instagram.com\/bivillage_holidayresort\/","https:\/\/www.youtube.com\/channel\/UCu0whYLFWz1DQK-xiTLIuVw","https:\/\/www.tiktok.com\/@bivillage"]}]}},"coauthors":[],"author_meta":{"author_link":"https:\/\/www.bivillage.com\/pl\/news\/author\/admin\/","display_name":"admin"},"relative_dates":{"created":"Posted 2 lata ago","modified":"Updated 2 lata ago"},"absolute_dates":{"created":"Posted on 25 stycznia, 2024","modified":"Updated on 17 lutego, 2024"},"absolute_dates_time":{"created":"Posted on 25 stycznia, 2024 10:39 am","modified":"Updated on 17 lutego, 2024 5:09 pm"},"featured_img_caption":"","featured_img":"https:\/\/www.bivillage.com\/wp-content\/uploads\/2022\/09\/tennis-bivillage-croazia-banner-1568x817.jpg","series_order":"","_links":{"self":[{"href":"https:\/\/www.bivillage.com\/pl\/wp-json\/wp\/v2\/pages\/18791","targetHints":{"allow":["GET"]}}],"collection":[{"href":"https:\/\/www.bivillage.com\/pl\/wp-json\/wp\/v2\/pages"}],"about":[{"href":"https:\/\/www.bivillage.com\/pl\/wp-json\/wp\/v2\/types\/page"}],"author":[{"embeddable":true,"href":"https:\/\/www.bivillage.com\/pl\/wp-json\/wp\/v2\/users\/1"}],"replies":[{"embeddable":true,"href":"https:\/\/www.bivillage.com\/pl\/wp-json\/wp\/v2\/comments?post=18791"}],"version-history":[{"count":0,"href":"https:\/\/www.bivillage.com\/pl\/wp-json\/wp\/v2\/pages\/18791\/revisions"}],"wp:featuredmedia":[{"embeddable":true,"href":"https:\/\/www.bivillage.com\/pl\/wp-json\/wp\/v2\/media\/18792"}],"wp:attachment":[{"href":"https:\/\/www.bivillage.com\/pl\/wp-json\/wp\/v2\/media?parent=18791"}],"curies":[{"name":"wp","href":"https:\/\/api.w.org\/{rel}","templated":true}]}}