{"id":18619,"date":"2024-01-25T10:39:01","date_gmt":"2024-01-25T09:39:01","guid":{"rendered":"https:\/\/www.bivillage.com\/obszar-handlowy\/"},"modified":"2024-04-23T15:14:18","modified_gmt":"2024-04-23T13:14:18","slug":"obszar-handlowy","status":"publish","type":"page","link":"https:\/\/www.bivillage.com\/pl\/obszar-handlowy\/","title":{"rendered":"Pasa\u017c handlowy"},"content":{"rendered":"<div  class=\"grids-section row-elenchi grids-is-advanced alignfull\" style=\"--_gs-gap-desktop:0px 0px;--_gs-m-desktop:0 0 0 0;--_gs-p-desktop:0 0 0 0;--_gs-bg-desktop:transparent none;--_gs-bg-xp-desktop:0px;--_gs-zi-desktop:auto;--_gs-d-desktop:block;--_gs-mw-desktop:calc(100% - 0 - 0);--_gs-gap-tablet:0px 0px;--_gs-m-tablet:0 0 0 0;--_gs-p-tablet:0 0 0 0;--_gs-bg-tablet:transparent none;--_gs-bg-xp-tablet:0px;--_gs-zi-tablet:auto;--_gs-d-tablet:block;--_gs-mw-tablet:calc(100% - 0 - 0);--_gs-gap-mobile:0px 0px;--_gs-m-mobile:0 0 0 0;--_gs-p-mobile:0 0 0 0;--_gs-bg-mobile:transparent none;--_gs-bg-xp-mobile:0px;--_gs-zi-mobile:auto;--_gs-d-mobile:block;--_gs-mw-mobile:calc(100% - 0 - 0);--_gs-columns:12;--_gs-rows:6\"><div class=\"grids-s-w_i\">\n<div class=\"grids-area\" style=\"--_ga-column:2\/12;--_ga-row:1\/3;--_ga-m-desktop:0 0 0 0;--_ga-p-desktop:0 0 0 0;--_ga-bg-desktop:transparent none;--_ga-zi-desktop:auto;--_ga-d-desktop:flex;--_ga-mw-desktop:calc(100% - 0 - 0);--_ga-m-tablet:0 0 0 0;--_ga-p-tablet:0 0 0 0;--_ga-bg-tablet:transparent none;--_ga-zi-tablet:auto;--_ga-d-tablet:flex;--_ga-mw-tablet:calc(100% - 0 - 0);--_ga-m-mobile:0 0 0 0;--_ga-p-mobile:0 0 0 0;--_ga-bg-mobile:transparent none;--_ga-zi-mobile:auto;--_ga-d-mobile:flex;--_ga-mw-mobile:calc(100% - 0 - 0)\">\n\n<h2 class=\"wp-block-heading has-text-align-center\">Promenada handlowa BiVillage to idealne miejsce na zakupy<\/h2>\n\n\n\n<p>Odzie\u017c, akcesoria, obuwie, odzie\u017c sportowa, artyku\u0142y gospodarstwa domowego, wszystko na kemping: znajd\u017a to, czego potrzebujesz na wakacje. Aby kupi\u0107 sobie pami\u0105tk\u0119 z Istrii, warto odwiedzi\u0107 bazar. Mamy r\u00f3wnie\u017c kiosk z pras\u0105 i sklepy z wyrobami tytoniowymi!<\/p>\n\n<\/div>\n<\/div><\/div>\t<div id=\"boxTextSlider_2\" class=\"box-text-slider-container-wrapper  \" style=\"background-image: url(https:\/\/www.bivillage.com\/wp-content\/uploads\/2022\/08\/negozi-bivillage-croazia-banner.jpg);--box-text-bck-color: #0a0a0a;--box-text-color: #ffffff;\">\n\n\t\t<div class=\"box-text-slider_content\">\n\t\t\t<h3>WSZYSTKO, CZEGO POTRZEBUJESZ<\/h3>\n<h2>W BiVillage masz wszystko na wyci\u0105gni\u0119cie r\u0119ki<\/h2>\n<p>W o\u015brodku znajdziesz wszystko, czego potrzebujesz by sp\u0119dzi\u0107 udane wakacje. Od \u015bwie\u017cych ryb po gad\u017cety Samarcanda!<\/p>\n<ul>\n<li>Samstore<\/li>\n<li>Bazaar Camping &#038; Fun<\/li>\n<li>Kiosk<\/li>\n<li>Supermarket<\/li>\n<li>Fryzjer &#8211; dost\u0119pny po wcze\u015bniejszym um\u00f3wieniu<\/li>\n<li>Centrum masa\u017cu &#8211; dost\u0119pne po wcze\u015bniejszym um\u00f3wieniu<\/li>\n<\/ul>\n\t\t<\/div>\n\n\t\t\t\t\t<div class=\"box-text-slider_slider\">\n\t\t\t\t<div class=\"swiper-wrapper\">\n\t\t\t\t\t\t\t\t\t\t\t\t\t\t\t\t\t<div class=\"box-text-slider_slider_slide swiper-slide\">\n\n\t\t\t\t\t\t\t\t\t\t\t\t\t\t\t<figure class=\"full-width\" style=\"background-color: #898890;\">\n\t\t\t\t\t\t\t\t\t<img decoding=\"async\" src=\"https:\/\/www.bivillage.com\/wp-content\/uploads\/2022\/08\/samstore-bivillage-croazia.jpg\" alt=\"\" title=\"samstore bivillage croazia\" \/>\n\t\t\t\t\t\t\t\t<\/figure>\n\t\t\t\t\t\t\t\n\t\t\t\t\t\t\t\n\t\t\t\t\t\t\t\t\t\t\t\t\t\t\t\t\t<div class=\"box-text-slider_slider_slide_title\">\n\t\t\t\t\t\t\t\t\t\tSamstore\t\t\t\t\t\t\t\t\t\t\t\t\t\t\t\t\n\t\t\t\t\t\t\t\t<\/div>\n\t\t\t\t\t\t\t\t\t\t\t\t\t<\/div>\n\t\t\t\t\t\t\n\t\t\t\t\t\t\t\t\t\t\t\t\t\t\t\t\t<div class=\"box-text-slider_slider_slide swiper-slide\">\n\n\t\t\t\t\t\t\t\t\t\t\t\t\t\t\t<figure class=\"full-width\" style=\"background-color: #7d7e72;\">\n\t\t\t\t\t\t\t\t\t<img decoding=\"async\" src=\"https:\/\/www.bivillage.com\/wp-content\/uploads\/2022\/08\/bazar-bivillage-croazia.webp\" alt=\"\" title=\"bazar bivillage croazia\" \/>\n\t\t\t\t\t\t\t\t<\/figure>\n\t\t\t\t\t\t\t\n\t\t\t\t\t\t\t\n\t\t\t\t\t\t\t\t\t\t\t\t\t\t\t\t\t<div class=\"box-text-slider_slider_slide_title\">\n\t\t\t\t\t\t\t\t\t\tBazar\t\t\t\t\t\t\t\t\t\t\t\t\t\t\t\t\n\t\t\t\t\t\t\t\t<\/div>\n\t\t\t\t\t\t\t\t\t\t\t\t\t<\/div>\n\t\t\t\t\t\t\n\t\t\t\t\t\t\t\t\t\t\t\t\t\t\t\t\t<div class=\"box-text-slider_slider_slide swiper-slide\">\n\n\t\t\t\t\t\t\t\t\t\t\t\t\t\t\t<figure class=\"full-width\" style=\"background-color: #988153;\">\n\t\t\t\t\t\t\t\t\t<img decoding=\"async\" src=\"https:\/\/www.bivillage.com\/wp-content\/uploads\/2022\/08\/supermercato-bivillage-croazia.jpg\" alt=\"\" title=\"supermercato bivillage croazia\" \/>\n\t\t\t\t\t\t\t\t<\/figure>\n\t\t\t\t\t\t\t\n\t\t\t\t\t\t\t\n\t\t\t\t\t\t\t\t\t\t\t\t\t\t\t\t\t<div class=\"box-text-slider_slider_slide_title\">\n\t\t\t\t\t\t\t\t\t\tSupermarket\t\t\t\t\t\t\t\t\t\t\t\t\t\t\t\t\n\t\t\t\t\t\t\t\t<\/div>\n\t\t\t\t\t\t\t\t\t\t\t\t\t<\/div>\n\t\t\t\t\t\t\n\t\t\t\t\t\t\t\t\t\t\t\t\t\t\t\t\t<div class=\"box-text-slider_slider_slide swiper-slide\">\n\n\t\t\t\t\t\t\t\t\t\t\t\t\t\t\t<figure class=\"full-width\" style=\"background-color: #d0aa95;\">\n\t\t\t\t\t\t\t\t\t<img decoding=\"async\" src=\"https:\/\/www.bivillage.com\/wp-content\/uploads\/2022\/09\/centro-massaggi-bivillage-croazia.jpg\" alt=\"\" title=\"centro massaggi al bivillage\" \/>\n\t\t\t\t\t\t\t\t<\/figure>\n\t\t\t\t\t\t\t\n\t\t\t\t\t\t\t\n\t\t\t\t\t\t\t\t\t\t\t\t\t\t\t\t\t<div class=\"box-text-slider_slider_slide_title\">\n\t\t\t\t\t\t\t\t\t\tCentrum masa\u017cu\t\t\t\t\t\t\t\t\t\t\t\t\t\t\t\t\n\t\t\t\t\t\t\t\t<\/div>\n\t\t\t\t\t\t\t\t\t\t\t\t\t<\/div>\n\t\t\t\t\t\t\n\t\t\t\t\t\t\t\t\t<\/div>\n\t\t\t\t\n\t\t\t\t\t\t\t\t\t<div class=\"slider-list-navigation\">\n\t\t\t\t\t\t<div class=\"swiper-button-next\"><\/div>\n\t\t\t\t\t\t<div class=\"swiper-button-prev\"><\/div>\n\t\t\t\t\t<\/div>\n\t\t\t\t\t\t\t<\/div>\n\t\t\t<\/div>\n\n\t\t\t<script type=\"text\/javascript\">\n\t\t\tjQuery(document).ready(function () {\n\t\t\t\t\/\/ initialize swiper when document ready\n\t\t\t\tvar boxTextSlider_2 = new Swiper ('#boxTextSlider_2 .box-text-slider_slider', {\n\t\t\t\t\tslidesPerView: 'auto',\n\t\t\t\t\tspaceBetween: 50,\n\t\t\t\t\tobserver: true,\n\t\t\t\t\tobserveParents: true,\n\t\t\t\t\tnavigation: {\n\t\t\t\t\t\tnextEl: '#boxTextSlider_2 .box-text-slider_slider .slider-list-navigation .swiper-button-next',\n\t\t\t\t\t\tprevEl: '#boxTextSlider_2 .box-text-slider_slider .slider-list-navigation .swiper-button-prev',\n\t\t\t\t\t}\n\t\t\t\t});\n\t\t\t});\n\t\t<\/script>\n\t\n\n<div  class=\"grids-section row-information grids-is-advanced alignfull\" style=\"--_gs-gap-desktop:0px 0px;--_gs-m-desktop:0 0 0 0;--_gs-p-desktop:0 0 0 0;--_gs-bg-desktop:#006293 none;--_gs-bg-xp-desktop:0px;--_gs-zi-desktop:auto;--_gs-d-desktop:block;--_gs-mw-desktop:calc(100% - 0 - 0);--_gs-gap-tablet:0px 0px;--_gs-m-tablet:0 0 0 0;--_gs-p-tablet:0 0 0 0;--_gs-bg-tablet:#006293 none;--_gs-bg-xp-tablet:0px;--_gs-zi-tablet:auto;--_gs-d-tablet:block;--_gs-mw-tablet:calc(100% - 0 - 0);--_gs-gap-mobile:0px 0px;--_gs-m-mobile:0 0 0 0;--_gs-p-mobile:0 0 0 0;--_gs-bg-mobile:#006293 none;--_gs-bg-xp-mobile:0px;--_gs-zi-mobile:auto;--_gs-d-mobile:block;--_gs-mw-mobile:calc(100% - 0 - 0);--_gs-columns:12;--_gs-rows:6\"><div class=\"grids-s-w_i\">\n<div class=\"grids-area\" style=\"--_ga-column:1\/4;--_ga-row:1\/7;--_ga-va:center;--_ga-m-desktop:0 0 0 0;--_ga-p-desktop:0 0 0 0;--_ga-bg-desktop:transparent none;--_ga-zi-desktop:auto;--_ga-d-desktop:flex;--_ga-mw-desktop:calc(100% - 0 - 0);--_ga-m-tablet:0 0 0 0;--_ga-p-tablet:0 0 0 0;--_ga-bg-tablet:transparent none;--_ga-zi-tablet:auto;--_ga-d-tablet:flex;--_ga-mw-tablet:calc(100% - 0 - 0);--_ga-m-mobile:0 0 0 0;--_ga-p-mobile:0 0 0 0;--_ga-bg-mobile:transparent none;--_ga-zi-mobile:auto;--_ga-d-mobile:flex;--_ga-mw-mobile:calc(100% - 0 - 0)\">\n\n<lord-icon src=\"https:\/\/cdn.lordicon.com\/sezzzigo.json\" trigger=\"loop\" colors=\"primary:#ffffff,secondary:#ffffff\" style=\"margin:auto;width:250px;height:250px\">\n<\/lord-icon>\n\n<\/div>\n\n<div class=\"grids-area\" style=\"--_ga-column:4\/10;--_ga-row:1\/7;--_ga-va:center;--_ga-m-desktop:0 0 0 0;--_ga-p-desktop:0 0 0 0;--_ga-bg-desktop:transparent none;--_ga-zi-desktop:auto;--_ga-d-desktop:flex;--_ga-mw-desktop:calc(100% - 0 - 0);--_ga-m-tablet:0 0 0 0;--_ga-p-tablet:0 0 0 0;--_ga-bg-tablet:transparent none;--_ga-zi-tablet:auto;--_ga-d-tablet:flex;--_ga-mw-tablet:calc(100% - 0 - 0);--_ga-m-mobile:0 0 0 0;--_ga-p-mobile:0 0 0 0;--_ga-bg-mobile:transparent none;--_ga-zi-mobile:auto;--_ga-d-mobile:flex;--_ga-mw-mobile:calc(100% - 0 - 0)\">\n\n<h2 class=\"wp-block-heading has-text-align-center\">Dobrze zaopatrzony supermarket<\/h2>\n\n\n\n<p class=\"has-text-align-center\">Supermarket BiVillage jest dobrze zaopatrzony, oferuj\u0105c m.in. \u015bwie\u017ce pieczywo oraz istryjskie owoce i warzywa!<\/p>\n\n\n\n<p class=\"has-text-align-center\">Otwarte od 8:00 do 13:00.<\/p>\n\n<\/div>\n\n<div class=\"grids-area\" style=\"--_ga-column:10\/13;--_ga-row:1\/7;--_ga-va:center;--_ga-m-desktop:0 0 0 0;--_ga-p-desktop:0 0 0 0;--_ga-bg-desktop:transparent none;--_ga-zi-desktop:auto;--_ga-d-desktop:flex;--_ga-mw-desktop:calc(100% - 0 - 0);--_ga-m-tablet:0 0 0 0;--_ga-p-tablet:0 0 0 0;--_ga-bg-tablet:transparent none;--_ga-zi-tablet:auto;--_ga-d-tablet:flex;--_ga-mw-tablet:calc(100% - 0 - 0);--_ga-m-mobile:0 0 0 0;--_ga-p-mobile:0 0 0 0;--_ga-bg-mobile:transparent none;--_ga-zi-mobile:auto;--_ga-d-mobile:flex;--_ga-mw-mobile:calc(100% - 0 - 0)\">\n\n<lord-icon src=\"https:\/\/cdn.lordicon.com\/itmmouju.json\" trigger=\"loop\" colors=\"primary:#ffffff,secondary:#ffffff\" style=\"margin:auto;width:250px;height:250px\">\n<\/lord-icon>\n\n<\/div>\n<\/div><\/div>\n    <div class=\"custom-gallery-wrapper custom-gallery-wrapper-column-4 custom-gallery-grid\" style=\"--gallery-columns: 4;\">\n        \n        \n                            \n            <figure class=\"full-width gallery-wrapper-image gallery-wrapper-image-0\" onclick=\"showHideFotorama('custom-gallery_1', 0);\" style=\"background-color: #bcaaa2;\">\n                                                    <img decoding=\"async\" class=\"gallery-wrapper-image-small\" src=\"https:\/\/www.bivillage.com\/wp-content\/uploads\/2022\/09\/parrucchiera-bivillage-croazia.jpg\" alt=\"\" title=\"capelli che vengono spazzolati\" \/>\n                            <\/figure>\n\n                                \n            <figure class=\"full-width gallery-wrapper-image gallery-wrapper-image-1\" onclick=\"showHideFotorama('custom-gallery_1', 1);\" style=\"background-color: #b28378;\">\n                                                    <img decoding=\"async\" class=\"gallery-wrapper-image-small\" src=\"https:\/\/www.bivillage.com\/wp-content\/uploads\/2022\/09\/negozi-bivillage-croazia-01.jpg\" alt=\"\" title=\"negozi bivillage croazia 01\" \/>\n                            <\/figure>\n\n                                \n            <figure class=\"full-width gallery-wrapper-image gallery-wrapper-image-2\" onclick=\"showHideFotorama('custom-gallery_1', 2);\" style=\"background-color: #796061;\">\n                                                    <img decoding=\"async\" class=\"gallery-wrapper-image-small\" src=\"https:\/\/www.bivillage.com\/wp-content\/uploads\/2022\/09\/negozi-bivillage-croazia-02.jpg\" alt=\"\" title=\"negozi bivillage croazia 02\" \/>\n                            <\/figure>\n\n                                \n            <figure class=\"full-width gallery-wrapper-image gallery-wrapper-image-3\" onclick=\"showHideFotorama('custom-gallery_1', 3);\" style=\"background-color: #85769b;\">\n                                                    <img decoding=\"async\" class=\"gallery-wrapper-image-small\" src=\"https:\/\/www.bivillage.com\/wp-content\/uploads\/2022\/09\/negozi-bivillage-croazia-06.jpg\" alt=\"\" title=\"negozi bivillage croazia 06\" \/>\n                            <\/figure>\n\n                                \n            <figure class=\"full-width gallery-wrapper-image gallery-wrapper-image-4\" onclick=\"showHideFotorama('custom-gallery_1', 4);\" style=\"background-color: #6a6871;\">\n                                                    <img decoding=\"async\" class=\"gallery-wrapper-image-small\" src=\"https:\/\/www.bivillage.com\/wp-content\/uploads\/2022\/09\/negozi-bivillage-croazia-03.jpg\" alt=\"\" title=\"negozi bivillage croazia 03\" \/>\n                            <\/figure>\n\n                                \n            <figure class=\"full-width gallery-wrapper-image gallery-wrapper-image-5\" onclick=\"showHideFotorama('custom-gallery_1', 5);\" style=\"background-color: #94735d;\">\n                                                    <img decoding=\"async\" class=\"gallery-wrapper-image-small\" src=\"https:\/\/www.bivillage.com\/wp-content\/uploads\/2022\/09\/negozi-bivillage-croazia-04.jpg\" alt=\"\" title=\"negozi bivillage croazia 04\" \/>\n                            <\/figure>\n\n                                \n            <figure class=\"full-width gallery-wrapper-image gallery-wrapper-image-6\" onclick=\"showHideFotorama('custom-gallery_1', 6);\" style=\"background-color: #7f6a64;\">\n                                                    <img decoding=\"async\" class=\"gallery-wrapper-image-small\" src=\"https:\/\/www.bivillage.com\/wp-content\/uploads\/2022\/09\/negozi-bivillage-croazia-05.jpg\" alt=\"\" title=\"negozi bivillage croazia 05\" \/>\n                            <\/figure>\n\n                                \n            <figure class=\"full-width gallery-wrapper-image gallery-wrapper-image-7\" onclick=\"showHideFotorama('custom-gallery_1', 7);\" style=\"background-color: #b79953;\">\n                                                    <img decoding=\"async\" class=\"gallery-wrapper-image-small\" src=\"https:\/\/www.bivillage.com\/wp-content\/uploads\/2022\/09\/negozi-bivillage-croazia-07.jpg\" alt=\"\" title=\"negozi bivillage croazia 07\" \/>\n                            <\/figure>\n\n                        <\/div>\n\n    <div style=\"width:1px;height:1px;position:absolute;\" name=\"fotorama\" id=\"custom-gallery_1\" class=\"fotorama\" data-width=\"100%\"  data-nav=\"thumbs\"  data-allowfullscreen=\"true\" >\n                            <img decoding=\"async\" src=\"https:\/\/www.bivillage.com\/wp-content\/uploads\/2022\/09\/parrucchiera-bivillage-croazia.jpg\" class=\"attachment-full skip-lazy\" data-caption=\"1\" \/>\n                                    <img decoding=\"async\" src=\"https:\/\/www.bivillage.com\/wp-content\/uploads\/2022\/09\/negozi-bivillage-croazia-01.jpg\" class=\"attachment-full skip-lazy\" data-caption=\"2\" \/>\n                                    <img decoding=\"async\" src=\"https:\/\/www.bivillage.com\/wp-content\/uploads\/2022\/09\/negozi-bivillage-croazia-02.jpg\" class=\"attachment-full skip-lazy\" data-caption=\"3\" \/>\n                                    <img decoding=\"async\" src=\"https:\/\/www.bivillage.com\/wp-content\/uploads\/2022\/09\/negozi-bivillage-croazia-06.jpg\" class=\"attachment-full skip-lazy\" data-caption=\"4\" \/>\n                                    <img decoding=\"async\" src=\"https:\/\/www.bivillage.com\/wp-content\/uploads\/2022\/09\/negozi-bivillage-croazia-03.jpg\" class=\"attachment-full skip-lazy\" data-caption=\"5\" \/>\n                                    <img decoding=\"async\" src=\"https:\/\/www.bivillage.com\/wp-content\/uploads\/2022\/09\/negozi-bivillage-croazia-04.jpg\" class=\"attachment-full skip-lazy\" data-caption=\"6\" \/>\n                                    <img decoding=\"async\" src=\"https:\/\/www.bivillage.com\/wp-content\/uploads\/2022\/09\/negozi-bivillage-croazia-05.jpg\" class=\"attachment-full skip-lazy\" data-caption=\"7\" \/>\n                                    <img decoding=\"async\" src=\"https:\/\/www.bivillage.com\/wp-content\/uploads\/2022\/09\/negozi-bivillage-croazia-07.jpg\" class=\"attachment-full skip-lazy\" data-caption=\"8\" \/>\n                    <\/div>\n\n\n","protected":false},"excerpt":{"rendered":"","protected":false},"author":1,"featured_media":18624,"parent":0,"menu_order":0,"comment_status":"closed","ping_status":"closed","template":"","meta":{"_acf_changed":false,"advgb_blocks_editor_width":"","advgb_blocks_columns_visual_guide":"","footnotes":""},"class_list":["post-18619","page","type-page","status-publish","has-post-thumbnail","hentry","entry"],"acf":[],"yoast_head":"<!-- This site is optimized with the Yoast SEO plugin v26.0 - https:\/\/yoast.com\/wordpress\/plugins\/seo\/ -->\n<title>Pasa\u017c handlowy | Camping Resort BiVillage w Fazana na Istrii<\/title>\n<meta name=\"description\" content=\"W Bivillage znajduje si\u0119 supermarket, bazar i sklep kempingowy, w kt\u00f3rym mo\u017cna kupi\u0107 odzie\u017c, akcesoria, obuwie i artyku\u0142y gospodarstwa domowego.\" \/>\n<meta name=\"robots\" content=\"index, follow, max-snippet:-1, max-image-preview:large, max-video-preview:-1\" \/>\n<link rel=\"canonical\" href=\"https:\/\/www.bivillage.com\/pl\/obszar-handlowy\/\" \/>\n<meta property=\"og:locale\" content=\"pl_PL\" \/>\n<meta property=\"og:type\" content=\"article\" \/>\n<meta property=\"og:title\" content=\"Pasa\u017c handlowy | Camping Resort BiVillage w Fazana na Istrii\" \/>\n<meta property=\"og:description\" content=\"W Bivillage znajduje si\u0119 supermarket, bazar i sklep kempingowy, w kt\u00f3rym mo\u017cna kupi\u0107 odzie\u017c, akcesoria, obuwie i artyku\u0142y gospodarstwa domowego.\" \/>\n<meta property=\"og:url\" content=\"https:\/\/www.bivillage.com\/pl\/obszar-handlowy\/\" \/>\n<meta property=\"og:site_name\" content=\"BiVillage\" \/>\n<meta property=\"article:publisher\" content=\"https:\/\/www.facebook.com\/BiVillageHolidayCenter\/\" \/>\n<meta property=\"article:modified_time\" content=\"2024-04-23T13:14:18+00:00\" \/>\n<meta property=\"og:image\" content=\"https:\/\/www.bivillage.com\/wp-content\/uploads\/2022\/08\/negozi-bivillage-croazia-banner-01.jpg\" \/>\n\t<meta property=\"og:image:width\" content=\"1920\" \/>\n\t<meta property=\"og:image:height\" content=\"1000\" \/>\n\t<meta property=\"og:image:type\" content=\"image\/jpeg\" \/>\n<meta name=\"twitter:card\" content=\"summary_large_image\" \/>\n<script type=\"application\/ld+json\" class=\"yoast-schema-graph\">{\"@context\":\"https:\/\/schema.org\",\"@graph\":[{\"@type\":\"WebPage\",\"@id\":\"https:\/\/www.bivillage.com\/pl\/obszar-handlowy\/\",\"url\":\"https:\/\/www.bivillage.com\/pl\/obszar-handlowy\/\",\"name\":\"Pasa\u017c handlowy | Camping Resort BiVillage w Fazana na Istrii\",\"isPartOf\":{\"@id\":\"https:\/\/www.bivillage.com\/pl\/#website\"},\"primaryImageOfPage\":{\"@id\":\"https:\/\/www.bivillage.com\/pl\/obszar-handlowy\/#primaryimage\"},\"image\":{\"@id\":\"https:\/\/www.bivillage.com\/pl\/obszar-handlowy\/#primaryimage\"},\"thumbnailUrl\":\"https:\/\/www.bivillage.com\/wp-content\/uploads\/2022\/08\/negozi-bivillage-croazia-banner-01.jpg\",\"datePublished\":\"2024-01-25T09:39:01+00:00\",\"dateModified\":\"2024-04-23T13:14:18+00:00\",\"description\":\"W Bivillage znajduje si\u0119 supermarket, bazar i sklep kempingowy, w kt\u00f3rym mo\u017cna kupi\u0107 odzie\u017c, akcesoria, obuwie i artyku\u0142y gospodarstwa domowego.\",\"breadcrumb\":{\"@id\":\"https:\/\/www.bivillage.com\/pl\/obszar-handlowy\/#breadcrumb\"},\"inLanguage\":\"pl-PL\",\"potentialAction\":[{\"@type\":\"ReadAction\",\"target\":[\"https:\/\/www.bivillage.com\/pl\/obszar-handlowy\/\"]}]},{\"@type\":\"ImageObject\",\"inLanguage\":\"pl-PL\",\"@id\":\"https:\/\/www.bivillage.com\/pl\/obszar-handlowy\/#primaryimage\",\"url\":\"https:\/\/www.bivillage.com\/wp-content\/uploads\/2022\/08\/negozi-bivillage-croazia-banner-01.jpg\",\"contentUrl\":\"https:\/\/www.bivillage.com\/wp-content\/uploads\/2022\/08\/negozi-bivillage-croazia-banner-01.jpg\",\"width\":1920,\"height\":1000},{\"@type\":\"BreadcrumbList\",\"@id\":\"https:\/\/www.bivillage.com\/pl\/obszar-handlowy\/#breadcrumb\",\"itemListElement\":[{\"@type\":\"ListItem\",\"position\":1,\"name\":\"Home\",\"item\":\"https:\/\/www.bivillage.com\/pl\/\"},{\"@type\":\"ListItem\",\"position\":2,\"name\":\"Pasa\u017c handlowy\"}]},{\"@type\":\"WebSite\",\"@id\":\"https:\/\/www.bivillage.com\/pl\/#website\",\"url\":\"https:\/\/www.bivillage.com\/pl\/\",\"name\":\"BiVillage\",\"description\":\"Fasana, ISTRIA\",\"publisher\":{\"@id\":\"https:\/\/www.bivillage.com\/pl\/#organization\"},\"potentialAction\":[{\"@type\":\"SearchAction\",\"target\":{\"@type\":\"EntryPoint\",\"urlTemplate\":\"https:\/\/www.bivillage.com\/pl\/?s={search_term_string}\"},\"query-input\":{\"@type\":\"PropertyValueSpecification\",\"valueRequired\":true,\"valueName\":\"search_term_string\"}}],\"inLanguage\":\"pl-PL\"},{\"@type\":\"Organization\",\"@id\":\"https:\/\/www.bivillage.com\/pl\/#organization\",\"name\":\"BiVillage\",\"alternateName\":\"bivillage\",\"url\":\"https:\/\/www.bivillage.com\/pl\/\",\"logo\":{\"@type\":\"ImageObject\",\"inLanguage\":\"pl-PL\",\"@id\":\"https:\/\/www.bivillage.com\/pl\/#\/schema\/logo\/image\/\",\"url\":\"https:\/\/www.bivillage.com\/wp-content\/uploads\/2022\/04\/logo-bivillage.png\",\"contentUrl\":\"https:\/\/www.bivillage.com\/wp-content\/uploads\/2022\/04\/logo-bivillage.png\",\"width\":973,\"height\":340,\"caption\":\"BiVillage\"},\"image\":{\"@id\":\"https:\/\/www.bivillage.com\/pl\/#\/schema\/logo\/image\/\"},\"sameAs\":[\"https:\/\/www.facebook.com\/BiVillageHolidayCenter\/\",\"https:\/\/www.instagram.com\/bivillage_holidayresort\/\",\"https:\/\/www.youtube.com\/channel\/UCu0whYLFWz1DQK-xiTLIuVw\",\"https:\/\/www.tiktok.com\/@bivillage\"]}]}<\/script>\n<!-- \/ Yoast SEO plugin. -->","yoast_head_json":{"title":"Pasa\u017c handlowy | Camping Resort BiVillage w Fazana na Istrii","description":"W Bivillage znajduje si\u0119 supermarket, bazar i sklep kempingowy, w kt\u00f3rym mo\u017cna kupi\u0107 odzie\u017c, akcesoria, obuwie i artyku\u0142y gospodarstwa domowego.","robots":{"index":"index","follow":"follow","max-snippet":"max-snippet:-1","max-image-preview":"max-image-preview:large","max-video-preview":"max-video-preview:-1"},"canonical":"https:\/\/www.bivillage.com\/pl\/obszar-handlowy\/","og_locale":"pl_PL","og_type":"article","og_title":"Pasa\u017c handlowy | Camping Resort BiVillage w Fazana na Istrii","og_description":"W Bivillage znajduje si\u0119 supermarket, bazar i sklep kempingowy, w kt\u00f3rym mo\u017cna kupi\u0107 odzie\u017c, akcesoria, obuwie i artyku\u0142y gospodarstwa domowego.","og_url":"https:\/\/www.bivillage.com\/pl\/obszar-handlowy\/","og_site_name":"BiVillage","article_publisher":"https:\/\/www.facebook.com\/BiVillageHolidayCenter\/","article_modified_time":"2024-04-23T13:14:18+00:00","og_image":[{"width":1920,"height":1000,"url":"https:\/\/www.bivillage.com\/wp-content\/uploads\/2022\/08\/negozi-bivillage-croazia-banner-01.jpg","type":"image\/jpeg"}],"twitter_card":"summary_large_image","schema":{"@context":"https:\/\/schema.org","@graph":[{"@type":"WebPage","@id":"https:\/\/www.bivillage.com\/pl\/obszar-handlowy\/","url":"https:\/\/www.bivillage.com\/pl\/obszar-handlowy\/","name":"Pasa\u017c handlowy | Camping Resort BiVillage w Fazana na Istrii","isPartOf":{"@id":"https:\/\/www.bivillage.com\/pl\/#website"},"primaryImageOfPage":{"@id":"https:\/\/www.bivillage.com\/pl\/obszar-handlowy\/#primaryimage"},"image":{"@id":"https:\/\/www.bivillage.com\/pl\/obszar-handlowy\/#primaryimage"},"thumbnailUrl":"https:\/\/www.bivillage.com\/wp-content\/uploads\/2022\/08\/negozi-bivillage-croazia-banner-01.jpg","datePublished":"2024-01-25T09:39:01+00:00","dateModified":"2024-04-23T13:14:18+00:00","description":"W Bivillage znajduje si\u0119 supermarket, bazar i sklep kempingowy, w kt\u00f3rym mo\u017cna kupi\u0107 odzie\u017c, akcesoria, obuwie i artyku\u0142y gospodarstwa domowego.","breadcrumb":{"@id":"https:\/\/www.bivillage.com\/pl\/obszar-handlowy\/#breadcrumb"},"inLanguage":"pl-PL","potentialAction":[{"@type":"ReadAction","target":["https:\/\/www.bivillage.com\/pl\/obszar-handlowy\/"]}]},{"@type":"ImageObject","inLanguage":"pl-PL","@id":"https:\/\/www.bivillage.com\/pl\/obszar-handlowy\/#primaryimage","url":"https:\/\/www.bivillage.com\/wp-content\/uploads\/2022\/08\/negozi-bivillage-croazia-banner-01.jpg","contentUrl":"https:\/\/www.bivillage.com\/wp-content\/uploads\/2022\/08\/negozi-bivillage-croazia-banner-01.jpg","width":1920,"height":1000},{"@type":"BreadcrumbList","@id":"https:\/\/www.bivillage.com\/pl\/obszar-handlowy\/#breadcrumb","itemListElement":[{"@type":"ListItem","position":1,"name":"Home","item":"https:\/\/www.bivillage.com\/pl\/"},{"@type":"ListItem","position":2,"name":"Pasa\u017c handlowy"}]},{"@type":"WebSite","@id":"https:\/\/www.bivillage.com\/pl\/#website","url":"https:\/\/www.bivillage.com\/pl\/","name":"BiVillage","description":"Fasana, ISTRIA","publisher":{"@id":"https:\/\/www.bivillage.com\/pl\/#organization"},"potentialAction":[{"@type":"SearchAction","target":{"@type":"EntryPoint","urlTemplate":"https:\/\/www.bivillage.com\/pl\/?s={search_term_string}"},"query-input":{"@type":"PropertyValueSpecification","valueRequired":true,"valueName":"search_term_string"}}],"inLanguage":"pl-PL"},{"@type":"Organization","@id":"https:\/\/www.bivillage.com\/pl\/#organization","name":"BiVillage","alternateName":"bivillage","url":"https:\/\/www.bivillage.com\/pl\/","logo":{"@type":"ImageObject","inLanguage":"pl-PL","@id":"https:\/\/www.bivillage.com\/pl\/#\/schema\/logo\/image\/","url":"https:\/\/www.bivillage.com\/wp-content\/uploads\/2022\/04\/logo-bivillage.png","contentUrl":"https:\/\/www.bivillage.com\/wp-content\/uploads\/2022\/04\/logo-bivillage.png","width":973,"height":340,"caption":"BiVillage"},"image":{"@id":"https:\/\/www.bivillage.com\/pl\/#\/schema\/logo\/image\/"},"sameAs":["https:\/\/www.facebook.com\/BiVillageHolidayCenter\/","https:\/\/www.instagram.com\/bivillage_holidayresort\/","https:\/\/www.youtube.com\/channel\/UCu0whYLFWz1DQK-xiTLIuVw","https:\/\/www.tiktok.com\/@bivillage"]}]}},"coauthors":[],"author_meta":{"author_link":"https:\/\/www.bivillage.com\/pl\/news\/author\/admin\/","display_name":"admin"},"relative_dates":{"created":"Posted 2 lata ago","modified":"Updated 2 lata ago"},"absolute_dates":{"created":"Posted on 25 stycznia, 2024","modified":"Updated on 23 kwietnia, 2024"},"absolute_dates_time":{"created":"Posted on 25 stycznia, 2024 10:39 am","modified":"Updated on 23 kwietnia, 2024 3:14 pm"},"featured_img_caption":"","featured_img":"https:\/\/www.bivillage.com\/wp-content\/uploads\/2022\/08\/negozi-bivillage-croazia-banner-01-1568x817.jpg","series_order":"","_links":{"self":[{"href":"https:\/\/www.bivillage.com\/pl\/wp-json\/wp\/v2\/pages\/18619","targetHints":{"allow":["GET"]}}],"collection":[{"href":"https:\/\/www.bivillage.com\/pl\/wp-json\/wp\/v2\/pages"}],"about":[{"href":"https:\/\/www.bivillage.com\/pl\/wp-json\/wp\/v2\/types\/page"}],"author":[{"embeddable":true,"href":"https:\/\/www.bivillage.com\/pl\/wp-json\/wp\/v2\/users\/1"}],"replies":[{"embeddable":true,"href":"https:\/\/www.bivillage.com\/pl\/wp-json\/wp\/v2\/comments?post=18619"}],"version-history":[{"count":0,"href":"https:\/\/www.bivillage.com\/pl\/wp-json\/wp\/v2\/pages\/18619\/revisions"}],"wp:featuredmedia":[{"embeddable":true,"href":"https:\/\/www.bivillage.com\/pl\/wp-json\/wp\/v2\/media\/18624"}],"wp:attachment":[{"href":"https:\/\/www.bivillage.com\/pl\/wp-json\/wp\/v2\/media?parent=18619"}],"curies":[{"name":"wp","href":"https:\/\/api.w.org\/{rel}","templated":true}]}}