{"id":18568,"date":"2024-01-25T10:38:46","date_gmt":"2024-01-25T09:38:46","guid":{"rendered":"https:\/\/www.bivillage.com\/co-zobaczyc-w-poblizu-miejsca-takiego-jak-fazana\/"},"modified":"2024-02-17T19:46:09","modified_gmt":"2024-02-17T18:46:09","slug":"co-zobaczyc-w-poblizu-miejsca-takiego-jak-fazana","status":"publish","type":"page","link":"https:\/\/www.bivillage.com\/pl\/co-zobaczyc-w-poblizu-miejsca-takiego-jak-fazana\/","title":{"rendered":"Co zobaczy\u0107 w pobli\u017cu miejsca takiego jak Fa\u017eana"},"content":{"rendered":"<div  class=\"grids-section row-elenchi grids-is-advanced alignfull\" style=\"--_gs-gap-desktop:0px 0px;--_gs-m-desktop:0 0 0 0;--_gs-p-desktop:0 0 0 0;--_gs-bg-desktop:transparent none;--_gs-bg-xp-desktop:0px;--_gs-zi-desktop:auto;--_gs-d-desktop:block;--_gs-mw-desktop:calc(100% - 0 - 0);--_gs-gap-tablet:0px 0px;--_gs-m-tablet:0 0 0 0;--_gs-p-tablet:0 0 0 0;--_gs-bg-tablet:transparent none;--_gs-bg-xp-tablet:0px;--_gs-zi-tablet:auto;--_gs-d-tablet:block;--_gs-mw-tablet:calc(100% - 0 - 0);--_gs-gap-mobile:0px 0px;--_gs-m-mobile:0 0 0 0;--_gs-p-mobile:0 0 0 0;--_gs-bg-mobile:transparent none;--_gs-bg-xp-mobile:0px;--_gs-zi-mobile:auto;--_gs-d-mobile:block;--_gs-mw-mobile:calc(100% - 0 - 0);--_gs-columns:12;--_gs-rows:6\"><div class=\"grids-s-w_i\">\n<div class=\"grids-area\" style=\"--_ga-column:2\/12;--_ga-row:1\/3;--_ga-m-desktop:0 0 0 0;--_ga-p-desktop:0 0 0 0;--_ga-bg-desktop:transparent none;--_ga-zi-desktop:auto;--_ga-d-desktop:flex;--_ga-mw-desktop:calc(100% - 0 - 0);--_ga-m-tablet:0 0 0 0;--_ga-p-tablet:0 0 0 0;--_ga-bg-tablet:transparent none;--_ga-zi-tablet:auto;--_ga-d-tablet:flex;--_ga-mw-tablet:calc(100% - 0 - 0);--_ga-m-mobile:0 0 0 0;--_ga-p-mobile:0 0 0 0;--_ga-bg-mobile:transparent none;--_ga-zi-mobile:auto;--_ga-d-mobile:flex;--_ga-mw-mobile:calc(100% - 0 - 0)\">\n\n<h2 class=\"has-text-align-center wp-block-heading\">Odkryj Fa\u017ean\u0119 i jej okolice!<\/h2>\n\n\n\n<p><strong>Odkrywanie Fa\u017eany i jej okolic <\/strong>to spos\u00f3b na docenienie naturalnego pi\u0119kna i dziedzictwa kulturowego tego obszaru, a tak\u017ce jego bogatej historii.<\/p>\n\n\n\n<p>Z <strong>pi\u0119knymi pla\u017cami, zapieraj\u0105cymi dech w piersiach widokami i pysznym jedzeniem<\/strong>, warto po\u015bwi\u0119ci\u0107 troch\u0119 czasu na zwiedzanie tej fantastycznej cz\u0119\u015bci Chorwacji.<\/p>\n\n<\/div>\n<\/div><\/div>\t<div id=\"boxTextSlider_2\" class=\"box-text-slider-container-wrapper  \" style=\"background-image: url(https:\/\/www.bivillage.com\/wp-content\/uploads\/2023\/01\/mare-costiera-dall-alto-croazia.jpg);--box-text-bck-color: #0a0a0a;--box-text-color: #ffffff;\">\n\n\t\t<div class=\"box-text-slider_content\">\n\t\t\t<h3>FASANA I OKOLICE<\/h3>\n<h2>Odkryj magi\u0119 wybrze\u017ca Istrii i jego okolic<\/h2>\n<p>Odkrywanie magii wybrze\u017ca Istrii i jego okolic to \u015bwietny spos\u00f3b na sp\u0119dzenie wakacji.<\/p>\n<p>Z nami b\u0119dziesz mia\u0142 okazj\u0119 odkry\u0107 jeden z najpi\u0119kniejszych nadmorskich kurort\u00f3w w Chorwacji.<\/p>\n<p>Oto <b>najlepsze miejsca<\/b> na najlepsze wakacje, wraz z<b> planem podr\u00f3\u017cy<\/b> bezpo\u015brednio od <b>Bi Village!<\/b><\/p>\n<p>\u00a0<\/p>\n\t\t<\/div>\n\n\t\t\t\t\t<div class=\"box-text-slider_slider\">\n\t\t\t\t<div class=\"swiper-wrapper\">\n\t\t\t\t\t\t\t\t\t\t\t\t\t\t\t\t\t<div class=\"box-text-slider_slider_slide swiper-slide\">\n\n\t\t\t\t\t\t\t\t\t\t\t\t\t\t\t<figure class=\"full-width\" style=\"background-color: #477c91;\">\n\t\t\t\t\t\t\t\t\t<img decoding=\"async\" src=\"https:\/\/www.bivillage.com\/wp-content\/uploads\/2023\/01\/fasana-croazia.jpg\" alt=\"\" title=\"fasana-croazia\" \/>\n\t\t\t\t\t\t\t\t<\/figure>\n\t\t\t\t\t\t\t\n\t\t\t\t\t\t\t\n\t\t\t\t\t\t\t\t\t\t\t\t\t\t\t\t\t<div class=\"box-text-slider_slider_slide_btn\">\n\t\t\t\t\t\t\t\t\t\t<a href=\"https:\/\/www.bivillage.com\/pl\/5-rzeczy-do-zrobienia-w-miescie-fazana\/\" class=\"btn btn-white\" >\n\t\t\t\t\t\t\t\t\t\t\t5 rzeczy do zrobienia w mie\u015bcie Fa\u017eana\t\t\t\t\t\t\t\t\t\t<\/a>\n\t\t\t\t\t\t\t\t\t\t\t\t\t\t\t\t\n\t\t\t\t\t\t\t\t<\/div>\n\t\t\t\t\t\t\t\t\t\t\t\t\t<\/div>\n\t\t\t\t\t\t\n\t\t\t\t\t\t\t\t\t\t\t\t\t\t\t\t\t<div class=\"box-text-slider_slider_slide swiper-slide\">\n\n\t\t\t\t\t\t\t\t\t\t\t\t\t\t\t<figure class=\"full-width\" style=\"background-color: #174d6a;\">\n\t\t\t\t\t\t\t\t\t<img decoding=\"async\" src=\"https:\/\/www.bivillage.com\/wp-content\/uploads\/2022\/08\/isole-brioni.jpg\" alt=\"\" title=\"isole brioni\" \/>\n\t\t\t\t\t\t\t\t<\/figure>\n\t\t\t\t\t\t\t\n\t\t\t\t\t\t\t\n\t\t\t\t\t\t\t\t\t\t\t\t\t\t\t\t\t<div class=\"box-text-slider_slider_slide_btn\">\n\t\t\t\t\t\t\t\t\t\t<a href=\"https:\/\/www.bivillage.com\/pl\/co-warto-zobaczyc-na-wyspach-brijuni\/\" class=\"btn btn-white\" >\n\t\t\t\t\t\t\t\t\t\t\tCo warto zobaczy\u0107 na wyspach Brijuni?\t\t\t\t\t\t\t\t\t\t<\/a>\n\t\t\t\t\t\t\t\t\t\t\t\t\t\t\t\t\n\t\t\t\t\t\t\t\t<\/div>\n\t\t\t\t\t\t\t\t\t\t\t\t\t<\/div>\n\t\t\t\t\t\t\n\t\t\t\t\t\t\t\t\t<\/div>\n\t\t\t\t\n\t\t\t\t\t\t\t\t\t<div class=\"slider-list-navigation\">\n\t\t\t\t\t\t<div class=\"swiper-button-next\"><\/div>\n\t\t\t\t\t\t<div class=\"swiper-button-prev\"><\/div>\n\t\t\t\t\t<\/div>\n\t\t\t\t\t\t\t<\/div>\n\t\t\t<\/div>\n\n\t\t\t<script type=\"text\/javascript\">\n\t\t\tjQuery(document).ready(function () {\n\t\t\t\t\/\/ initialize swiper when document ready\n\t\t\t\tvar boxTextSlider_2 = new Swiper ('#boxTextSlider_2 .box-text-slider_slider', {\n\t\t\t\t\tslidesPerView: 'auto',\n\t\t\t\t\tspaceBetween: 50,\n\t\t\t\t\tobserver: true,\n\t\t\t\t\tobserveParents: true,\n\t\t\t\t\tnavigation: {\n\t\t\t\t\t\tnextEl: '#boxTextSlider_2 .box-text-slider_slider .slider-list-navigation .swiper-button-next',\n\t\t\t\t\t\tprevEl: '#boxTextSlider_2 .box-text-slider_slider .slider-list-navigation .swiper-button-prev',\n\t\t\t\t\t}\n\t\t\t\t});\n\t\t\t});\n\t\t<\/script>\n\t\n\n<div  class=\"grids-section grids-is-advanced alignwide\" style=\"--_gs-gap-desktop:0px 0px;--_gs-m-desktop:0 0 0 0;--_gs-p-desktop:0 0 0 0;--_gs-bg-desktop:transparent none;--_gs-bg-xp-desktop:0px;--_gs-zi-desktop:auto;--_gs-d-desktop:block;--_gs-mw-desktop:calc(100% - 0 - 0);--_gs-gap-tablet:0px 0px;--_gs-m-tablet:0 0 0 0;--_gs-p-tablet:0 0 0 0;--_gs-bg-tablet:transparent none;--_gs-bg-xp-tablet:0px;--_gs-zi-tablet:auto;--_gs-d-tablet:block;--_gs-mw-tablet:calc(100% - 0 - 0);--_gs-gap-mobile:0px 0px;--_gs-m-mobile:0 0 0 0;--_gs-p-mobile:0 0 0 0;--_gs-bg-mobile:transparent none;--_gs-bg-xp-mobile:0px;--_gs-zi-mobile:auto;--_gs-d-mobile:block;--_gs-mw-mobile:calc(100% - 0 - 0);--_gs-columns:12;--_gs-rows:6\"><div class=\"grids-s-w_i\">\n<div class=\"grids-area\" style=\"--_ga-column:2\/12;--_ga-row:1\/7;--_ga-m-desktop:0 0 0 0;--_ga-p-desktop:0 0 0 0;--_ga-bg-desktop:transparent none;--_ga-zi-desktop:auto;--_ga-d-desktop:flex;--_ga-mw-desktop:calc(100% - 0 - 0);--_ga-m-tablet:0 0 0 0;--_ga-p-tablet:0 0 0 0;--_ga-bg-tablet:transparent none;--_ga-zi-tablet:auto;--_ga-d-tablet:flex;--_ga-mw-tablet:calc(100% - 0 - 0);--_ga-m-mobile:0 0 0 0;--_ga-p-mobile:0 0 0 0;--_ga-bg-mobile:transparent none;--_ga-zi-mobile:auto;--_ga-d-mobile:flex;--_ga-mw-mobile:calc(100% - 0 - 0)\">\n\n<p>Wakacje w Fa\u017eana czekaj\u0105 na Ciebie! Oto kilka wskaz\u00f3wek na temat <strong>tras rowerowych lub samochodowych<\/strong>, aby odwiedzi\u0107 <strong>najciekawsze miejsca, zaczynaj\u0105c od Bi Village<\/strong>.<\/p>\n\n\n\n                        <div class=\"related-pages-container\">\n                                                        <div class=\"single-related-page-container\">\n                        <figure class=\"full-width\" style=\"background-color: #1775b0;\">\n                            <img decoding=\"async\" src=\"https:\/\/www.bivillage.com\/wp-content\/uploads\/2022\/08\/servizi-in-spiaggia-bivillage-croazia-banner.jpg\" height=\"1000\" width=\"1920\" \/>\n                        <\/figure>\n                        <a href=\"https:\/\/www.bivillage.com\/pl\/news\/nagrody\/bivillage-wsrod-25-najlepszych-osrodkow-kempingowych-w-chorwacji\/\">\n                            <h2 class=\"related-page-title\">\n                                BiVillage w\u015br\u00f3d 25 najlepszych o\u015brodk\u00f3w kempingowych w Chorwacji!                            <\/h2>\n                            <span class=\"border-bottom\"><\/span>\n                        <\/a>\n                    <\/div>\n                                                        <div class=\"single-related-page-container\">\n                        <figure class=\"full-width\" style=\"background-color: #929585;\">\n                            <img decoding=\"async\" src=\"https:\/\/www.bivillage.com\/wp-content\/uploads\/2022\/08\/bivillage-croazia-bike-friendly.jpg\" height=\"1000\" width=\"1920\" \/>\n                        <\/figure>\n                        <a href=\"https:\/\/www.bivillage.com\/pl\/wakacje-przyjazne-rowerzystom\/\">\n                            <h2 class=\"related-page-title\">\n                                Wakacje przyjazne rowerzystom                            <\/h2>\n                            <span class=\"border-bottom\"><\/span>\n                        <\/a>\n                    <\/div>\n                                                        <div class=\"single-related-page-container\">\n                        <figure class=\"full-width\" style=\"background-color: #4e7b9b;\">\n                            <img decoding=\"async\" src=\"https:\/\/www.bivillage.com\/wp-content\/uploads\/2022\/08\/camping-resort-bivillage-croazia-banner.jpg\" height=\"1000\" width=\"1950\" \/>\n                        <\/figure>\n                        <a href=\"https:\/\/www.bivillage.com\/pl\/nasza-wioska\/\">\n                            <h2 class=\"related-page-title\">\n                                Nasz o\u015brodek                            <\/h2>\n                            <span class=\"border-bottom\"><\/span>\n                        <\/a>\n                    <\/div>\n                            <\/div>\n            \n\n<\/div>\n<\/div><\/div>","protected":false},"excerpt":{"rendered":"","protected":false},"author":9,"featured_media":18569,"parent":0,"menu_order":0,"comment_status":"closed","ping_status":"closed","template":"","meta":{"_acf_changed":false,"advgb_blocks_editor_width":"","advgb_blocks_columns_visual_guide":"","footnotes":""},"class_list":["post-18568","page","type-page","status-publish","has-post-thumbnail","hentry","entry"],"acf":[],"yoast_head":"<!-- This site is optimized with the Yoast SEO plugin v26.0 - https:\/\/yoast.com\/wordpress\/plugins\/seo\/ -->\n<title>5 rzeczy do zrobienia w Fa\u017eanie: przyroda, sztuka i historia | BiVillage<\/title>\n<meta name=\"description\" content=\"Zastanawiasz si\u0119 nad odwiedzeniem Fa\u017eana? Lista rzeczy do zrobienia w tym uroczym miasteczku na po\u0142udniu Istrii nie ma ko\u0144ca. Dowiedz si\u0119!\" \/>\n<meta name=\"robots\" content=\"index, follow, max-snippet:-1, max-image-preview:large, max-video-preview:-1\" \/>\n<link rel=\"canonical\" href=\"https:\/\/www.bivillage.com\/pl\/co-zobaczyc-w-poblizu-miejsca-takiego-jak-fazana\/\" \/>\n<meta property=\"og:locale\" content=\"pl_PL\" \/>\n<meta property=\"og:type\" content=\"article\" \/>\n<meta property=\"og:title\" content=\"5 rzeczy do zrobienia w Fa\u017eanie: przyroda, sztuka i historia | BiVillage\" \/>\n<meta property=\"og:description\" content=\"Zastanawiasz si\u0119 nad odwiedzeniem Fa\u017eana? Lista rzeczy do zrobienia w tym uroczym miasteczku na po\u0142udniu Istrii nie ma ko\u0144ca. Dowiedz si\u0119!\" \/>\n<meta property=\"og:url\" content=\"https:\/\/www.bivillage.com\/pl\/co-zobaczyc-w-poblizu-miejsca-takiego-jak-fazana\/\" \/>\n<meta property=\"og:site_name\" content=\"BiVillage\" \/>\n<meta property=\"article:publisher\" content=\"https:\/\/www.facebook.com\/BiVillageHolidayCenter\/\" \/>\n<meta property=\"article:modified_time\" content=\"2024-02-17T18:46:09+00:00\" \/>\n<meta property=\"og:image\" content=\"https:\/\/www.bivillage.com\/wp-content\/uploads\/2023\/01\/molo-fasana-croazia.jpg\" \/>\n\t<meta property=\"og:image:width\" content=\"1000\" \/>\n\t<meta property=\"og:image:height\" content=\"666\" \/>\n\t<meta property=\"og:image:type\" content=\"image\/jpeg\" \/>\n<meta name=\"twitter:card\" content=\"summary_large_image\" \/>\n<script type=\"application\/ld+json\" class=\"yoast-schema-graph\">{\"@context\":\"https:\/\/schema.org\",\"@graph\":[{\"@type\":\"WebPage\",\"@id\":\"https:\/\/www.bivillage.com\/pl\/co-zobaczyc-w-poblizu-miejsca-takiego-jak-fazana\/\",\"url\":\"https:\/\/www.bivillage.com\/pl\/co-zobaczyc-w-poblizu-miejsca-takiego-jak-fazana\/\",\"name\":\"5 rzeczy do zrobienia w Fa\u017eanie: przyroda, sztuka i historia | BiVillage\",\"isPartOf\":{\"@id\":\"https:\/\/www.bivillage.com\/pl\/#website\"},\"primaryImageOfPage\":{\"@id\":\"https:\/\/www.bivillage.com\/pl\/co-zobaczyc-w-poblizu-miejsca-takiego-jak-fazana\/#primaryimage\"},\"image\":{\"@id\":\"https:\/\/www.bivillage.com\/pl\/co-zobaczyc-w-poblizu-miejsca-takiego-jak-fazana\/#primaryimage\"},\"thumbnailUrl\":\"https:\/\/www.bivillage.com\/wp-content\/uploads\/2023\/01\/molo-fasana-croazia.jpg\",\"datePublished\":\"2024-01-25T09:38:46+00:00\",\"dateModified\":\"2024-02-17T18:46:09+00:00\",\"description\":\"Zastanawiasz si\u0119 nad odwiedzeniem Fa\u017eana? Lista rzeczy do zrobienia w tym uroczym miasteczku na po\u0142udniu Istrii nie ma ko\u0144ca. Dowiedz si\u0119!\",\"breadcrumb\":{\"@id\":\"https:\/\/www.bivillage.com\/pl\/co-zobaczyc-w-poblizu-miejsca-takiego-jak-fazana\/#breadcrumb\"},\"inLanguage\":\"pl-PL\",\"potentialAction\":[{\"@type\":\"ReadAction\",\"target\":[\"https:\/\/www.bivillage.com\/pl\/co-zobaczyc-w-poblizu-miejsca-takiego-jak-fazana\/\"]}]},{\"@type\":\"ImageObject\",\"inLanguage\":\"pl-PL\",\"@id\":\"https:\/\/www.bivillage.com\/pl\/co-zobaczyc-w-poblizu-miejsca-takiego-jak-fazana\/#primaryimage\",\"url\":\"https:\/\/www.bivillage.com\/wp-content\/uploads\/2023\/01\/molo-fasana-croazia.jpg\",\"contentUrl\":\"https:\/\/www.bivillage.com\/wp-content\/uploads\/2023\/01\/molo-fasana-croazia.jpg\",\"width\":1000,\"height\":666},{\"@type\":\"BreadcrumbList\",\"@id\":\"https:\/\/www.bivillage.com\/pl\/co-zobaczyc-w-poblizu-miejsca-takiego-jak-fazana\/#breadcrumb\",\"itemListElement\":[{\"@type\":\"ListItem\",\"position\":1,\"name\":\"Home\",\"item\":\"https:\/\/www.bivillage.com\/pl\/\"},{\"@type\":\"ListItem\",\"position\":2,\"name\":\"Co zobaczy\u0107 w pobli\u017cu miejsca takiego jak Fa\u017eana\"}]},{\"@type\":\"WebSite\",\"@id\":\"https:\/\/www.bivillage.com\/pl\/#website\",\"url\":\"https:\/\/www.bivillage.com\/pl\/\",\"name\":\"BiVillage\",\"description\":\"Fasana, ISTRIA\",\"publisher\":{\"@id\":\"https:\/\/www.bivillage.com\/pl\/#organization\"},\"potentialAction\":[{\"@type\":\"SearchAction\",\"target\":{\"@type\":\"EntryPoint\",\"urlTemplate\":\"https:\/\/www.bivillage.com\/pl\/?s={search_term_string}\"},\"query-input\":{\"@type\":\"PropertyValueSpecification\",\"valueRequired\":true,\"valueName\":\"search_term_string\"}}],\"inLanguage\":\"pl-PL\"},{\"@type\":\"Organization\",\"@id\":\"https:\/\/www.bivillage.com\/pl\/#organization\",\"name\":\"BiVillage\",\"alternateName\":\"bivillage\",\"url\":\"https:\/\/www.bivillage.com\/pl\/\",\"logo\":{\"@type\":\"ImageObject\",\"inLanguage\":\"pl-PL\",\"@id\":\"https:\/\/www.bivillage.com\/pl\/#\/schema\/logo\/image\/\",\"url\":\"https:\/\/www.bivillage.com\/wp-content\/uploads\/2022\/04\/logo-bivillage.png\",\"contentUrl\":\"https:\/\/www.bivillage.com\/wp-content\/uploads\/2022\/04\/logo-bivillage.png\",\"width\":973,\"height\":340,\"caption\":\"BiVillage\"},\"image\":{\"@id\":\"https:\/\/www.bivillage.com\/pl\/#\/schema\/logo\/image\/\"},\"sameAs\":[\"https:\/\/www.facebook.com\/BiVillageHolidayCenter\/\",\"https:\/\/www.instagram.com\/bivillage_holidayresort\/\",\"https:\/\/www.youtube.com\/channel\/UCu0whYLFWz1DQK-xiTLIuVw\",\"https:\/\/www.tiktok.com\/@bivillage\"]}]}<\/script>\n<!-- \/ Yoast SEO plugin. -->","yoast_head_json":{"title":"5 rzeczy do zrobienia w Fa\u017eanie: przyroda, sztuka i historia | BiVillage","description":"Zastanawiasz si\u0119 nad odwiedzeniem Fa\u017eana? Lista rzeczy do zrobienia w tym uroczym miasteczku na po\u0142udniu Istrii nie ma ko\u0144ca. Dowiedz si\u0119!","robots":{"index":"index","follow":"follow","max-snippet":"max-snippet:-1","max-image-preview":"max-image-preview:large","max-video-preview":"max-video-preview:-1"},"canonical":"https:\/\/www.bivillage.com\/pl\/co-zobaczyc-w-poblizu-miejsca-takiego-jak-fazana\/","og_locale":"pl_PL","og_type":"article","og_title":"5 rzeczy do zrobienia w Fa\u017eanie: przyroda, sztuka i historia | BiVillage","og_description":"Zastanawiasz si\u0119 nad odwiedzeniem Fa\u017eana? Lista rzeczy do zrobienia w tym uroczym miasteczku na po\u0142udniu Istrii nie ma ko\u0144ca. Dowiedz si\u0119!","og_url":"https:\/\/www.bivillage.com\/pl\/co-zobaczyc-w-poblizu-miejsca-takiego-jak-fazana\/","og_site_name":"BiVillage","article_publisher":"https:\/\/www.facebook.com\/BiVillageHolidayCenter\/","article_modified_time":"2024-02-17T18:46:09+00:00","og_image":[{"width":1000,"height":666,"url":"https:\/\/www.bivillage.com\/wp-content\/uploads\/2023\/01\/molo-fasana-croazia.jpg","type":"image\/jpeg"}],"twitter_card":"summary_large_image","schema":{"@context":"https:\/\/schema.org","@graph":[{"@type":"WebPage","@id":"https:\/\/www.bivillage.com\/pl\/co-zobaczyc-w-poblizu-miejsca-takiego-jak-fazana\/","url":"https:\/\/www.bivillage.com\/pl\/co-zobaczyc-w-poblizu-miejsca-takiego-jak-fazana\/","name":"5 rzeczy do zrobienia w Fa\u017eanie: przyroda, sztuka i historia | BiVillage","isPartOf":{"@id":"https:\/\/www.bivillage.com\/pl\/#website"},"primaryImageOfPage":{"@id":"https:\/\/www.bivillage.com\/pl\/co-zobaczyc-w-poblizu-miejsca-takiego-jak-fazana\/#primaryimage"},"image":{"@id":"https:\/\/www.bivillage.com\/pl\/co-zobaczyc-w-poblizu-miejsca-takiego-jak-fazana\/#primaryimage"},"thumbnailUrl":"https:\/\/www.bivillage.com\/wp-content\/uploads\/2023\/01\/molo-fasana-croazia.jpg","datePublished":"2024-01-25T09:38:46+00:00","dateModified":"2024-02-17T18:46:09+00:00","description":"Zastanawiasz si\u0119 nad odwiedzeniem Fa\u017eana? Lista rzeczy do zrobienia w tym uroczym miasteczku na po\u0142udniu Istrii nie ma ko\u0144ca. Dowiedz si\u0119!","breadcrumb":{"@id":"https:\/\/www.bivillage.com\/pl\/co-zobaczyc-w-poblizu-miejsca-takiego-jak-fazana\/#breadcrumb"},"inLanguage":"pl-PL","potentialAction":[{"@type":"ReadAction","target":["https:\/\/www.bivillage.com\/pl\/co-zobaczyc-w-poblizu-miejsca-takiego-jak-fazana\/"]}]},{"@type":"ImageObject","inLanguage":"pl-PL","@id":"https:\/\/www.bivillage.com\/pl\/co-zobaczyc-w-poblizu-miejsca-takiego-jak-fazana\/#primaryimage","url":"https:\/\/www.bivillage.com\/wp-content\/uploads\/2023\/01\/molo-fasana-croazia.jpg","contentUrl":"https:\/\/www.bivillage.com\/wp-content\/uploads\/2023\/01\/molo-fasana-croazia.jpg","width":1000,"height":666},{"@type":"BreadcrumbList","@id":"https:\/\/www.bivillage.com\/pl\/co-zobaczyc-w-poblizu-miejsca-takiego-jak-fazana\/#breadcrumb","itemListElement":[{"@type":"ListItem","position":1,"name":"Home","item":"https:\/\/www.bivillage.com\/pl\/"},{"@type":"ListItem","position":2,"name":"Co zobaczy\u0107 w pobli\u017cu miejsca takiego jak Fa\u017eana"}]},{"@type":"WebSite","@id":"https:\/\/www.bivillage.com\/pl\/#website","url":"https:\/\/www.bivillage.com\/pl\/","name":"BiVillage","description":"Fasana, ISTRIA","publisher":{"@id":"https:\/\/www.bivillage.com\/pl\/#organization"},"potentialAction":[{"@type":"SearchAction","target":{"@type":"EntryPoint","urlTemplate":"https:\/\/www.bivillage.com\/pl\/?s={search_term_string}"},"query-input":{"@type":"PropertyValueSpecification","valueRequired":true,"valueName":"search_term_string"}}],"inLanguage":"pl-PL"},{"@type":"Organization","@id":"https:\/\/www.bivillage.com\/pl\/#organization","name":"BiVillage","alternateName":"bivillage","url":"https:\/\/www.bivillage.com\/pl\/","logo":{"@type":"ImageObject","inLanguage":"pl-PL","@id":"https:\/\/www.bivillage.com\/pl\/#\/schema\/logo\/image\/","url":"https:\/\/www.bivillage.com\/wp-content\/uploads\/2022\/04\/logo-bivillage.png","contentUrl":"https:\/\/www.bivillage.com\/wp-content\/uploads\/2022\/04\/logo-bivillage.png","width":973,"height":340,"caption":"BiVillage"},"image":{"@id":"https:\/\/www.bivillage.com\/pl\/#\/schema\/logo\/image\/"},"sameAs":["https:\/\/www.facebook.com\/BiVillageHolidayCenter\/","https:\/\/www.instagram.com\/bivillage_holidayresort\/","https:\/\/www.youtube.com\/channel\/UCu0whYLFWz1DQK-xiTLIuVw","https:\/\/www.tiktok.com\/@bivillage"]}]}},"coauthors":[],"author_meta":{"author_link":"https:\/\/www.bivillage.com\/pl\/news\/author\/chiara-zamuner\/","display_name":"chiara.zamuner"},"relative_dates":{"created":"Posted 2 lata ago","modified":"Updated 2 lata ago"},"absolute_dates":{"created":"Posted on 25 stycznia, 2024","modified":"Updated on 17 lutego, 2024"},"absolute_dates_time":{"created":"Posted on 25 stycznia, 2024 10:38 am","modified":"Updated on 17 lutego, 2024 7:46 pm"},"featured_img_caption":"","featured_img":"https:\/\/www.bivillage.com\/wp-content\/uploads\/2023\/01\/molo-fasana-croazia.jpg","series_order":"","_links":{"self":[{"href":"https:\/\/www.bivillage.com\/pl\/wp-json\/wp\/v2\/pages\/18568","targetHints":{"allow":["GET"]}}],"collection":[{"href":"https:\/\/www.bivillage.com\/pl\/wp-json\/wp\/v2\/pages"}],"about":[{"href":"https:\/\/www.bivillage.com\/pl\/wp-json\/wp\/v2\/types\/page"}],"author":[{"embeddable":true,"href":"https:\/\/www.bivillage.com\/pl\/wp-json\/wp\/v2\/users\/9"}],"replies":[{"embeddable":true,"href":"https:\/\/www.bivillage.com\/pl\/wp-json\/wp\/v2\/comments?post=18568"}],"version-history":[{"count":0,"href":"https:\/\/www.bivillage.com\/pl\/wp-json\/wp\/v2\/pages\/18568\/revisions"}],"wp:featuredmedia":[{"embeddable":true,"href":"https:\/\/www.bivillage.com\/pl\/wp-json\/wp\/v2\/media\/18569"}],"wp:attachment":[{"href":"https:\/\/www.bivillage.com\/pl\/wp-json\/wp\/v2\/media?parent=18568"}],"curies":[{"name":"wp","href":"https:\/\/api.w.org\/{rel}","templated":true}]}}