{"id":4535,"date":"2022-08-01T10:24:24","date_gmt":"2022-08-01T08:24:24","guid":{"rendered":"https:\/\/www.bivillage.com\/?page_id=4535"},"modified":"2024-12-23T15:50:47","modified_gmt":"2024-12-23T14:50:47","slug":"programma-del-giorno","status":"publish","type":"page","link":"https:\/\/www.bivillage.com\/it\/programma-del-giorno\/","title":{"rendered":"Programma del giorno"},"content":{"rendered":"<div  class=\"grids-section row-elenchi grids-is-advanced alignfull\" style=\"--_gs-gap-desktop:0px 0px;--_gs-m-desktop:0 0 0 0;--_gs-p-desktop:0 0 0 0;--_gs-bg-desktop:transparent none;--_gs-bg-xp-desktop:0px;--_gs-zi-desktop:auto;--_gs-d-desktop:block;--_gs-mw-desktop:calc(100% - 0 - 0);--_gs-gap-tablet:0px 0px;--_gs-m-tablet:0 0 0 0;--_gs-p-tablet:0 0 0 0;--_gs-bg-tablet:transparent none;--_gs-bg-xp-tablet:0px;--_gs-zi-tablet:auto;--_gs-d-tablet:block;--_gs-mw-tablet:calc(100% - 0 - 0);--_gs-gap-mobile:0px 0px;--_gs-m-mobile:0 0 0 0;--_gs-p-mobile:0 0 0 0;--_gs-bg-mobile:transparent none;--_gs-bg-xp-mobile:0px;--_gs-zi-mobile:auto;--_gs-d-mobile:block;--_gs-mw-mobile:calc(100% - 0 - 0);--_gs-columns:12;--_gs-rows:6\"><div class=\"grids-s-w_i\">\n<div class=\"grids-area\" style=\"--_ga-column:2\/12;--_ga-row:1\/3;--_ga-m-desktop:0 0 0 0;--_ga-p-desktop:0 0 0 0;--_ga-bg-desktop:transparent none;--_ga-zi-desktop:auto;--_ga-d-desktop:flex;--_ga-mw-desktop:calc(100% - 0 - 0);--_ga-m-tablet:0 0 0 0;--_ga-p-tablet:0 0 0 0;--_ga-bg-tablet:transparent none;--_ga-zi-tablet:auto;--_ga-d-tablet:flex;--_ga-mw-tablet:calc(100% - 0 - 0);--_ga-m-mobile:0 0 0 0;--_ga-p-mobile:0 0 0 0;--_ga-bg-mobile:transparent none;--_ga-zi-mobile:auto;--_ga-d-mobile:flex;--_ga-mw-mobile:calc(100% - 0 - 0)\">\n\n<h2 class=\"wp-block-heading has-text-align-center\">Scopri cosa puoi fare oggi al BiVillage!<\/h2>\n\n\n\n<p><strong>Ogni giorno ti aspettano nuove e divertenti attivit\u00e0<\/strong>, pensate apposta per te e per la tua estate al BiVillage!<br>Hai voglia di fare una lezione di <strong>yoga<\/strong>? O preferisci muoverti a ritmo di <strong>zumba<\/strong>? Scopri le attivit\u00e0 di oggi, scegli tra le nostre proposte e partecipa in tutta sicurezza!<\/p>\n\n\n\n<p><strong>Scannerizza il QR code della nostra web app ufficiale BI4YOU in Villaggio<\/strong>: potrai scegliere direttamente dalla comodit\u00e0 del tuo alloggio ci\u00f2 che pi\u00f9 hai voglia di fare, cos\u00ec come prenotare il tuo posto in spiaggia e tanto altro ancora!<\/p>\n\n<\/div>\n<\/div><\/div>\n\n<div  class=\"grids-section grids-is-advanced alignfull\" style=\"--_gs-gap-desktop:0px 0px;--_gs-m-desktop:0 0 0 0;--_gs-p-desktop:0 0 0 0;--_gs-bg-desktop:transparent none;--_gs-bg-xp-desktop:0px;--_gs-zi-desktop:auto;--_gs-d-desktop:block;--_gs-mw-desktop:calc(100% - 0 - 0);--_gs-gap-tablet:0px 0px;--_gs-m-tablet:0 0 0 0;--_gs-p-tablet:0 0 0 0;--_gs-bg-tablet:transparent none;--_gs-bg-xp-tablet:0px;--_gs-zi-tablet:auto;--_gs-d-tablet:block;--_gs-mw-tablet:calc(100% - 0 - 0);--_gs-gap-mobile:0px 0px;--_gs-m-mobile:0 0 0 0;--_gs-p-mobile:0 0 0 0;--_gs-bg-mobile:transparent none;--_gs-bg-xp-mobile:0px;--_gs-zi-mobile:auto;--_gs-d-mobile:block;--_gs-mw-mobile:calc(100% - 0 - 0);--_gs-columns:12;--_gs-rows:6\"><div class=\"grids-s-w_i\">\n<div class=\"grids-area\" style=\"--_ga-column:2\/12;--_ga-row:1\/7;--_ga-m-desktop:0 0 0 0;--_ga-p-desktop:0 0 0 0;--_ga-bg-desktop:transparent none;--_ga-zi-desktop:auto;--_ga-d-desktop:flex;--_ga-mw-desktop:calc(100% - 0 - 0);--_ga-m-tablet:0 0 0 0;--_ga-p-tablet:0 0 0 0;--_ga-bg-tablet:transparent none;--_ga-zi-tablet:auto;--_ga-d-tablet:flex;--_ga-mw-tablet:calc(100% - 0 - 0);--_ga-m-mobile:0 0 0 0;--_ga-p-mobile:0 0 0 0;--_ga-bg-mobile:transparent none;--_ga-zi-mobile:auto;--_ga-d-mobile:flex;--_ga-mw-mobile:calc(100% - 0 - 0)\">\n\r\n<div class=\"bi4u-events-container\">\r\n    <span class=\"loading\">\r\n        <i class=\"fas fa-spinner fa-pulse\"><\/i> Caricamento in corso...\r\n    <\/span>\r\n<\/div>\r\n\r\n<script type=\"text\/javascript\">\r\n    jQuery(document).ready(function() {\r\n        jQuery.ajax({\r\n            type: \"GET\",\r\n            url: \"https:\/\/bi4u.bivillage.com\/api\/get_events.php?lang=it\",\r\n            dataType: 'json',\r\n            success: function (result) {\r\n                parseEvents(result);\r\n            },\r\n            error: function (error) {\r\n                console.log(error);\r\n            }\r\n        });\r\n\r\n        function parseEvents (events) {\r\n            var text = \"\";\r\n            for (var x = 0; x < events.length; x++) {\r\n                text += '<div class=\"single-event\">';\r\n                    text += '<figure class=\"full-width single-event-img\">';\r\n                        text += '<img decoding=\"async\" src=\"' + events[x].photo_url + '\" \/>';\r\n                    text += '<\/figure>';\r\n\r\n                    text += '<h3>' + events[x].name + '<\/h3>';\r\n\r\n                    text += '<div class=\"single-event-datetime\">';\r\n                        text += '<i class=\"fas fa-calendar-alt\"><\/i> ';\r\n                        text += events[x].start_date;\t\r\n                        text += '<i class=\"fas fa-clock\"><\/i> ';\r\n                        text += events[x].start_time;\r\n                    text += '<\/div>';\r\n\r\n                    text += '<div class=\"single-event-content\">';\r\n                        text += truncate(events[x].content, 200);\r\n                    text += '<\/div>';\r\n\r\n                    \r\n                text += '<\/div>';\r\n            }\r\n\r\n            jQuery(\".bi4u-events-container\").html(text);\r\n        }\r\n\r\n        function truncate (str, n) {\r\n            return (str.length > n) ? str.substr(0, n-1) + '&hellip;' : str;\r\n        }\r\n    });\r\n<\/script>\n\n<\/div>\n<\/div><\/div>","protected":false},"excerpt":{"rendered":"","protected":false},"author":1,"featured_media":5681,"parent":0,"menu_order":0,"comment_status":"closed","ping_status":"closed","template":"","meta":{"_acf_changed":false,"advgb_blocks_editor_width":"","advgb_blocks_columns_visual_guide":"","footnotes":""},"class_list":["post-4535","page","type-page","status-publish","has-post-thumbnail","hentry","entry"],"acf":[],"yoast_head":"<!-- This site is optimized with the Yoast SEO plugin v26.0 - https:\/\/yoast.com\/wordpress\/plugins\/seo\/ -->\n<title>Cosa posso fare oggi | Centro Vacanze BiVillage a Fazana, in Istria<\/title>\n<meta name=\"description\" content=\"Ogni giorno ti aspettano nuove e divertenti attivit\u00e0, pensate apposta per te e per la tua estate al BiVillage. Scarica l&#039;app ufficiale BI4YOU!\" \/>\n<meta name=\"robots\" content=\"index, follow, max-snippet:-1, max-image-preview:large, max-video-preview:-1\" \/>\n<link rel=\"canonical\" href=\"https:\/\/www.bivillage.com\/it\/programma-del-giorno\/\" \/>\n<meta property=\"og:locale\" content=\"it_IT\" \/>\n<meta property=\"og:type\" content=\"article\" \/>\n<meta property=\"og:title\" content=\"Cosa posso fare oggi | Centro Vacanze BiVillage a Fazana, in Istria\" \/>\n<meta property=\"og:description\" content=\"Ogni giorno ti aspettano nuove e divertenti attivit\u00e0, pensate apposta per te e per la tua estate al BiVillage. Scarica l&#039;app ufficiale BI4YOU!\" \/>\n<meta property=\"og:url\" content=\"https:\/\/www.bivillage.com\/it\/programma-del-giorno\/\" \/>\n<meta property=\"og:site_name\" content=\"BiVillage\" \/>\n<meta property=\"article:publisher\" content=\"https:\/\/www.facebook.com\/BiVillageHolidayCenter\/\" \/>\n<meta property=\"article:modified_time\" content=\"2024-12-23T14:50:47+00:00\" \/>\n<meta property=\"og:image\" content=\"https:\/\/www.bivillage.com\/wp-content\/uploads\/2022\/08\/programma-del-giorno-bivillage-croazia.jpg\" \/>\n\t<meta property=\"og:image:width\" content=\"1920\" \/>\n\t<meta property=\"og:image:height\" content=\"1000\" \/>\n\t<meta property=\"og:image:type\" content=\"image\/jpeg\" \/>\n<meta name=\"twitter:card\" content=\"summary_large_image\" \/>\n<meta name=\"twitter:label1\" content=\"Tempo di lettura stimato\" \/>\n\t<meta name=\"twitter:data1\" content=\"1 minuto\" \/>\n<script type=\"application\/ld+json\" class=\"yoast-schema-graph\">{\"@context\":\"https:\/\/schema.org\",\"@graph\":[{\"@type\":\"WebPage\",\"@id\":\"https:\/\/www.bivillage.com\/it\/programma-del-giorno\/\",\"url\":\"https:\/\/www.bivillage.com\/it\/programma-del-giorno\/\",\"name\":\"Cosa posso fare oggi | Centro Vacanze BiVillage a Fazana, in Istria\",\"isPartOf\":{\"@id\":\"https:\/\/www.bivillage.com\/it\/#website\"},\"primaryImageOfPage\":{\"@id\":\"https:\/\/www.bivillage.com\/it\/programma-del-giorno\/#primaryimage\"},\"image\":{\"@id\":\"https:\/\/www.bivillage.com\/it\/programma-del-giorno\/#primaryimage\"},\"thumbnailUrl\":\"https:\/\/www.bivillage.com\/wp-content\/uploads\/2022\/08\/programma-del-giorno-bivillage-croazia.jpg\",\"datePublished\":\"2022-08-01T08:24:24+00:00\",\"dateModified\":\"2024-12-23T14:50:47+00:00\",\"description\":\"Ogni giorno ti aspettano nuove e divertenti attivit\u00e0, pensate apposta per te e per la tua estate al BiVillage. Scarica l'app ufficiale BI4YOU!\",\"breadcrumb\":{\"@id\":\"https:\/\/www.bivillage.com\/it\/programma-del-giorno\/#breadcrumb\"},\"inLanguage\":\"it-IT\",\"potentialAction\":[{\"@type\":\"ReadAction\",\"target\":[\"https:\/\/www.bivillage.com\/it\/programma-del-giorno\/\"]}]},{\"@type\":\"ImageObject\",\"inLanguage\":\"it-IT\",\"@id\":\"https:\/\/www.bivillage.com\/it\/programma-del-giorno\/#primaryimage\",\"url\":\"https:\/\/www.bivillage.com\/wp-content\/uploads\/2022\/08\/programma-del-giorno-bivillage-croazia.jpg\",\"contentUrl\":\"https:\/\/www.bivillage.com\/wp-content\/uploads\/2022\/08\/programma-del-giorno-bivillage-croazia.jpg\",\"width\":1920,\"height\":1000,\"caption\":\"famiglia in bicicletta all'interno del villaggio vacanze bivillage\"},{\"@type\":\"BreadcrumbList\",\"@id\":\"https:\/\/www.bivillage.com\/it\/programma-del-giorno\/#breadcrumb\",\"itemListElement\":[{\"@type\":\"ListItem\",\"position\":1,\"name\":\"Home\",\"item\":\"https:\/\/www.bivillage.com\/it\/\"},{\"@type\":\"ListItem\",\"position\":2,\"name\":\"Programma del giorno\"}]},{\"@type\":\"WebSite\",\"@id\":\"https:\/\/www.bivillage.com\/it\/#website\",\"url\":\"https:\/\/www.bivillage.com\/it\/\",\"name\":\"BiVillage\",\"description\":\"Fasana, ISTRIA\",\"publisher\":{\"@id\":\"https:\/\/www.bivillage.com\/it\/#organization\"},\"potentialAction\":[{\"@type\":\"SearchAction\",\"target\":{\"@type\":\"EntryPoint\",\"urlTemplate\":\"https:\/\/www.bivillage.com\/it\/?s={search_term_string}\"},\"query-input\":{\"@type\":\"PropertyValueSpecification\",\"valueRequired\":true,\"valueName\":\"search_term_string\"}}],\"inLanguage\":\"it-IT\"},{\"@type\":\"Organization\",\"@id\":\"https:\/\/www.bivillage.com\/it\/#organization\",\"name\":\"BiVillage\",\"alternateName\":\"bivillage\",\"url\":\"https:\/\/www.bivillage.com\/it\/\",\"logo\":{\"@type\":\"ImageObject\",\"inLanguage\":\"it-IT\",\"@id\":\"https:\/\/www.bivillage.com\/it\/#\/schema\/logo\/image\/\",\"url\":\"https:\/\/www.bivillage.com\/wp-content\/uploads\/2022\/04\/logo-bivillage.png\",\"contentUrl\":\"https:\/\/www.bivillage.com\/wp-content\/uploads\/2022\/04\/logo-bivillage.png\",\"width\":973,\"height\":340,\"caption\":\"BiVillage\"},\"image\":{\"@id\":\"https:\/\/www.bivillage.com\/it\/#\/schema\/logo\/image\/\"},\"sameAs\":[\"https:\/\/www.facebook.com\/BiVillageHolidayCenter\/\",\"https:\/\/www.instagram.com\/bivillage_holidayresort\/\",\"https:\/\/www.youtube.com\/channel\/UCu0whYLFWz1DQK-xiTLIuVw\",\"https:\/\/www.tiktok.com\/@bivillage\"]}]}<\/script>\n<!-- \/ Yoast SEO plugin. -->","yoast_head_json":{"title":"Cosa posso fare oggi | Centro Vacanze BiVillage a Fazana, in Istria","description":"Ogni giorno ti aspettano nuove e divertenti attivit\u00e0, pensate apposta per te e per la tua estate al BiVillage. Scarica l'app ufficiale BI4YOU!","robots":{"index":"index","follow":"follow","max-snippet":"max-snippet:-1","max-image-preview":"max-image-preview:large","max-video-preview":"max-video-preview:-1"},"canonical":"https:\/\/www.bivillage.com\/it\/programma-del-giorno\/","og_locale":"it_IT","og_type":"article","og_title":"Cosa posso fare oggi | Centro Vacanze BiVillage a Fazana, in Istria","og_description":"Ogni giorno ti aspettano nuove e divertenti attivit\u00e0, pensate apposta per te e per la tua estate al BiVillage. Scarica l'app ufficiale BI4YOU!","og_url":"https:\/\/www.bivillage.com\/it\/programma-del-giorno\/","og_site_name":"BiVillage","article_publisher":"https:\/\/www.facebook.com\/BiVillageHolidayCenter\/","article_modified_time":"2024-12-23T14:50:47+00:00","og_image":[{"width":1920,"height":1000,"url":"https:\/\/www.bivillage.com\/wp-content\/uploads\/2022\/08\/programma-del-giorno-bivillage-croazia.jpg","type":"image\/jpeg"}],"twitter_card":"summary_large_image","twitter_misc":{"Tempo di lettura stimato":"1 minuto"},"schema":{"@context":"https:\/\/schema.org","@graph":[{"@type":"WebPage","@id":"https:\/\/www.bivillage.com\/it\/programma-del-giorno\/","url":"https:\/\/www.bivillage.com\/it\/programma-del-giorno\/","name":"Cosa posso fare oggi | Centro Vacanze BiVillage a Fazana, in Istria","isPartOf":{"@id":"https:\/\/www.bivillage.com\/it\/#website"},"primaryImageOfPage":{"@id":"https:\/\/www.bivillage.com\/it\/programma-del-giorno\/#primaryimage"},"image":{"@id":"https:\/\/www.bivillage.com\/it\/programma-del-giorno\/#primaryimage"},"thumbnailUrl":"https:\/\/www.bivillage.com\/wp-content\/uploads\/2022\/08\/programma-del-giorno-bivillage-croazia.jpg","datePublished":"2022-08-01T08:24:24+00:00","dateModified":"2024-12-23T14:50:47+00:00","description":"Ogni giorno ti aspettano nuove e divertenti attivit\u00e0, pensate apposta per te e per la tua estate al BiVillage. Scarica l'app ufficiale BI4YOU!","breadcrumb":{"@id":"https:\/\/www.bivillage.com\/it\/programma-del-giorno\/#breadcrumb"},"inLanguage":"it-IT","potentialAction":[{"@type":"ReadAction","target":["https:\/\/www.bivillage.com\/it\/programma-del-giorno\/"]}]},{"@type":"ImageObject","inLanguage":"it-IT","@id":"https:\/\/www.bivillage.com\/it\/programma-del-giorno\/#primaryimage","url":"https:\/\/www.bivillage.com\/wp-content\/uploads\/2022\/08\/programma-del-giorno-bivillage-croazia.jpg","contentUrl":"https:\/\/www.bivillage.com\/wp-content\/uploads\/2022\/08\/programma-del-giorno-bivillage-croazia.jpg","width":1920,"height":1000,"caption":"famiglia in bicicletta all'interno del villaggio vacanze bivillage"},{"@type":"BreadcrumbList","@id":"https:\/\/www.bivillage.com\/it\/programma-del-giorno\/#breadcrumb","itemListElement":[{"@type":"ListItem","position":1,"name":"Home","item":"https:\/\/www.bivillage.com\/it\/"},{"@type":"ListItem","position":2,"name":"Programma del giorno"}]},{"@type":"WebSite","@id":"https:\/\/www.bivillage.com\/it\/#website","url":"https:\/\/www.bivillage.com\/it\/","name":"BiVillage","description":"Fasana, ISTRIA","publisher":{"@id":"https:\/\/www.bivillage.com\/it\/#organization"},"potentialAction":[{"@type":"SearchAction","target":{"@type":"EntryPoint","urlTemplate":"https:\/\/www.bivillage.com\/it\/?s={search_term_string}"},"query-input":{"@type":"PropertyValueSpecification","valueRequired":true,"valueName":"search_term_string"}}],"inLanguage":"it-IT"},{"@type":"Organization","@id":"https:\/\/www.bivillage.com\/it\/#organization","name":"BiVillage","alternateName":"bivillage","url":"https:\/\/www.bivillage.com\/it\/","logo":{"@type":"ImageObject","inLanguage":"it-IT","@id":"https:\/\/www.bivillage.com\/it\/#\/schema\/logo\/image\/","url":"https:\/\/www.bivillage.com\/wp-content\/uploads\/2022\/04\/logo-bivillage.png","contentUrl":"https:\/\/www.bivillage.com\/wp-content\/uploads\/2022\/04\/logo-bivillage.png","width":973,"height":340,"caption":"BiVillage"},"image":{"@id":"https:\/\/www.bivillage.com\/it\/#\/schema\/logo\/image\/"},"sameAs":["https:\/\/www.facebook.com\/BiVillageHolidayCenter\/","https:\/\/www.instagram.com\/bivillage_holidayresort\/","https:\/\/www.youtube.com\/channel\/UCu0whYLFWz1DQK-xiTLIuVw","https:\/\/www.tiktok.com\/@bivillage"]}]}},"coauthors":[],"author_meta":{"author_link":"https:\/\/www.bivillage.com\/it\/news\/author\/admin\/","display_name":"admin"},"relative_dates":{"created":"Pubblicato 4 anni fa","modified":"Aggiornato 1 anno fa"},"absolute_dates":{"created":"Pubblicato il Agosto 1, 2022","modified":"Aggiornato il Dicembre 23, 2024"},"absolute_dates_time":{"created":"Pubblicato il Agosto 1, 2022 10:24 am","modified":"Aggiornato il Dicembre 23, 2024 3:50 pm"},"featured_img_caption":"","featured_img":"https:\/\/www.bivillage.com\/wp-content\/uploads\/2022\/08\/programma-del-giorno-bivillage-croazia-1568x817.jpg","series_order":"","_links":{"self":[{"href":"https:\/\/www.bivillage.com\/it\/wp-json\/wp\/v2\/pages\/4535","targetHints":{"allow":["GET"]}}],"collection":[{"href":"https:\/\/www.bivillage.com\/it\/wp-json\/wp\/v2\/pages"}],"about":[{"href":"https:\/\/www.bivillage.com\/it\/wp-json\/wp\/v2\/types\/page"}],"author":[{"embeddable":true,"href":"https:\/\/www.bivillage.com\/it\/wp-json\/wp\/v2\/users\/1"}],"replies":[{"embeddable":true,"href":"https:\/\/www.bivillage.com\/it\/wp-json\/wp\/v2\/comments?post=4535"}],"version-history":[{"count":0,"href":"https:\/\/www.bivillage.com\/it\/wp-json\/wp\/v2\/pages\/4535\/revisions"}],"wp:featuredmedia":[{"embeddable":true,"href":"https:\/\/www.bivillage.com\/it\/wp-json\/wp\/v2\/media\/5681"}],"wp:attachment":[{"href":"https:\/\/www.bivillage.com\/it\/wp-json\/wp\/v2\/media?parent=4535"}],"curies":[{"name":"wp","href":"https:\/\/api.w.org\/{rel}","templated":true}]}}