{"id":10886,"date":"2023-01-17T11:44:34","date_gmt":"2023-01-17T10:44:34","guid":{"rendered":"https:\/\/www.bivillage.com\/?page_id=10886"},"modified":"2024-12-23T14:43:27","modified_gmt":"2024-12-23T13:43:27","slug":"cosa-vedere-vicino-a-fasana","status":"publish","type":"page","link":"https:\/\/www.bivillage.com\/it\/cosa-vedere-vicino-a-fasana\/","title":{"rendered":"Cosa vedere vicino a Fasana"},"content":{"rendered":"<div  class=\"grids-section row-elenchi grids-is-advanced alignfull\" style=\"--_gs-gap-desktop:0px 0px;--_gs-m-desktop:0 0 0 0;--_gs-p-desktop:0 0 0 0;--_gs-bg-desktop:transparent none;--_gs-bg-xp-desktop:0px;--_gs-zi-desktop:auto;--_gs-d-desktop:block;--_gs-mw-desktop:calc(100% - 0 - 0);--_gs-gap-tablet:0px 0px;--_gs-m-tablet:0 0 0 0;--_gs-p-tablet:0 0 0 0;--_gs-bg-tablet:transparent none;--_gs-bg-xp-tablet:0px;--_gs-zi-tablet:auto;--_gs-d-tablet:block;--_gs-mw-tablet:calc(100% - 0 - 0);--_gs-gap-mobile:0px 0px;--_gs-m-mobile:0 0 0 0;--_gs-p-mobile:0 0 0 0;--_gs-bg-mobile:transparent none;--_gs-bg-xp-mobile:0px;--_gs-zi-mobile:auto;--_gs-d-mobile:block;--_gs-mw-mobile:calc(100% - 0 - 0);--_gs-columns:12;--_gs-rows:6\"><div class=\"grids-s-w_i\">\n<div class=\"grids-area\" style=\"--_ga-column:2\/12;--_ga-row:1\/3;--_ga-m-desktop:0 0 0 0;--_ga-p-desktop:0 0 0 0;--_ga-bg-desktop:transparent none;--_ga-zi-desktop:auto;--_ga-d-desktop:flex;--_ga-mw-desktop:calc(100% - 0 - 0);--_ga-m-tablet:0 0 0 0;--_ga-p-tablet:0 0 0 0;--_ga-bg-tablet:transparent none;--_ga-zi-tablet:auto;--_ga-d-tablet:flex;--_ga-mw-tablet:calc(100% - 0 - 0);--_ga-m-mobile:0 0 0 0;--_ga-p-mobile:0 0 0 0;--_ga-bg-mobile:transparent none;--_ga-zi-mobile:auto;--_ga-d-mobile:flex;--_ga-mw-mobile:calc(100% - 0 - 0)\">\n\n<h2 class=\"wp-block-heading has-text-align-center\">Alla scoperta di Fasana e i suoi dintorni!<\/h2>\n\n\n\n<p><strong>Scoprire Fasana e i suoi dintorni <\/strong>\u00e8 un modo per apprezzare le bellezze naturali e il patrimonio culturale della zona, insieme alla sua ricca storia.<\/p>\n\n\n\n<p>Con <strong>spiagge bellissime, panorami mozzafiato e cibo delizioso<\/strong>, vale la pena di dedicare un po&#8217; di tempo all&#8217;esplorazione di questa fantastica parte della Croazia.<\/p>\n\n<\/div>\n<\/div><\/div>\n\n\t<div id=\"boxTextSlider_2\" class=\"box-text-slider-container-wrapper  \" style=\"background-image: url(https:\/\/www.bivillage.com\/wp-content\/uploads\/2023\/01\/mare-costiera-dall-alto-croazia.jpg);--box-text-bck-color: #0a0a0a;--box-text-color: #ffffff;\">\n\n\t\t<div class=\"box-text-slider_content\">\n\t\t\t<h3>FASANA E DINTORNI<\/h3>\n<h2>Scopri la magia della costa istriana e dei suoi dintorni<\/h2>\n<p>Scoprire la magia della costa istriana e dei suoi dintorni \u00e8 un ottimo modo per trascorrere le vacanze.<\/p>\n<p>Con noi avrai l&#8217;opportunit\u00e0 di esplorare una delle pi\u00f9 belle localit\u00e0 balneari della Croazia.<\/p>\n<p>Ecco a te le\u00a0<b>migliori mete<\/b>\u00a0per una vacanza al top, complete di<b>\u00a0itinerario<\/b>\u00a0direttamente a partire dal\u00a0<b>Bi Village!<\/b><\/p>\n<p>&nbsp;<\/p>\n\t\t<\/div>\n\n\t\t\t\t\t<div class=\"box-text-slider_slider\">\n\t\t\t\t<div class=\"swiper-wrapper\">\n\t\t\t\t\t\t\t\t\t\t\t\t\t\t\t\t\t<div class=\"box-text-slider_slider_slide swiper-slide\">\n\n\t\t\t\t\t\t\t\t\t\t\t\t\t\t\t<figure class=\"full-width\" style=\"background-color: #477c91;\">\n\t\t\t\t\t\t\t\t\t<img decoding=\"async\" src=\"https:\/\/www.bivillage.com\/wp-content\/uploads\/2023\/01\/fasana-croazia.jpg\" alt=\"fasana. croazia in istria\" title=\"fasana-croazia\" \/>\n\t\t\t\t\t\t\t\t<\/figure>\n\t\t\t\t\t\t\t\n\t\t\t\t\t\t\t\n\t\t\t\t\t\t\t\t\t\t\t\t\t\t\t\t\t<div class=\"box-text-slider_slider_slide_btn\">\n\t\t\t\t\t\t\t\t\t\t<a href=\"https:\/\/www.bivillage.com\/it\/5-cose-da-fare-a-fasana\/\" class=\"btn btn-white\" >\n\t\t\t\t\t\t\t\t\t\t\t5 cose da fare a Fasana\t\t\t\t\t\t\t\t\t\t<\/a>\n\t\t\t\t\t\t\t\t\t\t\t\t\t\t\t\t\n\t\t\t\t\t\t\t\t<\/div>\n\t\t\t\t\t\t\t\t\t\t\t\t\t<\/div>\n\t\t\t\t\t\t\n\t\t\t\t\t\t\t\t\t\t\t\t\t\t\t\t\t<div class=\"box-text-slider_slider_slide swiper-slide\">\n\n\t\t\t\t\t\t\t\t\t\t\t\t\t\t\t<figure class=\"full-width\" style=\"background-color: #174d6a;\">\n\t\t\t\t\t\t\t\t\t<img decoding=\"async\" src=\"https:\/\/www.bivillage.com\/wp-content\/uploads\/2022\/08\/isole-brioni.jpg\" alt=\"vista dall'alto delle isole brioni in croazia\" title=\"isole brioni\" \/>\n\t\t\t\t\t\t\t\t<\/figure>\n\t\t\t\t\t\t\t\n\t\t\t\t\t\t\t\n\t\t\t\t\t\t\t\t\t\t\t\t\t\t\t\t\t<div class=\"box-text-slider_slider_slide_btn\">\n\t\t\t\t\t\t\t\t\t\t<a href=\"https:\/\/www.bivillage.com\/it\/cosa-vedere-nelle-isole-brioni\/\" class=\"btn btn-white\" >\n\t\t\t\t\t\t\t\t\t\t\tCosa vedere nelle isole Brioni?\t\t\t\t\t\t\t\t\t\t<\/a>\n\t\t\t\t\t\t\t\t\t\t\t\t\t\t\t\t\n\t\t\t\t\t\t\t\t<\/div>\n\t\t\t\t\t\t\t\t\t\t\t\t\t<\/div>\n\t\t\t\t\t\t\n\t\t\t\t\t\t\t\t\t<\/div>\n\t\t\t\t\n\t\t\t\t\t\t\t\t\t<div class=\"slider-list-navigation\">\n\t\t\t\t\t\t<div class=\"swiper-button-next\"><\/div>\n\t\t\t\t\t\t<div class=\"swiper-button-prev\"><\/div>\n\t\t\t\t\t<\/div>\n\t\t\t\t\t\t\t<\/div>\n\t\t\t<\/div>\n\n\t\t\t<script type=\"text\/javascript\">\n\t\t\tjQuery(document).ready(function () {\n\t\t\t\t\/\/ initialize swiper when document ready\n\t\t\t\tvar boxTextSlider_2 = new Swiper ('#boxTextSlider_2 .box-text-slider_slider', {\n\t\t\t\t\tslidesPerView: 'auto',\n\t\t\t\t\tspaceBetween: 50,\n\t\t\t\t\tobserver: true,\n\t\t\t\t\tobserveParents: true,\n\t\t\t\t\tnavigation: {\n\t\t\t\t\t\tnextEl: '#boxTextSlider_2 .box-text-slider_slider .slider-list-navigation .swiper-button-next',\n\t\t\t\t\t\tprevEl: '#boxTextSlider_2 .box-text-slider_slider .slider-list-navigation .swiper-button-prev',\n\t\t\t\t\t}\n\t\t\t\t});\n\t\t\t});\n\t\t<\/script>\n\t\n\n\n\n<div  class=\"grids-section grids-is-advanced alignwide\" style=\"--_gs-gap-desktop:0px 0px;--_gs-m-desktop:0 0 0 0;--_gs-p-desktop:0 0 0 0;--_gs-bg-desktop:transparent none;--_gs-bg-xp-desktop:0px;--_gs-zi-desktop:auto;--_gs-d-desktop:block;--_gs-mw-desktop:calc(100% - 0 - 0);--_gs-gap-tablet:0px 0px;--_gs-m-tablet:0 0 0 0;--_gs-p-tablet:0 0 0 0;--_gs-bg-tablet:transparent none;--_gs-bg-xp-tablet:0px;--_gs-zi-tablet:auto;--_gs-d-tablet:block;--_gs-mw-tablet:calc(100% - 0 - 0);--_gs-gap-mobile:0px 0px;--_gs-m-mobile:0 0 0 0;--_gs-p-mobile:0 0 0 0;--_gs-bg-mobile:transparent none;--_gs-bg-xp-mobile:0px;--_gs-zi-mobile:auto;--_gs-d-mobile:block;--_gs-mw-mobile:calc(100% - 0 - 0);--_gs-columns:12;--_gs-rows:6\"><div class=\"grids-s-w_i\">\n<div class=\"grids-area\" style=\"--_ga-column:2\/12;--_ga-row:1\/7;--_ga-m-desktop:0 0 0 0;--_ga-p-desktop:0 0 0 0;--_ga-bg-desktop:transparent none;--_ga-zi-desktop:auto;--_ga-d-desktop:flex;--_ga-mw-desktop:calc(100% - 0 - 0);--_ga-m-tablet:0 0 0 0;--_ga-p-tablet:0 0 0 0;--_ga-bg-tablet:transparent none;--_ga-zi-tablet:auto;--_ga-d-tablet:flex;--_ga-mw-tablet:calc(100% - 0 - 0);--_ga-m-mobile:0 0 0 0;--_ga-p-mobile:0 0 0 0;--_ga-bg-mobile:transparent none;--_ga-zi-mobile:auto;--_ga-d-mobile:flex;--_ga-mw-mobile:calc(100% - 0 - 0)\">\n\n<p>La tua vacanza a Fasana ti sta aspettando: ecco alcuni consigli sugli <strong>itinerari da percorrere in bici o in auto<\/strong>, per visitare i <strong>luoghi pi\u00f9 interessanti partendo dal Bi Village.<\/strong><\/p>\n\n\n\n                        <div class=\"related-pages-container\">\n                                                        <div class=\"single-related-page-container\">\n                        <figure class=\"full-width\" style=\"background-color: #1775b0;\">\n                            <img decoding=\"async\" src=\"https:\/\/www.bivillage.com\/wp-content\/uploads\/2022\/08\/servizi-in-spiaggia-bivillage-croazia-banner.jpg\" height=\"1000\" width=\"1920\" \/>\n                        <\/figure>\n                        <a href=\"https:\/\/www.bivillage.com\/it\/news\/premi\/bivillage-tra-i-25-migliori-camping-resort-della-croazia\/\">\n                            <h2 class=\"related-page-title\">\n                                BiVillage tra i 25 migliori camping resort della Croazia!                            <\/h2>\n                            <span class=\"border-bottom\"><\/span>\n                        <\/a>\n                    <\/div>\n                                                        <div class=\"single-related-page-container\">\n                        <figure class=\"full-width\" style=\"background-color: #929585;\">\n                            <img decoding=\"async\" src=\"https:\/\/www.bivillage.com\/wp-content\/uploads\/2022\/08\/bivillage-croazia-bike-friendly.jpg\" height=\"1000\" width=\"1920\" \/>\n                        <\/figure>\n                        <a href=\"https:\/\/www.bivillage.com\/it\/bike-friendly\/\">\n                            <h2 class=\"related-page-title\">\n                                Vacanze bike friendly                            <\/h2>\n                            <span class=\"border-bottom\"><\/span>\n                        <\/a>\n                    <\/div>\n                                                        <div class=\"single-related-page-container\">\n                        <figure class=\"full-width\" style=\"background-color: #4e7b9b;\">\n                            <img decoding=\"async\" src=\"https:\/\/www.bivillage.com\/wp-content\/uploads\/2022\/08\/camping-resort-bivillage-croazia-banner.jpg\" height=\"1000\" width=\"1950\" \/>\n                        <\/figure>\n                        <a href=\"https:\/\/www.bivillage.com\/it\/il-nostro-villaggio\/\">\n                            <h2 class=\"related-page-title\">\n                                Il nostro villaggio                            <\/h2>\n                            <span class=\"border-bottom\"><\/span>\n                        <\/a>\n                    <\/div>\n                            <\/div>\n            \n\n<\/div>\n<\/div><\/div>","protected":false},"excerpt":{"rendered":"","protected":false},"author":9,"featured_media":10849,"parent":0,"menu_order":0,"comment_status":"closed","ping_status":"closed","template":"","meta":{"_acf_changed":false,"advgb_blocks_editor_width":"","advgb_blocks_columns_visual_guide":"","footnotes":""},"class_list":["post-10886","page","type-page","status-publish","has-post-thumbnail","hentry","entry"],"acf":[],"yoast_head":"<!-- This site is optimized with the Yoast SEO plugin v26.0 - https:\/\/yoast.com\/wordpress\/plugins\/seo\/ -->\n<title>5 cose da fare a Fasana: tra natura, arte e storia | BiVillage<\/title>\n<meta name=\"description\" content=\"Stai pensando di visitare Fasana? La lista delle cose da fare in questa affascinante citt\u00e0 dell\u2019Istria meridionale \u00e8 infinita. Scoprilo!\" \/>\n<meta name=\"robots\" content=\"index, follow, max-snippet:-1, max-image-preview:large, max-video-preview:-1\" \/>\n<link rel=\"canonical\" href=\"https:\/\/www.bivillage.com\/it\/cosa-vedere-vicino-a-fasana\/\" \/>\n<meta property=\"og:locale\" content=\"it_IT\" \/>\n<meta property=\"og:type\" content=\"article\" \/>\n<meta property=\"og:title\" content=\"5 cose da fare a Fasana: tra natura, arte e storia | BiVillage\" \/>\n<meta property=\"og:description\" content=\"Stai pensando di visitare Fasana? La lista delle cose da fare in questa affascinante citt\u00e0 dell\u2019Istria meridionale \u00e8 infinita. Scoprilo!\" \/>\n<meta property=\"og:url\" content=\"https:\/\/www.bivillage.com\/it\/cosa-vedere-vicino-a-fasana\/\" \/>\n<meta property=\"og:site_name\" content=\"BiVillage\" \/>\n<meta property=\"article:publisher\" content=\"https:\/\/www.facebook.com\/BiVillageHolidayCenter\/\" \/>\n<meta property=\"article:modified_time\" content=\"2024-12-23T13:43:27+00:00\" \/>\n<meta property=\"og:image\" content=\"https:\/\/www.bivillage.com\/wp-content\/uploads\/2023\/01\/molo-fasana-croazia.jpg\" \/>\n\t<meta property=\"og:image:width\" content=\"1000\" \/>\n\t<meta property=\"og:image:height\" content=\"666\" \/>\n\t<meta property=\"og:image:type\" content=\"image\/jpeg\" \/>\n<meta name=\"twitter:card\" content=\"summary_large_image\" \/>\n<meta name=\"twitter:label1\" content=\"Tempo di lettura stimato\" \/>\n\t<meta name=\"twitter:data1\" content=\"1 minuto\" \/>\n<script type=\"application\/ld+json\" class=\"yoast-schema-graph\">{\"@context\":\"https:\/\/schema.org\",\"@graph\":[{\"@type\":\"WebPage\",\"@id\":\"https:\/\/www.bivillage.com\/it\/cosa-vedere-vicino-a-fasana\/\",\"url\":\"https:\/\/www.bivillage.com\/it\/cosa-vedere-vicino-a-fasana\/\",\"name\":\"5 cose da fare a Fasana: tra natura, arte e storia | BiVillage\",\"isPartOf\":{\"@id\":\"https:\/\/www.bivillage.com\/it\/#website\"},\"primaryImageOfPage\":{\"@id\":\"https:\/\/www.bivillage.com\/it\/cosa-vedere-vicino-a-fasana\/#primaryimage\"},\"image\":{\"@id\":\"https:\/\/www.bivillage.com\/it\/cosa-vedere-vicino-a-fasana\/#primaryimage\"},\"thumbnailUrl\":\"https:\/\/www.bivillage.com\/wp-content\/uploads\/2023\/01\/molo-fasana-croazia.jpg\",\"datePublished\":\"2023-01-17T10:44:34+00:00\",\"dateModified\":\"2024-12-23T13:43:27+00:00\",\"description\":\"Stai pensando di visitare Fasana? La lista delle cose da fare in questa affascinante citt\u00e0 dell\u2019Istria meridionale \u00e8 infinita. Scoprilo!\",\"breadcrumb\":{\"@id\":\"https:\/\/www.bivillage.com\/it\/cosa-vedere-vicino-a-fasana\/#breadcrumb\"},\"inLanguage\":\"it-IT\",\"potentialAction\":[{\"@type\":\"ReadAction\",\"target\":[\"https:\/\/www.bivillage.com\/it\/cosa-vedere-vicino-a-fasana\/\"]}]},{\"@type\":\"ImageObject\",\"inLanguage\":\"it-IT\",\"@id\":\"https:\/\/www.bivillage.com\/it\/cosa-vedere-vicino-a-fasana\/#primaryimage\",\"url\":\"https:\/\/www.bivillage.com\/wp-content\/uploads\/2023\/01\/molo-fasana-croazia.jpg\",\"contentUrl\":\"https:\/\/www.bivillage.com\/wp-content\/uploads\/2023\/01\/molo-fasana-croazia.jpg\",\"width\":1000,\"height\":666,\"caption\":\"molo di fasana in croazia\"},{\"@type\":\"BreadcrumbList\",\"@id\":\"https:\/\/www.bivillage.com\/it\/cosa-vedere-vicino-a-fasana\/#breadcrumb\",\"itemListElement\":[{\"@type\":\"ListItem\",\"position\":1,\"name\":\"Home\",\"item\":\"https:\/\/www.bivillage.com\/it\/\"},{\"@type\":\"ListItem\",\"position\":2,\"name\":\"Cosa vedere vicino a Fasana\"}]},{\"@type\":\"WebSite\",\"@id\":\"https:\/\/www.bivillage.com\/it\/#website\",\"url\":\"https:\/\/www.bivillage.com\/it\/\",\"name\":\"BiVillage\",\"description\":\"Fasana, ISTRIA\",\"publisher\":{\"@id\":\"https:\/\/www.bivillage.com\/it\/#organization\"},\"potentialAction\":[{\"@type\":\"SearchAction\",\"target\":{\"@type\":\"EntryPoint\",\"urlTemplate\":\"https:\/\/www.bivillage.com\/it\/?s={search_term_string}\"},\"query-input\":{\"@type\":\"PropertyValueSpecification\",\"valueRequired\":true,\"valueName\":\"search_term_string\"}}],\"inLanguage\":\"it-IT\"},{\"@type\":\"Organization\",\"@id\":\"https:\/\/www.bivillage.com\/it\/#organization\",\"name\":\"BiVillage\",\"alternateName\":\"bivillage\",\"url\":\"https:\/\/www.bivillage.com\/it\/\",\"logo\":{\"@type\":\"ImageObject\",\"inLanguage\":\"it-IT\",\"@id\":\"https:\/\/www.bivillage.com\/it\/#\/schema\/logo\/image\/\",\"url\":\"https:\/\/www.bivillage.com\/wp-content\/uploads\/2022\/04\/logo-bivillage.png\",\"contentUrl\":\"https:\/\/www.bivillage.com\/wp-content\/uploads\/2022\/04\/logo-bivillage.png\",\"width\":973,\"height\":340,\"caption\":\"BiVillage\"},\"image\":{\"@id\":\"https:\/\/www.bivillage.com\/it\/#\/schema\/logo\/image\/\"},\"sameAs\":[\"https:\/\/www.facebook.com\/BiVillageHolidayCenter\/\",\"https:\/\/www.instagram.com\/bivillage_holidayresort\/\",\"https:\/\/www.youtube.com\/channel\/UCu0whYLFWz1DQK-xiTLIuVw\",\"https:\/\/www.tiktok.com\/@bivillage\"]}]}<\/script>\n<!-- \/ Yoast SEO plugin. -->","yoast_head_json":{"title":"5 cose da fare a Fasana: tra natura, arte e storia | BiVillage","description":"Stai pensando di visitare Fasana? La lista delle cose da fare in questa affascinante citt\u00e0 dell\u2019Istria meridionale \u00e8 infinita. Scoprilo!","robots":{"index":"index","follow":"follow","max-snippet":"max-snippet:-1","max-image-preview":"max-image-preview:large","max-video-preview":"max-video-preview:-1"},"canonical":"https:\/\/www.bivillage.com\/it\/cosa-vedere-vicino-a-fasana\/","og_locale":"it_IT","og_type":"article","og_title":"5 cose da fare a Fasana: tra natura, arte e storia | BiVillage","og_description":"Stai pensando di visitare Fasana? La lista delle cose da fare in questa affascinante citt\u00e0 dell\u2019Istria meridionale \u00e8 infinita. Scoprilo!","og_url":"https:\/\/www.bivillage.com\/it\/cosa-vedere-vicino-a-fasana\/","og_site_name":"BiVillage","article_publisher":"https:\/\/www.facebook.com\/BiVillageHolidayCenter\/","article_modified_time":"2024-12-23T13:43:27+00:00","og_image":[{"width":1000,"height":666,"url":"https:\/\/www.bivillage.com\/wp-content\/uploads\/2023\/01\/molo-fasana-croazia.jpg","type":"image\/jpeg"}],"twitter_card":"summary_large_image","twitter_misc":{"Tempo di lettura stimato":"1 minuto"},"schema":{"@context":"https:\/\/schema.org","@graph":[{"@type":"WebPage","@id":"https:\/\/www.bivillage.com\/it\/cosa-vedere-vicino-a-fasana\/","url":"https:\/\/www.bivillage.com\/it\/cosa-vedere-vicino-a-fasana\/","name":"5 cose da fare a Fasana: tra natura, arte e storia | BiVillage","isPartOf":{"@id":"https:\/\/www.bivillage.com\/it\/#website"},"primaryImageOfPage":{"@id":"https:\/\/www.bivillage.com\/it\/cosa-vedere-vicino-a-fasana\/#primaryimage"},"image":{"@id":"https:\/\/www.bivillage.com\/it\/cosa-vedere-vicino-a-fasana\/#primaryimage"},"thumbnailUrl":"https:\/\/www.bivillage.com\/wp-content\/uploads\/2023\/01\/molo-fasana-croazia.jpg","datePublished":"2023-01-17T10:44:34+00:00","dateModified":"2024-12-23T13:43:27+00:00","description":"Stai pensando di visitare Fasana? La lista delle cose da fare in questa affascinante citt\u00e0 dell\u2019Istria meridionale \u00e8 infinita. Scoprilo!","breadcrumb":{"@id":"https:\/\/www.bivillage.com\/it\/cosa-vedere-vicino-a-fasana\/#breadcrumb"},"inLanguage":"it-IT","potentialAction":[{"@type":"ReadAction","target":["https:\/\/www.bivillage.com\/it\/cosa-vedere-vicino-a-fasana\/"]}]},{"@type":"ImageObject","inLanguage":"it-IT","@id":"https:\/\/www.bivillage.com\/it\/cosa-vedere-vicino-a-fasana\/#primaryimage","url":"https:\/\/www.bivillage.com\/wp-content\/uploads\/2023\/01\/molo-fasana-croazia.jpg","contentUrl":"https:\/\/www.bivillage.com\/wp-content\/uploads\/2023\/01\/molo-fasana-croazia.jpg","width":1000,"height":666,"caption":"molo di fasana in croazia"},{"@type":"BreadcrumbList","@id":"https:\/\/www.bivillage.com\/it\/cosa-vedere-vicino-a-fasana\/#breadcrumb","itemListElement":[{"@type":"ListItem","position":1,"name":"Home","item":"https:\/\/www.bivillage.com\/it\/"},{"@type":"ListItem","position":2,"name":"Cosa vedere vicino a Fasana"}]},{"@type":"WebSite","@id":"https:\/\/www.bivillage.com\/it\/#website","url":"https:\/\/www.bivillage.com\/it\/","name":"BiVillage","description":"Fasana, ISTRIA","publisher":{"@id":"https:\/\/www.bivillage.com\/it\/#organization"},"potentialAction":[{"@type":"SearchAction","target":{"@type":"EntryPoint","urlTemplate":"https:\/\/www.bivillage.com\/it\/?s={search_term_string}"},"query-input":{"@type":"PropertyValueSpecification","valueRequired":true,"valueName":"search_term_string"}}],"inLanguage":"it-IT"},{"@type":"Organization","@id":"https:\/\/www.bivillage.com\/it\/#organization","name":"BiVillage","alternateName":"bivillage","url":"https:\/\/www.bivillage.com\/it\/","logo":{"@type":"ImageObject","inLanguage":"it-IT","@id":"https:\/\/www.bivillage.com\/it\/#\/schema\/logo\/image\/","url":"https:\/\/www.bivillage.com\/wp-content\/uploads\/2022\/04\/logo-bivillage.png","contentUrl":"https:\/\/www.bivillage.com\/wp-content\/uploads\/2022\/04\/logo-bivillage.png","width":973,"height":340,"caption":"BiVillage"},"image":{"@id":"https:\/\/www.bivillage.com\/it\/#\/schema\/logo\/image\/"},"sameAs":["https:\/\/www.facebook.com\/BiVillageHolidayCenter\/","https:\/\/www.instagram.com\/bivillage_holidayresort\/","https:\/\/www.youtube.com\/channel\/UCu0whYLFWz1DQK-xiTLIuVw","https:\/\/www.tiktok.com\/@bivillage"]}]}},"coauthors":[],"author_meta":{"author_link":"https:\/\/www.bivillage.com\/it\/news\/author\/chiara-zamuner\/","display_name":"chiara.zamuner"},"relative_dates":{"created":"Pubblicato 3 anni fa","modified":"Aggiornato 1 anno fa"},"absolute_dates":{"created":"Pubblicato il Gennaio 17, 2023","modified":"Aggiornato il Dicembre 23, 2024"},"absolute_dates_time":{"created":"Pubblicato il Gennaio 17, 2023 11:44 am","modified":"Aggiornato il Dicembre 23, 2024 2:43 pm"},"featured_img_caption":"","featured_img":"https:\/\/www.bivillage.com\/wp-content\/uploads\/2023\/01\/molo-fasana-croazia.jpg","series_order":"","_links":{"self":[{"href":"https:\/\/www.bivillage.com\/it\/wp-json\/wp\/v2\/pages\/10886","targetHints":{"allow":["GET"]}}],"collection":[{"href":"https:\/\/www.bivillage.com\/it\/wp-json\/wp\/v2\/pages"}],"about":[{"href":"https:\/\/www.bivillage.com\/it\/wp-json\/wp\/v2\/types\/page"}],"author":[{"embeddable":true,"href":"https:\/\/www.bivillage.com\/it\/wp-json\/wp\/v2\/users\/9"}],"replies":[{"embeddable":true,"href":"https:\/\/www.bivillage.com\/it\/wp-json\/wp\/v2\/comments?post=10886"}],"version-history":[{"count":0,"href":"https:\/\/www.bivillage.com\/it\/wp-json\/wp\/v2\/pages\/10886\/revisions"}],"wp:featuredmedia":[{"embeddable":true,"href":"https:\/\/www.bivillage.com\/it\/wp-json\/wp\/v2\/media\/10849"}],"wp:attachment":[{"href":"https:\/\/www.bivillage.com\/it\/wp-json\/wp\/v2\/media?parent=10886"}],"curies":[{"name":"wp","href":"https:\/\/api.w.org\/{rel}","templated":true}]}}