{"id":9522,"date":"2022-10-14T12:32:14","date_gmt":"2022-10-14T10:32:14","guid":{"rendered":"https:\/\/www.bivillage.com\/program-dneva\/"},"modified":"2023-03-05T14:36:24","modified_gmt":"2023-03-05T13:36:24","slug":"program-dneva","status":"publish","type":"page","link":"https:\/\/www.bivillage.com\/hr\/program-dneva\/","title":{"rendered":"Program dana"},"content":{"rendered":"<div  class=\"grids-section row-elenchi grids-is-advanced alignfull\" style=\"--_gs-gap-desktop:0px 0px;--_gs-m-desktop:0 0 0 0;--_gs-p-desktop:0 0 0 0;--_gs-bg-desktop:transparent none;--_gs-bg-xp-desktop:0px;--_gs-zi-desktop:auto;--_gs-d-desktop:block;--_gs-mw-desktop:calc(100% - 0 - 0);--_gs-gap-tablet:0px 0px;--_gs-m-tablet:0 0 0 0;--_gs-p-tablet:0 0 0 0;--_gs-bg-tablet:transparent none;--_gs-bg-xp-tablet:0px;--_gs-zi-tablet:auto;--_gs-d-tablet:block;--_gs-mw-tablet:calc(100% - 0 - 0);--_gs-gap-mobile:0px 0px;--_gs-m-mobile:0 0 0 0;--_gs-p-mobile:0 0 0 0;--_gs-bg-mobile:transparent none;--_gs-bg-xp-mobile:0px;--_gs-zi-mobile:auto;--_gs-d-mobile:block;--_gs-mw-mobile:calc(100% - 0 - 0);--_gs-columns:12;--_gs-rows:6\"><div class=\"grids-s-w_i\">\n<div class=\"grids-area\" style=\"--_ga-column:2\/12;--_ga-row:1\/3;--_ga-m-desktop:0 0 0 0;--_ga-p-desktop:0 0 0 0;--_ga-bg-desktop:transparent none;--_ga-zi-desktop:auto;--_ga-d-desktop:flex;--_ga-mw-desktop:calc(100% - 0 - 0);--_ga-m-tablet:0 0 0 0;--_ga-p-tablet:0 0 0 0;--_ga-bg-tablet:transparent none;--_ga-zi-tablet:auto;--_ga-d-tablet:flex;--_ga-mw-tablet:calc(100% - 0 - 0);--_ga-m-mobile:0 0 0 0;--_ga-p-mobile:0 0 0 0;--_ga-bg-mobile:transparent none;--_ga-zi-mobile:auto;--_ga-d-mobile:flex;--_ga-mw-mobile:calc(100% - 0 - 0)\">\n\n<h2 class=\"has-text-align-center wp-block-heading\">Saznajte \u0161to mo\u017eete raditi danas u BiVillageu!<\/h2>\n\n\n\n<p><strong>Svaki dan vas o\u010dekuju nove i zabavne aktivnosti<\/strong>, posebno osmi\u0161ljene za vas i va\u0161 ljetni odmor u BiVillageu!<br\/>Jeste li raspolo\u017eeni za <strong>sat joge<\/strong>? Ili bi se radije upustili u <strong>zumbu<\/strong>? Pogledajte dana\u0161nje aktivnosti, odaberite jedan od na\u0161ih prijedloga i sudjelujte na potpuno siguran na\u010din!<\/p>\n\n\n\n<p><strong>Skenirajte QR kod<\/strong> na\u0161e slu\u017ebene BI4YOU aplikacije u naselju: mo\u017eete birati izravno iz udobnosti svog smje\u0161taja \u0161to najvi\u0161e \u017eelite raditi, kao i rezervirati svoje mjesto na pla\u017ei i jo\u0161 mnogo toga!<\/p>\n\n<\/div>\n<\/div><\/div><div  class=\"grids-section grids-is-advanced alignfull\" style=\"--_gs-gap-desktop:0px 0px;--_gs-m-desktop:0 0 0 0;--_gs-p-desktop:0 0 0 0;--_gs-bg-desktop:transparent none;--_gs-bg-xp-desktop:0px;--_gs-zi-desktop:auto;--_gs-d-desktop:block;--_gs-mw-desktop:calc(100% - 0 - 0);--_gs-gap-tablet:0px 0px;--_gs-m-tablet:0 0 0 0;--_gs-p-tablet:0 0 0 0;--_gs-bg-tablet:transparent none;--_gs-bg-xp-tablet:0px;--_gs-zi-tablet:auto;--_gs-d-tablet:block;--_gs-mw-tablet:calc(100% - 0 - 0);--_gs-gap-mobile:0px 0px;--_gs-m-mobile:0 0 0 0;--_gs-p-mobile:0 0 0 0;--_gs-bg-mobile:transparent none;--_gs-bg-xp-mobile:0px;--_gs-zi-mobile:auto;--_gs-d-mobile:block;--_gs-mw-mobile:calc(100% - 0 - 0);--_gs-columns:12;--_gs-rows:6\"><div class=\"grids-s-w_i\">\n<div class=\"grids-area\" style=\"--_ga-column:2\/12;--_ga-row:1\/7;--_ga-m-desktop:0 0 0 0;--_ga-p-desktop:0 0 0 0;--_ga-bg-desktop:transparent none;--_ga-zi-desktop:auto;--_ga-d-desktop:flex;--_ga-mw-desktop:calc(100% - 0 - 0);--_ga-m-tablet:0 0 0 0;--_ga-p-tablet:0 0 0 0;--_ga-bg-tablet:transparent none;--_ga-zi-tablet:auto;--_ga-d-tablet:flex;--_ga-mw-tablet:calc(100% - 0 - 0);--_ga-m-mobile:0 0 0 0;--_ga-p-mobile:0 0 0 0;--_ga-bg-mobile:transparent none;--_ga-zi-mobile:auto;--_ga-d-mobile:flex;--_ga-mw-mobile:calc(100% - 0 - 0)\">\n\r\n<div class=\"bi4u-events-container\">\r\n    <span class=\"loading\">\r\n        <i class=\"fas fa-spinner fa-pulse\"><\/i> U\u010ditavanje...\r\n    <\/span>\r\n<\/div>\r\n\r\n<script type=\"text\/javascript\">\r\n    jQuery(document).ready(function() {\r\n        jQuery.ajax({\r\n            type: \"GET\",\r\n            url: \"\/api\/get_events.php?lang=hr\",\r\n            dataType: 'json',\r\n            success: function (result) {\r\n                parseEvents(result);\r\n            },\r\n            error: function (error) {\r\n                console.log(error);\r\n            }\r\n        });\r\n\r\n        function parseEvents (events) {\r\n            var text = \"\";\r\n            for (var x = 0; x < events.length; x++) {\r\n                text += '<div class=\"single-event\">';\r\n                    text += '<figure class=\"full-width single-event-img\">';\r\n                        text += '<img decoding=\"async\" src=\"' + events[x].photo_url + '\" \/>';\r\n                    text += '<\/figure>';\r\n\r\n                    text += '<h3>' + events[x].name + '<\/h3>';\r\n\r\n                    text += '<div class=\"single-event-datetime\">';\r\n                        text += '<i class=\"fas fa-calendar-alt\"><\/i> ';\r\n                        text += events[x].start_date;\t\r\n                        text += '<i class=\"fas fa-clock\"><\/i> ';\r\n                        text += events[x].start_time;\r\n                    text += '<\/div>';\r\n\r\n                    text += '<div class=\"single-event-content\">';\r\n                        text += truncate(events[x].content, 200);\r\n                    text += '<\/div>';\r\n\r\n                    \r\n                text += '<\/div>';\r\n            }\r\n\r\n            jQuery(\".bi4u-events-container\").html(text);\r\n        }\r\n\r\n        function truncate (str, n) {\r\n            return (str.length > n) ? str.substr(0, n-1) + '&hellip;' : str;\r\n        }\r\n    });\r\n<\/script>\n\n<\/div>\n<\/div><\/div>","protected":false},"excerpt":{"rendered":"","protected":false},"author":1,"featured_media":5682,"parent":0,"menu_order":0,"comment_status":"closed","ping_status":"closed","template":"","meta":{"_acf_changed":false,"advgb_blocks_editor_width":"","advgb_blocks_columns_visual_guide":"","footnotes":""},"class_list":["post-9522","page","type-page","status-publish","has-post-thumbnail","hentry","entry"],"acf":[],"yoast_head":"<!-- This site is optimized with the Yoast SEO plugin v26.0 - https:\/\/yoast.com\/wordpress\/plugins\/seo\/ -->\n<title>\u0160to mogu raditi danas | Turisti\u010dko naselje BiVillage u Fa\u017eani, Istra<\/title>\n<meta name=\"description\" content=\"Svaki dan o\u010dekuju vas nove i zabavne aktivnosti osmi\u0161ljene posebno za vas i za va\u0161 ljetni odmor u BiVillageu. Preuzmite slu\u017ebenu aplikaciju BI4YOU!\" \/>\n<meta name=\"robots\" content=\"index, follow, max-snippet:-1, max-image-preview:large, max-video-preview:-1\" \/>\n<link rel=\"canonical\" href=\"https:\/\/www.bivillage.com\/hr\/program-dneva\/\" \/>\n<meta property=\"og:locale\" content=\"hr_HR\" \/>\n<meta property=\"og:type\" content=\"article\" \/>\n<meta property=\"og:title\" content=\"\u0160to mogu raditi danas | Turisti\u010dko naselje BiVillage u Fa\u017eani, Istra\" \/>\n<meta property=\"og:description\" content=\"Svaki dan o\u010dekuju vas nove i zabavne aktivnosti osmi\u0161ljene posebno za vas i za va\u0161 ljetni odmor u BiVillageu. Preuzmite slu\u017ebenu aplikaciju BI4YOU!\" \/>\n<meta property=\"og:url\" content=\"https:\/\/www.bivillage.com\/hr\/program-dneva\/\" \/>\n<meta property=\"og:site_name\" content=\"BiVillage\" \/>\n<meta property=\"article:publisher\" content=\"https:\/\/www.facebook.com\/BiVillageHolidayCenter\/\" \/>\n<meta property=\"article:modified_time\" content=\"2023-03-05T13:36:24+00:00\" \/>\n<meta property=\"og:image\" content=\"https:\/\/www.bivillage.com\/wp-content\/uploads\/2022\/08\/programma-del-giorno-bivillage-croazia.jpg\" \/>\n\t<meta property=\"og:image:width\" content=\"1920\" \/>\n\t<meta property=\"og:image:height\" content=\"1000\" \/>\n\t<meta property=\"og:image:type\" content=\"image\/jpeg\" \/>\n<meta name=\"twitter:card\" content=\"summary_large_image\" \/>\n<meta name=\"twitter:label1\" content=\"Procijenjeno vrijeme \u010ditanja\" \/>\n\t<meta name=\"twitter:data1\" content=\"1 minuta\" \/>\n<script type=\"application\/ld+json\" class=\"yoast-schema-graph\">{\"@context\":\"https:\/\/schema.org\",\"@graph\":[{\"@type\":\"WebPage\",\"@id\":\"https:\/\/www.bivillage.com\/hr\/program-dneva\/\",\"url\":\"https:\/\/www.bivillage.com\/hr\/program-dneva\/\",\"name\":\"\u0160to mogu raditi danas | Turisti\u010dko naselje BiVillage u Fa\u017eani, Istra\",\"isPartOf\":{\"@id\":\"https:\/\/www.bivillage.com\/hr\/#website\"},\"primaryImageOfPage\":{\"@id\":\"https:\/\/www.bivillage.com\/hr\/program-dneva\/#primaryimage\"},\"image\":{\"@id\":\"https:\/\/www.bivillage.com\/hr\/program-dneva\/#primaryimage\"},\"thumbnailUrl\":\"https:\/\/www.bivillage.com\/wp-content\/uploads\/2022\/08\/programma-del-giorno-bivillage-croazia.jpg\",\"datePublished\":\"2022-10-14T10:32:14+00:00\",\"dateModified\":\"2023-03-05T13:36:24+00:00\",\"description\":\"Svaki dan o\u010dekuju vas nove i zabavne aktivnosti osmi\u0161ljene posebno za vas i za va\u0161 ljetni odmor u BiVillageu. Preuzmite slu\u017ebenu aplikaciju BI4YOU!\",\"breadcrumb\":{\"@id\":\"https:\/\/www.bivillage.com\/hr\/program-dneva\/#breadcrumb\"},\"inLanguage\":\"hr\",\"potentialAction\":[{\"@type\":\"ReadAction\",\"target\":[\"https:\/\/www.bivillage.com\/hr\/program-dneva\/\"]}]},{\"@type\":\"ImageObject\",\"inLanguage\":\"hr\",\"@id\":\"https:\/\/www.bivillage.com\/hr\/program-dneva\/#primaryimage\",\"url\":\"https:\/\/www.bivillage.com\/wp-content\/uploads\/2022\/08\/programma-del-giorno-bivillage-croazia.jpg\",\"contentUrl\":\"https:\/\/www.bivillage.com\/wp-content\/uploads\/2022\/08\/programma-del-giorno-bivillage-croazia.jpg\",\"width\":1920,\"height\":1000,\"caption\":\"famiglia in bicicletta all'interno del villaggio vacanze bivillage\"},{\"@type\":\"BreadcrumbList\",\"@id\":\"https:\/\/www.bivillage.com\/hr\/program-dneva\/#breadcrumb\",\"itemListElement\":[{\"@type\":\"ListItem\",\"position\":1,\"name\":\"Home\",\"item\":\"https:\/\/www.bivillage.com\/hr\/\"},{\"@type\":\"ListItem\",\"position\":2,\"name\":\"Program dana\"}]},{\"@type\":\"WebSite\",\"@id\":\"https:\/\/www.bivillage.com\/hr\/#website\",\"url\":\"https:\/\/www.bivillage.com\/hr\/\",\"name\":\"BiVillage\",\"description\":\"Fasana, ISTRIA\",\"publisher\":{\"@id\":\"https:\/\/www.bivillage.com\/hr\/#organization\"},\"potentialAction\":[{\"@type\":\"SearchAction\",\"target\":{\"@type\":\"EntryPoint\",\"urlTemplate\":\"https:\/\/www.bivillage.com\/hr\/?s={search_term_string}\"},\"query-input\":{\"@type\":\"PropertyValueSpecification\",\"valueRequired\":true,\"valueName\":\"search_term_string\"}}],\"inLanguage\":\"hr\"},{\"@type\":\"Organization\",\"@id\":\"https:\/\/www.bivillage.com\/hr\/#organization\",\"name\":\"BiVillage\",\"alternateName\":\"bivillage\",\"url\":\"https:\/\/www.bivillage.com\/hr\/\",\"logo\":{\"@type\":\"ImageObject\",\"inLanguage\":\"hr\",\"@id\":\"https:\/\/www.bivillage.com\/hr\/#\/schema\/logo\/image\/\",\"url\":\"https:\/\/www.bivillage.com\/wp-content\/uploads\/2022\/04\/logo-bivillage.png\",\"contentUrl\":\"https:\/\/www.bivillage.com\/wp-content\/uploads\/2022\/04\/logo-bivillage.png\",\"width\":973,\"height\":340,\"caption\":\"BiVillage\"},\"image\":{\"@id\":\"https:\/\/www.bivillage.com\/hr\/#\/schema\/logo\/image\/\"},\"sameAs\":[\"https:\/\/www.facebook.com\/BiVillageHolidayCenter\/\",\"https:\/\/www.instagram.com\/bivillage_holidayresort\/\",\"https:\/\/www.youtube.com\/channel\/UCu0whYLFWz1DQK-xiTLIuVw\",\"https:\/\/www.tiktok.com\/@bivillage\"]}]}<\/script>\n<!-- \/ Yoast SEO plugin. -->","yoast_head_json":{"title":"\u0160to mogu raditi danas | Turisti\u010dko naselje BiVillage u Fa\u017eani, Istra","description":"Svaki dan o\u010dekuju vas nove i zabavne aktivnosti osmi\u0161ljene posebno za vas i za va\u0161 ljetni odmor u BiVillageu. Preuzmite slu\u017ebenu aplikaciju BI4YOU!","robots":{"index":"index","follow":"follow","max-snippet":"max-snippet:-1","max-image-preview":"max-image-preview:large","max-video-preview":"max-video-preview:-1"},"canonical":"https:\/\/www.bivillage.com\/hr\/program-dneva\/","og_locale":"hr_HR","og_type":"article","og_title":"\u0160to mogu raditi danas | Turisti\u010dko naselje BiVillage u Fa\u017eani, Istra","og_description":"Svaki dan o\u010dekuju vas nove i zabavne aktivnosti osmi\u0161ljene posebno za vas i za va\u0161 ljetni odmor u BiVillageu. Preuzmite slu\u017ebenu aplikaciju BI4YOU!","og_url":"https:\/\/www.bivillage.com\/hr\/program-dneva\/","og_site_name":"BiVillage","article_publisher":"https:\/\/www.facebook.com\/BiVillageHolidayCenter\/","article_modified_time":"2023-03-05T13:36:24+00:00","og_image":[{"width":1920,"height":1000,"url":"https:\/\/www.bivillage.com\/wp-content\/uploads\/2022\/08\/programma-del-giorno-bivillage-croazia.jpg","type":"image\/jpeg"}],"twitter_card":"summary_large_image","twitter_misc":{"Procijenjeno vrijeme \u010ditanja":"1 minuta"},"schema":{"@context":"https:\/\/schema.org","@graph":[{"@type":"WebPage","@id":"https:\/\/www.bivillage.com\/hr\/program-dneva\/","url":"https:\/\/www.bivillage.com\/hr\/program-dneva\/","name":"\u0160to mogu raditi danas | Turisti\u010dko naselje BiVillage u Fa\u017eani, Istra","isPartOf":{"@id":"https:\/\/www.bivillage.com\/hr\/#website"},"primaryImageOfPage":{"@id":"https:\/\/www.bivillage.com\/hr\/program-dneva\/#primaryimage"},"image":{"@id":"https:\/\/www.bivillage.com\/hr\/program-dneva\/#primaryimage"},"thumbnailUrl":"https:\/\/www.bivillage.com\/wp-content\/uploads\/2022\/08\/programma-del-giorno-bivillage-croazia.jpg","datePublished":"2022-10-14T10:32:14+00:00","dateModified":"2023-03-05T13:36:24+00:00","description":"Svaki dan o\u010dekuju vas nove i zabavne aktivnosti osmi\u0161ljene posebno za vas i za va\u0161 ljetni odmor u BiVillageu. Preuzmite slu\u017ebenu aplikaciju BI4YOU!","breadcrumb":{"@id":"https:\/\/www.bivillage.com\/hr\/program-dneva\/#breadcrumb"},"inLanguage":"hr","potentialAction":[{"@type":"ReadAction","target":["https:\/\/www.bivillage.com\/hr\/program-dneva\/"]}]},{"@type":"ImageObject","inLanguage":"hr","@id":"https:\/\/www.bivillage.com\/hr\/program-dneva\/#primaryimage","url":"https:\/\/www.bivillage.com\/wp-content\/uploads\/2022\/08\/programma-del-giorno-bivillage-croazia.jpg","contentUrl":"https:\/\/www.bivillage.com\/wp-content\/uploads\/2022\/08\/programma-del-giorno-bivillage-croazia.jpg","width":1920,"height":1000,"caption":"famiglia in bicicletta all'interno del villaggio vacanze bivillage"},{"@type":"BreadcrumbList","@id":"https:\/\/www.bivillage.com\/hr\/program-dneva\/#breadcrumb","itemListElement":[{"@type":"ListItem","position":1,"name":"Home","item":"https:\/\/www.bivillage.com\/hr\/"},{"@type":"ListItem","position":2,"name":"Program dana"}]},{"@type":"WebSite","@id":"https:\/\/www.bivillage.com\/hr\/#website","url":"https:\/\/www.bivillage.com\/hr\/","name":"BiVillage","description":"Fasana, ISTRIA","publisher":{"@id":"https:\/\/www.bivillage.com\/hr\/#organization"},"potentialAction":[{"@type":"SearchAction","target":{"@type":"EntryPoint","urlTemplate":"https:\/\/www.bivillage.com\/hr\/?s={search_term_string}"},"query-input":{"@type":"PropertyValueSpecification","valueRequired":true,"valueName":"search_term_string"}}],"inLanguage":"hr"},{"@type":"Organization","@id":"https:\/\/www.bivillage.com\/hr\/#organization","name":"BiVillage","alternateName":"bivillage","url":"https:\/\/www.bivillage.com\/hr\/","logo":{"@type":"ImageObject","inLanguage":"hr","@id":"https:\/\/www.bivillage.com\/hr\/#\/schema\/logo\/image\/","url":"https:\/\/www.bivillage.com\/wp-content\/uploads\/2022\/04\/logo-bivillage.png","contentUrl":"https:\/\/www.bivillage.com\/wp-content\/uploads\/2022\/04\/logo-bivillage.png","width":973,"height":340,"caption":"BiVillage"},"image":{"@id":"https:\/\/www.bivillage.com\/hr\/#\/schema\/logo\/image\/"},"sameAs":["https:\/\/www.facebook.com\/BiVillageHolidayCenter\/","https:\/\/www.instagram.com\/bivillage_holidayresort\/","https:\/\/www.youtube.com\/channel\/UCu0whYLFWz1DQK-xiTLIuVw","https:\/\/www.tiktok.com\/@bivillage"]}]}},"coauthors":[],"author_meta":{"author_link":"https:\/\/www.bivillage.com\/hr\/news\/author\/admin\/","display_name":"admin"},"relative_dates":{"created":"Posted 4 godine ago","modified":"Updated 3 godine ago"},"absolute_dates":{"created":"Posted on 14 listopada, 2022","modified":"Updated on 5 o\u017eujka, 2023"},"absolute_dates_time":{"created":"Posted on 14 listopada, 2022 12:32 pm","modified":"Updated on 5 o\u017eujka, 2023 2:36 pm"},"featured_img_caption":"","featured_img":"https:\/\/www.bivillage.com\/wp-content\/uploads\/2022\/08\/programma-del-giorno-bivillage-croazia-1568x817.jpg","series_order":"","_links":{"self":[{"href":"https:\/\/www.bivillage.com\/hr\/wp-json\/wp\/v2\/pages\/9522","targetHints":{"allow":["GET"]}}],"collection":[{"href":"https:\/\/www.bivillage.com\/hr\/wp-json\/wp\/v2\/pages"}],"about":[{"href":"https:\/\/www.bivillage.com\/hr\/wp-json\/wp\/v2\/types\/page"}],"author":[{"embeddable":true,"href":"https:\/\/www.bivillage.com\/hr\/wp-json\/wp\/v2\/users\/1"}],"replies":[{"embeddable":true,"href":"https:\/\/www.bivillage.com\/hr\/wp-json\/wp\/v2\/comments?post=9522"}],"version-history":[{"count":0,"href":"https:\/\/www.bivillage.com\/hr\/wp-json\/wp\/v2\/pages\/9522\/revisions"}],"wp:featuredmedia":[{"embeddable":true,"href":"https:\/\/www.bivillage.com\/hr\/wp-json\/wp\/v2\/media\/5682"}],"wp:attachment":[{"href":"https:\/\/www.bivillage.com\/hr\/wp-json\/wp\/v2\/media?parent=9522"}],"curies":[{"name":"wp","href":"https:\/\/api.w.org\/{rel}","templated":true}]}}