{"id":7399,"date":"2022-09-13T12:19:09","date_gmt":"2022-09-13T10:19:09","guid":{"rendered":"https:\/\/www.bivillage.com\/?page_id=7399"},"modified":"2023-03-05T14:41:28","modified_gmt":"2023-03-05T13:41:28","slug":"dostupnost-pretrazivanja","status":"publish","type":"page","link":"https:\/\/www.bivillage.com\/hr\/dostupnost-pretrazivanja\/","title":{"rendered":"Provjeri dostupnost"},"content":{"rendered":"","protected":false},"excerpt":{"rendered":"","protected":false},"author":1,"featured_media":0,"parent":0,"menu_order":0,"comment_status":"closed","ping_status":"closed","template":"template-ricerca-disponibilita.php","meta":{"_acf_changed":false,"advgb_blocks_editor_width":"","advgb_blocks_columns_visual_guide":"","footnotes":""},"class_list":["post-7399","page","type-page","status-publish","hentry","entry"],"acf":[],"yoast_head":"<!-- This site is optimized with the Yoast SEO plugin v26.0 - https:\/\/yoast.com\/wordpress\/plugins\/seo\/ -->\n<title>Provjeri dostupnost | Kamp i resort BiVillage u Hrvatskoj<\/title>\n<meta name=\"description\" content=\"Unesite podatke o svom odmoru i potra\u017eite najprikladnije rje\u0161enje za odmor u prirodi u Fa\u017eani!\" \/>\n<meta name=\"robots\" content=\"index, follow, max-snippet:-1, max-image-preview:large, max-video-preview:-1\" \/>\n<link rel=\"canonical\" href=\"https:\/\/www.bivillage.com\/hr\/dostupnost-pretrazivanja\/\" \/>\n<meta property=\"og:locale\" content=\"hr_HR\" \/>\n<meta property=\"og:type\" content=\"article\" \/>\n<meta property=\"og:title\" content=\"Provjeri dostupnost | Kamp i resort BiVillage u Hrvatskoj\" \/>\n<meta property=\"og:description\" content=\"Unesite podatke o svom odmoru i potra\u017eite najprikladnije rje\u0161enje za odmor u prirodi u Fa\u017eani!\" \/>\n<meta property=\"og:url\" content=\"https:\/\/www.bivillage.com\/hr\/dostupnost-pretrazivanja\/\" \/>\n<meta property=\"og:site_name\" content=\"BiVillage\" \/>\n<meta property=\"article:publisher\" content=\"https:\/\/www.facebook.com\/BiVillageHolidayCenter\/\" \/>\n<meta property=\"article:modified_time\" content=\"2023-03-05T13:41:28+00:00\" \/>\n<meta name=\"twitter:card\" content=\"summary_large_image\" \/>\n<script type=\"application\/ld+json\" class=\"yoast-schema-graph\">{\"@context\":\"https:\/\/schema.org\",\"@graph\":[{\"@type\":\"WebPage\",\"@id\":\"https:\/\/www.bivillage.com\/hr\/dostupnost-pretrazivanja\/\",\"url\":\"https:\/\/www.bivillage.com\/hr\/dostupnost-pretrazivanja\/\",\"name\":\"Provjeri dostupnost | Kamp i resort BiVillage u Hrvatskoj\",\"isPartOf\":{\"@id\":\"https:\/\/www.bivillage.com\/hr\/#website\"},\"datePublished\":\"2022-09-13T10:19:09+00:00\",\"dateModified\":\"2023-03-05T13:41:28+00:00\",\"description\":\"Unesite podatke o svom odmoru i potra\u017eite najprikladnije rje\u0161enje za odmor u prirodi u Fa\u017eani!\",\"breadcrumb\":{\"@id\":\"https:\/\/www.bivillage.com\/hr\/dostupnost-pretrazivanja\/#breadcrumb\"},\"inLanguage\":\"hr\",\"potentialAction\":[{\"@type\":\"ReadAction\",\"target\":[\"https:\/\/www.bivillage.com\/hr\/dostupnost-pretrazivanja\/\"]}]},{\"@type\":\"BreadcrumbList\",\"@id\":\"https:\/\/www.bivillage.com\/hr\/dostupnost-pretrazivanja\/#breadcrumb\",\"itemListElement\":[{\"@type\":\"ListItem\",\"position\":1,\"name\":\"Home\",\"item\":\"https:\/\/www.bivillage.com\/hr\/\"},{\"@type\":\"ListItem\",\"position\":2,\"name\":\"Provjeri dostupnost\"}]},{\"@type\":\"WebSite\",\"@id\":\"https:\/\/www.bivillage.com\/hr\/#website\",\"url\":\"https:\/\/www.bivillage.com\/hr\/\",\"name\":\"BiVillage\",\"description\":\"Fasana, ISTRIA\",\"publisher\":{\"@id\":\"https:\/\/www.bivillage.com\/hr\/#organization\"},\"potentialAction\":[{\"@type\":\"SearchAction\",\"target\":{\"@type\":\"EntryPoint\",\"urlTemplate\":\"https:\/\/www.bivillage.com\/hr\/?s={search_term_string}\"},\"query-input\":{\"@type\":\"PropertyValueSpecification\",\"valueRequired\":true,\"valueName\":\"search_term_string\"}}],\"inLanguage\":\"hr\"},{\"@type\":\"Organization\",\"@id\":\"https:\/\/www.bivillage.com\/hr\/#organization\",\"name\":\"BiVillage\",\"alternateName\":\"bivillage\",\"url\":\"https:\/\/www.bivillage.com\/hr\/\",\"logo\":{\"@type\":\"ImageObject\",\"inLanguage\":\"hr\",\"@id\":\"https:\/\/www.bivillage.com\/hr\/#\/schema\/logo\/image\/\",\"url\":\"https:\/\/www.bivillage.com\/wp-content\/uploads\/2022\/04\/logo-bivillage.png\",\"contentUrl\":\"https:\/\/www.bivillage.com\/wp-content\/uploads\/2022\/04\/logo-bivillage.png\",\"width\":973,\"height\":340,\"caption\":\"BiVillage\"},\"image\":{\"@id\":\"https:\/\/www.bivillage.com\/hr\/#\/schema\/logo\/image\/\"},\"sameAs\":[\"https:\/\/www.facebook.com\/BiVillageHolidayCenter\/\",\"https:\/\/www.instagram.com\/bivillage_holidayresort\/\",\"https:\/\/www.youtube.com\/channel\/UCu0whYLFWz1DQK-xiTLIuVw\",\"https:\/\/www.tiktok.com\/@bivillage\"]}]}<\/script>\n<!-- \/ Yoast SEO plugin. -->","yoast_head_json":{"title":"Provjeri dostupnost | Kamp i resort BiVillage u Hrvatskoj","description":"Unesite podatke o svom odmoru i potra\u017eite najprikladnije rje\u0161enje za odmor u prirodi u Fa\u017eani!","robots":{"index":"index","follow":"follow","max-snippet":"max-snippet:-1","max-image-preview":"max-image-preview:large","max-video-preview":"max-video-preview:-1"},"canonical":"https:\/\/www.bivillage.com\/hr\/dostupnost-pretrazivanja\/","og_locale":"hr_HR","og_type":"article","og_title":"Provjeri dostupnost | Kamp i resort BiVillage u Hrvatskoj","og_description":"Unesite podatke o svom odmoru i potra\u017eite najprikladnije rje\u0161enje za odmor u prirodi u Fa\u017eani!","og_url":"https:\/\/www.bivillage.com\/hr\/dostupnost-pretrazivanja\/","og_site_name":"BiVillage","article_publisher":"https:\/\/www.facebook.com\/BiVillageHolidayCenter\/","article_modified_time":"2023-03-05T13:41:28+00:00","twitter_card":"summary_large_image","schema":{"@context":"https:\/\/schema.org","@graph":[{"@type":"WebPage","@id":"https:\/\/www.bivillage.com\/hr\/dostupnost-pretrazivanja\/","url":"https:\/\/www.bivillage.com\/hr\/dostupnost-pretrazivanja\/","name":"Provjeri dostupnost | Kamp i resort BiVillage u Hrvatskoj","isPartOf":{"@id":"https:\/\/www.bivillage.com\/hr\/#website"},"datePublished":"2022-09-13T10:19:09+00:00","dateModified":"2023-03-05T13:41:28+00:00","description":"Unesite podatke o svom odmoru i potra\u017eite najprikladnije rje\u0161enje za odmor u prirodi u Fa\u017eani!","breadcrumb":{"@id":"https:\/\/www.bivillage.com\/hr\/dostupnost-pretrazivanja\/#breadcrumb"},"inLanguage":"hr","potentialAction":[{"@type":"ReadAction","target":["https:\/\/www.bivillage.com\/hr\/dostupnost-pretrazivanja\/"]}]},{"@type":"BreadcrumbList","@id":"https:\/\/www.bivillage.com\/hr\/dostupnost-pretrazivanja\/#breadcrumb","itemListElement":[{"@type":"ListItem","position":1,"name":"Home","item":"https:\/\/www.bivillage.com\/hr\/"},{"@type":"ListItem","position":2,"name":"Provjeri dostupnost"}]},{"@type":"WebSite","@id":"https:\/\/www.bivillage.com\/hr\/#website","url":"https:\/\/www.bivillage.com\/hr\/","name":"BiVillage","description":"Fasana, ISTRIA","publisher":{"@id":"https:\/\/www.bivillage.com\/hr\/#organization"},"potentialAction":[{"@type":"SearchAction","target":{"@type":"EntryPoint","urlTemplate":"https:\/\/www.bivillage.com\/hr\/?s={search_term_string}"},"query-input":{"@type":"PropertyValueSpecification","valueRequired":true,"valueName":"search_term_string"}}],"inLanguage":"hr"},{"@type":"Organization","@id":"https:\/\/www.bivillage.com\/hr\/#organization","name":"BiVillage","alternateName":"bivillage","url":"https:\/\/www.bivillage.com\/hr\/","logo":{"@type":"ImageObject","inLanguage":"hr","@id":"https:\/\/www.bivillage.com\/hr\/#\/schema\/logo\/image\/","url":"https:\/\/www.bivillage.com\/wp-content\/uploads\/2022\/04\/logo-bivillage.png","contentUrl":"https:\/\/www.bivillage.com\/wp-content\/uploads\/2022\/04\/logo-bivillage.png","width":973,"height":340,"caption":"BiVillage"},"image":{"@id":"https:\/\/www.bivillage.com\/hr\/#\/schema\/logo\/image\/"},"sameAs":["https:\/\/www.facebook.com\/BiVillageHolidayCenter\/","https:\/\/www.instagram.com\/bivillage_holidayresort\/","https:\/\/www.youtube.com\/channel\/UCu0whYLFWz1DQK-xiTLIuVw","https:\/\/www.tiktok.com\/@bivillage"]}]}},"coauthors":[],"author_meta":{"author_link":"https:\/\/www.bivillage.com\/hr\/news\/author\/admin\/","display_name":"admin"},"relative_dates":{"created":"Posted 4 godine ago","modified":"Updated 3 godine ago"},"absolute_dates":{"created":"Posted on 13 rujna, 2022","modified":"Updated on 5 o\u017eujka, 2023"},"absolute_dates_time":{"created":"Posted on 13 rujna, 2022 12:19 pm","modified":"Updated on 5 o\u017eujka, 2023 2:41 pm"},"featured_img_caption":"","featured_img":false,"series_order":"","_links":{"self":[{"href":"https:\/\/www.bivillage.com\/hr\/wp-json\/wp\/v2\/pages\/7399","targetHints":{"allow":["GET"]}}],"collection":[{"href":"https:\/\/www.bivillage.com\/hr\/wp-json\/wp\/v2\/pages"}],"about":[{"href":"https:\/\/www.bivillage.com\/hr\/wp-json\/wp\/v2\/types\/page"}],"author":[{"embeddable":true,"href":"https:\/\/www.bivillage.com\/hr\/wp-json\/wp\/v2\/users\/1"}],"replies":[{"embeddable":true,"href":"https:\/\/www.bivillage.com\/hr\/wp-json\/wp\/v2\/comments?post=7399"}],"version-history":[{"count":0,"href":"https:\/\/www.bivillage.com\/hr\/wp-json\/wp\/v2\/pages\/7399\/revisions"}],"wp:attachment":[{"href":"https:\/\/www.bivillage.com\/hr\/wp-json\/wp\/v2\/media?parent=7399"}],"curies":[{"name":"wp","href":"https:\/\/api.w.org\/{rel}","templated":true}]}}