{"id":18475,"date":"2024-01-18T14:41:54","date_gmt":"2024-01-18T13:41:54","guid":{"rendered":"https:\/\/www.bivillage.com\/?page_id=18475"},"modified":"2024-01-18T14:41:55","modified_gmt":"2024-01-18T13:41:55","slug":"whistleblowing","status":"publish","type":"page","link":"https:\/\/www.bivillage.com\/hr\/whistleblowing\/","title":{"rendered":"Whistleblowing"},"content":{"rendered":"<div  class=\"grids-section grids-is-advanced alignwide\" style=\"--_gs-gap-desktop:0px 0px;--_gs-m-desktop:0 0 0 0;--_gs-p-desktop:0 0 0 0;--_gs-bg-desktop:transparent none;--_gs-bg-xp-desktop:0px;--_gs-zi-desktop:auto;--_gs-d-desktop:block;--_gs-mw-desktop:calc(100% - 0 - 0);--_gs-gap-tablet:0px 0px;--_gs-m-tablet:0 0 0 0;--_gs-p-tablet:0 0 0 0;--_gs-bg-tablet:transparent none;--_gs-bg-xp-tablet:0px;--_gs-zi-tablet:auto;--_gs-d-tablet:block;--_gs-mw-tablet:calc(100% - 0 - 0);--_gs-gap-mobile:0px 0px;--_gs-m-mobile:0 0 0 0;--_gs-p-mobile:0 0 0 0;--_gs-bg-mobile:transparent none;--_gs-bg-xp-mobile:0px;--_gs-zi-mobile:auto;--_gs-d-mobile:block;--_gs-mw-mobile:calc(100% - 0 - 0);--_gs-columns:12;--_gs-rows:6\"><div class=\"grids-s-w_i\">\n<div class=\"grids-area\" style=\"--_ga-column:2\/12;--_ga-row:1\/7;--_ga-m-desktop:0 0 0 0;--_ga-p-desktop:0 0 0 0;--_ga-bg-desktop:transparent none;--_ga-zi-desktop:auto;--_ga-d-desktop:flex;--_ga-mw-desktop:calc(100% - 0 - 0);--_ga-m-tablet:0 0 0 0;--_ga-p-tablet:0 0 0 0;--_ga-bg-tablet:transparent none;--_ga-zi-tablet:auto;--_ga-d-tablet:flex;--_ga-mw-tablet:calc(100% - 0 - 0);--_ga-m-mobile:0 0 0 0;--_ga-p-mobile:0 0 0 0;--_ga-bg-mobile:transparent none;--_ga-zi-mobile:auto;--_ga-d-mobile:flex;--_ga-mw-mobile:calc(100% - 0 - 0)\">\n\n<p><strong>PRIJAVA NEZAKONITOG POSTUPKA NIJE PRIGOVOR NA ISKUSTVO U NA\u0160IM OBJEKTIMA. ZA PRIGOVORE ILI KOMUNIKACIJU I PRIJEDLOGE O KOMERCIJALNIM JAVNIM USLUGAMA, MOLIMO VAS DA KONTAKTIRATE NA\u0160 CENTAR ZA REZERVACIJE.<\/strong><\/p>\n\n<\/div>\n<\/div><\/div>\n\n<div  class=\"grids-section grids-is-advanced\" style=\"--_gs-gap-desktop:0px 0px;--_gs-m-desktop:0 0 0 0;--_gs-p-desktop:0 0 0 0;--_gs-bg-desktop:transparent none;--_gs-bg-xp-desktop:0px;--_gs-zi-desktop:auto;--_gs-d-desktop:block;--_gs-mw-desktop:calc(100% - 0 - 0);--_gs-gap-tablet:0px 0px;--_gs-m-tablet:0 0 0 0;--_gs-p-tablet:0 0 0 0;--_gs-bg-tablet:transparent none;--_gs-bg-xp-tablet:0px;--_gs-zi-tablet:auto;--_gs-d-tablet:block;--_gs-mw-tablet:calc(100% - 0 - 0);--_gs-gap-mobile:0px 0px;--_gs-m-mobile:0 0 0 0;--_gs-p-mobile:0 0 0 0;--_gs-bg-mobile:transparent none;--_gs-bg-xp-mobile:0px;--_gs-zi-mobile:auto;--_gs-d-mobile:block;--_gs-mw-mobile:calc(100% - 0 - 0);--_gs-columns:12;--_gs-rows:6\"><div class=\"grids-s-w_i\">\n<div class=\"grids-area\" style=\"--_ga-column:2\/12;--_ga-row:1\/7;--_ga-m-desktop:0 0 0 0;--_ga-p-desktop:0 0 0 0;--_ga-bg-desktop:transparent none;--_ga-zi-desktop:auto;--_ga-d-desktop:flex;--_ga-mw-desktop:calc(100% - 0 - 0);--_ga-m-tablet:0 0 0 0;--_ga-p-tablet:0 0 0 0;--_ga-bg-tablet:transparent none;--_ga-zi-tablet:auto;--_ga-d-tablet:flex;--_ga-mw-tablet:calc(100% - 0 - 0);--_ga-m-mobile:0 0 0 0;--_ga-p-mobile:0 0 0 0;--_ga-bg-mobile:transparent none;--_ga-zi-mobile:auto;--_ga-d-mobile:flex;--_ga-mw-mobile:calc(100% - 0 - 0)\">\n\n<p>Grupe BiHoliday obvezuju se promicati i \u0161iriti korporativnu kulturu temeljenu na etici i transparentnosti. U tu svrhu, BiHoliday o\u010dekuje da svi koji djeluju u radnom kontekstu tvrtke, poput zaposlenika, korporativnih izvr\u0161nih direktora, \u010dlanova socijalnih tijela i\/ili poslovnih partnera, prijavljuju informacije o kr\u0161enju:<\/p>\n\n\n\n<ul class=\"wp-block-list\">\n<li>Primjenjivih zakona i propisa;<\/li>\n\n\n\n<li>Eti\u010dkog kodeksa;<\/li>\n\n\n\n<li>Sustava ovlasti i delegacija;<\/li>\n\n\n\n<li>Unutarnjeg korporativnog normativnog okvira (Postupak o zdravlju i sigurnosti te ostalih internih politika i postupaka itd.).<\/li>\n<\/ul>\n\n\n\n<p>Iz tog razloga, BiHoliday je implementirao interne kanale za prijavu kr\u0161enja i nepravilnosti (djela i\/ili nezakonito pona\u0161anje, izvr\u0161na ili propu\u0161tanje, koja ugro\u017eavaju javni interes ili integritet tvrtke) koji osiguravaju povjerljivost identiteta prijavitelja i informacija sadr\u017eanih u prijavi, kao i njihovu za\u0161titu od mogu\u0107ih odmazdi. Iako se prihva\u0107aju anonimne prijave, prijaviteljima se savjetuje da preferiraju imenovane kako bi ubrzali i u\u010dinili istra\u017eivanja u\u010dinkovitijima.<\/p>\n\n\n\n<p>BiHoliday je usvojio informati\u010dku platformu koju upravlja specijalizirana tre\u0107a strana, putem koje je mogu\u0107e podnijeti prijavu kako pismeno, tako i putem sustava glasovnih poruka.<\/p>\n\n\n\n<div style=\"height:15px\" aria-hidden=\"true\" class=\"wp-block-spacer\"><\/div>\n\n\n\n<div class=\"wp-block-buttons is-content-justification-center is-layout-flex wp-container-core-buttons-is-layout-16018d1d wp-block-buttons-is-layout-flex\">\n<div class=\"wp-block-button\"><a class=\"wp-block-button__link wp-element-button\" href=\"https:\/\/biholiday.integrityline.com\/?lang=hr\" target=\"_blank\" rel=\"noreferrer noopener\">UMETNITE SVOJU PRIJAVU OVDJE<\/a><\/div>\n<\/div>\n\n<\/div>\n<\/div><\/div>","protected":false},"excerpt":{"rendered":"","protected":false},"author":13,"featured_media":0,"parent":0,"menu_order":0,"comment_status":"closed","ping_status":"closed","template":"","meta":{"_acf_changed":false,"advgb_blocks_editor_width":"","advgb_blocks_columns_visual_guide":"","footnotes":""},"class_list":["post-18475","page","type-page","status-publish","hentry","entry"],"acf":[],"yoast_head":"<!-- This site is optimized with the Yoast SEO plugin v26.0 - https:\/\/yoast.com\/wordpress\/plugins\/seo\/ -->\n<title>Whistleblowing - BiVillage<\/title>\n<meta name=\"description\" content=\"Grupe BiHoliday obvezuju se promicati i \u0161iriti korporativnu kulturu temeljenu na etici i transparentnosti.\" \/>\n<meta name=\"robots\" content=\"index, follow, max-snippet:-1, max-image-preview:large, max-video-preview:-1\" \/>\n<link rel=\"canonical\" href=\"https:\/\/www.bivillage.com\/hr\/whistleblowing\/\" \/>\n<meta property=\"og:locale\" content=\"hr_HR\" \/>\n<meta property=\"og:type\" content=\"article\" \/>\n<meta property=\"og:title\" content=\"Whistleblowing - BiVillage\" \/>\n<meta property=\"og:description\" content=\"Grupe BiHoliday obvezuju se promicati i \u0161iriti korporativnu kulturu temeljenu na etici i transparentnosti.\" \/>\n<meta property=\"og:url\" content=\"https:\/\/www.bivillage.com\/hr\/whistleblowing\/\" \/>\n<meta property=\"og:site_name\" content=\"BiVillage\" \/>\n<meta property=\"article:publisher\" content=\"https:\/\/www.facebook.com\/BiVillageHolidayCenter\/\" \/>\n<meta property=\"article:modified_time\" content=\"2024-01-18T13:41:55+00:00\" \/>\n<meta name=\"twitter:card\" content=\"summary_large_image\" \/>\n<script type=\"application\/ld+json\" class=\"yoast-schema-graph\">{\"@context\":\"https:\/\/schema.org\",\"@graph\":[{\"@type\":\"WebPage\",\"@id\":\"https:\/\/www.bivillage.com\/hr\/whistleblowing\/\",\"url\":\"https:\/\/www.bivillage.com\/hr\/whistleblowing\/\",\"name\":\"Whistleblowing - BiVillage\",\"isPartOf\":{\"@id\":\"https:\/\/www.bivillage.com\/hr\/#website\"},\"datePublished\":\"2024-01-18T13:41:54+00:00\",\"dateModified\":\"2024-01-18T13:41:55+00:00\",\"description\":\"Grupe BiHoliday obvezuju se promicati i \u0161iriti korporativnu kulturu temeljenu na etici i transparentnosti.\",\"breadcrumb\":{\"@id\":\"https:\/\/www.bivillage.com\/hr\/whistleblowing\/#breadcrumb\"},\"inLanguage\":\"hr\",\"potentialAction\":[{\"@type\":\"ReadAction\",\"target\":[\"https:\/\/www.bivillage.com\/hr\/whistleblowing\/\"]}]},{\"@type\":\"BreadcrumbList\",\"@id\":\"https:\/\/www.bivillage.com\/hr\/whistleblowing\/#breadcrumb\",\"itemListElement\":[{\"@type\":\"ListItem\",\"position\":1,\"name\":\"Home\",\"item\":\"https:\/\/www.bivillage.com\/hr\/\"},{\"@type\":\"ListItem\",\"position\":2,\"name\":\"Whistleblowing\"}]},{\"@type\":\"WebSite\",\"@id\":\"https:\/\/www.bivillage.com\/hr\/#website\",\"url\":\"https:\/\/www.bivillage.com\/hr\/\",\"name\":\"BiVillage\",\"description\":\"Fasana, ISTRIA\",\"publisher\":{\"@id\":\"https:\/\/www.bivillage.com\/hr\/#organization\"},\"potentialAction\":[{\"@type\":\"SearchAction\",\"target\":{\"@type\":\"EntryPoint\",\"urlTemplate\":\"https:\/\/www.bivillage.com\/hr\/?s={search_term_string}\"},\"query-input\":{\"@type\":\"PropertyValueSpecification\",\"valueRequired\":true,\"valueName\":\"search_term_string\"}}],\"inLanguage\":\"hr\"},{\"@type\":\"Organization\",\"@id\":\"https:\/\/www.bivillage.com\/hr\/#organization\",\"name\":\"BiVillage\",\"alternateName\":\"bivillage\",\"url\":\"https:\/\/www.bivillage.com\/hr\/\",\"logo\":{\"@type\":\"ImageObject\",\"inLanguage\":\"hr\",\"@id\":\"https:\/\/www.bivillage.com\/hr\/#\/schema\/logo\/image\/\",\"url\":\"https:\/\/www.bivillage.com\/wp-content\/uploads\/2022\/04\/logo-bivillage.png\",\"contentUrl\":\"https:\/\/www.bivillage.com\/wp-content\/uploads\/2022\/04\/logo-bivillage.png\",\"width\":973,\"height\":340,\"caption\":\"BiVillage\"},\"image\":{\"@id\":\"https:\/\/www.bivillage.com\/hr\/#\/schema\/logo\/image\/\"},\"sameAs\":[\"https:\/\/www.facebook.com\/BiVillageHolidayCenter\/\",\"https:\/\/www.instagram.com\/bivillage_holidayresort\/\",\"https:\/\/www.youtube.com\/channel\/UCu0whYLFWz1DQK-xiTLIuVw\",\"https:\/\/www.tiktok.com\/@bivillage\"]}]}<\/script>\n<!-- \/ Yoast SEO plugin. -->","yoast_head_json":{"title":"Whistleblowing - BiVillage","description":"Grupe BiHoliday obvezuju se promicati i \u0161iriti korporativnu kulturu temeljenu na etici i transparentnosti.","robots":{"index":"index","follow":"follow","max-snippet":"max-snippet:-1","max-image-preview":"max-image-preview:large","max-video-preview":"max-video-preview:-1"},"canonical":"https:\/\/www.bivillage.com\/hr\/whistleblowing\/","og_locale":"hr_HR","og_type":"article","og_title":"Whistleblowing - BiVillage","og_description":"Grupe BiHoliday obvezuju se promicati i \u0161iriti korporativnu kulturu temeljenu na etici i transparentnosti.","og_url":"https:\/\/www.bivillage.com\/hr\/whistleblowing\/","og_site_name":"BiVillage","article_publisher":"https:\/\/www.facebook.com\/BiVillageHolidayCenter\/","article_modified_time":"2024-01-18T13:41:55+00:00","twitter_card":"summary_large_image","schema":{"@context":"https:\/\/schema.org","@graph":[{"@type":"WebPage","@id":"https:\/\/www.bivillage.com\/hr\/whistleblowing\/","url":"https:\/\/www.bivillage.com\/hr\/whistleblowing\/","name":"Whistleblowing - BiVillage","isPartOf":{"@id":"https:\/\/www.bivillage.com\/hr\/#website"},"datePublished":"2024-01-18T13:41:54+00:00","dateModified":"2024-01-18T13:41:55+00:00","description":"Grupe BiHoliday obvezuju se promicati i \u0161iriti korporativnu kulturu temeljenu na etici i transparentnosti.","breadcrumb":{"@id":"https:\/\/www.bivillage.com\/hr\/whistleblowing\/#breadcrumb"},"inLanguage":"hr","potentialAction":[{"@type":"ReadAction","target":["https:\/\/www.bivillage.com\/hr\/whistleblowing\/"]}]},{"@type":"BreadcrumbList","@id":"https:\/\/www.bivillage.com\/hr\/whistleblowing\/#breadcrumb","itemListElement":[{"@type":"ListItem","position":1,"name":"Home","item":"https:\/\/www.bivillage.com\/hr\/"},{"@type":"ListItem","position":2,"name":"Whistleblowing"}]},{"@type":"WebSite","@id":"https:\/\/www.bivillage.com\/hr\/#website","url":"https:\/\/www.bivillage.com\/hr\/","name":"BiVillage","description":"Fasana, ISTRIA","publisher":{"@id":"https:\/\/www.bivillage.com\/hr\/#organization"},"potentialAction":[{"@type":"SearchAction","target":{"@type":"EntryPoint","urlTemplate":"https:\/\/www.bivillage.com\/hr\/?s={search_term_string}"},"query-input":{"@type":"PropertyValueSpecification","valueRequired":true,"valueName":"search_term_string"}}],"inLanguage":"hr"},{"@type":"Organization","@id":"https:\/\/www.bivillage.com\/hr\/#organization","name":"BiVillage","alternateName":"bivillage","url":"https:\/\/www.bivillage.com\/hr\/","logo":{"@type":"ImageObject","inLanguage":"hr","@id":"https:\/\/www.bivillage.com\/hr\/#\/schema\/logo\/image\/","url":"https:\/\/www.bivillage.com\/wp-content\/uploads\/2022\/04\/logo-bivillage.png","contentUrl":"https:\/\/www.bivillage.com\/wp-content\/uploads\/2022\/04\/logo-bivillage.png","width":973,"height":340,"caption":"BiVillage"},"image":{"@id":"https:\/\/www.bivillage.com\/hr\/#\/schema\/logo\/image\/"},"sameAs":["https:\/\/www.facebook.com\/BiVillageHolidayCenter\/","https:\/\/www.instagram.com\/bivillage_holidayresort\/","https:\/\/www.youtube.com\/channel\/UCu0whYLFWz1DQK-xiTLIuVw","https:\/\/www.tiktok.com\/@bivillage"]}]}},"coauthors":[],"author_meta":{"author_link":"https:\/\/www.bivillage.com\/hr\/news\/author\/tancredi-rizzardopromoservice-com\/","display_name":"tancredi.rizzardo@promoservice.com"},"relative_dates":{"created":"Posted 2 godine ago","modified":"Updated 2 godine ago"},"absolute_dates":{"created":"Posted on 18 sije\u010dnja, 2024","modified":"Updated on 18 sije\u010dnja, 2024"},"absolute_dates_time":{"created":"Posted on 18 sije\u010dnja, 2024 2:41 pm","modified":"Updated on 18 sije\u010dnja, 2024 2:41 pm"},"featured_img_caption":"","featured_img":false,"series_order":"","_links":{"self":[{"href":"https:\/\/www.bivillage.com\/hr\/wp-json\/wp\/v2\/pages\/18475","targetHints":{"allow":["GET"]}}],"collection":[{"href":"https:\/\/www.bivillage.com\/hr\/wp-json\/wp\/v2\/pages"}],"about":[{"href":"https:\/\/www.bivillage.com\/hr\/wp-json\/wp\/v2\/types\/page"}],"author":[{"embeddable":true,"href":"https:\/\/www.bivillage.com\/hr\/wp-json\/wp\/v2\/users\/13"}],"replies":[{"embeddable":true,"href":"https:\/\/www.bivillage.com\/hr\/wp-json\/wp\/v2\/comments?post=18475"}],"version-history":[{"count":0,"href":"https:\/\/www.bivillage.com\/hr\/wp-json\/wp\/v2\/pages\/18475\/revisions"}],"wp:attachment":[{"href":"https:\/\/www.bivillage.com\/hr\/wp-json\/wp\/v2\/media?parent=18475"}],"curies":[{"name":"wp","href":"https:\/\/api.w.org\/{rel}","templated":true}]}}