{"id":11677,"date":"2023-01-25T20:52:17","date_gmt":"2023-01-25T19:52:17","guid":{"rendered":"https:\/\/www.bivillage.com\/sto-posjetiti-u-blizini-fazane\/"},"modified":"2023-03-06T17:11:00","modified_gmt":"2023-03-06T16:11:00","slug":"sto-posjetiti-u-blizini-fazane","status":"publish","type":"page","link":"https:\/\/www.bivillage.com\/hr\/sto-posjetiti-u-blizini-fazane\/","title":{"rendered":"\u0160to posjetiti u blizini Fa\u017eane"},"content":{"rendered":"<div  class=\"grids-section row-elenchi grids-is-advanced alignfull\" style=\"--_gs-gap-desktop:0px 0px;--_gs-m-desktop:0 0 0 0;--_gs-p-desktop:0 0 0 0;--_gs-bg-desktop:transparent none;--_gs-bg-xp-desktop:0px;--_gs-zi-desktop:auto;--_gs-d-desktop:block;--_gs-mw-desktop:calc(100% - 0 - 0);--_gs-gap-tablet:0px 0px;--_gs-m-tablet:0 0 0 0;--_gs-p-tablet:0 0 0 0;--_gs-bg-tablet:transparent none;--_gs-bg-xp-tablet:0px;--_gs-zi-tablet:auto;--_gs-d-tablet:block;--_gs-mw-tablet:calc(100% - 0 - 0);--_gs-gap-mobile:0px 0px;--_gs-m-mobile:0 0 0 0;--_gs-p-mobile:0 0 0 0;--_gs-bg-mobile:transparent none;--_gs-bg-xp-mobile:0px;--_gs-zi-mobile:auto;--_gs-d-mobile:block;--_gs-mw-mobile:calc(100% - 0 - 0);--_gs-columns:12;--_gs-rows:6\"><div class=\"grids-s-w_i\">\n<div class=\"grids-area\" style=\"--_ga-column:2\/12;--_ga-row:1\/3;--_ga-m-desktop:0 0 0 0;--_ga-p-desktop:0 0 0 0;--_ga-bg-desktop:transparent none;--_ga-zi-desktop:auto;--_ga-d-desktop:flex;--_ga-mw-desktop:calc(100% - 0 - 0);--_ga-m-tablet:0 0 0 0;--_ga-p-tablet:0 0 0 0;--_ga-bg-tablet:transparent none;--_ga-zi-tablet:auto;--_ga-d-tablet:flex;--_ga-mw-tablet:calc(100% - 0 - 0);--_ga-m-mobile:0 0 0 0;--_ga-p-mobile:0 0 0 0;--_ga-bg-mobile:transparent none;--_ga-zi-mobile:auto;--_ga-d-mobile:flex;--_ga-mw-mobile:calc(100% - 0 - 0)\">\n\n<h2 class=\"has-text-align-center wp-block-heading\">Otkrijte Fa\u017eanu i okolicu!<\/h2>\n\n\n\n<p><div class=\"flex items-start justify-start\" lang=\"hr\">&#13;\n<div class=\"flex-1 pt-1\">&#13;\n<p id=\"googleTranslate_container\" class=\"inline-block min-h-8 text-primary-700 break-words font-medium text-base \"><strong>Otkrivanje Fa\u017eane i njezine okolice<\/strong> na\u010din je da cijenite prirodne ljepote i kulturnu ba\u0161tinu ovog kraja, kao i njegovu bogatu povijest.<\/p>&#13;\n&#13;\n<\/div>&#13;\n<\/div><\/p>\n\n\n\n<p><div class=\"flex items-start justify-start\" lang=\"hr\">&#13;\n<div class=\"flex-1 pt-1\">&#13;\n<p id=\"googleTranslate_container\" class=\"inline-block min-h-8 text-primary-700 break-words font-medium text-base \">S <strong>prekrasnim pla\u017eama, prekrasnim pogledom i ukusnom hranom<\/strong>, isplati se provesti neko vrijeme istra\u017euju\u0107i ovaj fantasti\u010dni dio Hrvatske.<\/p>&#13;\n&#13;\n<\/div>&#13;\n<\/div><\/p>\n\n<\/div>\n<\/div><\/div>\n\n\t<div id=\"boxTextSlider_2\" class=\"box-text-slider-container-wrapper  \" style=\"background-image: url(https:\/\/www.bivillage.com\/wp-content\/uploads\/2023\/01\/mare-costiera-dall-alto-croazia.jpg);--box-text-bck-color: #0a0a0a;--box-text-color: #ffffff;\">\n\n\t\t<div class=\"box-text-slider_content\">\n\t\t\t<h3>FA\u017dANA I OKOLINA<\/h3>\n<h2>Otkrijte \u010dari istarske obale i njezine okolice<\/h2>\n<div class=\"px-2\">\n<section id=\"translation_automatic\" class=\"bg-slate-50 border-gray-300 border rounded \">\n<div class=\"flex items-start justify-start\" lang=\"hr\">\n<div class=\"flex-1 pt-1\">\n<p id=\"googleTranslate_container\" class=\"inline-block min-h-8 text-primary-700 break-words font-medium text-base \">Otkrivanje \u010dari istarske obale i njezine okolice odli\u010dan je na\u010din da provedete godi\u0161nji odmor.<\/p>\n<\/div>\n<\/div>\n<\/section>\n<\/div>\n<div class=\"flex items-start justify-start\" lang=\"hr\">\n<div class=\"flex-1 pt-1\">\n<p id=\"googleTranslate_container\" class=\"inline-block min-h-8 text-primary-700 break-words font-medium text-base \">S nama \u0107ete imati priliku istra\u017eiti jedno od najljep\u0161ih ljetovali\u0161ta u Hrvatskoj.<\/p>\n<\/div>\n<\/div>\n<div class=\"flex items-start justify-start\" lang=\"hr\">\n<div class=\"flex-1 pt-1\">\n<p id=\"googleTranslate_container\" class=\"inline-block min-h-8 text-primary-700 break-words font-medium text-base \">Ovdje su <strong>najbolja odredi\u0161ta<\/strong> za vrhunski odmor, zajedno s <strong>planom puta<\/strong> izravno iz <strong>Bi Villagea<\/strong>!<\/p>\n<\/div>\n<\/div>\n\t\t<\/div>\n\n\t\t\t\t\t<div class=\"box-text-slider_slider\">\n\t\t\t\t<div class=\"swiper-wrapper\">\n\t\t\t\t\t\t\t\t\t\t\t\t\t\t\t\t\t<div class=\"box-text-slider_slider_slide swiper-slide\">\n\n\t\t\t\t\t\t\t\t\t\t\t\t\t\t\t<figure class=\"full-width\" style=\"background-color: #477c91;\">\n\t\t\t\t\t\t\t\t\t<img decoding=\"async\" src=\"https:\/\/www.bivillage.com\/wp-content\/uploads\/2023\/01\/fasana-croazia.jpg\" alt=\"fasana. croazia in istria\" title=\"fasana-croazia\" \/>\n\t\t\t\t\t\t\t\t<\/figure>\n\t\t\t\t\t\t\t\n\t\t\t\t\t\t\t\n\t\t\t\t\t\t\t\t\t\t\t\t\t\t\t\t\t<div class=\"box-text-slider_slider_slide_btn\">\n\t\t\t\t\t\t\t\t\t\t<a href=\"https:\/\/www.bivillage.com\/hr\/5-stvari-koje-trebate-uraditi-u-fazani\/\" class=\"btn btn-white\" >\n\t\t\t\t\t\t\t\t\t\t\t5 stvari koje trebate uraditi u Fa\u017eani\t\t\t\t\t\t\t\t\t\t<\/a>\n\t\t\t\t\t\t\t\t\t\t\t\t\t\t\t\t\n\t\t\t\t\t\t\t\t<\/div>\n\t\t\t\t\t\t\t\t\t\t\t\t\t<\/div>\n\t\t\t\t\t\t\n\t\t\t\t\t\t\t\t\t\t\t\t\t\t\t\t\t<div class=\"box-text-slider_slider_slide swiper-slide\">\n\n\t\t\t\t\t\t\t\t\t\t\t\t\t\t\t<figure class=\"full-width\" style=\"background-color: #174d6a;\">\n\t\t\t\t\t\t\t\t\t<img decoding=\"async\" src=\"https:\/\/www.bivillage.com\/wp-content\/uploads\/2022\/08\/isole-brioni.jpg\" alt=\"vista dall'alto delle isole brioni in croazia\" title=\"isole brioni\" \/>\n\t\t\t\t\t\t\t\t<\/figure>\n\t\t\t\t\t\t\t\n\t\t\t\t\t\t\t\n\t\t\t\t\t\t\t\t\t\t\t\t\t\t\t\t\t<div class=\"box-text-slider_slider_slide_btn\">\n\t\t\t\t\t\t\t\t\t\t<a href=\"https:\/\/www.bivillage.com\/hr\/sto-vidjeti-na-brijunima\/\" class=\"btn btn-white\" >\n\t\t\t\t\t\t\t\t\t\t\t\u0160to vidjeti na Brijunima?\t\t\t\t\t\t\t\t\t\t<\/a>\n\t\t\t\t\t\t\t\t\t\t\t\t\t\t\t\t\n\t\t\t\t\t\t\t\t<\/div>\n\t\t\t\t\t\t\t\t\t\t\t\t\t<\/div>\n\t\t\t\t\t\t\n\t\t\t\t\t\t\t\t\t<\/div>\n\t\t\t\t\n\t\t\t\t\t\t\t\t\t<div class=\"slider-list-navigation\">\n\t\t\t\t\t\t<div class=\"swiper-button-next\"><\/div>\n\t\t\t\t\t\t<div class=\"swiper-button-prev\"><\/div>\n\t\t\t\t\t<\/div>\n\t\t\t\t\t\t\t<\/div>\n\t\t\t<\/div>\n\n\t\t\t<script type=\"text\/javascript\">\n\t\t\tjQuery(document).ready(function () {\n\t\t\t\t\/\/ initialize swiper when document ready\n\t\t\t\tvar boxTextSlider_2 = new Swiper ('#boxTextSlider_2 .box-text-slider_slider', {\n\t\t\t\t\tslidesPerView: 'auto',\n\t\t\t\t\tspaceBetween: 50,\n\t\t\t\t\tobserver: true,\n\t\t\t\t\tobserveParents: true,\n\t\t\t\t\tnavigation: {\n\t\t\t\t\t\tnextEl: '#boxTextSlider_2 .box-text-slider_slider .slider-list-navigation .swiper-button-next',\n\t\t\t\t\t\tprevEl: '#boxTextSlider_2 .box-text-slider_slider .slider-list-navigation .swiper-button-prev',\n\t\t\t\t\t}\n\t\t\t\t});\n\t\t\t});\n\t\t<\/script>\n\t\n\n\n\n<div  class=\"grids-section grids-is-advanced alignwide\" style=\"--_gs-gap-desktop:0px 0px;--_gs-m-desktop:0 0 0 0;--_gs-p-desktop:0 0 0 0;--_gs-bg-desktop:transparent none;--_gs-bg-xp-desktop:0px;--_gs-zi-desktop:auto;--_gs-d-desktop:block;--_gs-mw-desktop:calc(100% - 0 - 0);--_gs-gap-tablet:0px 0px;--_gs-m-tablet:0 0 0 0;--_gs-p-tablet:0 0 0 0;--_gs-bg-tablet:transparent none;--_gs-bg-xp-tablet:0px;--_gs-zi-tablet:auto;--_gs-d-tablet:block;--_gs-mw-tablet:calc(100% - 0 - 0);--_gs-gap-mobile:0px 0px;--_gs-m-mobile:0 0 0 0;--_gs-p-mobile:0 0 0 0;--_gs-bg-mobile:transparent none;--_gs-bg-xp-mobile:0px;--_gs-zi-mobile:auto;--_gs-d-mobile:block;--_gs-mw-mobile:calc(100% - 0 - 0);--_gs-columns:12;--_gs-rows:6\"><div class=\"grids-s-w_i\">\n<div class=\"grids-area\" style=\"--_ga-column:2\/12;--_ga-row:1\/7;--_ga-m-desktop:0 0 0 0;--_ga-p-desktop:0 0 0 0;--_ga-bg-desktop:transparent none;--_ga-zi-desktop:auto;--_ga-d-desktop:flex;--_ga-mw-desktop:calc(100% - 0 - 0);--_ga-m-tablet:0 0 0 0;--_ga-p-tablet:0 0 0 0;--_ga-bg-tablet:transparent none;--_ga-zi-tablet:auto;--_ga-d-tablet:flex;--_ga-mw-tablet:calc(100% - 0 - 0);--_ga-m-mobile:0 0 0 0;--_ga-p-mobile:0 0 0 0;--_ga-bg-mobile:transparent none;--_ga-zi-mobile:auto;--_ga-d-mobile:flex;--_ga-mw-mobile:calc(100% - 0 - 0)\">\n\n<p><div class=\"flex items-start justify-start\" lang=\"hr\">&#13;\n<div class=\"flex-1 pt-1\">&#13;\n<p id=\"googleTranslate_container\" class=\"inline-block min-h-8 text-primary-700 break-words font-medium text-base \">Va\u0161 odmor u Fa\u017eani \u010deka na vas: evo nekoliko savjeta o <strong>rutama koje mo\u017eete pro\u0107i biciklom ili automobilom<\/strong> kako biste posjetili<strong> najzanimljivija mjesta po\u010dev\u0161i od Bi Villagea.<\/strong><\/p>&#13;\n&#13;\n<\/div>&#13;\n<\/div><\/p>\n\n\n\n                        <div class=\"related-pages-container\">\n                                                        <div class=\"single-related-page-container\">\n                        <figure class=\"full-width\" style=\"background-color: #1775b0;\">\n                            <img decoding=\"async\" src=\"https:\/\/www.bivillage.com\/wp-content\/uploads\/2022\/08\/servizi-in-spiaggia-bivillage-croazia-banner.jpg\" height=\"1000\" width=\"1920\" \/>\n                        <\/figure>\n                        <a href=\"https:\/\/www.bivillage.com\/hr\/news\/nagrade\/bivillage-medu-25-najboljih-kamp-odmaralista-u-hrvatskoj\/\">\n                            <h2 class=\"related-page-title\">\n                                BiVillage je me\u0111u 25 najboljih kamping naselja u Hrvatskoj!                            <\/h2>\n                            <span class=\"border-bottom\"><\/span>\n                        <\/a>\n                    <\/div>\n                                                        <div class=\"single-related-page-container\">\n                        <figure class=\"full-width\" style=\"background-color: #929585;\">\n                            <img decoding=\"async\" src=\"https:\/\/www.bivillage.com\/wp-content\/uploads\/2022\/08\/bivillage-croazia-bike-friendly.jpg\" height=\"1000\" width=\"1920\" \/>\n                        <\/figure>\n                        <a href=\"https:\/\/www.bivillage.com\/hr\/odmor-prilagoden-biciklima\/\">\n                            <h2 class=\"related-page-title\">\n                                Odmor prilago\u0111en biciklima                            <\/h2>\n                            <span class=\"border-bottom\"><\/span>\n                        <\/a>\n                    <\/div>\n                                                        <div class=\"single-related-page-container\">\n                        <figure class=\"full-width\" style=\"background-color: #4e7b9b;\">\n                            <img decoding=\"async\" src=\"https:\/\/www.bivillage.com\/wp-content\/uploads\/2022\/08\/camping-resort-bivillage-croazia-banner.jpg\" height=\"1000\" width=\"1950\" \/>\n                        <\/figure>\n                        <a href=\"https:\/\/www.bivillage.com\/hr\/nase-naselje\/\">\n                            <h2 class=\"related-page-title\">\n                                Na\u0161e naselje                            <\/h2>\n                            <span class=\"border-bottom\"><\/span>\n                        <\/a>\n                    <\/div>\n                            <\/div>\n            \n\n<\/div>\n<\/div><\/div>","protected":false},"excerpt":{"rendered":"","protected":false},"author":9,"featured_media":10850,"parent":0,"menu_order":0,"comment_status":"closed","ping_status":"closed","template":"","meta":{"_acf_changed":false,"advgb_blocks_editor_width":"","advgb_blocks_columns_visual_guide":"","footnotes":""},"class_list":["post-11677","page","type-page","status-publish","has-post-thumbnail","hentry","entry"],"acf":[],"yoast_head":"<!-- This site is optimized with the Yoast SEO plugin v26.0 - https:\/\/yoast.com\/wordpress\/plugins\/seo\/ -->\n<title>5 stvari koje trebate uraditi u Fa\u017eani: priroda, umjetnost i povijest | BiVillage<\/title>\n<meta name=\"description\" content=\"Razmi\u0161ljate li o posjeti Fa\u017eani? Popis stvari koje treba uraditi u ovom \u0161armantnom gradi\u0107u u ju\u017enoj Istri je beskrajan. Saznajte!\" \/>\n<meta name=\"robots\" content=\"index, follow, max-snippet:-1, max-image-preview:large, max-video-preview:-1\" \/>\n<link rel=\"canonical\" href=\"https:\/\/www.bivillage.com\/hr\/sto-posjetiti-u-blizini-fazane\/\" \/>\n<meta property=\"og:locale\" content=\"hr_HR\" \/>\n<meta property=\"og:type\" content=\"article\" \/>\n<meta property=\"og:title\" content=\"5 stvari koje trebate uraditi u Fa\u017eani: priroda, umjetnost i povijest | BiVillage\" \/>\n<meta property=\"og:description\" content=\"Razmi\u0161ljate li o posjeti Fa\u017eani? Popis stvari koje treba uraditi u ovom \u0161armantnom gradi\u0107u u ju\u017enoj Istri je beskrajan. Saznajte!\" \/>\n<meta property=\"og:url\" content=\"https:\/\/www.bivillage.com\/hr\/sto-posjetiti-u-blizini-fazane\/\" \/>\n<meta property=\"og:site_name\" content=\"BiVillage\" \/>\n<meta property=\"article:publisher\" content=\"https:\/\/www.facebook.com\/BiVillageHolidayCenter\/\" \/>\n<meta property=\"article:modified_time\" content=\"2023-03-06T16:11:00+00:00\" \/>\n<meta property=\"og:image\" content=\"https:\/\/www.bivillage.com\/wp-content\/uploads\/2023\/01\/molo-fasana-croazia.jpg\" \/>\n\t<meta property=\"og:image:width\" content=\"1000\" \/>\n\t<meta property=\"og:image:height\" content=\"666\" \/>\n\t<meta property=\"og:image:type\" content=\"image\/jpeg\" \/>\n<meta name=\"twitter:card\" content=\"summary_large_image\" \/>\n<meta name=\"twitter:label1\" content=\"Procijenjeno vrijeme \u010ditanja\" \/>\n\t<meta name=\"twitter:data1\" content=\"1 minuta\" \/>\n<script type=\"application\/ld+json\" class=\"yoast-schema-graph\">{\"@context\":\"https:\/\/schema.org\",\"@graph\":[{\"@type\":\"WebPage\",\"@id\":\"https:\/\/www.bivillage.com\/hr\/sto-posjetiti-u-blizini-fazane\/\",\"url\":\"https:\/\/www.bivillage.com\/hr\/sto-posjetiti-u-blizini-fazane\/\",\"name\":\"5 stvari koje trebate uraditi u Fa\u017eani: priroda, umjetnost i povijest | BiVillage\",\"isPartOf\":{\"@id\":\"https:\/\/www.bivillage.com\/hr\/#website\"},\"primaryImageOfPage\":{\"@id\":\"https:\/\/www.bivillage.com\/hr\/sto-posjetiti-u-blizini-fazane\/#primaryimage\"},\"image\":{\"@id\":\"https:\/\/www.bivillage.com\/hr\/sto-posjetiti-u-blizini-fazane\/#primaryimage\"},\"thumbnailUrl\":\"https:\/\/www.bivillage.com\/wp-content\/uploads\/2023\/01\/molo-fasana-croazia.jpg\",\"datePublished\":\"2023-01-25T19:52:17+00:00\",\"dateModified\":\"2023-03-06T16:11:00+00:00\",\"description\":\"Razmi\u0161ljate li o posjeti Fa\u017eani? Popis stvari koje treba uraditi u ovom \u0161armantnom gradi\u0107u u ju\u017enoj Istri je beskrajan. Saznajte!\",\"breadcrumb\":{\"@id\":\"https:\/\/www.bivillage.com\/hr\/sto-posjetiti-u-blizini-fazane\/#breadcrumb\"},\"inLanguage\":\"hr\",\"potentialAction\":[{\"@type\":\"ReadAction\",\"target\":[\"https:\/\/www.bivillage.com\/hr\/sto-posjetiti-u-blizini-fazane\/\"]}]},{\"@type\":\"ImageObject\",\"inLanguage\":\"hr\",\"@id\":\"https:\/\/www.bivillage.com\/hr\/sto-posjetiti-u-blizini-fazane\/#primaryimage\",\"url\":\"https:\/\/www.bivillage.com\/wp-content\/uploads\/2023\/01\/molo-fasana-croazia.jpg\",\"contentUrl\":\"https:\/\/www.bivillage.com\/wp-content\/uploads\/2023\/01\/molo-fasana-croazia.jpg\",\"width\":1000,\"height\":666,\"caption\":\"molo di fasana in croazia\"},{\"@type\":\"BreadcrumbList\",\"@id\":\"https:\/\/www.bivillage.com\/hr\/sto-posjetiti-u-blizini-fazane\/#breadcrumb\",\"itemListElement\":[{\"@type\":\"ListItem\",\"position\":1,\"name\":\"Home\",\"item\":\"https:\/\/www.bivillage.com\/hr\/\"},{\"@type\":\"ListItem\",\"position\":2,\"name\":\"\u0160to posjetiti u blizini Fa\u017eane\"}]},{\"@type\":\"WebSite\",\"@id\":\"https:\/\/www.bivillage.com\/hr\/#website\",\"url\":\"https:\/\/www.bivillage.com\/hr\/\",\"name\":\"BiVillage\",\"description\":\"Fasana, ISTRIA\",\"publisher\":{\"@id\":\"https:\/\/www.bivillage.com\/hr\/#organization\"},\"potentialAction\":[{\"@type\":\"SearchAction\",\"target\":{\"@type\":\"EntryPoint\",\"urlTemplate\":\"https:\/\/www.bivillage.com\/hr\/?s={search_term_string}\"},\"query-input\":{\"@type\":\"PropertyValueSpecification\",\"valueRequired\":true,\"valueName\":\"search_term_string\"}}],\"inLanguage\":\"hr\"},{\"@type\":\"Organization\",\"@id\":\"https:\/\/www.bivillage.com\/hr\/#organization\",\"name\":\"BiVillage\",\"alternateName\":\"bivillage\",\"url\":\"https:\/\/www.bivillage.com\/hr\/\",\"logo\":{\"@type\":\"ImageObject\",\"inLanguage\":\"hr\",\"@id\":\"https:\/\/www.bivillage.com\/hr\/#\/schema\/logo\/image\/\",\"url\":\"https:\/\/www.bivillage.com\/wp-content\/uploads\/2022\/04\/logo-bivillage.png\",\"contentUrl\":\"https:\/\/www.bivillage.com\/wp-content\/uploads\/2022\/04\/logo-bivillage.png\",\"width\":973,\"height\":340,\"caption\":\"BiVillage\"},\"image\":{\"@id\":\"https:\/\/www.bivillage.com\/hr\/#\/schema\/logo\/image\/\"},\"sameAs\":[\"https:\/\/www.facebook.com\/BiVillageHolidayCenter\/\",\"https:\/\/www.instagram.com\/bivillage_holidayresort\/\",\"https:\/\/www.youtube.com\/channel\/UCu0whYLFWz1DQK-xiTLIuVw\",\"https:\/\/www.tiktok.com\/@bivillage\"]}]}<\/script>\n<!-- \/ Yoast SEO plugin. -->","yoast_head_json":{"title":"5 stvari koje trebate uraditi u Fa\u017eani: priroda, umjetnost i povijest | BiVillage","description":"Razmi\u0161ljate li o posjeti Fa\u017eani? Popis stvari koje treba uraditi u ovom \u0161armantnom gradi\u0107u u ju\u017enoj Istri je beskrajan. Saznajte!","robots":{"index":"index","follow":"follow","max-snippet":"max-snippet:-1","max-image-preview":"max-image-preview:large","max-video-preview":"max-video-preview:-1"},"canonical":"https:\/\/www.bivillage.com\/hr\/sto-posjetiti-u-blizini-fazane\/","og_locale":"hr_HR","og_type":"article","og_title":"5 stvari koje trebate uraditi u Fa\u017eani: priroda, umjetnost i povijest | BiVillage","og_description":"Razmi\u0161ljate li o posjeti Fa\u017eani? Popis stvari koje treba uraditi u ovom \u0161armantnom gradi\u0107u u ju\u017enoj Istri je beskrajan. Saznajte!","og_url":"https:\/\/www.bivillage.com\/hr\/sto-posjetiti-u-blizini-fazane\/","og_site_name":"BiVillage","article_publisher":"https:\/\/www.facebook.com\/BiVillageHolidayCenter\/","article_modified_time":"2023-03-06T16:11:00+00:00","og_image":[{"width":1000,"height":666,"url":"https:\/\/www.bivillage.com\/wp-content\/uploads\/2023\/01\/molo-fasana-croazia.jpg","type":"image\/jpeg"}],"twitter_card":"summary_large_image","twitter_misc":{"Procijenjeno vrijeme \u010ditanja":"1 minuta"},"schema":{"@context":"https:\/\/schema.org","@graph":[{"@type":"WebPage","@id":"https:\/\/www.bivillage.com\/hr\/sto-posjetiti-u-blizini-fazane\/","url":"https:\/\/www.bivillage.com\/hr\/sto-posjetiti-u-blizini-fazane\/","name":"5 stvari koje trebate uraditi u Fa\u017eani: priroda, umjetnost i povijest | BiVillage","isPartOf":{"@id":"https:\/\/www.bivillage.com\/hr\/#website"},"primaryImageOfPage":{"@id":"https:\/\/www.bivillage.com\/hr\/sto-posjetiti-u-blizini-fazane\/#primaryimage"},"image":{"@id":"https:\/\/www.bivillage.com\/hr\/sto-posjetiti-u-blizini-fazane\/#primaryimage"},"thumbnailUrl":"https:\/\/www.bivillage.com\/wp-content\/uploads\/2023\/01\/molo-fasana-croazia.jpg","datePublished":"2023-01-25T19:52:17+00:00","dateModified":"2023-03-06T16:11:00+00:00","description":"Razmi\u0161ljate li o posjeti Fa\u017eani? Popis stvari koje treba uraditi u ovom \u0161armantnom gradi\u0107u u ju\u017enoj Istri je beskrajan. Saznajte!","breadcrumb":{"@id":"https:\/\/www.bivillage.com\/hr\/sto-posjetiti-u-blizini-fazane\/#breadcrumb"},"inLanguage":"hr","potentialAction":[{"@type":"ReadAction","target":["https:\/\/www.bivillage.com\/hr\/sto-posjetiti-u-blizini-fazane\/"]}]},{"@type":"ImageObject","inLanguage":"hr","@id":"https:\/\/www.bivillage.com\/hr\/sto-posjetiti-u-blizini-fazane\/#primaryimage","url":"https:\/\/www.bivillage.com\/wp-content\/uploads\/2023\/01\/molo-fasana-croazia.jpg","contentUrl":"https:\/\/www.bivillage.com\/wp-content\/uploads\/2023\/01\/molo-fasana-croazia.jpg","width":1000,"height":666,"caption":"molo di fasana in croazia"},{"@type":"BreadcrumbList","@id":"https:\/\/www.bivillage.com\/hr\/sto-posjetiti-u-blizini-fazane\/#breadcrumb","itemListElement":[{"@type":"ListItem","position":1,"name":"Home","item":"https:\/\/www.bivillage.com\/hr\/"},{"@type":"ListItem","position":2,"name":"\u0160to posjetiti u blizini Fa\u017eane"}]},{"@type":"WebSite","@id":"https:\/\/www.bivillage.com\/hr\/#website","url":"https:\/\/www.bivillage.com\/hr\/","name":"BiVillage","description":"Fasana, ISTRIA","publisher":{"@id":"https:\/\/www.bivillage.com\/hr\/#organization"},"potentialAction":[{"@type":"SearchAction","target":{"@type":"EntryPoint","urlTemplate":"https:\/\/www.bivillage.com\/hr\/?s={search_term_string}"},"query-input":{"@type":"PropertyValueSpecification","valueRequired":true,"valueName":"search_term_string"}}],"inLanguage":"hr"},{"@type":"Organization","@id":"https:\/\/www.bivillage.com\/hr\/#organization","name":"BiVillage","alternateName":"bivillage","url":"https:\/\/www.bivillage.com\/hr\/","logo":{"@type":"ImageObject","inLanguage":"hr","@id":"https:\/\/www.bivillage.com\/hr\/#\/schema\/logo\/image\/","url":"https:\/\/www.bivillage.com\/wp-content\/uploads\/2022\/04\/logo-bivillage.png","contentUrl":"https:\/\/www.bivillage.com\/wp-content\/uploads\/2022\/04\/logo-bivillage.png","width":973,"height":340,"caption":"BiVillage"},"image":{"@id":"https:\/\/www.bivillage.com\/hr\/#\/schema\/logo\/image\/"},"sameAs":["https:\/\/www.facebook.com\/BiVillageHolidayCenter\/","https:\/\/www.instagram.com\/bivillage_holidayresort\/","https:\/\/www.youtube.com\/channel\/UCu0whYLFWz1DQK-xiTLIuVw","https:\/\/www.tiktok.com\/@bivillage"]}]}},"coauthors":[],"author_meta":{"author_link":"https:\/\/www.bivillage.com\/hr\/news\/author\/chiara-zamuner\/","display_name":"chiara.zamuner"},"relative_dates":{"created":"Posted 3 godine ago","modified":"Updated 3 godine ago"},"absolute_dates":{"created":"Posted on 25 sije\u010dnja, 2023","modified":"Updated on 6 o\u017eujka, 2023"},"absolute_dates_time":{"created":"Posted on 25 sije\u010dnja, 2023 8:52 pm","modified":"Updated on 6 o\u017eujka, 2023 5:11 pm"},"featured_img_caption":"","featured_img":"https:\/\/www.bivillage.com\/wp-content\/uploads\/2023\/01\/molo-fasana-croazia.jpg","series_order":"","_links":{"self":[{"href":"https:\/\/www.bivillage.com\/hr\/wp-json\/wp\/v2\/pages\/11677","targetHints":{"allow":["GET"]}}],"collection":[{"href":"https:\/\/www.bivillage.com\/hr\/wp-json\/wp\/v2\/pages"}],"about":[{"href":"https:\/\/www.bivillage.com\/hr\/wp-json\/wp\/v2\/types\/page"}],"author":[{"embeddable":true,"href":"https:\/\/www.bivillage.com\/hr\/wp-json\/wp\/v2\/users\/9"}],"replies":[{"embeddable":true,"href":"https:\/\/www.bivillage.com\/hr\/wp-json\/wp\/v2\/comments?post=11677"}],"version-history":[{"count":0,"href":"https:\/\/www.bivillage.com\/hr\/wp-json\/wp\/v2\/pages\/11677\/revisions"}],"wp:featuredmedia":[{"embeddable":true,"href":"https:\/\/www.bivillage.com\/hr\/wp-json\/wp\/v2\/media\/10850"}],"wp:attachment":[{"href":"https:\/\/www.bivillage.com\/hr\/wp-json\/wp\/v2\/media?parent=11677"}],"curies":[{"name":"wp","href":"https:\/\/api.w.org\/{rel}","templated":true}]}}