{"id":9868,"date":"2022-11-03T12:29:30","date_gmt":"2022-11-03T11:29:30","guid":{"rendered":"https:\/\/www.bivillage.com\/privacy-policy-newsletter\/"},"modified":"2022-11-03T12:29:30","modified_gmt":"2022-11-03T11:29:30","slug":"privacy-policy-newsletter","status":"publish","type":"page","link":"https:\/\/www.bivillage.com\/de\/privacy-policy-newsletter\/","title":{"rendered":"Privacy Policy &#8211; Newsletter"},"content":{"rendered":"<div  class=\"grids-section grids-is-advanced alignwide\" style=\"--_gs-gap-desktop:0px 0px;--_gs-m-desktop:0 0 0 0;--_gs-p-desktop:0 0 0 0;--_gs-bg-desktop:transparent none;--_gs-bg-xp-desktop:0px;--_gs-zi-desktop:auto;--_gs-d-desktop:block;--_gs-mw-desktop:calc(100% - 0 - 0);--_gs-gap-tablet:0px 0px;--_gs-m-tablet:0 0 0 0;--_gs-p-tablet:0 0 0 0;--_gs-bg-tablet:transparent none;--_gs-bg-xp-tablet:0px;--_gs-zi-tablet:auto;--_gs-d-tablet:block;--_gs-mw-tablet:calc(100% - 0 - 0);--_gs-gap-mobile:0px 0px;--_gs-m-mobile:0 0 0 0;--_gs-p-mobile:0 0 0 0;--_gs-bg-mobile:transparent none;--_gs-bg-xp-mobile:0px;--_gs-zi-mobile:auto;--_gs-d-mobile:block;--_gs-mw-mobile:calc(100% - 0 - 0);--_gs-columns:12;--_gs-rows:6\"><div class=\"grids-s-w_i\">\n<div class=\"grids-area\" style=\"--_ga-column:2\/12;--_ga-row:1\/7;--_ga-m-desktop:0 0 0 0;--_ga-p-desktop:0 0 0 0;--_ga-bg-desktop:transparent none;--_ga-zi-desktop:auto;--_ga-d-desktop:flex;--_ga-mw-desktop:calc(100% - 0 - 0);--_ga-m-tablet:0 0 0 0;--_ga-p-tablet:0 0 0 0;--_ga-bg-tablet:transparent none;--_ga-zi-tablet:auto;--_ga-d-tablet:flex;--_ga-mw-tablet:calc(100% - 0 - 0);--_ga-m-mobile:0 0 0 0;--_ga-p-mobile:0 0 0 0;--_ga-bg-mobile:transparent none;--_ga-zi-mobile:auto;--_ga-d-mobile:flex;--_ga-mw-mobile:calc(100% - 0 - 0)\">\n\n<h2 class=\"has-text-align-center wp-block-heading\">Datenschutzerkl\u00e4rung zur Datenverarbeitung &#8211; Newsletter<\/h2>\n\n<\/div>\n<\/div><\/div><div  class=\"grids-section row-elenchi grids-is-advanced alignfull\" style=\"--_gs-gap-desktop:0px 0px;--_gs-m-desktop:0 0 0 0;--_gs-p-desktop:0 0 0 0;--_gs-bg-desktop:transparent none;--_gs-bg-xp-desktop:0px;--_gs-zi-desktop:auto;--_gs-d-desktop:block;--_gs-mw-desktop:calc(100% - 0 - 0);--_gs-gap-tablet:0px 0px;--_gs-m-tablet:0 0 0 0;--_gs-p-tablet:0 0 0 0;--_gs-bg-tablet:transparent none;--_gs-bg-xp-tablet:0px;--_gs-zi-tablet:auto;--_gs-d-tablet:block;--_gs-mw-tablet:calc(100% - 0 - 0);--_gs-gap-mobile:0px 0px;--_gs-m-mobile:0 0 0 0;--_gs-p-mobile:0 0 0 0;--_gs-bg-mobile:transparent none;--_gs-bg-xp-mobile:0px;--_gs-zi-mobile:auto;--_gs-d-mobile:block;--_gs-mw-mobile:calc(100% - 0 - 0);--_gs-columns:12;--_gs-rows:6\"><div class=\"grids-s-w_i\">\n<div class=\"grids-area\" style=\"--_ga-column:2\/12;--_ga-row:1\/8;--_ga-m-desktop:0 0 0 0;--_ga-p-desktop:0 0 0 0;--_ga-bg-desktop:transparent none;--_ga-zi-desktop:auto;--_ga-d-desktop:flex;--_ga-mw-desktop:calc(100% - 0 - 0);--_ga-m-tablet:0 0 0 0;--_ga-p-tablet:0 0 0 0;--_ga-bg-tablet:transparent none;--_ga-zi-tablet:auto;--_ga-d-tablet:flex;--_ga-mw-tablet:calc(100% - 0 - 0);--_ga-m-mobile:0 0 0 0;--_ga-p-mobile:0 0 0 0;--_ga-bg-mobile:transparent none;--_ga-zi-mobile:auto;--_ga-d-mobile:flex;--_ga-mw-mobile:calc(100% - 0 - 0)\">\n\n<ol class=\"wp-block-list\"><li><strong>Datenverantwortliche<\/strong><\/li><\/ol>\n\n\n\n<p>Der Datenverantwortliche ist das Unternehmen <strong>Industrial Project d.o.o.<\/strong> (im Folgenden auch \u201eDatenverantwortlicher\u201c genannt), hat und in Fragen des Schutzes personenbezogener Daten unter der E-Mail-Adresse <a href=\"mailto:privacy@bivillage.com\" rel=\"noopener\" target=\"_blank\">privacy@bivillage.com<\/a> kontaktiert werden kann.&#13;\n&#13;\n<\/p>\n\n\n\n<ol class=\"wp-block-list\" start=\"2\"><li><strong>Kategorien personenbezogener Daten<\/strong><\/li><\/ol>\n\n\n\n<p>Wir werden die folgenden Kategorien personenbezogener Daten verarbeiten: Vorname, Nachname und E-Mail Adresse.<\/p>\n\n\n\n<ol class=\"wp-block-list\" start=\"3\"><li><strong>Zwecke der Verarbeitung, Rechtsgrundlage und Speicherdauer<\/strong><\/li><\/ol>\n\n\n\n<p>Personenbezogene Daten werden von den gemeinsamen Datenverantwortlichen f\u00fcr die Zwecke und unter den Zust\u00e4nden verarbeitet, die im Folgenden aufgef\u00fchrt sind.<\/p>\n\n\n\n<p><strong>Zwecke<\/strong><\/p>\n\n\n\n<p>An Benutzer gerichtete Werbema\u00dfnahmen: zur Versendung von E-Mail-Mitteilungen, die Informationen \u00fcber Produkte, Dienstleistungen und Sonderangebote des Datenverantwortlichen enthalten.<\/p>\n\n\n\n<p><strong>Rechtsgrundlage<\/strong><\/p>\n\n\n\n<p>Die Einwilligung der betroffenen Person.<\/p>\n\n\n\n<p><strong>Speicherdauer der Daten<\/strong><\/p>\n\n\n\n<p>F\u00fcr vierundzwanzig Monate nach der letzten \u00dcbermittlung, es sei denn, der Benutzer widerruft oder \u00fcbt sein Recht auf Widerspruch zu einem fr\u00fcheren Zeitpunkt aus.<\/p>\n\n\n\n<ol class=\"wp-block-list\" start=\"4\"><li><strong>Zustimmung und m\u00f6gliche Ablehnung<\/strong><\/li><\/ol>\n\n\n\n<p>Die Verarbeitung der Daten basiert auf der Zustimmung des Kunden, dem es frei steht, diese zu erteilen oder zu verweigern und gegebenenfalls jederzeit zu widerrufen, mit der einzigen Folge, dass er im Falle einer Verweigerung oder eines Widerrufs keine regelm\u00e4\u00dfigen Newsletter-Kommunikationen erh\u00e4lt.<\/p>\n\n\n\n<ol class=\"wp-block-list\" start=\"5\"><li><strong>Verarbeitungsmethoden<\/strong><\/li><\/ol>\n\n\n\n<p>Die gemeinsamen Datenverantwortlichen haben besondere Sicherheitsma\u00dfnahmen getroffen, um den Verlust personenbezogener Daten, ihre unrechtm\u00e4\u00dfige oder falsche Verwendung und den unbefugten Zugriff auf sie zu verhindern.&#13;\n&#13;\n<\/p>\n\n\n\n<ol class=\"wp-block-list\" start=\"6\"><li><strong>Kategorien von Empf\u00e4ngern von personenbezogenen Daten<\/strong><\/li><\/ol>\n\n\n\n<p>Zur Erf\u00fcllung der unter Punkt 5 genannten Zwecke kann der Datenverantwortliche die erhobenen Daten an die nachstehend genannten Kategorien von Subjekten kommunizieren: Anbieter von IT-Diensten, wie beispielsweise Internetdienste und Cloud Computing; Subjekte, die im Bereich des Kundendienstes t\u00e4tig sind; professionelle B\u00fcros und andere Subjekte, die Hilfs-, Beratungs- und Kommunikationsdienste bereitstellen. Erforderlichenfalls werden die Datenempf\u00e4nger in \u00dcbereinstimmung mit den Bestimmungen von Artikel 28 der DSGVO als Datenverantwortliche benannt.<\/p>\n\n\n\n<ol class=\"wp-block-list\" start=\"7\"><li><strong>\u00dcbermittlung von Daten an Drittl\u00e4nder<\/strong><\/li><\/ol>\n\n\n\n<p>Die von den gemeinsamen Datenverantwortlichen verarbeiteten personenbezogenen Daten k\u00f6nnen ausschlie\u00dflich zu den oben genannten Zwecken an andere Unternehmen mit Sitz in den Vereinigten Staaten von Amerika (USA) \u00fcbermittelt werden. Diese \u00dcbermittlung erfolgt ausschlie\u00dflich nach der Unterzeichnung von Standardvertragsklauseln (S.C.C.) zwischen Biasuzzi S.p.A. \u2013 Divisione turismo und den Unternehmen, die die Daten erhalten, durch die Kommission der Europ\u00e4ischen Union (Art. 46, Absatz II, Punkte C und D des GDPR).<\/p>\n\n\n\n<ol class=\"wp-block-list\" start=\"8\"><li><strong>Rechte der Datensubjekte<\/strong><\/li><\/ol>\n\n\n\n<p>In Bezug auf die bereitgestellten personenbezogenen Daten haben die betroffenen Subjekte das Recht, jederzeit Folgendes zu verlangen: eine Best\u00e4tigung dar\u00fcber, ob sie betreffende personenbezogene Daten verarbeitet werden oder nicht, und, falls dies der Fall ist, Zugang zu den Daten und eine Kopie davon zu erhalten (Art. 15 der DSGVO); die Berichtigung unrichtiger personenbezogener Daten oder die Vervollst\u00e4ndigung unvollst\u00e4ndiger Daten (Art. 16 DSGVO); in den gesetzlich ausdr\u00fccklich vorgesehenen F\u00e4llen die L\u00f6schung der Daten (Art. 17 DSGVO), die Einschr\u00e4nkung ihrer Verarbeitung (Art. 18 DSGVO) und den Widerspruch gegen ihre Verarbeitung (Art. 21 des GDPR). Um diese Rechte auszu\u00fcben, k\u00f6nnen die betroffenen Subjekte ihre Anforderungen per E-Mail an den Datenverantwortlichen unter <a href=\"mailto:privacy@bivillage.com\" rel=\"noopener\" target=\"_blank\">privacy@bivillage.com<\/a> senden. Alternativ k\u00f6nnen die betroffenen Subjekte die in Punkt 1 dieser Datenschutzerkl\u00e4rung angegebenen Postanschriften verwenden. Wenn betroffene Subjekte der Ansicht sind, dass ihre datenschutzrechtlichen Rechte verletzt wurden, k\u00f6nnen sie eine Beschwerde bei der zust\u00e4ndigen Aufsichtsbeh\u00f6rde einreichen (<a href=\"https:\/\/azop.hr\/\" rel=\"noopener\" target=\"_blank\">www.azop.hr<\/a>).<\/p>\n\n<\/div>\n<\/div><\/div>","protected":false},"excerpt":{"rendered":"","protected":false},"author":1,"featured_media":5190,"parent":0,"menu_order":0,"comment_status":"closed","ping_status":"closed","template":"","meta":{"_acf_changed":false,"advgb_blocks_editor_width":"","advgb_blocks_columns_visual_guide":"","footnotes":""},"class_list":["post-9868","page","type-page","status-publish","has-post-thumbnail","hentry","entry"],"acf":[],"yoast_head":"<!-- This site is optimized with the Yoast SEO plugin v26.0 - https:\/\/yoast.com\/wordpress\/plugins\/seo\/ -->\n<title>Privacy Policy - Newsletter - BiVillage<\/title>\n<meta name=\"robots\" content=\"noindex, nofollow\" \/>\n<meta property=\"og:locale\" content=\"de_DE\" \/>\n<meta property=\"og:type\" content=\"article\" \/>\n<meta property=\"og:title\" content=\"Privacy Policy - Newsletter - BiVillage\" \/>\n<meta property=\"og:url\" content=\"https:\/\/www.bivillage.com\/de\/privacy-policy-newsletter\/\" \/>\n<meta property=\"og:site_name\" content=\"BiVillage\" \/>\n<meta property=\"article:publisher\" content=\"https:\/\/www.facebook.com\/BiVillageHolidayCenter\/\" \/>\n<meta property=\"og:image\" content=\"https:\/\/www.bivillage.com\/wp-content\/uploads\/2022\/08\/spiaggia-bivillage-croazia-banner.jpg\" \/>\n\t<meta property=\"og:image:width\" content=\"1920\" \/>\n\t<meta property=\"og:image:height\" content=\"1000\" \/>\n\t<meta property=\"og:image:type\" content=\"image\/jpeg\" \/>\n<meta name=\"twitter:card\" content=\"summary_large_image\" \/>\n<meta name=\"twitter:label1\" content=\"Gesch\u00e4tzte Lesezeit\" \/>\n\t<meta name=\"twitter:data1\" content=\"3\u00a0Minuten\" \/>\n<script type=\"application\/ld+json\" class=\"yoast-schema-graph\">{\"@context\":\"https:\/\/schema.org\",\"@graph\":[{\"@type\":\"WebPage\",\"@id\":\"https:\/\/www.bivillage.com\/de\/privacy-policy-newsletter\/\",\"url\":\"https:\/\/www.bivillage.com\/de\/privacy-policy-newsletter\/\",\"name\":\"Privacy Policy - Newsletter - BiVillage\",\"isPartOf\":{\"@id\":\"https:\/\/www.bivillage.com\/de\/#website\"},\"primaryImageOfPage\":{\"@id\":\"https:\/\/www.bivillage.com\/de\/privacy-policy-newsletter\/#primaryimage\"},\"image\":{\"@id\":\"https:\/\/www.bivillage.com\/de\/privacy-policy-newsletter\/#primaryimage\"},\"thumbnailUrl\":\"https:\/\/www.bivillage.com\/wp-content\/uploads\/2022\/08\/spiaggia-bivillage-croazia-banner.jpg\",\"datePublished\":\"2022-11-03T11:29:30+00:00\",\"breadcrumb\":{\"@id\":\"https:\/\/www.bivillage.com\/de\/privacy-policy-newsletter\/#breadcrumb\"},\"inLanguage\":\"de\",\"potentialAction\":[{\"@type\":\"ReadAction\",\"target\":[\"https:\/\/www.bivillage.com\/de\/privacy-policy-newsletter\/\"]}]},{\"@type\":\"ImageObject\",\"inLanguage\":\"de\",\"@id\":\"https:\/\/www.bivillage.com\/de\/privacy-policy-newsletter\/#primaryimage\",\"url\":\"https:\/\/www.bivillage.com\/wp-content\/uploads\/2022\/08\/spiaggia-bivillage-croazia-banner.jpg\",\"contentUrl\":\"https:\/\/www.bivillage.com\/wp-content\/uploads\/2022\/08\/spiaggia-bivillage-croazia-banner.jpg\",\"width\":1920,\"height\":1000,\"caption\":\"foto panoramica del lungomare di Fazana in Croazia\"},{\"@type\":\"BreadcrumbList\",\"@id\":\"https:\/\/www.bivillage.com\/de\/privacy-policy-newsletter\/#breadcrumb\",\"itemListElement\":[{\"@type\":\"ListItem\",\"position\":1,\"name\":\"Home\",\"item\":\"https:\/\/www.bivillage.com\/de\/\"},{\"@type\":\"ListItem\",\"position\":2,\"name\":\"Privacy Policy &#8211; Newsletter\"}]},{\"@type\":\"WebSite\",\"@id\":\"https:\/\/www.bivillage.com\/de\/#website\",\"url\":\"https:\/\/www.bivillage.com\/de\/\",\"name\":\"BiVillage\",\"description\":\"Fasana, ISTRIA\",\"publisher\":{\"@id\":\"https:\/\/www.bivillage.com\/de\/#organization\"},\"potentialAction\":[{\"@type\":\"SearchAction\",\"target\":{\"@type\":\"EntryPoint\",\"urlTemplate\":\"https:\/\/www.bivillage.com\/de\/?s={search_term_string}\"},\"query-input\":{\"@type\":\"PropertyValueSpecification\",\"valueRequired\":true,\"valueName\":\"search_term_string\"}}],\"inLanguage\":\"de\"},{\"@type\":\"Organization\",\"@id\":\"https:\/\/www.bivillage.com\/de\/#organization\",\"name\":\"BiVillage\",\"alternateName\":\"bivillage\",\"url\":\"https:\/\/www.bivillage.com\/de\/\",\"logo\":{\"@type\":\"ImageObject\",\"inLanguage\":\"de\",\"@id\":\"https:\/\/www.bivillage.com\/de\/#\/schema\/logo\/image\/\",\"url\":\"https:\/\/www.bivillage.com\/wp-content\/uploads\/2022\/04\/logo-bivillage.png\",\"contentUrl\":\"https:\/\/www.bivillage.com\/wp-content\/uploads\/2022\/04\/logo-bivillage.png\",\"width\":973,\"height\":340,\"caption\":\"BiVillage\"},\"image\":{\"@id\":\"https:\/\/www.bivillage.com\/de\/#\/schema\/logo\/image\/\"},\"sameAs\":[\"https:\/\/www.facebook.com\/BiVillageHolidayCenter\/\",\"https:\/\/www.instagram.com\/bivillage_holidayresort\/\",\"https:\/\/www.youtube.com\/channel\/UCu0whYLFWz1DQK-xiTLIuVw\",\"https:\/\/www.tiktok.com\/@bivillage\"]}]}<\/script>\n<!-- \/ Yoast SEO plugin. -->","yoast_head_json":{"title":"Privacy Policy - Newsletter - BiVillage","robots":{"index":"noindex","follow":"nofollow"},"og_locale":"de_DE","og_type":"article","og_title":"Privacy Policy - Newsletter - BiVillage","og_url":"https:\/\/www.bivillage.com\/de\/privacy-policy-newsletter\/","og_site_name":"BiVillage","article_publisher":"https:\/\/www.facebook.com\/BiVillageHolidayCenter\/","og_image":[{"width":1920,"height":1000,"url":"https:\/\/www.bivillage.com\/wp-content\/uploads\/2022\/08\/spiaggia-bivillage-croazia-banner.jpg","type":"image\/jpeg"}],"twitter_card":"summary_large_image","twitter_misc":{"Gesch\u00e4tzte Lesezeit":"3\u00a0Minuten"},"schema":{"@context":"https:\/\/schema.org","@graph":[{"@type":"WebPage","@id":"https:\/\/www.bivillage.com\/de\/privacy-policy-newsletter\/","url":"https:\/\/www.bivillage.com\/de\/privacy-policy-newsletter\/","name":"Privacy Policy - Newsletter - BiVillage","isPartOf":{"@id":"https:\/\/www.bivillage.com\/de\/#website"},"primaryImageOfPage":{"@id":"https:\/\/www.bivillage.com\/de\/privacy-policy-newsletter\/#primaryimage"},"image":{"@id":"https:\/\/www.bivillage.com\/de\/privacy-policy-newsletter\/#primaryimage"},"thumbnailUrl":"https:\/\/www.bivillage.com\/wp-content\/uploads\/2022\/08\/spiaggia-bivillage-croazia-banner.jpg","datePublished":"2022-11-03T11:29:30+00:00","breadcrumb":{"@id":"https:\/\/www.bivillage.com\/de\/privacy-policy-newsletter\/#breadcrumb"},"inLanguage":"de","potentialAction":[{"@type":"ReadAction","target":["https:\/\/www.bivillage.com\/de\/privacy-policy-newsletter\/"]}]},{"@type":"ImageObject","inLanguage":"de","@id":"https:\/\/www.bivillage.com\/de\/privacy-policy-newsletter\/#primaryimage","url":"https:\/\/www.bivillage.com\/wp-content\/uploads\/2022\/08\/spiaggia-bivillage-croazia-banner.jpg","contentUrl":"https:\/\/www.bivillage.com\/wp-content\/uploads\/2022\/08\/spiaggia-bivillage-croazia-banner.jpg","width":1920,"height":1000,"caption":"foto panoramica del lungomare di Fazana in Croazia"},{"@type":"BreadcrumbList","@id":"https:\/\/www.bivillage.com\/de\/privacy-policy-newsletter\/#breadcrumb","itemListElement":[{"@type":"ListItem","position":1,"name":"Home","item":"https:\/\/www.bivillage.com\/de\/"},{"@type":"ListItem","position":2,"name":"Privacy Policy &#8211; Newsletter"}]},{"@type":"WebSite","@id":"https:\/\/www.bivillage.com\/de\/#website","url":"https:\/\/www.bivillage.com\/de\/","name":"BiVillage","description":"Fasana, ISTRIA","publisher":{"@id":"https:\/\/www.bivillage.com\/de\/#organization"},"potentialAction":[{"@type":"SearchAction","target":{"@type":"EntryPoint","urlTemplate":"https:\/\/www.bivillage.com\/de\/?s={search_term_string}"},"query-input":{"@type":"PropertyValueSpecification","valueRequired":true,"valueName":"search_term_string"}}],"inLanguage":"de"},{"@type":"Organization","@id":"https:\/\/www.bivillage.com\/de\/#organization","name":"BiVillage","alternateName":"bivillage","url":"https:\/\/www.bivillage.com\/de\/","logo":{"@type":"ImageObject","inLanguage":"de","@id":"https:\/\/www.bivillage.com\/de\/#\/schema\/logo\/image\/","url":"https:\/\/www.bivillage.com\/wp-content\/uploads\/2022\/04\/logo-bivillage.png","contentUrl":"https:\/\/www.bivillage.com\/wp-content\/uploads\/2022\/04\/logo-bivillage.png","width":973,"height":340,"caption":"BiVillage"},"image":{"@id":"https:\/\/www.bivillage.com\/de\/#\/schema\/logo\/image\/"},"sameAs":["https:\/\/www.facebook.com\/BiVillageHolidayCenter\/","https:\/\/www.instagram.com\/bivillage_holidayresort\/","https:\/\/www.youtube.com\/channel\/UCu0whYLFWz1DQK-xiTLIuVw","https:\/\/www.tiktok.com\/@bivillage"]}]}},"coauthors":[],"author_meta":{"author_link":"https:\/\/www.bivillage.com\/de\/news\/author\/admin\/","display_name":"admin"},"relative_dates":{"created":"Posted 4\u00a0Jahren ago","modified":"Updated 4\u00a0Jahren ago"},"absolute_dates":{"created":"Posted on November 3, 2022","modified":"Updated on November 3, 2022"},"absolute_dates_time":{"created":"Posted on November 3, 2022 12:29 p.m.","modified":"Updated on November 3, 2022 12:29 p.m."},"featured_img_caption":"","featured_img":"https:\/\/www.bivillage.com\/wp-content\/uploads\/2022\/08\/spiaggia-bivillage-croazia-banner-1568x817.jpg","series_order":"","_links":{"self":[{"href":"https:\/\/www.bivillage.com\/de\/wp-json\/wp\/v2\/pages\/9868","targetHints":{"allow":["GET"]}}],"collection":[{"href":"https:\/\/www.bivillage.com\/de\/wp-json\/wp\/v2\/pages"}],"about":[{"href":"https:\/\/www.bivillage.com\/de\/wp-json\/wp\/v2\/types\/page"}],"author":[{"embeddable":true,"href":"https:\/\/www.bivillage.com\/de\/wp-json\/wp\/v2\/users\/1"}],"replies":[{"embeddable":true,"href":"https:\/\/www.bivillage.com\/de\/wp-json\/wp\/v2\/comments?post=9868"}],"version-history":[{"count":0,"href":"https:\/\/www.bivillage.com\/de\/wp-json\/wp\/v2\/pages\/9868\/revisions"}],"wp:featuredmedia":[{"embeddable":true,"href":"https:\/\/www.bivillage.com\/de\/wp-json\/wp\/v2\/media\/5190"}],"wp:attachment":[{"href":"https:\/\/www.bivillage.com\/de\/wp-json\/wp\/v2\/media?parent=9868"}],"curies":[{"name":"wp","href":"https:\/\/api.w.org\/{rel}","templated":true}]}}