{"id":11611,"date":"2023-01-25T14:08:29","date_gmt":"2023-01-25T13:08:29","guid":{"rendered":"https:\/\/www.bivillage.com\/was-man-in-der-naehe-von-fazana-besichtigen-kann\/"},"modified":"2023-03-06T17:47:37","modified_gmt":"2023-03-06T16:47:37","slug":"was-man-in-der-naehe-von-fazana-besichtigen-kann","status":"publish","type":"page","link":"https:\/\/www.bivillage.com\/de\/was-man-in-der-naehe-von-fazana-besichtigen-kann\/","title":{"rendered":"Was man in der N\u00e4he von Fa\u017eana besichtigen kann"},"content":{"rendered":"<div  class=\"grids-section row-elenchi grids-is-advanced alignfull\" style=\"--_gs-gap-desktop:0px 0px;--_gs-m-desktop:0 0 0 0;--_gs-p-desktop:0 0 0 0;--_gs-bg-desktop:transparent none;--_gs-bg-xp-desktop:0px;--_gs-zi-desktop:auto;--_gs-d-desktop:block;--_gs-mw-desktop:calc(100% - 0 - 0);--_gs-gap-tablet:0px 0px;--_gs-m-tablet:0 0 0 0;--_gs-p-tablet:0 0 0 0;--_gs-bg-tablet:transparent none;--_gs-bg-xp-tablet:0px;--_gs-zi-tablet:auto;--_gs-d-tablet:block;--_gs-mw-tablet:calc(100% - 0 - 0);--_gs-gap-mobile:0px 0px;--_gs-m-mobile:0 0 0 0;--_gs-p-mobile:0 0 0 0;--_gs-bg-mobile:transparent none;--_gs-bg-xp-mobile:0px;--_gs-zi-mobile:auto;--_gs-d-mobile:block;--_gs-mw-mobile:calc(100% - 0 - 0);--_gs-columns:12;--_gs-rows:6\"><div class=\"grids-s-w_i\">\n<div class=\"grids-area\" style=\"--_ga-column:2\/12;--_ga-row:1\/3;--_ga-m-desktop:0 0 0 0;--_ga-p-desktop:0 0 0 0;--_ga-bg-desktop:transparent none;--_ga-zi-desktop:auto;--_ga-d-desktop:flex;--_ga-mw-desktop:calc(100% - 0 - 0);--_ga-m-tablet:0 0 0 0;--_ga-p-tablet:0 0 0 0;--_ga-bg-tablet:transparent none;--_ga-zi-tablet:auto;--_ga-d-tablet:flex;--_ga-mw-tablet:calc(100% - 0 - 0);--_ga-m-mobile:0 0 0 0;--_ga-p-mobile:0 0 0 0;--_ga-bg-mobile:transparent none;--_ga-zi-mobile:auto;--_ga-d-mobile:flex;--_ga-mw-mobile:calc(100% - 0 - 0)\">\n\n<h2 class=\"has-text-align-center wp-block-heading\">Entdecken Sie Fa\u017eana und die Umgebung!<\/h2>\n\n\n\n<p><strong>Fa\u017eana und die Umgebung zu entdecken<\/strong> ist eine M\u00f6glichkeit, die nat\u00fcrliche Sch\u00f6nheit und das kulturelle Erbe der Gegend sowie ihre reiche Geschichte kennenzulernen.<\/p>\n\n\n\n<p>Mit <strong>sch\u00f6nen Str\u00e4nden, atemberaubenden Ausblicken und k\u00f6stlichem Essen<\/strong> lohnt es sich, etwas Zeit mit der Erkundung dieses fantastischen Teils von Kroatien zu verbringen.<\/p>\n\n<\/div>\n<\/div><\/div>\n\n\t<div id=\"boxTextSlider_2\" class=\"box-text-slider-container-wrapper  \" style=\"background-image: url(https:\/\/www.bivillage.com\/wp-content\/uploads\/2023\/01\/mare-costiera-dall-alto-croazia.jpg);--box-text-bck-color: #0a0a0a;--box-text-color: #ffffff;\">\n\n\t\t<div class=\"box-text-slider_content\">\n\t\t\t<h3>FA\u017dANA UND DIE UMGEBUNG<\/h3>\n<h2>Entdecken Sie den Zauber der istrischen K\u00fcste und ihrer Umgebung<\/h2>\n<p>Die Magie der istrischen K\u00fcste und ihrer Umgebung zu entdecken, ist eine gro\u00dfartige Art, den Urlaub zu verbringen.<\/p>\n<p>Mit uns haben Sie die M\u00f6glichkeit, einen der sch\u00f6nsten Badeorte Kroatiens zu erkunden.<\/p>\n<p>Hier sind die <b>besten Reiseiele<\/b> f\u00fcr einen Top-Urlaub, komplett mit <b>Reiseroute<\/b> direkt von <b>BiVillage!<\/b><\/p>\n\t\t<\/div>\n\n\t\t\t\t\t<div class=\"box-text-slider_slider\">\n\t\t\t\t<div class=\"swiper-wrapper\">\n\t\t\t\t\t\t\t\t\t\t\t\t\t\t\t\t\t<div class=\"box-text-slider_slider_slide swiper-slide\">\n\n\t\t\t\t\t\t\t\t\t\t\t\t\t\t\t<figure class=\"full-width\" style=\"background-color: #477c91;\">\n\t\t\t\t\t\t\t\t\t<img decoding=\"async\" src=\"https:\/\/www.bivillage.com\/wp-content\/uploads\/2023\/01\/fasana-croazia.jpg\" alt=\"fasana. croazia in istria\" title=\"fasana-croazia\" \/>\n\t\t\t\t\t\t\t\t<\/figure>\n\t\t\t\t\t\t\t\n\t\t\t\t\t\t\t\n\t\t\t\t\t\t\t\t\t\t\t\t\t\t\t\t\t<div class=\"box-text-slider_slider_slide_btn\">\n\t\t\t\t\t\t\t\t\t\t<a href=\"https:\/\/www.bivillage.com\/de\/5-dinge-die-man-in-fazana-unternehmen-kann\/\" class=\"btn btn-white\" >\n\t\t\t\t\t\t\t\t\t\t\t5 Dinge die man in Fa\u017eana unternehmen kann\t\t\t\t\t\t\t\t\t\t<\/a>\n\t\t\t\t\t\t\t\t\t\t\t\t\t\t\t\t\n\t\t\t\t\t\t\t\t<\/div>\n\t\t\t\t\t\t\t\t\t\t\t\t\t<\/div>\n\t\t\t\t\t\t\n\t\t\t\t\t\t\t\t\t\t\t\t\t\t\t\t\t<div class=\"box-text-slider_slider_slide swiper-slide\">\n\n\t\t\t\t\t\t\t\t\t\t\t\t\t\t\t<figure class=\"full-width\" style=\"background-color: #174d6a;\">\n\t\t\t\t\t\t\t\t\t<img decoding=\"async\" src=\"https:\/\/www.bivillage.com\/wp-content\/uploads\/2022\/08\/isole-brioni.jpg\" alt=\"vista dall'alto delle isole brioni in croazia\" title=\"isole brioni\" \/>\n\t\t\t\t\t\t\t\t<\/figure>\n\t\t\t\t\t\t\t\n\t\t\t\t\t\t\t\n\t\t\t\t\t\t\t\t\t\t\t\t\t\t\t\t\t<div class=\"box-text-slider_slider_slide_btn\">\n\t\t\t\t\t\t\t\t\t\t<a href=\"https:\/\/www.bivillage.com\/de\/was-kann-man-auf-den-brijuni-inseln-besichtigen\/\" class=\"btn btn-white\" >\n\t\t\t\t\t\t\t\t\t\t\tWas kann man auf den Brijuni-Inseln besichtigen?\t\t\t\t\t\t\t\t\t\t<\/a>\n\t\t\t\t\t\t\t\t\t\t\t\t\t\t\t\t\n\t\t\t\t\t\t\t\t<\/div>\n\t\t\t\t\t\t\t\t\t\t\t\t\t<\/div>\n\t\t\t\t\t\t\n\t\t\t\t\t\t\t\t\t<\/div>\n\t\t\t\t\n\t\t\t\t\t\t\t\t\t<div class=\"slider-list-navigation\">\n\t\t\t\t\t\t<div class=\"swiper-button-next\"><\/div>\n\t\t\t\t\t\t<div class=\"swiper-button-prev\"><\/div>\n\t\t\t\t\t<\/div>\n\t\t\t\t\t\t\t<\/div>\n\t\t\t<\/div>\n\n\t\t\t<script type=\"text\/javascript\">\n\t\t\tjQuery(document).ready(function () {\n\t\t\t\t\/\/ initialize swiper when document ready\n\t\t\t\tvar boxTextSlider_2 = new Swiper ('#boxTextSlider_2 .box-text-slider_slider', {\n\t\t\t\t\tslidesPerView: 'auto',\n\t\t\t\t\tspaceBetween: 50,\n\t\t\t\t\tobserver: true,\n\t\t\t\t\tobserveParents: true,\n\t\t\t\t\tnavigation: {\n\t\t\t\t\t\tnextEl: '#boxTextSlider_2 .box-text-slider_slider .slider-list-navigation .swiper-button-next',\n\t\t\t\t\t\tprevEl: '#boxTextSlider_2 .box-text-slider_slider .slider-list-navigation .swiper-button-prev',\n\t\t\t\t\t}\n\t\t\t\t});\n\t\t\t});\n\t\t<\/script>\n\t\n\n\n\n<div  class=\"grids-section grids-is-advanced alignwide\" style=\"--_gs-gap-desktop:0px 0px;--_gs-m-desktop:0 0 0 0;--_gs-p-desktop:0 0 0 0;--_gs-bg-desktop:transparent none;--_gs-bg-xp-desktop:0px;--_gs-zi-desktop:auto;--_gs-d-desktop:block;--_gs-mw-desktop:calc(100% - 0 - 0);--_gs-gap-tablet:0px 0px;--_gs-m-tablet:0 0 0 0;--_gs-p-tablet:0 0 0 0;--_gs-bg-tablet:transparent none;--_gs-bg-xp-tablet:0px;--_gs-zi-tablet:auto;--_gs-d-tablet:block;--_gs-mw-tablet:calc(100% - 0 - 0);--_gs-gap-mobile:0px 0px;--_gs-m-mobile:0 0 0 0;--_gs-p-mobile:0 0 0 0;--_gs-bg-mobile:transparent none;--_gs-bg-xp-mobile:0px;--_gs-zi-mobile:auto;--_gs-d-mobile:block;--_gs-mw-mobile:calc(100% - 0 - 0);--_gs-columns:12;--_gs-rows:6\"><div class=\"grids-s-w_i\">\n<div class=\"grids-area\" style=\"--_ga-column:2\/12;--_ga-row:1\/7;--_ga-m-desktop:0 0 0 0;--_ga-p-desktop:0 0 0 0;--_ga-bg-desktop:transparent none;--_ga-zi-desktop:auto;--_ga-d-desktop:flex;--_ga-mw-desktop:calc(100% - 0 - 0);--_ga-m-tablet:0 0 0 0;--_ga-p-tablet:0 0 0 0;--_ga-bg-tablet:transparent none;--_ga-zi-tablet:auto;--_ga-d-tablet:flex;--_ga-mw-tablet:calc(100% - 0 - 0);--_ga-m-mobile:0 0 0 0;--_ga-p-mobile:0 0 0 0;--_ga-bg-mobile:transparent none;--_ga-zi-mobile:auto;--_ga-d-mobile:flex;--_ga-mw-mobile:calc(100% - 0 - 0)\">\n\n<p>Ihr Urlaub in Fa\u017eana wartet auf Sie: hier finden Sie einige Tipps zu Reiserouten, die Sie mit dem Fahrrad oder dem Auto unternehmen k\u00f6nnen, um die <strong>interessantesten Orte von BiVillage aus zu besichtigen.<\/strong><\/p>\n\n\n\n                        <div class=\"related-pages-container\">\n                                                        <div class=\"single-related-page-container\">\n                        <figure class=\"full-width\" style=\"background-color: #1775b0;\">\n                            <img decoding=\"async\" src=\"https:\/\/www.bivillage.com\/wp-content\/uploads\/2022\/08\/servizi-in-spiaggia-bivillage-croazia-banner.jpg\" height=\"1000\" width=\"1920\" \/>\n                        <\/figure>\n                        <a href=\"https:\/\/www.bivillage.com\/de\/news\/auszeichnungen\/bivillage-gehoert-zu-den-25-besten-campingplaetzen-in-kroatien\/\">\n                            <h2 class=\"related-page-title\">\n                                BiVillage geh\u00f6rt zu den 25 besten Campingpl\u00e4tzen in Kroatien!                            <\/h2>\n                            <span class=\"border-bottom\"><\/span>\n                        <\/a>\n                    <\/div>\n                                                        <div class=\"single-related-page-container\">\n                        <figure class=\"full-width\" style=\"background-color: #929585;\">\n                            <img decoding=\"async\" src=\"https:\/\/www.bivillage.com\/wp-content\/uploads\/2022\/08\/bivillage-croazia-bike-friendly.jpg\" height=\"1000\" width=\"1920\" \/>\n                        <\/figure>\n                        <a href=\"https:\/\/www.bivillage.com\/de\/fahrradfreundliche-urlaube\/\">\n                            <h2 class=\"related-page-title\">\n                                Fahrradfreundlicher Urlaub                            <\/h2>\n                            <span class=\"border-bottom\"><\/span>\n                        <\/a>\n                    <\/div>\n                                                        <div class=\"single-related-page-container\">\n                        <figure class=\"full-width\" style=\"background-color: #4e7b9b;\">\n                            <img decoding=\"async\" src=\"https:\/\/www.bivillage.com\/wp-content\/uploads\/2022\/08\/camping-resort-bivillage-croazia-banner.jpg\" height=\"1000\" width=\"1950\" \/>\n                        <\/figure>\n                        <a href=\"https:\/\/www.bivillage.com\/de\/unser-feriendorf\/\">\n                            <h2 class=\"related-page-title\">\n                                Unser Feriendorf                            <\/h2>\n                            <span class=\"border-bottom\"><\/span>\n                        <\/a>\n                    <\/div>\n                            <\/div>\n            \n\n<\/div>\n<\/div><\/div>","protected":false},"excerpt":{"rendered":"","protected":false},"author":9,"featured_media":10852,"parent":0,"menu_order":0,"comment_status":"closed","ping_status":"closed","template":"","meta":{"_acf_changed":false,"advgb_blocks_editor_width":"","advgb_blocks_columns_visual_guide":"","footnotes":""},"class_list":["post-11611","page","type-page","status-publish","has-post-thumbnail","hentry","entry"],"acf":[],"yoast_head":"<!-- This site is optimized with the Yoast SEO plugin v26.0 - https:\/\/yoast.com\/wordpress\/plugins\/seo\/ -->\n<title>5 Dinge, die man in Fa\u017eana unternehmen kann: Natur, Kunst und Geschichte | BiVillage<\/title>\n<meta name=\"description\" content=\"Denken Sie daran, Fa\u017eana zu besichtigen? Die Liste der Dinge, die Sie in dieser charmanten Stadt im S\u00fcden Istriens unternehmen k\u00f6nnen, ist endlos. Entdecken Sie die Stadt!\" \/>\n<meta name=\"robots\" content=\"index, follow, max-snippet:-1, max-image-preview:large, max-video-preview:-1\" \/>\n<link rel=\"canonical\" href=\"https:\/\/www.bivillage.com\/de\/was-man-in-der-naehe-von-fazana-besichtigen-kann\/\" \/>\n<meta property=\"og:locale\" content=\"de_DE\" \/>\n<meta property=\"og:type\" content=\"article\" \/>\n<meta property=\"og:title\" content=\"5 Dinge, die man in Fa\u017eana unternehmen kann: Natur, Kunst und Geschichte | BiVillage\" \/>\n<meta property=\"og:description\" content=\"Denken Sie daran, Fa\u017eana zu besichtigen? Die Liste der Dinge, die Sie in dieser charmanten Stadt im S\u00fcden Istriens unternehmen k\u00f6nnen, ist endlos. Entdecken Sie die Stadt!\" \/>\n<meta property=\"og:url\" content=\"https:\/\/www.bivillage.com\/de\/was-man-in-der-naehe-von-fazana-besichtigen-kann\/\" \/>\n<meta property=\"og:site_name\" content=\"BiVillage\" \/>\n<meta property=\"article:publisher\" content=\"https:\/\/www.facebook.com\/BiVillageHolidayCenter\/\" \/>\n<meta property=\"article:modified_time\" content=\"2023-03-06T16:47:37+00:00\" \/>\n<meta property=\"og:image\" content=\"https:\/\/www.bivillage.com\/wp-content\/uploads\/2023\/01\/molo-fasana-croazia.jpg\" \/>\n\t<meta property=\"og:image:width\" content=\"1000\" \/>\n\t<meta property=\"og:image:height\" content=\"666\" \/>\n\t<meta property=\"og:image:type\" content=\"image\/jpeg\" \/>\n<meta name=\"twitter:card\" content=\"summary_large_image\" \/>\n<meta name=\"twitter:label1\" content=\"Gesch\u00e4tzte Lesezeit\" \/>\n\t<meta name=\"twitter:data1\" content=\"1\u00a0Minute\" \/>\n<script type=\"application\/ld+json\" class=\"yoast-schema-graph\">{\"@context\":\"https:\/\/schema.org\",\"@graph\":[{\"@type\":\"WebPage\",\"@id\":\"https:\/\/www.bivillage.com\/de\/was-man-in-der-naehe-von-fazana-besichtigen-kann\/\",\"url\":\"https:\/\/www.bivillage.com\/de\/was-man-in-der-naehe-von-fazana-besichtigen-kann\/\",\"name\":\"5 Dinge, die man in Fa\u017eana unternehmen kann: Natur, Kunst und Geschichte | BiVillage\",\"isPartOf\":{\"@id\":\"https:\/\/www.bivillage.com\/de\/#website\"},\"primaryImageOfPage\":{\"@id\":\"https:\/\/www.bivillage.com\/de\/was-man-in-der-naehe-von-fazana-besichtigen-kann\/#primaryimage\"},\"image\":{\"@id\":\"https:\/\/www.bivillage.com\/de\/was-man-in-der-naehe-von-fazana-besichtigen-kann\/#primaryimage\"},\"thumbnailUrl\":\"https:\/\/www.bivillage.com\/wp-content\/uploads\/2023\/01\/molo-fasana-croazia.jpg\",\"datePublished\":\"2023-01-25T13:08:29+00:00\",\"dateModified\":\"2023-03-06T16:47:37+00:00\",\"description\":\"Denken Sie daran, Fa\u017eana zu besichtigen? Die Liste der Dinge, die Sie in dieser charmanten Stadt im S\u00fcden Istriens unternehmen k\u00f6nnen, ist endlos. Entdecken Sie die Stadt!\",\"breadcrumb\":{\"@id\":\"https:\/\/www.bivillage.com\/de\/was-man-in-der-naehe-von-fazana-besichtigen-kann\/#breadcrumb\"},\"inLanguage\":\"de\",\"potentialAction\":[{\"@type\":\"ReadAction\",\"target\":[\"https:\/\/www.bivillage.com\/de\/was-man-in-der-naehe-von-fazana-besichtigen-kann\/\"]}]},{\"@type\":\"ImageObject\",\"inLanguage\":\"de\",\"@id\":\"https:\/\/www.bivillage.com\/de\/was-man-in-der-naehe-von-fazana-besichtigen-kann\/#primaryimage\",\"url\":\"https:\/\/www.bivillage.com\/wp-content\/uploads\/2023\/01\/molo-fasana-croazia.jpg\",\"contentUrl\":\"https:\/\/www.bivillage.com\/wp-content\/uploads\/2023\/01\/molo-fasana-croazia.jpg\",\"width\":1000,\"height\":666,\"caption\":\"molo di fasana in croazia\"},{\"@type\":\"BreadcrumbList\",\"@id\":\"https:\/\/www.bivillage.com\/de\/was-man-in-der-naehe-von-fazana-besichtigen-kann\/#breadcrumb\",\"itemListElement\":[{\"@type\":\"ListItem\",\"position\":1,\"name\":\"Home\",\"item\":\"https:\/\/www.bivillage.com\/de\/\"},{\"@type\":\"ListItem\",\"position\":2,\"name\":\"Was man in der N\u00e4he von Fa\u017eana besichtigen kann\"}]},{\"@type\":\"WebSite\",\"@id\":\"https:\/\/www.bivillage.com\/de\/#website\",\"url\":\"https:\/\/www.bivillage.com\/de\/\",\"name\":\"BiVillage\",\"description\":\"Fasana, ISTRIA\",\"publisher\":{\"@id\":\"https:\/\/www.bivillage.com\/de\/#organization\"},\"potentialAction\":[{\"@type\":\"SearchAction\",\"target\":{\"@type\":\"EntryPoint\",\"urlTemplate\":\"https:\/\/www.bivillage.com\/de\/?s={search_term_string}\"},\"query-input\":{\"@type\":\"PropertyValueSpecification\",\"valueRequired\":true,\"valueName\":\"search_term_string\"}}],\"inLanguage\":\"de\"},{\"@type\":\"Organization\",\"@id\":\"https:\/\/www.bivillage.com\/de\/#organization\",\"name\":\"BiVillage\",\"alternateName\":\"bivillage\",\"url\":\"https:\/\/www.bivillage.com\/de\/\",\"logo\":{\"@type\":\"ImageObject\",\"inLanguage\":\"de\",\"@id\":\"https:\/\/www.bivillage.com\/de\/#\/schema\/logo\/image\/\",\"url\":\"https:\/\/www.bivillage.com\/wp-content\/uploads\/2022\/04\/logo-bivillage.png\",\"contentUrl\":\"https:\/\/www.bivillage.com\/wp-content\/uploads\/2022\/04\/logo-bivillage.png\",\"width\":973,\"height\":340,\"caption\":\"BiVillage\"},\"image\":{\"@id\":\"https:\/\/www.bivillage.com\/de\/#\/schema\/logo\/image\/\"},\"sameAs\":[\"https:\/\/www.facebook.com\/BiVillageHolidayCenter\/\",\"https:\/\/www.instagram.com\/bivillage_holidayresort\/\",\"https:\/\/www.youtube.com\/channel\/UCu0whYLFWz1DQK-xiTLIuVw\",\"https:\/\/www.tiktok.com\/@bivillage\"]}]}<\/script>\n<!-- \/ Yoast SEO plugin. -->","yoast_head_json":{"title":"5 Dinge, die man in Fa\u017eana unternehmen kann: Natur, Kunst und Geschichte | BiVillage","description":"Denken Sie daran, Fa\u017eana zu besichtigen? Die Liste der Dinge, die Sie in dieser charmanten Stadt im S\u00fcden Istriens unternehmen k\u00f6nnen, ist endlos. Entdecken Sie die Stadt!","robots":{"index":"index","follow":"follow","max-snippet":"max-snippet:-1","max-image-preview":"max-image-preview:large","max-video-preview":"max-video-preview:-1"},"canonical":"https:\/\/www.bivillage.com\/de\/was-man-in-der-naehe-von-fazana-besichtigen-kann\/","og_locale":"de_DE","og_type":"article","og_title":"5 Dinge, die man in Fa\u017eana unternehmen kann: Natur, Kunst und Geschichte | BiVillage","og_description":"Denken Sie daran, Fa\u017eana zu besichtigen? Die Liste der Dinge, die Sie in dieser charmanten Stadt im S\u00fcden Istriens unternehmen k\u00f6nnen, ist endlos. Entdecken Sie die Stadt!","og_url":"https:\/\/www.bivillage.com\/de\/was-man-in-der-naehe-von-fazana-besichtigen-kann\/","og_site_name":"BiVillage","article_publisher":"https:\/\/www.facebook.com\/BiVillageHolidayCenter\/","article_modified_time":"2023-03-06T16:47:37+00:00","og_image":[{"width":1000,"height":666,"url":"https:\/\/www.bivillage.com\/wp-content\/uploads\/2023\/01\/molo-fasana-croazia.jpg","type":"image\/jpeg"}],"twitter_card":"summary_large_image","twitter_misc":{"Gesch\u00e4tzte Lesezeit":"1\u00a0Minute"},"schema":{"@context":"https:\/\/schema.org","@graph":[{"@type":"WebPage","@id":"https:\/\/www.bivillage.com\/de\/was-man-in-der-naehe-von-fazana-besichtigen-kann\/","url":"https:\/\/www.bivillage.com\/de\/was-man-in-der-naehe-von-fazana-besichtigen-kann\/","name":"5 Dinge, die man in Fa\u017eana unternehmen kann: Natur, Kunst und Geschichte | BiVillage","isPartOf":{"@id":"https:\/\/www.bivillage.com\/de\/#website"},"primaryImageOfPage":{"@id":"https:\/\/www.bivillage.com\/de\/was-man-in-der-naehe-von-fazana-besichtigen-kann\/#primaryimage"},"image":{"@id":"https:\/\/www.bivillage.com\/de\/was-man-in-der-naehe-von-fazana-besichtigen-kann\/#primaryimage"},"thumbnailUrl":"https:\/\/www.bivillage.com\/wp-content\/uploads\/2023\/01\/molo-fasana-croazia.jpg","datePublished":"2023-01-25T13:08:29+00:00","dateModified":"2023-03-06T16:47:37+00:00","description":"Denken Sie daran, Fa\u017eana zu besichtigen? Die Liste der Dinge, die Sie in dieser charmanten Stadt im S\u00fcden Istriens unternehmen k\u00f6nnen, ist endlos. Entdecken Sie die Stadt!","breadcrumb":{"@id":"https:\/\/www.bivillage.com\/de\/was-man-in-der-naehe-von-fazana-besichtigen-kann\/#breadcrumb"},"inLanguage":"de","potentialAction":[{"@type":"ReadAction","target":["https:\/\/www.bivillage.com\/de\/was-man-in-der-naehe-von-fazana-besichtigen-kann\/"]}]},{"@type":"ImageObject","inLanguage":"de","@id":"https:\/\/www.bivillage.com\/de\/was-man-in-der-naehe-von-fazana-besichtigen-kann\/#primaryimage","url":"https:\/\/www.bivillage.com\/wp-content\/uploads\/2023\/01\/molo-fasana-croazia.jpg","contentUrl":"https:\/\/www.bivillage.com\/wp-content\/uploads\/2023\/01\/molo-fasana-croazia.jpg","width":1000,"height":666,"caption":"molo di fasana in croazia"},{"@type":"BreadcrumbList","@id":"https:\/\/www.bivillage.com\/de\/was-man-in-der-naehe-von-fazana-besichtigen-kann\/#breadcrumb","itemListElement":[{"@type":"ListItem","position":1,"name":"Home","item":"https:\/\/www.bivillage.com\/de\/"},{"@type":"ListItem","position":2,"name":"Was man in der N\u00e4he von Fa\u017eana besichtigen kann"}]},{"@type":"WebSite","@id":"https:\/\/www.bivillage.com\/de\/#website","url":"https:\/\/www.bivillage.com\/de\/","name":"BiVillage","description":"Fasana, ISTRIA","publisher":{"@id":"https:\/\/www.bivillage.com\/de\/#organization"},"potentialAction":[{"@type":"SearchAction","target":{"@type":"EntryPoint","urlTemplate":"https:\/\/www.bivillage.com\/de\/?s={search_term_string}"},"query-input":{"@type":"PropertyValueSpecification","valueRequired":true,"valueName":"search_term_string"}}],"inLanguage":"de"},{"@type":"Organization","@id":"https:\/\/www.bivillage.com\/de\/#organization","name":"BiVillage","alternateName":"bivillage","url":"https:\/\/www.bivillage.com\/de\/","logo":{"@type":"ImageObject","inLanguage":"de","@id":"https:\/\/www.bivillage.com\/de\/#\/schema\/logo\/image\/","url":"https:\/\/www.bivillage.com\/wp-content\/uploads\/2022\/04\/logo-bivillage.png","contentUrl":"https:\/\/www.bivillage.com\/wp-content\/uploads\/2022\/04\/logo-bivillage.png","width":973,"height":340,"caption":"BiVillage"},"image":{"@id":"https:\/\/www.bivillage.com\/de\/#\/schema\/logo\/image\/"},"sameAs":["https:\/\/www.facebook.com\/BiVillageHolidayCenter\/","https:\/\/www.instagram.com\/bivillage_holidayresort\/","https:\/\/www.youtube.com\/channel\/UCu0whYLFWz1DQK-xiTLIuVw","https:\/\/www.tiktok.com\/@bivillage"]}]}},"coauthors":[],"author_meta":{"author_link":"https:\/\/www.bivillage.com\/de\/news\/author\/chiara-zamuner\/","display_name":"chiara.zamuner"},"relative_dates":{"created":"Posted 3\u00a0Jahren ago","modified":"Updated 3\u00a0Jahren ago"},"absolute_dates":{"created":"Posted on Januar 25, 2023","modified":"Updated on M\u00e4rz 6, 2023"},"absolute_dates_time":{"created":"Posted on Januar 25, 2023 2:08 p.m.","modified":"Updated on M\u00e4rz 6, 2023 5:47 p.m."},"featured_img_caption":"","featured_img":"https:\/\/www.bivillage.com\/wp-content\/uploads\/2023\/01\/molo-fasana-croazia.jpg","series_order":"","_links":{"self":[{"href":"https:\/\/www.bivillage.com\/de\/wp-json\/wp\/v2\/pages\/11611","targetHints":{"allow":["GET"]}}],"collection":[{"href":"https:\/\/www.bivillage.com\/de\/wp-json\/wp\/v2\/pages"}],"about":[{"href":"https:\/\/www.bivillage.com\/de\/wp-json\/wp\/v2\/types\/page"}],"author":[{"embeddable":true,"href":"https:\/\/www.bivillage.com\/de\/wp-json\/wp\/v2\/users\/9"}],"replies":[{"embeddable":true,"href":"https:\/\/www.bivillage.com\/de\/wp-json\/wp\/v2\/comments?post=11611"}],"version-history":[{"count":0,"href":"https:\/\/www.bivillage.com\/de\/wp-json\/wp\/v2\/pages\/11611\/revisions"}],"wp:featuredmedia":[{"embeddable":true,"href":"https:\/\/www.bivillage.com\/de\/wp-json\/wp\/v2\/media\/10852"}],"wp:attachment":[{"href":"https:\/\/www.bivillage.com\/de\/wp-json\/wp\/v2\/media?parent=11611"}],"curies":[{"name":"wp","href":"https:\/\/api.w.org\/{rel}","templated":true}]}}