{"id":11578,"date":"2023-01-25T13:04:25","date_gmt":"2023-01-25T12:04:25","guid":{"rendered":"https:\/\/www.bivillage.com\/beachvolleyballplaetze\/"},"modified":"2023-01-26T11:20:55","modified_gmt":"2023-01-26T10:20:55","slug":"beachvolleyballplaetze","status":"publish","type":"page","link":"https:\/\/www.bivillage.com\/de\/beachvolleyballplaetze\/","title":{"rendered":"Beachvolleyballpl\u00e4tze"},"content":{"rendered":"<div  class=\"grids-section row-elenchi grids-is-advanced alignfull\" style=\"--_gs-gap-desktop:0px 0px;--_gs-m-desktop:0 0 0 0;--_gs-p-desktop:0 0 0 0;--_gs-bg-desktop:transparent none;--_gs-bg-xp-desktop:0px;--_gs-zi-desktop:auto;--_gs-d-desktop:block;--_gs-mw-desktop:calc(100% - 0 - 0);--_gs-gap-tablet:0px 0px;--_gs-m-tablet:0 0 0 0;--_gs-p-tablet:0 0 0 0;--_gs-bg-tablet:transparent none;--_gs-bg-xp-tablet:0px;--_gs-zi-tablet:auto;--_gs-d-tablet:block;--_gs-mw-tablet:calc(100% - 0 - 0);--_gs-gap-mobile:0px 0px;--_gs-m-mobile:0 0 0 0;--_gs-p-mobile:0 0 0 0;--_gs-bg-mobile:transparent none;--_gs-bg-xp-mobile:0px;--_gs-zi-mobile:auto;--_gs-d-mobile:block;--_gs-mw-mobile:calc(100% - 0 - 0);--_gs-columns:12;--_gs-rows:6\"><div class=\"grids-s-w_i\">\n<div class=\"grids-area\" style=\"--_ga-column:2\/12;--_ga-row:1\/3;--_ga-m-desktop:0 0 0 0;--_ga-p-desktop:0 0 0 0;--_ga-bg-desktop:transparent none;--_ga-zi-desktop:auto;--_ga-d-desktop:flex;--_ga-mw-desktop:calc(100% - 0 - 0);--_ga-m-tablet:0 0 0 0;--_ga-p-tablet:0 0 0 0;--_ga-bg-tablet:transparent none;--_ga-zi-tablet:auto;--_ga-d-tablet:flex;--_ga-mw-tablet:calc(100% - 0 - 0);--_ga-m-mobile:0 0 0 0;--_ga-p-mobile:0 0 0 0;--_ga-bg-mobile:transparent none;--_ga-zi-mobile:auto;--_ga-d-mobile:flex;--_ga-mw-mobile:calc(100% - 0 - 0)\">\n\n<h2 class=\"has-text-align-center wp-block-heading\">Sport und Spa\u00df f\u00fcr die Gruppe<\/h2>\n\n\n\n<p class=\"has-text-align-center\">Was w\u00e4re der Sommer ohne eine Partie Volleyball?<br\/>Beachvolleyball ist ein Sport f\u00fcr jedermann: probieren Sie es auf unseren Spielpl\u00e4tzen im Freien aus!<\/p>\n\n<\/div>\n<\/div><\/div><div  class=\"grids-section row-information grids-is-advanced alignfull\" style=\"--_gs-gap-desktop:0px 0px;--_gs-m-desktop:0 0 0 0;--_gs-p-desktop:0 0 0 0;--_gs-bg-desktop:#64b95b none;--_gs-bg-xp-desktop:0px;--_gs-zi-desktop:auto;--_gs-d-desktop:block;--_gs-mw-desktop:calc(100% - 0 - 0);--_gs-gap-tablet:0px 0px;--_gs-m-tablet:0 0 0 0;--_gs-p-tablet:0 0 0 0;--_gs-bg-tablet:#64b95b none;--_gs-bg-xp-tablet:0px;--_gs-zi-tablet:auto;--_gs-d-tablet:block;--_gs-mw-tablet:calc(100% - 0 - 0);--_gs-gap-mobile:0px 0px;--_gs-m-mobile:0 0 0 0;--_gs-p-mobile:0 0 0 0;--_gs-bg-mobile:#64b95b none;--_gs-bg-xp-mobile:0px;--_gs-zi-mobile:auto;--_gs-d-mobile:block;--_gs-mw-mobile:calc(100% - 0 - 0);--_gs-columns:12;--_gs-rows:6\"><div class=\"grids-s-w_i\">\n<div class=\"grids-area\" style=\"--_ga-column:1\/4;--_ga-row:1\/7;--_ga-va:center;--_ga-m-desktop:0 0 0 0;--_ga-p-desktop:0 0 0 0;--_ga-bg-desktop:transparent none;--_ga-zi-desktop:auto;--_ga-d-desktop:flex;--_ga-mw-desktop:calc(100% - 0 - 0);--_ga-m-tablet:0 0 0 0;--_ga-p-tablet:0 0 0 0;--_ga-bg-tablet:transparent none;--_ga-zi-tablet:auto;--_ga-d-tablet:flex;--_ga-mw-tablet:calc(100% - 0 - 0);--_ga-m-mobile:0 0 0 0;--_ga-p-mobile:0 0 0 0;--_ga-bg-mobile:transparent none;--_ga-zi-mobile:auto;--_ga-d-mobile:flex;--_ga-mw-mobile:calc(100% - 0 - 0)\">\n\n<lord-icon src=\"https:\/\/cdn.lordicon.com\/ndgqmiem.json\" trigger=\"loop\" delay=\"2000\" colors=\"primary:#ffffff,secondary:#ffffff\" style=\"width:250px;height:250px\">\r\n<\/lord-icon>\r\n\n<\/div>\n\n<div class=\"grids-area\" style=\"--_ga-column:4\/10;--_ga-row:1\/7;--_ga-va:center;--_ga-m-desktop:0 0 0 0;--_ga-p-desktop:0 0 0 0;--_ga-bg-desktop:transparent none;--_ga-zi-desktop:auto;--_ga-d-desktop:flex;--_ga-mw-desktop:calc(100% - 0 - 0);--_ga-m-tablet:0 0 0 0;--_ga-p-tablet:0 0 0 0;--_ga-bg-tablet:transparent none;--_ga-zi-tablet:auto;--_ga-d-tablet:flex;--_ga-mw-tablet:calc(100% - 0 - 0);--_ga-m-mobile:0 0 0 0;--_ga-p-mobile:0 0 0 0;--_ga-bg-mobile:transparent none;--_ga-zi-mobile:auto;--_ga-d-mobile:flex;--_ga-mw-mobile:calc(100% - 0 - 0)\">\n\n<h2 class=\"has-text-align-center wp-block-heading\">Unser Beachvolleyballplatz<\/h2>\n\n\n\n<p class=\"has-text-align-center\">Wenn Sie den Spielplatz im Sportbereich reservieren, haben Sie die M\u00f6glichkeit, Ihr K\u00f6nnen unter Beweis zu stellen und Ihre Gegner herauszufordern, um einen Urlaub voller Sport und Beachvolleyball zu erleben!<\/p>\n\n<\/div>\n\n<div class=\"grids-area\" style=\"--_ga-column:10\/13;--_ga-row:1\/7;--_ga-va:center;--_ga-m-desktop:0 0 0 0;--_ga-p-desktop:0 0 0 0;--_ga-bg-desktop:transparent none;--_ga-zi-desktop:auto;--_ga-d-desktop:flex;--_ga-mw-desktop:calc(100% - 0 - 0);--_ga-m-tablet:0 0 0 0;--_ga-p-tablet:0 0 0 0;--_ga-bg-tablet:transparent none;--_ga-zi-tablet:auto;--_ga-d-tablet:flex;--_ga-mw-tablet:calc(100% - 0 - 0);--_ga-m-mobile:0 0 0 0;--_ga-p-mobile:0 0 0 0;--_ga-bg-mobile:transparent none;--_ga-zi-mobile:auto;--_ga-d-mobile:flex;--_ga-mw-mobile:calc(100% - 0 - 0)\">\n\n<lord-icon src=\"https:\/\/cdn.lordicon.com\/ndgqmiem.json\" trigger=\"loop\" delay=\"2000\" colors=\"primary:#ffffff,secondary:#ffffff\" style=\"width:250px;height:250px\">\r\n<\/lord-icon>\r\n\n<\/div>\n<\/div><\/div><div  class=\"grids-section grids-is-advanced alignwide\" style=\"--_gs-gap-desktop:0px 0px;--_gs-m-desktop:0 0 0 0;--_gs-p-desktop:0 0 0 0;--_gs-bg-desktop:transparent none;--_gs-bg-xp-desktop:0px;--_gs-zi-desktop:auto;--_gs-d-desktop:block;--_gs-mw-desktop:calc(100% - 0 - 0);--_gs-gap-tablet:0px 0px;--_gs-m-tablet:0 0 0 0;--_gs-p-tablet:0 0 0 0;--_gs-bg-tablet:transparent none;--_gs-bg-xp-tablet:0px;--_gs-zi-tablet:auto;--_gs-d-tablet:block;--_gs-mw-tablet:calc(100% - 0 - 0);--_gs-gap-mobile:0px 0px;--_gs-m-mobile:0 0 0 0;--_gs-p-mobile:0 0 0 0;--_gs-bg-mobile:transparent none;--_gs-bg-xp-mobile:0px;--_gs-zi-mobile:auto;--_gs-d-mobile:block;--_gs-mw-mobile:calc(100% - 0 - 0);--_gs-columns:12;--_gs-rows:6\"><div class=\"grids-s-w_i\">\n<div class=\"grids-area\" style=\"--_ga-column:2\/12;--_ga-row:1\/2;--_ga-m-desktop:0 0 0 0;--_ga-p-desktop:0 0 0 0;--_ga-bg-desktop:transparent none;--_ga-zi-desktop:auto;--_ga-d-desktop:flex;--_ga-mw-desktop:calc(100% - 0 - 0);--_ga-m-tablet:0 0 0 0;--_ga-p-tablet:0 0 0 0;--_ga-bg-tablet:transparent none;--_ga-zi-tablet:auto;--_ga-d-tablet:flex;--_ga-mw-tablet:calc(100% - 0 - 0);--_ga-m-mobile:0 0 0 0;--_ga-p-mobile:0 0 0 0;--_ga-bg-mobile:transparent none;--_ga-zi-mobile:auto;--_ga-d-mobile:flex;--_ga-mw-mobile:calc(100% - 0 - 0)\">\n\n<h2 class=\"has-text-align-center wp-block-heading\">Beachvolleyballturniere im BiVillage<\/h2>\n\n\n\n<p class=\"has-text-align-center\">Die Turniere, die wir im Camping-Resort BiVillage und in den Camps veranstalten, sind f\u00fcr alle Altersgruppen gedacht: eine echte M\u00f6glichkeit, Freundesgruppen zu finden und den gr\u00f6\u00dften Spa\u00df w\u00e4hrend Ihres Campingurlaubs zu erleben!<\/p>\n\n<\/div>\n<\/div><\/div>\t<div id=\"boxTextSlider_2\" class=\"box-text-slider-container-wrapper  \" style=\"background-image: url(https:\/\/www.bivillage.com\/wp-content\/uploads\/2022\/09\/campi-volley-bivillage-croazia-banner-preview.jpg);--box-text-bck-color: #000000;--box-text-color: #ffffff;\">\n\n\t\t<div class=\"box-text-slider_content\">\n\t\t\t<h3>Das Spielfeld<\/h3>\n<p>Unser Spielfeld misst 16 x 8 m und ist auf allen Seiten von einer mindestens 3 m breiten freien Zone umgeben.<\/p>\n\t\t<\/div>\n\n\t\t\t\t\t<div class=\"box-text-slider_slider\">\n\t\t\t\t<div class=\"swiper-wrapper\">\n\t\t\t\t\t\t\t\t\t\t\t\t\t\t\t\t\t<div class=\"box-text-slider_slider_slide swiper-slide\">\n\n\t\t\t\t\t\t\t\t\t\t\t\t\t\t\t<figure class=\"full-width\" style=\"background-color: #958e83;\">\n\t\t\t\t\t\t\t\t\t<img decoding=\"async\" src=\"https:\/\/www.bivillage.com\/wp-content\/uploads\/2022\/09\/campi-beach-volley-bivillage-croazia.jpg\" alt=\"ragazzo che salta e sta per mandare la palla oltre la rete a beach volley\" title=\"campi beach volley bivillage croazia\" \/>\n\t\t\t\t\t\t\t\t<\/figure>\n\t\t\t\t\t\t\t\n\t\t\t\t\t\t\t\n\t\t\t\t\t\t\t\t\t\t\t\t\t\t\t\t\t<div class=\"box-text-slider_slider_slide_title\">\n\t\t\t\t\t\t\t\t\t\tAperti tutti i giorni\t\t\t\t\t\t\t\t\t\t\t\t\t\t\t\t\n\t\t\t\t\t\t\t\t<\/div>\n\t\t\t\t\t\t\t\t\t\t\t\t\t<\/div>\n\t\t\t\t\t\t\n\t\t\t\t\t\t\t\t\t<\/div>\n\t\t\t\t\n\t\t\t\t\t\t\t<\/div>\n\t\t\t<\/div>\n\n\t\n\n\n    <div class=\"custom-gallery-wrapper custom-gallery-wrapper-column-4 custom-gallery-grid\" style=\"--gallery-columns: 4;\">\n        \n        \n                            \n            <figure class=\"full-width gallery-wrapper-image gallery-wrapper-image-0\" onclick=\"showHideFotorama('custom-gallery_1', 0);\" style=\"background-color: #a8a196;\">\n                                                    <img decoding=\"async\" class=\"gallery-wrapper-image-small\" src=\"https:\/\/www.bivillage.com\/wp-content\/uploads\/2022\/09\/campi-volley-bivillage-croazia-01.jpg\" alt=\"\" title=\"campi volley bivillage croazia 01\" \/>\n                            <\/figure>\n\n                                \n            <figure class=\"full-width gallery-wrapper-image gallery-wrapper-image-1\" onclick=\"showHideFotorama('custom-gallery_1', 1);\" style=\"background-color: #989288;\">\n                                                    <img decoding=\"async\" class=\"gallery-wrapper-image-small\" src=\"https:\/\/www.bivillage.com\/wp-content\/uploads\/2022\/09\/campi-volley-bivillage-croazia-02.jpg\" alt=\"\" title=\"campi volley bivillage croazia 02\" \/>\n                            <\/figure>\n\n                                \n            <figure class=\"full-width gallery-wrapper-image gallery-wrapper-image-2\" onclick=\"showHideFotorama('custom-gallery_1', 2);\" style=\"background-color: #6c635b;\">\n                                                    <img decoding=\"async\" class=\"gallery-wrapper-image-small\" src=\"https:\/\/www.bivillage.com\/wp-content\/uploads\/2022\/09\/campi-volley-bivillage-croazia-03.jpg\" alt=\"\" title=\"campi volley bivillage croazia 03\" \/>\n                            <\/figure>\n\n                                \n            <figure class=\"full-width gallery-wrapper-image gallery-wrapper-image-3\" onclick=\"showHideFotorama('custom-gallery_1', 3);\" style=\"background-color: #605852;\">\n                                                    <img decoding=\"async\" class=\"gallery-wrapper-image-small\" src=\"https:\/\/www.bivillage.com\/wp-content\/uploads\/2022\/09\/campi-volley-bivillage-croazia-04.jpg\" alt=\"\" title=\"campi volley bivillage croazia 04\" \/>\n                            <\/figure>\n\n                                \n            <figure class=\"full-width gallery-wrapper-image gallery-wrapper-image-4\" onclick=\"showHideFotorama('custom-gallery_1', 4);\" style=\"background-color: #877d73;\">\n                                                    <img decoding=\"async\" class=\"gallery-wrapper-image-small\" src=\"https:\/\/www.bivillage.com\/wp-content\/uploads\/2022\/09\/campi-volley-bivillage-croazia-05.jpg\" alt=\"\" title=\"campi volley bivillage croazia 05\" \/>\n                            <\/figure>\n\n                                \n            <figure class=\"full-width gallery-wrapper-image gallery-wrapper-image-5\" onclick=\"showHideFotorama('custom-gallery_1', 5);\" style=\"background-color: #95948c;\">\n                                                    <img decoding=\"async\" class=\"gallery-wrapper-image-small\" src=\"https:\/\/www.bivillage.com\/wp-content\/uploads\/2022\/09\/campi-volley-bivillage-croazia-06.jpg\" alt=\"\" title=\"campi volley bivillage croazia 06\" \/>\n                            <\/figure>\n\n                                \n            <figure class=\"full-width gallery-wrapper-image gallery-wrapper-image-6\" onclick=\"showHideFotorama('custom-gallery_1', 6);\" style=\"background-color: #9e9888;\">\n                                                    <img decoding=\"async\" class=\"gallery-wrapper-image-small\" src=\"https:\/\/www.bivillage.com\/wp-content\/uploads\/2022\/09\/campi-volley-bivillage-croazia-07.jpg\" alt=\"\" title=\"campi volley bivillage croazia 07\" \/>\n                            <\/figure>\n\n                                \n            <figure class=\"full-width gallery-wrapper-image gallery-wrapper-image-7\" onclick=\"showHideFotorama('custom-gallery_1', 7);\" style=\"background-color: #8b847c;\">\n                                                    <img decoding=\"async\" class=\"gallery-wrapper-image-small\" src=\"https:\/\/www.bivillage.com\/wp-content\/uploads\/2022\/09\/campi-volley-bivillage-croazia-08.jpg\" alt=\"\" title=\"campi volley bivillage croazia 08\" \/>\n                            <\/figure>\n\n                        <\/div>\n\n    <div style=\"width:1px;height:1px;position:absolute;\" name=\"fotorama\" id=\"custom-gallery_1\" class=\"fotorama\" data-width=\"100%\"  data-nav=\"thumbs\"  data-allowfullscreen=\"true\" >\n                            <img decoding=\"async\" src=\"https:\/\/www.bivillage.com\/wp-content\/uploads\/2022\/09\/campi-volley-bivillage-croazia-01.jpg\" class=\"attachment-full skip-lazy\" data-caption=\"1\" \/>\n                                    <img decoding=\"async\" src=\"https:\/\/www.bivillage.com\/wp-content\/uploads\/2022\/09\/campi-volley-bivillage-croazia-02.jpg\" class=\"attachment-full skip-lazy\" data-caption=\"2\" \/>\n                                    <img decoding=\"async\" src=\"https:\/\/www.bivillage.com\/wp-content\/uploads\/2022\/09\/campi-volley-bivillage-croazia-03.jpg\" class=\"attachment-full skip-lazy\" data-caption=\"3\" \/>\n                                    <img decoding=\"async\" src=\"https:\/\/www.bivillage.com\/wp-content\/uploads\/2022\/09\/campi-volley-bivillage-croazia-04.jpg\" class=\"attachment-full skip-lazy\" data-caption=\"4\" \/>\n                                    <img decoding=\"async\" src=\"https:\/\/www.bivillage.com\/wp-content\/uploads\/2022\/09\/campi-volley-bivillage-croazia-05.jpg\" class=\"attachment-full skip-lazy\" data-caption=\"5\" \/>\n                                    <img decoding=\"async\" src=\"https:\/\/www.bivillage.com\/wp-content\/uploads\/2022\/09\/campi-volley-bivillage-croazia-06.jpg\" class=\"attachment-full skip-lazy\" data-caption=\"6\" \/>\n                                    <img decoding=\"async\" src=\"https:\/\/www.bivillage.com\/wp-content\/uploads\/2022\/09\/campi-volley-bivillage-croazia-07.jpg\" class=\"attachment-full skip-lazy\" data-caption=\"7\" \/>\n                                    <img decoding=\"async\" src=\"https:\/\/www.bivillage.com\/wp-content\/uploads\/2022\/09\/campi-volley-bivillage-croazia-08.jpg\" class=\"attachment-full skip-lazy\" data-caption=\"8\" \/>\n                    <\/div>\n\n\n","protected":false},"excerpt":{"rendered":"","protected":false},"author":1,"featured_media":8426,"parent":0,"menu_order":0,"comment_status":"closed","ping_status":"closed","template":"","meta":{"_acf_changed":false,"advgb_blocks_editor_width":"","advgb_blocks_columns_visual_guide":"","footnotes":""},"class_list":["post-11578","page","type-page","status-publish","has-post-thumbnail","hentry","entry"],"acf":[],"yoast_head":"<!-- This site is optimized with the Yoast SEO plugin v26.0 - https:\/\/yoast.com\/wordpress\/plugins\/seo\/ -->\n<title>Ferienzentrum in Fa\u017eana mit Beachvolleyballpl\u00e4tzen | BiVillage<\/title>\n<meta name=\"description\" content=\"Das sch\u00f6nste Camping-Resort in Kroatien mit zwei Beachvolleyballpl\u00e4tzen! Springen Sie in den goldenen Sand und werfen Sie den Ball \u00fcber das Netz!\" \/>\n<meta name=\"robots\" content=\"index, follow, max-snippet:-1, max-image-preview:large, max-video-preview:-1\" \/>\n<link rel=\"canonical\" href=\"https:\/\/www.bivillage.com\/de\/beachvolleyballplaetze\/\" \/>\n<meta property=\"og:locale\" content=\"de_DE\" \/>\n<meta property=\"og:type\" content=\"article\" \/>\n<meta property=\"og:title\" content=\"Ferienzentrum in Fa\u017eana mit Beachvolleyballpl\u00e4tzen | BiVillage\" \/>\n<meta property=\"og:description\" content=\"Das sch\u00f6nste Camping-Resort in Kroatien mit zwei Beachvolleyballpl\u00e4tzen! Springen Sie in den goldenen Sand und werfen Sie den Ball \u00fcber das Netz!\" \/>\n<meta property=\"og:url\" content=\"https:\/\/www.bivillage.com\/de\/beachvolleyballplaetze\/\" \/>\n<meta property=\"og:site_name\" content=\"BiVillage\" \/>\n<meta property=\"article:publisher\" content=\"https:\/\/www.facebook.com\/BiVillageHolidayCenter\/\" \/>\n<meta property=\"article:modified_time\" content=\"2023-01-26T10:20:55+00:00\" \/>\n<meta property=\"og:image\" content=\"https:\/\/www.bivillage.com\/wp-content\/uploads\/2022\/09\/campi-beach-volley-bivillage-croazia-banner.jpg\" \/>\n\t<meta property=\"og:image:width\" content=\"1920\" \/>\n\t<meta property=\"og:image:height\" content=\"1000\" \/>\n\t<meta property=\"og:image:type\" content=\"image\/jpeg\" \/>\n<meta name=\"twitter:card\" content=\"summary_large_image\" \/>\n<meta name=\"twitter:label1\" content=\"Gesch\u00e4tzte Lesezeit\" \/>\n\t<meta name=\"twitter:data1\" content=\"1\u00a0Minute\" \/>\n<script type=\"application\/ld+json\" class=\"yoast-schema-graph\">{\"@context\":\"https:\/\/schema.org\",\"@graph\":[{\"@type\":\"WebPage\",\"@id\":\"https:\/\/www.bivillage.com\/de\/beachvolleyballplaetze\/\",\"url\":\"https:\/\/www.bivillage.com\/de\/beachvolleyballplaetze\/\",\"name\":\"Ferienzentrum in Fa\u017eana mit Beachvolleyballpl\u00e4tzen | BiVillage\",\"isPartOf\":{\"@id\":\"https:\/\/www.bivillage.com\/de\/#website\"},\"primaryImageOfPage\":{\"@id\":\"https:\/\/www.bivillage.com\/de\/beachvolleyballplaetze\/#primaryimage\"},\"image\":{\"@id\":\"https:\/\/www.bivillage.com\/de\/beachvolleyballplaetze\/#primaryimage\"},\"thumbnailUrl\":\"https:\/\/www.bivillage.com\/wp-content\/uploads\/2022\/09\/campi-beach-volley-bivillage-croazia-banner.jpg\",\"datePublished\":\"2023-01-25T12:04:25+00:00\",\"dateModified\":\"2023-01-26T10:20:55+00:00\",\"description\":\"Das sch\u00f6nste Camping-Resort in Kroatien mit zwei Beachvolleyballpl\u00e4tzen! Springen Sie in den goldenen Sand und werfen Sie den Ball \u00fcber das Netz!\",\"breadcrumb\":{\"@id\":\"https:\/\/www.bivillage.com\/de\/beachvolleyballplaetze\/#breadcrumb\"},\"inLanguage\":\"de\",\"potentialAction\":[{\"@type\":\"ReadAction\",\"target\":[\"https:\/\/www.bivillage.com\/de\/beachvolleyballplaetze\/\"]}]},{\"@type\":\"ImageObject\",\"inLanguage\":\"de\",\"@id\":\"https:\/\/www.bivillage.com\/de\/beachvolleyballplaetze\/#primaryimage\",\"url\":\"https:\/\/www.bivillage.com\/wp-content\/uploads\/2022\/09\/campi-beach-volley-bivillage-croazia-banner.jpg\",\"contentUrl\":\"https:\/\/www.bivillage.com\/wp-content\/uploads\/2022\/09\/campi-beach-volley-bivillage-croazia-banner.jpg\",\"width\":1920,\"height\":1000,\"caption\":\"ragazzi che giocano a beach volley\"},{\"@type\":\"BreadcrumbList\",\"@id\":\"https:\/\/www.bivillage.com\/de\/beachvolleyballplaetze\/#breadcrumb\",\"itemListElement\":[{\"@type\":\"ListItem\",\"position\":1,\"name\":\"Home\",\"item\":\"https:\/\/www.bivillage.com\/de\/\"},{\"@type\":\"ListItem\",\"position\":2,\"name\":\"Beachvolleyballpl\u00e4tze\"}]},{\"@type\":\"WebSite\",\"@id\":\"https:\/\/www.bivillage.com\/de\/#website\",\"url\":\"https:\/\/www.bivillage.com\/de\/\",\"name\":\"BiVillage\",\"description\":\"Fasana, ISTRIA\",\"publisher\":{\"@id\":\"https:\/\/www.bivillage.com\/de\/#organization\"},\"potentialAction\":[{\"@type\":\"SearchAction\",\"target\":{\"@type\":\"EntryPoint\",\"urlTemplate\":\"https:\/\/www.bivillage.com\/de\/?s={search_term_string}\"},\"query-input\":{\"@type\":\"PropertyValueSpecification\",\"valueRequired\":true,\"valueName\":\"search_term_string\"}}],\"inLanguage\":\"de\"},{\"@type\":\"Organization\",\"@id\":\"https:\/\/www.bivillage.com\/de\/#organization\",\"name\":\"BiVillage\",\"alternateName\":\"bivillage\",\"url\":\"https:\/\/www.bivillage.com\/de\/\",\"logo\":{\"@type\":\"ImageObject\",\"inLanguage\":\"de\",\"@id\":\"https:\/\/www.bivillage.com\/de\/#\/schema\/logo\/image\/\",\"url\":\"https:\/\/www.bivillage.com\/wp-content\/uploads\/2022\/04\/logo-bivillage.png\",\"contentUrl\":\"https:\/\/www.bivillage.com\/wp-content\/uploads\/2022\/04\/logo-bivillage.png\",\"width\":973,\"height\":340,\"caption\":\"BiVillage\"},\"image\":{\"@id\":\"https:\/\/www.bivillage.com\/de\/#\/schema\/logo\/image\/\"},\"sameAs\":[\"https:\/\/www.facebook.com\/BiVillageHolidayCenter\/\",\"https:\/\/www.instagram.com\/bivillage_holidayresort\/\",\"https:\/\/www.youtube.com\/channel\/UCu0whYLFWz1DQK-xiTLIuVw\",\"https:\/\/www.tiktok.com\/@bivillage\"]}]}<\/script>\n<!-- \/ Yoast SEO plugin. -->","yoast_head_json":{"title":"Ferienzentrum in Fa\u017eana mit Beachvolleyballpl\u00e4tzen | BiVillage","description":"Das sch\u00f6nste Camping-Resort in Kroatien mit zwei Beachvolleyballpl\u00e4tzen! Springen Sie in den goldenen Sand und werfen Sie den Ball \u00fcber das Netz!","robots":{"index":"index","follow":"follow","max-snippet":"max-snippet:-1","max-image-preview":"max-image-preview:large","max-video-preview":"max-video-preview:-1"},"canonical":"https:\/\/www.bivillage.com\/de\/beachvolleyballplaetze\/","og_locale":"de_DE","og_type":"article","og_title":"Ferienzentrum in Fa\u017eana mit Beachvolleyballpl\u00e4tzen | BiVillage","og_description":"Das sch\u00f6nste Camping-Resort in Kroatien mit zwei Beachvolleyballpl\u00e4tzen! Springen Sie in den goldenen Sand und werfen Sie den Ball \u00fcber das Netz!","og_url":"https:\/\/www.bivillage.com\/de\/beachvolleyballplaetze\/","og_site_name":"BiVillage","article_publisher":"https:\/\/www.facebook.com\/BiVillageHolidayCenter\/","article_modified_time":"2023-01-26T10:20:55+00:00","og_image":[{"width":1920,"height":1000,"url":"https:\/\/www.bivillage.com\/wp-content\/uploads\/2022\/09\/campi-beach-volley-bivillage-croazia-banner.jpg","type":"image\/jpeg"}],"twitter_card":"summary_large_image","twitter_misc":{"Gesch\u00e4tzte Lesezeit":"1\u00a0Minute"},"schema":{"@context":"https:\/\/schema.org","@graph":[{"@type":"WebPage","@id":"https:\/\/www.bivillage.com\/de\/beachvolleyballplaetze\/","url":"https:\/\/www.bivillage.com\/de\/beachvolleyballplaetze\/","name":"Ferienzentrum in Fa\u017eana mit Beachvolleyballpl\u00e4tzen | BiVillage","isPartOf":{"@id":"https:\/\/www.bivillage.com\/de\/#website"},"primaryImageOfPage":{"@id":"https:\/\/www.bivillage.com\/de\/beachvolleyballplaetze\/#primaryimage"},"image":{"@id":"https:\/\/www.bivillage.com\/de\/beachvolleyballplaetze\/#primaryimage"},"thumbnailUrl":"https:\/\/www.bivillage.com\/wp-content\/uploads\/2022\/09\/campi-beach-volley-bivillage-croazia-banner.jpg","datePublished":"2023-01-25T12:04:25+00:00","dateModified":"2023-01-26T10:20:55+00:00","description":"Das sch\u00f6nste Camping-Resort in Kroatien mit zwei Beachvolleyballpl\u00e4tzen! Springen Sie in den goldenen Sand und werfen Sie den Ball \u00fcber das Netz!","breadcrumb":{"@id":"https:\/\/www.bivillage.com\/de\/beachvolleyballplaetze\/#breadcrumb"},"inLanguage":"de","potentialAction":[{"@type":"ReadAction","target":["https:\/\/www.bivillage.com\/de\/beachvolleyballplaetze\/"]}]},{"@type":"ImageObject","inLanguage":"de","@id":"https:\/\/www.bivillage.com\/de\/beachvolleyballplaetze\/#primaryimage","url":"https:\/\/www.bivillage.com\/wp-content\/uploads\/2022\/09\/campi-beach-volley-bivillage-croazia-banner.jpg","contentUrl":"https:\/\/www.bivillage.com\/wp-content\/uploads\/2022\/09\/campi-beach-volley-bivillage-croazia-banner.jpg","width":1920,"height":1000,"caption":"ragazzi che giocano a beach volley"},{"@type":"BreadcrumbList","@id":"https:\/\/www.bivillage.com\/de\/beachvolleyballplaetze\/#breadcrumb","itemListElement":[{"@type":"ListItem","position":1,"name":"Home","item":"https:\/\/www.bivillage.com\/de\/"},{"@type":"ListItem","position":2,"name":"Beachvolleyballpl\u00e4tze"}]},{"@type":"WebSite","@id":"https:\/\/www.bivillage.com\/de\/#website","url":"https:\/\/www.bivillage.com\/de\/","name":"BiVillage","description":"Fasana, ISTRIA","publisher":{"@id":"https:\/\/www.bivillage.com\/de\/#organization"},"potentialAction":[{"@type":"SearchAction","target":{"@type":"EntryPoint","urlTemplate":"https:\/\/www.bivillage.com\/de\/?s={search_term_string}"},"query-input":{"@type":"PropertyValueSpecification","valueRequired":true,"valueName":"search_term_string"}}],"inLanguage":"de"},{"@type":"Organization","@id":"https:\/\/www.bivillage.com\/de\/#organization","name":"BiVillage","alternateName":"bivillage","url":"https:\/\/www.bivillage.com\/de\/","logo":{"@type":"ImageObject","inLanguage":"de","@id":"https:\/\/www.bivillage.com\/de\/#\/schema\/logo\/image\/","url":"https:\/\/www.bivillage.com\/wp-content\/uploads\/2022\/04\/logo-bivillage.png","contentUrl":"https:\/\/www.bivillage.com\/wp-content\/uploads\/2022\/04\/logo-bivillage.png","width":973,"height":340,"caption":"BiVillage"},"image":{"@id":"https:\/\/www.bivillage.com\/de\/#\/schema\/logo\/image\/"},"sameAs":["https:\/\/www.facebook.com\/BiVillageHolidayCenter\/","https:\/\/www.instagram.com\/bivillage_holidayresort\/","https:\/\/www.youtube.com\/channel\/UCu0whYLFWz1DQK-xiTLIuVw","https:\/\/www.tiktok.com\/@bivillage"]}]}},"coauthors":[],"author_meta":{"author_link":"https:\/\/www.bivillage.com\/de\/news\/author\/admin\/","display_name":"admin"},"relative_dates":{"created":"Posted 3\u00a0Jahren ago","modified":"Updated 3\u00a0Jahren ago"},"absolute_dates":{"created":"Posted on Januar 25, 2023","modified":"Updated on Januar 26, 2023"},"absolute_dates_time":{"created":"Posted on Januar 25, 2023 1:04 p.m.","modified":"Updated on Januar 26, 2023 11:20 a.m."},"featured_img_caption":"","featured_img":"https:\/\/www.bivillage.com\/wp-content\/uploads\/2022\/09\/campi-beach-volley-bivillage-croazia-banner-1568x817.jpg","series_order":"","_links":{"self":[{"href":"https:\/\/www.bivillage.com\/de\/wp-json\/wp\/v2\/pages\/11578","targetHints":{"allow":["GET"]}}],"collection":[{"href":"https:\/\/www.bivillage.com\/de\/wp-json\/wp\/v2\/pages"}],"about":[{"href":"https:\/\/www.bivillage.com\/de\/wp-json\/wp\/v2\/types\/page"}],"author":[{"embeddable":true,"href":"https:\/\/www.bivillage.com\/de\/wp-json\/wp\/v2\/users\/1"}],"replies":[{"embeddable":true,"href":"https:\/\/www.bivillage.com\/de\/wp-json\/wp\/v2\/comments?post=11578"}],"version-history":[{"count":0,"href":"https:\/\/www.bivillage.com\/de\/wp-json\/wp\/v2\/pages\/11578\/revisions"}],"wp:featuredmedia":[{"embeddable":true,"href":"https:\/\/www.bivillage.com\/de\/wp-json\/wp\/v2\/media\/8426"}],"wp:attachment":[{"href":"https:\/\/www.bivillage.com\/de\/wp-json\/wp\/v2\/media?parent=11578"}],"curies":[{"name":"wp","href":"https:\/\/api.w.org\/{rel}","templated":true}]}}