{"id":11560,"date":"2023-01-25T12:05:05","date_gmt":"2023-01-25T11:05:05","guid":{"rendered":"https:\/\/www.bivillage.com\/kajakfahren\/"},"modified":"2023-03-06T17:42:44","modified_gmt":"2023-03-06T16:42:44","slug":"kajakfahren","status":"publish","type":"page","link":"https:\/\/www.bivillage.com\/de\/kajakfahren\/","title":{"rendered":"Kajakfahren"},"content":{"rendered":"<div  class=\"grids-section row-elenchi grids-is-advanced alignfull\" style=\"--_gs-gap-desktop:0px 0px;--_gs-m-desktop:0 0 0 0;--_gs-p-desktop:0 0 0 0;--_gs-bg-desktop:transparent none;--_gs-bg-xp-desktop:0px;--_gs-zi-desktop:auto;--_gs-d-desktop:block;--_gs-mw-desktop:calc(100% - 0 - 0);--_gs-gap-tablet:0px 0px;--_gs-m-tablet:0 0 0 0;--_gs-p-tablet:0 0 0 0;--_gs-bg-tablet:transparent none;--_gs-bg-xp-tablet:0px;--_gs-zi-tablet:auto;--_gs-d-tablet:block;--_gs-mw-tablet:calc(100% - 0 - 0);--_gs-gap-mobile:0px 0px;--_gs-m-mobile:0 0 0 0;--_gs-p-mobile:0 0 0 0;--_gs-bg-mobile:transparent none;--_gs-bg-xp-mobile:0px;--_gs-zi-mobile:auto;--_gs-d-mobile:block;--_gs-mw-mobile:calc(100% - 0 - 0);--_gs-columns:12;--_gs-rows:6\"><div class=\"grids-s-w_i\">\n<div class=\"grids-area\" style=\"--_ga-column:2\/12;--_ga-row:1\/3;--_ga-m-desktop:0 0 0 0;--_ga-p-desktop:0 0 0 0;--_ga-bg-desktop:transparent none;--_ga-zi-desktop:auto;--_ga-d-desktop:flex;--_ga-mw-desktop:calc(100% - 0 - 0);--_ga-m-tablet:0 0 0 0;--_ga-p-tablet:0 0 0 0;--_ga-bg-tablet:transparent none;--_ga-zi-tablet:auto;--_ga-d-tablet:flex;--_ga-mw-tablet:calc(100% - 0 - 0);--_ga-m-mobile:0 0 0 0;--_ga-p-mobile:0 0 0 0;--_ga-bg-mobile:transparent none;--_ga-zi-mobile:auto;--_ga-d-mobile:flex;--_ga-mw-mobile:calc(100% - 0 - 0)\">\n\n<h2 class=\"has-text-align-center wp-block-heading\">Viel Spa\u00df bei der Entdeckung des Meeres von Fa\u017eana<\/h2>\n\n\n\n<p>Ein hei\u00dfer Tag? Kein Problem, im Camping-Resort BiVillage in Fa\u017eana k\u00f6nnen Sie das kristallklare Meer und das S\u00fc\u00dfwasser bei einer <strong>Kajakfahrt<\/strong> genie\u00dfen!\r\nKajakfahren ist die ideale Art, das Meer zu erleben und magische Orte zu entdecken, die man nur mit dem Paddel erreichen kann: all das ist im BiVillage mit dem Kanuverleih m\u00f6glich!<\/p>\n\n<\/div>\n<\/div><\/div>\n\n\t<div class=\"slider-novita-container-wrapper\" id=\"swiperSliderNovita1\">\n\t\t<div class=\"swiper-wrapper\">\n\t\t\t\t\t\t\t\t\t\t\t<div class=\"single-slide-novita swiper-slide\">\n\t\t\t\t\t<div class=\"single-slider-novita-image\">\n\t\t\t\t\t\t\n\t\t\t\t\t\t<figure class=\"full-width\" style=\"background-color: #8b99a5;\">\n\t\t\t\t\t\t\t<img decoding=\"async\" src=\"https:\/\/www.bivillage.com\/wp-content\/uploads\/2022\/09\/kayak-bivillage-croazia-01.jpg\" width=\"1800\" height=\"1200\" \/>\n\t\t\t\t\t\t<\/figure>\n\t\t\t\t\t<\/div>\n\t\t\t\t\t<div class=\"single-slider-novita-background\"><\/div>\n\t\t\t\t\t<div class=\"single-slider-novita-content\">\n\t\t\t\t\t\t<h3>GLEITEN SIE AUF DEM WASSER<\/h3>\n<h2>Genie\u00dfen Sie die Landschaft<\/h2>\n<p>Dank unserer <strong>Einzel- oder Doppelkajaks<\/strong> k\u00f6nnen Sie in aller Ruhe paddeln und Ihre ganze Familie mitnehmen.<\/p>\n<p>Kommen Sie und probieren Sie diese Aktivit\u00e4t aus und <strong>genie\u00dfen Sie die Ruhe und den Frieden des blauen Meeres<\/strong>!<\/p>\n\t\t\t\t\t<\/div>\n\t\t\t\t<\/div>\n\t\t\t\t\n\t\t\t\t\t<\/div>\n\t\t<div class=\"swiper-pagination\"><\/div>\n\t<\/div>\n\n\t\n\n\n\n<div  class=\"grids-section row-elenchi grids-is-advanced alignfull\" style=\"--_gs-gap-desktop:0px 0px;--_gs-m-desktop:0 0 0 0;--_gs-p-desktop:0 0 0 0;--_gs-bg-desktop:transparent none;--_gs-bg-xp-desktop:0px;--_gs-zi-desktop:auto;--_gs-d-desktop:block;--_gs-mw-desktop:calc(100% - 0 - 0);--_gs-gap-tablet:0px 0px;--_gs-m-tablet:0 0 0 0;--_gs-p-tablet:0 0 0 0;--_gs-bg-tablet:transparent none;--_gs-bg-xp-tablet:0px;--_gs-zi-tablet:auto;--_gs-d-tablet:block;--_gs-mw-tablet:calc(100% - 0 - 0);--_gs-gap-mobile:0px 0px;--_gs-m-mobile:0 0 0 0;--_gs-p-mobile:0 0 0 0;--_gs-bg-mobile:transparent none;--_gs-bg-xp-mobile:0px;--_gs-zi-mobile:auto;--_gs-d-mobile:block;--_gs-mw-mobile:calc(100% - 0 - 0);--_gs-columns:12;--_gs-rows:6\"><div class=\"grids-s-w_i\">\n<div class=\"grids-area\" style=\"--_ga-column:2\/12;--_ga-row:1\/3;--_ga-m-desktop:0 0 0 0;--_ga-p-desktop:0 0 0 0;--_ga-bg-desktop:transparent none;--_ga-zi-desktop:auto;--_ga-d-desktop:flex;--_ga-mw-desktop:calc(100% - 0 - 0);--_ga-m-tablet:0 0 0 0;--_ga-p-tablet:0 0 0 0;--_ga-bg-tablet:transparent none;--_ga-zi-tablet:auto;--_ga-d-tablet:flex;--_ga-mw-tablet:calc(100% - 0 - 0);--_ga-m-mobile:0 0 0 0;--_ga-p-mobile:0 0 0 0;--_ga-bg-mobile:transparent none;--_ga-zi-mobile:auto;--_ga-d-mobile:flex;--_ga-mw-mobile:calc(100% - 0 - 0)\">\n\n<h2 class=\"has-text-align-center wp-block-heading\">Erleben Sie den Nervenkitzel des Gleitens \u00fcber das Wasser<\/h2>\n\n\n\n<p>Bei einem so blauen und klaren Meer k\u00f6nnen Sie gar nicht anders, als Windsurfen und Tauchen zu versuchen!<\/p>\n\n\n\n<p>Am Strand des Ferienzentrums stehen Ihnen <strong>eine Windsurfschule und das Tauchzentrum Caretta <\/strong> zur Verf\u00fcgung. Beide verleihen die beste Ausr\u00fcstung: entdecken Sie noch heute unser Meer!<\/p>\n\n\n\n<div class=\"wp-block-buttons is-layout-flex wp-block-buttons-is-layout-flex\">\n<div class=\"wp-block-button aligncenter advgb-dyn-720419ca\"><a class=\"wp-block-button__link wp-element-button\">MEHR ERFAHREN<\/a><\/div>\n<\/div>\n\n<\/div>\n<\/div><\/div>\n\n\n<div id=\"residence\" class=\"wp-block-group advgb-dyn-64c86a1e\"><div class=\"wp-block-group__inner-container is-layout-flow wp-block-group-is-layout-flow\">\n    <div class=\"custom-gallery-wrapper custom-gallery-wrapper-column-4 custom-gallery-grid\" style=\"--gallery-columns: 4;\">\n        \n        \n                            \n            <figure class=\"full-width gallery-wrapper-image gallery-wrapper-image-0\" onclick=\"showHideFotorama('custom-gallery_1', 0);\" style=\"background-color: #7d868a;\">\n                                                    <img decoding=\"async\" class=\"gallery-wrapper-image-small\" src=\"https:\/\/www.bivillage.com\/wp-content\/uploads\/2022\/09\/kayak-bivillage-croazia-02.jpg\" alt=\"\" title=\"kayak bivillage croazia 02\" \/>\n                            <\/figure>\n\n                                \n            <figure class=\"full-width gallery-wrapper-image gallery-wrapper-image-1\" onclick=\"showHideFotorama('custom-gallery_1', 1);\" style=\"background-color: #939790;\">\n                                                    <img decoding=\"async\" class=\"gallery-wrapper-image-small\" src=\"https:\/\/www.bivillage.com\/wp-content\/uploads\/2022\/09\/kayak-bivillage-croazia-03.jpg\" alt=\"\" title=\"kayak bivillage croazia 03\" \/>\n                            <\/figure>\n\n                                \n            <figure class=\"full-width gallery-wrapper-image gallery-wrapper-image-2\" onclick=\"showHideFotorama('custom-gallery_1', 2);\" style=\"background-color: #8fa7b9;\">\n                                                    <img decoding=\"async\" class=\"gallery-wrapper-image-small\" src=\"https:\/\/www.bivillage.com\/wp-content\/uploads\/2022\/09\/kayak-bivillage-croazia-04.jpg\" alt=\"\" title=\"kayak bivillage croazia 04\" \/>\n                            <\/figure>\n\n                                \n            <figure class=\"full-width gallery-wrapper-image gallery-wrapper-image-3\" onclick=\"showHideFotorama('custom-gallery_1', 3);\" style=\"background-color: #98b2c0;\">\n                                                    <img decoding=\"async\" class=\"gallery-wrapper-image-small\" src=\"https:\/\/www.bivillage.com\/wp-content\/uploads\/2022\/09\/kayak-bivillage-croazia-05.jpg\" alt=\"\" title=\"kayak bivillage croazia 05\" \/>\n                            <\/figure>\n\n                                \n            <figure class=\"full-width gallery-wrapper-image gallery-wrapper-image-4\" onclick=\"showHideFotorama('custom-gallery_1', 4);\" style=\"background-color: #93aab6;\">\n                                                    <img decoding=\"async\" class=\"gallery-wrapper-image-small\" src=\"https:\/\/www.bivillage.com\/wp-content\/uploads\/2022\/09\/kayak-bivillage-croazia-06.jpg\" alt=\"\" title=\"kayak bivillage croazia 06\" \/>\n                            <\/figure>\n\n                                \n            <figure class=\"full-width gallery-wrapper-image gallery-wrapper-image-5\" onclick=\"showHideFotorama('custom-gallery_1', 5);\" style=\"background-color: #89969c;\">\n                                                    <img decoding=\"async\" class=\"gallery-wrapper-image-small\" src=\"https:\/\/www.bivillage.com\/wp-content\/uploads\/2022\/09\/kayak-bivillage-croazia-07.jpg\" alt=\"\" title=\"kayak bivillage croazia 07\" \/>\n                            <\/figure>\n\n                                \n            <figure class=\"full-width gallery-wrapper-image gallery-wrapper-image-6\" onclick=\"showHideFotorama('custom-gallery_1', 6);\" style=\"background-color: #abbbc8;\">\n                                                    <img decoding=\"async\" class=\"gallery-wrapper-image-small\" src=\"https:\/\/www.bivillage.com\/wp-content\/uploads\/2022\/09\/kayak-bivillage-croazia-08.jpg\" alt=\"\" title=\"kayak bivillage croazia 08\" \/>\n                            <\/figure>\n\n                                \n            <figure class=\"full-width gallery-wrapper-image gallery-wrapper-image-7\" onclick=\"showHideFotorama('custom-gallery_1', 7);\" style=\"background-color: #99a9ad;\">\n                                                    <img decoding=\"async\" class=\"gallery-wrapper-image-small\" src=\"https:\/\/www.bivillage.com\/wp-content\/uploads\/2022\/09\/kayak-bivillage-croazia-09.jpg\" alt=\"\" title=\"kayak bivillage croazia 09\" \/>\n                            <\/figure>\n\n                        <\/div>\n\n    <div style=\"width:1px;height:1px;position:absolute;\" name=\"fotorama\" id=\"custom-gallery_1\" class=\"fotorama\" data-width=\"100%\"  data-nav=\"thumbs\"  data-allowfullscreen=\"true\" >\n                            <img decoding=\"async\" src=\"https:\/\/www.bivillage.com\/wp-content\/uploads\/2022\/09\/kayak-bivillage-croazia-02.jpg\" class=\"attachment-full skip-lazy\" data-caption=\"1\" \/>\n                                    <img decoding=\"async\" src=\"https:\/\/www.bivillage.com\/wp-content\/uploads\/2022\/09\/kayak-bivillage-croazia-03.jpg\" class=\"attachment-full skip-lazy\" data-caption=\"2\" \/>\n                                    <img decoding=\"async\" src=\"https:\/\/www.bivillage.com\/wp-content\/uploads\/2022\/09\/kayak-bivillage-croazia-04.jpg\" class=\"attachment-full skip-lazy\" data-caption=\"3\" \/>\n                                    <img decoding=\"async\" src=\"https:\/\/www.bivillage.com\/wp-content\/uploads\/2022\/09\/kayak-bivillage-croazia-05.jpg\" class=\"attachment-full skip-lazy\" data-caption=\"4\" \/>\n                                    <img decoding=\"async\" src=\"https:\/\/www.bivillage.com\/wp-content\/uploads\/2022\/09\/kayak-bivillage-croazia-06.jpg\" class=\"attachment-full skip-lazy\" data-caption=\"5\" \/>\n                                    <img decoding=\"async\" src=\"https:\/\/www.bivillage.com\/wp-content\/uploads\/2022\/09\/kayak-bivillage-croazia-07.jpg\" class=\"attachment-full skip-lazy\" data-caption=\"6\" \/>\n                                    <img decoding=\"async\" src=\"https:\/\/www.bivillage.com\/wp-content\/uploads\/2022\/09\/kayak-bivillage-croazia-08.jpg\" class=\"attachment-full skip-lazy\" data-caption=\"7\" \/>\n                                    <img decoding=\"async\" src=\"https:\/\/www.bivillage.com\/wp-content\/uploads\/2022\/09\/kayak-bivillage-croazia-09.jpg\" class=\"attachment-full skip-lazy\" data-caption=\"8\" \/>\n                    <\/div>\n\n\n<\/div><\/div>\n","protected":false},"excerpt":{"rendered":"","protected":false},"author":1,"featured_media":7561,"parent":0,"menu_order":0,"comment_status":"closed","ping_status":"closed","template":"","meta":{"_acf_changed":false,"advgb_blocks_editor_width":"","advgb_blocks_columns_visual_guide":"","footnotes":""},"class_list":["post-11560","page","type-page","status-publish","has-post-thumbnail","hentry","entry"],"acf":[],"yoast_head":"<!-- This site is optimized with the Yoast SEO plugin v26.0 - https:\/\/yoast.com\/wordpress\/plugins\/seo\/ -->\n<title>Feriendorf mit Kajakverleih und Kursen | Ferienzentrum BiVillage<\/title>\n<meta name=\"description\" content=\"Erleben Sie das Beste vom Camping in Kroatien mit Kajaktouren auf den wundersch\u00f6nen Wassern der Adria entlang der K\u00fcste Istriens!\" \/>\n<meta name=\"robots\" content=\"index, follow, max-snippet:-1, max-image-preview:large, max-video-preview:-1\" \/>\n<link rel=\"canonical\" href=\"https:\/\/www.bivillage.com\/de\/kajakfahren\/\" \/>\n<meta property=\"og:locale\" content=\"de_DE\" \/>\n<meta property=\"og:type\" content=\"article\" \/>\n<meta property=\"og:title\" content=\"Feriendorf mit Kajakverleih und Kursen | Ferienzentrum BiVillage\" \/>\n<meta property=\"og:description\" content=\"Erleben Sie das Beste vom Camping in Kroatien mit Kajaktouren auf den wundersch\u00f6nen Wassern der Adria entlang der K\u00fcste Istriens!\" \/>\n<meta property=\"og:url\" content=\"https:\/\/www.bivillage.com\/de\/kajakfahren\/\" \/>\n<meta property=\"og:site_name\" content=\"BiVillage\" \/>\n<meta property=\"article:publisher\" content=\"https:\/\/www.facebook.com\/BiVillageHolidayCenter\/\" \/>\n<meta property=\"article:modified_time\" content=\"2023-03-06T16:42:44+00:00\" \/>\n<meta property=\"og:image\" content=\"https:\/\/www.bivillage.com\/wp-content\/uploads\/2022\/09\/kayak-bivillage-croazia-banner.jpg\" \/>\n\t<meta property=\"og:image:width\" content=\"1920\" \/>\n\t<meta property=\"og:image:height\" content=\"1000\" \/>\n\t<meta property=\"og:image:type\" content=\"image\/jpeg\" \/>\n<meta name=\"twitter:card\" content=\"summary_large_image\" \/>\n<meta name=\"twitter:label1\" content=\"Gesch\u00e4tzte Lesezeit\" \/>\n\t<meta name=\"twitter:data1\" content=\"1\u00a0Minute\" \/>\n<script type=\"application\/ld+json\" class=\"yoast-schema-graph\">{\"@context\":\"https:\/\/schema.org\",\"@graph\":[{\"@type\":\"WebPage\",\"@id\":\"https:\/\/www.bivillage.com\/de\/kajakfahren\/\",\"url\":\"https:\/\/www.bivillage.com\/de\/kajakfahren\/\",\"name\":\"Feriendorf mit Kajakverleih und Kursen | Ferienzentrum BiVillage\",\"isPartOf\":{\"@id\":\"https:\/\/www.bivillage.com\/de\/#website\"},\"primaryImageOfPage\":{\"@id\":\"https:\/\/www.bivillage.com\/de\/kajakfahren\/#primaryimage\"},\"image\":{\"@id\":\"https:\/\/www.bivillage.com\/de\/kajakfahren\/#primaryimage\"},\"thumbnailUrl\":\"https:\/\/www.bivillage.com\/wp-content\/uploads\/2022\/09\/kayak-bivillage-croazia-banner.jpg\",\"datePublished\":\"2023-01-25T11:05:05+00:00\",\"dateModified\":\"2023-03-06T16:42:44+00:00\",\"description\":\"Erleben Sie das Beste vom Camping in Kroatien mit Kajaktouren auf den wundersch\u00f6nen Wassern der Adria entlang der K\u00fcste Istriens!\",\"breadcrumb\":{\"@id\":\"https:\/\/www.bivillage.com\/de\/kajakfahren\/#breadcrumb\"},\"inLanguage\":\"de\",\"potentialAction\":[{\"@type\":\"ReadAction\",\"target\":[\"https:\/\/www.bivillage.com\/de\/kajakfahren\/\"]}]},{\"@type\":\"ImageObject\",\"inLanguage\":\"de\",\"@id\":\"https:\/\/www.bivillage.com\/de\/kajakfahren\/#primaryimage\",\"url\":\"https:\/\/www.bivillage.com\/wp-content\/uploads\/2022\/09\/kayak-bivillage-croazia-banner.jpg\",\"contentUrl\":\"https:\/\/www.bivillage.com\/wp-content\/uploads\/2022\/09\/kayak-bivillage-croazia-banner.jpg\",\"width\":1920,\"height\":1000,\"caption\":\"coppia di ragazzi su kayak in riva al mare adriatico in istria\"},{\"@type\":\"BreadcrumbList\",\"@id\":\"https:\/\/www.bivillage.com\/de\/kajakfahren\/#breadcrumb\",\"itemListElement\":[{\"@type\":\"ListItem\",\"position\":1,\"name\":\"Home\",\"item\":\"https:\/\/www.bivillage.com\/de\/\"},{\"@type\":\"ListItem\",\"position\":2,\"name\":\"Kajakfahren\"}]},{\"@type\":\"WebSite\",\"@id\":\"https:\/\/www.bivillage.com\/de\/#website\",\"url\":\"https:\/\/www.bivillage.com\/de\/\",\"name\":\"BiVillage\",\"description\":\"Fasana, ISTRIA\",\"publisher\":{\"@id\":\"https:\/\/www.bivillage.com\/de\/#organization\"},\"potentialAction\":[{\"@type\":\"SearchAction\",\"target\":{\"@type\":\"EntryPoint\",\"urlTemplate\":\"https:\/\/www.bivillage.com\/de\/?s={search_term_string}\"},\"query-input\":{\"@type\":\"PropertyValueSpecification\",\"valueRequired\":true,\"valueName\":\"search_term_string\"}}],\"inLanguage\":\"de\"},{\"@type\":\"Organization\",\"@id\":\"https:\/\/www.bivillage.com\/de\/#organization\",\"name\":\"BiVillage\",\"alternateName\":\"bivillage\",\"url\":\"https:\/\/www.bivillage.com\/de\/\",\"logo\":{\"@type\":\"ImageObject\",\"inLanguage\":\"de\",\"@id\":\"https:\/\/www.bivillage.com\/de\/#\/schema\/logo\/image\/\",\"url\":\"https:\/\/www.bivillage.com\/wp-content\/uploads\/2022\/04\/logo-bivillage.png\",\"contentUrl\":\"https:\/\/www.bivillage.com\/wp-content\/uploads\/2022\/04\/logo-bivillage.png\",\"width\":973,\"height\":340,\"caption\":\"BiVillage\"},\"image\":{\"@id\":\"https:\/\/www.bivillage.com\/de\/#\/schema\/logo\/image\/\"},\"sameAs\":[\"https:\/\/www.facebook.com\/BiVillageHolidayCenter\/\",\"https:\/\/www.instagram.com\/bivillage_holidayresort\/\",\"https:\/\/www.youtube.com\/channel\/UCu0whYLFWz1DQK-xiTLIuVw\",\"https:\/\/www.tiktok.com\/@bivillage\"]}]}<\/script>\n<!-- \/ Yoast SEO plugin. -->","yoast_head_json":{"title":"Feriendorf mit Kajakverleih und Kursen | Ferienzentrum BiVillage","description":"Erleben Sie das Beste vom Camping in Kroatien mit Kajaktouren auf den wundersch\u00f6nen Wassern der Adria entlang der K\u00fcste Istriens!","robots":{"index":"index","follow":"follow","max-snippet":"max-snippet:-1","max-image-preview":"max-image-preview:large","max-video-preview":"max-video-preview:-1"},"canonical":"https:\/\/www.bivillage.com\/de\/kajakfahren\/","og_locale":"de_DE","og_type":"article","og_title":"Feriendorf mit Kajakverleih und Kursen | Ferienzentrum BiVillage","og_description":"Erleben Sie das Beste vom Camping in Kroatien mit Kajaktouren auf den wundersch\u00f6nen Wassern der Adria entlang der K\u00fcste Istriens!","og_url":"https:\/\/www.bivillage.com\/de\/kajakfahren\/","og_site_name":"BiVillage","article_publisher":"https:\/\/www.facebook.com\/BiVillageHolidayCenter\/","article_modified_time":"2023-03-06T16:42:44+00:00","og_image":[{"width":1920,"height":1000,"url":"https:\/\/www.bivillage.com\/wp-content\/uploads\/2022\/09\/kayak-bivillage-croazia-banner.jpg","type":"image\/jpeg"}],"twitter_card":"summary_large_image","twitter_misc":{"Gesch\u00e4tzte Lesezeit":"1\u00a0Minute"},"schema":{"@context":"https:\/\/schema.org","@graph":[{"@type":"WebPage","@id":"https:\/\/www.bivillage.com\/de\/kajakfahren\/","url":"https:\/\/www.bivillage.com\/de\/kajakfahren\/","name":"Feriendorf mit Kajakverleih und Kursen | Ferienzentrum BiVillage","isPartOf":{"@id":"https:\/\/www.bivillage.com\/de\/#website"},"primaryImageOfPage":{"@id":"https:\/\/www.bivillage.com\/de\/kajakfahren\/#primaryimage"},"image":{"@id":"https:\/\/www.bivillage.com\/de\/kajakfahren\/#primaryimage"},"thumbnailUrl":"https:\/\/www.bivillage.com\/wp-content\/uploads\/2022\/09\/kayak-bivillage-croazia-banner.jpg","datePublished":"2023-01-25T11:05:05+00:00","dateModified":"2023-03-06T16:42:44+00:00","description":"Erleben Sie das Beste vom Camping in Kroatien mit Kajaktouren auf den wundersch\u00f6nen Wassern der Adria entlang der K\u00fcste Istriens!","breadcrumb":{"@id":"https:\/\/www.bivillage.com\/de\/kajakfahren\/#breadcrumb"},"inLanguage":"de","potentialAction":[{"@type":"ReadAction","target":["https:\/\/www.bivillage.com\/de\/kajakfahren\/"]}]},{"@type":"ImageObject","inLanguage":"de","@id":"https:\/\/www.bivillage.com\/de\/kajakfahren\/#primaryimage","url":"https:\/\/www.bivillage.com\/wp-content\/uploads\/2022\/09\/kayak-bivillage-croazia-banner.jpg","contentUrl":"https:\/\/www.bivillage.com\/wp-content\/uploads\/2022\/09\/kayak-bivillage-croazia-banner.jpg","width":1920,"height":1000,"caption":"coppia di ragazzi su kayak in riva al mare adriatico in istria"},{"@type":"BreadcrumbList","@id":"https:\/\/www.bivillage.com\/de\/kajakfahren\/#breadcrumb","itemListElement":[{"@type":"ListItem","position":1,"name":"Home","item":"https:\/\/www.bivillage.com\/de\/"},{"@type":"ListItem","position":2,"name":"Kajakfahren"}]},{"@type":"WebSite","@id":"https:\/\/www.bivillage.com\/de\/#website","url":"https:\/\/www.bivillage.com\/de\/","name":"BiVillage","description":"Fasana, ISTRIA","publisher":{"@id":"https:\/\/www.bivillage.com\/de\/#organization"},"potentialAction":[{"@type":"SearchAction","target":{"@type":"EntryPoint","urlTemplate":"https:\/\/www.bivillage.com\/de\/?s={search_term_string}"},"query-input":{"@type":"PropertyValueSpecification","valueRequired":true,"valueName":"search_term_string"}}],"inLanguage":"de"},{"@type":"Organization","@id":"https:\/\/www.bivillage.com\/de\/#organization","name":"BiVillage","alternateName":"bivillage","url":"https:\/\/www.bivillage.com\/de\/","logo":{"@type":"ImageObject","inLanguage":"de","@id":"https:\/\/www.bivillage.com\/de\/#\/schema\/logo\/image\/","url":"https:\/\/www.bivillage.com\/wp-content\/uploads\/2022\/04\/logo-bivillage.png","contentUrl":"https:\/\/www.bivillage.com\/wp-content\/uploads\/2022\/04\/logo-bivillage.png","width":973,"height":340,"caption":"BiVillage"},"image":{"@id":"https:\/\/www.bivillage.com\/de\/#\/schema\/logo\/image\/"},"sameAs":["https:\/\/www.facebook.com\/BiVillageHolidayCenter\/","https:\/\/www.instagram.com\/bivillage_holidayresort\/","https:\/\/www.youtube.com\/channel\/UCu0whYLFWz1DQK-xiTLIuVw","https:\/\/www.tiktok.com\/@bivillage"]}]}},"coauthors":[],"author_meta":{"author_link":"https:\/\/www.bivillage.com\/de\/news\/author\/admin\/","display_name":"admin"},"relative_dates":{"created":"Posted 3\u00a0Jahren ago","modified":"Updated 3\u00a0Jahren ago"},"absolute_dates":{"created":"Posted on Januar 25, 2023","modified":"Updated on M\u00e4rz 6, 2023"},"absolute_dates_time":{"created":"Posted on Januar 25, 2023 12:05 p.m.","modified":"Updated on M\u00e4rz 6, 2023 5:42 p.m."},"featured_img_caption":"","featured_img":"https:\/\/www.bivillage.com\/wp-content\/uploads\/2022\/09\/kayak-bivillage-croazia-banner-1568x817.jpg","series_order":"","_links":{"self":[{"href":"https:\/\/www.bivillage.com\/de\/wp-json\/wp\/v2\/pages\/11560","targetHints":{"allow":["GET"]}}],"collection":[{"href":"https:\/\/www.bivillage.com\/de\/wp-json\/wp\/v2\/pages"}],"about":[{"href":"https:\/\/www.bivillage.com\/de\/wp-json\/wp\/v2\/types\/page"}],"author":[{"embeddable":true,"href":"https:\/\/www.bivillage.com\/de\/wp-json\/wp\/v2\/users\/1"}],"replies":[{"embeddable":true,"href":"https:\/\/www.bivillage.com\/de\/wp-json\/wp\/v2\/comments?post=11560"}],"version-history":[{"count":0,"href":"https:\/\/www.bivillage.com\/de\/wp-json\/wp\/v2\/pages\/11560\/revisions"}],"wp:featuredmedia":[{"embeddable":true,"href":"https:\/\/www.bivillage.com\/de\/wp-json\/wp\/v2\/media\/7561"}],"wp:attachment":[{"href":"https:\/\/www.bivillage.com\/de\/wp-json\/wp\/v2\/media?parent=11560"}],"curies":[{"name":"wp","href":"https:\/\/api.w.org\/{rel}","templated":true}]}}