{"id":11445,"date":"2023-01-24T14:49:05","date_gmt":"2023-01-24T13:49:05","guid":{"rendered":"https:\/\/www.bivillage.com\/zahlreiche-dienstleistungen\/"},"modified":"2023-10-27T09:08:10","modified_gmt":"2023-10-27T07:08:10","slug":"zahlreiche-dienstleistungen","status":"publish","type":"page","link":"https:\/\/www.bivillage.com\/de\/zahlreiche-dienstleistungen\/","title":{"rendered":"Zahlreiche Dienstleistungen"},"content":{"rendered":"<div  class=\"grids-section row-elenchi grids-is-advanced alignfull\" style=\"--_gs-gap-desktop:0px 0px;--_gs-m-desktop:0 0 0 0;--_gs-p-desktop:0 0 0 0;--_gs-bg-desktop:transparent none;--_gs-bg-xp-desktop:0px;--_gs-zi-desktop:auto;--_gs-d-desktop:block;--_gs-mw-desktop:calc(100% - 0 - 0);--_gs-gap-tablet:0px 0px;--_gs-m-tablet:0 0 0 0;--_gs-p-tablet:0 0 0 0;--_gs-bg-tablet:transparent none;--_gs-bg-xp-tablet:0px;--_gs-zi-tablet:auto;--_gs-d-tablet:block;--_gs-mw-tablet:calc(100% - 0 - 0);--_gs-gap-mobile:0px 0px;--_gs-m-mobile:0 0 0 0;--_gs-p-mobile:0 0 0 0;--_gs-bg-mobile:transparent none;--_gs-bg-xp-mobile:0px;--_gs-zi-mobile:auto;--_gs-d-mobile:block;--_gs-mw-mobile:calc(100% - 0 - 0);--_gs-columns:12;--_gs-rows:6\"><div class=\"grids-s-w_i\">\n<div class=\"grids-area\" style=\"--_ga-column:2\/12;--_ga-row:1\/3;--_ga-m-desktop:0 0 0 0;--_ga-p-desktop:0 0 0 0;--_ga-bg-desktop:transparent none;--_ga-zi-desktop:auto;--_ga-d-desktop:flex;--_ga-mw-desktop:calc(100% - 0 - 0);--_ga-m-tablet:0 0 0 0;--_ga-p-tablet:0 0 0 0;--_ga-bg-tablet:transparent none;--_ga-zi-tablet:auto;--_ga-d-tablet:flex;--_ga-mw-tablet:calc(100% - 0 - 0);--_ga-m-mobile:0 0 0 0;--_ga-p-mobile:0 0 0 0;--_ga-bg-mobile:transparent none;--_ga-zi-mobile:auto;--_ga-d-mobile:flex;--_ga-mw-mobile:calc(100% - 0 - 0)\">\n\n<h2 class=\"wp-block-heading has-text-align-center advgb-dyn-b17953da\">Komfort und Dienstleistungen f\u00fcr den besten Urlaub<\/h2>\n\n\n\n<p>Bei einem Aufenthalt im BiVillage k\u00f6nnen Sie viele Annehmlichkeiten und Dienstleistungen genie\u00dfen.<\/p>\n\n\n\n<p>Ein Camping-Resort mit zahlreichen Annehmlichkeiten wie <strong>Wi-Fi-Verbindung in der gesamten Anlage<\/strong>, <strong>Ladestation f\u00fcr Elektroautos<\/strong>, <strong>eine medizinische Klinik<\/strong>.<\/p>\n\n<\/div>\n<\/div><\/div>\n\n\n<div class=\"wp-block-group advgb-dyn-ac567526\"><div class=\"wp-block-group__inner-container is-layout-flow wp-block-group-is-layout-flow\">\n<h2 class=\"wp-block-heading has-text-align-center advgb-dyn-7c08dc3a\">Im BiVillage finden Sie<\/h2>\n\n\n\n<div class=\"wp-block-group advgb-dyn-f2a6aa86\"><div class=\"wp-block-group__inner-container is-layout-flow wp-block-group-is-layout-flow\">\n<div style=\"height:50px\" aria-hidden=\"true\" class=\"wp-block-spacer\"><\/div>\n<\/div><\/div>\n<\/div><\/div>\n\n\n\n<div class=\"wp-block-group advgb-dyn-f2a6aa86\"><div class=\"wp-block-group__inner-container is-layout-flow wp-block-group-is-layout-flow\">\t<div id=\"sliderImgText_2\" class=\"slider-services-container-wrapper\">\n\t\t<div class=\"swiper-wrapper\">\n\t\t\t\t\t\t\t\t\t\t\t<div class=\"slider-services_single swiper-slide\">\n\t\t\t\t\t<figure class=\"full-width\">\n\t\t\t\t\t\t<img decoding=\"async\" src=\"https:\/\/www.bivillage.com\/wp-content\/uploads\/2022\/08\/wifi.png\" \/>\n\t\t\t\t\t<\/figure>\n\t\t\t\t\t\n\t\t\t\t\t\t\t\t\t\t\t<div class=\"slider-services_single_title\">\n\t\t\t\t\t\t\tWi-Fi-Verbindung\t\t\t\t\t\t<\/div>\n\t\t\t\t\t\t\t\t\t<\/div>\n\t\t\t\t\n\t\t\t\t\t\t\t\t\t\t\t<div class=\"slider-services_single swiper-slide\">\n\t\t\t\t\t<figure class=\"full-width\">\n\t\t\t\t\t\t<img decoding=\"async\" src=\"https:\/\/www.bivillage.com\/wp-content\/uploads\/2022\/09\/shopping-bag.png\" \/>\n\t\t\t\t\t<\/figure>\n\t\t\t\t\t\n\t\t\t\t\t\t\t\t\t\t\t<div class=\"slider-services_single_title\">\n\t\t\t\t\t\t\tEinkaufsviertel\t\t\t\t\t\t<\/div>\n\t\t\t\t\t\t\t\t\t<\/div>\n\t\t\t\t\n\t\t\t\t\t\t\t\t\t\t\t<div class=\"slider-services_single swiper-slide\">\n\t\t\t\t\t<figure class=\"full-width\">\n\t\t\t\t\t\t<img decoding=\"async\" src=\"https:\/\/www.bivillage.com\/wp-content\/uploads\/2022\/08\/massage.png\" \/>\n\t\t\t\t\t<\/figure>\n\t\t\t\t\t\n\t\t\t\t\t\t\t\t\t\t\t<div class=\"slider-services_single_title\">\n\t\t\t\t\t\t\tMassagezentrum\t\t\t\t\t\t<\/div>\n\t\t\t\t\t\t\t\t\t<\/div>\n\t\t\t\t\n\t\t\t\t\t\t\t\t\t\t\t<div class=\"slider-services_single swiper-slide\">\n\t\t\t\t\t<figure class=\"full-width\">\n\t\t\t\t\t\t<img decoding=\"async\" src=\"https:\/\/www.bivillage.com\/wp-content\/uploads\/2022\/09\/salon.png\" \/>\n\t\t\t\t\t<\/figure>\n\t\t\t\t\t\n\t\t\t\t\t\t\t\t\t\t\t<div class=\"slider-services_single_title\">\n\t\t\t\t\t\t\tFriseur\t\t\t\t\t\t<\/div>\n\t\t\t\t\t\t\t\t\t<\/div>\n\t\t\t\t\n\t\t\t\t\t\t\t\t\t\t\t<div class=\"slider-services_single swiper-slide\">\n\t\t\t\t\t<figure class=\"full-width\">\n\t\t\t\t\t\t<img decoding=\"async\" src=\"https:\/\/www.bivillage.com\/wp-content\/uploads\/2022\/08\/electric-car.png\" \/>\n\t\t\t\t\t<\/figure>\n\t\t\t\t\t\n\t\t\t\t\t\t\t\t\t\t\t<div class=\"slider-services_single_title\">\n\t\t\t\t\t\t\tLadestation f\u00fcr Elektroautos\t\t\t\t\t\t<\/div>\n\t\t\t\t\t\t\t\t\t<\/div>\n\t\t\t\t\n\t\t\t\t\t\t\t\t\t\t\t<div class=\"slider-services_single swiper-slide\">\n\t\t\t\t\t<figure class=\"full-width\">\n\t\t\t\t\t\t<img decoding=\"async\" src=\"https:\/\/www.bivillage.com\/wp-content\/uploads\/2022\/08\/stethoscope.png\" \/>\n\t\t\t\t\t<\/figure>\n\t\t\t\t\t\n\t\t\t\t\t\t\t\t\t\t\t<div class=\"slider-services_single_title\">\n\t\t\t\t\t\t\tMedizinische Klinik\t\t\t\t\t\t<\/div>\n\t\t\t\t\t\t\t\t\t<\/div>\n\t\t\t\t\n\t\t\t\t\t<\/div>\n\n\t\t<div class=\"slider-list-navigation\">\n\t\t\t<div class=\"swiper-button-next\"><\/div>\n\t\t\t<div class=\"swiper-button-prev\"><\/div>\n\t\t<\/div>\n\t<\/div>\n\n\t\t\t<script type=\"text\/javascript\">\n\t\t\tjQuery(document).ready(function () {\n\t\t\t\t\/\/ initialize swiper when document ready\n\t\t\t\tvar sliderImgText_2 = new Swiper ('#sliderImgText_2', {\n\t\t\t\t\tslidesPerView: 'auto',\n\t\t\t\t\tspaceBetween: 50,\n\t\t\t\t\tobserver: true,\n\t\t\t\t\tobserveParents: true,\n\t\t\t\t\tloop: true,\n\t\t\t\t\tnavigation: {\n\t\t\t\t\t\tnextEl: '#sliderImgText_2 .slider-list-navigation .swiper-button-next',\n\t\t\t\t\t\tprevEl: '#sliderImgText_2 .slider-list-navigation .swiper-button-prev',\n\t\t\t\t\t}\n\t\t\t\t});\n\t\t\t});\n\t\t<\/script>\n\t\n\n<\/div><\/div>\n\n\n<div  class=\"grids-section row-information grids-is-advanced alignfull\" style=\"--_gs-gap-desktop:0px 0px;--_gs-m-desktop:0 0 0 0;--_gs-p-desktop:50px 0 50px 0;--_gs-bg-desktop:#006293 none;--_gs-bg-xp-desktop:0px;--_gs-zi-desktop:auto;--_gs-d-desktop:block;--_gs-mw-desktop:calc(100% - 0 - 0);--_gs-gap-tablet:0px 0px;--_gs-m-tablet:0 0 0 0;--_gs-p-tablet:50px 0 50px 0;--_gs-bg-tablet:#006293 none;--_gs-bg-xp-tablet:0px;--_gs-zi-tablet:auto;--_gs-d-tablet:block;--_gs-mw-tablet:calc(100% - 0 - 0);--_gs-gap-mobile:0px 0px;--_gs-m-mobile:0 0 0 0;--_gs-p-mobile:0px 0 0px 0;--_gs-bg-mobile:#006293 none;--_gs-bg-xp-mobile:0px;--_gs-zi-mobile:auto;--_gs-d-mobile:block;--_gs-mw-mobile:calc(100% - 0 - 0);--_gs-columns:12;--_gs-rows:6\"><div class=\"grids-s-w_i\">\n<div class=\"grids-area\" style=\"--_ga-column:1\/4;--_ga-row:1\/7;--_ga-va:center;--_ga-m-desktop:0 0 0 0;--_ga-p-desktop:0 0 0 0;--_ga-bg-desktop:transparent none;--_ga-zi-desktop:auto;--_ga-d-desktop:flex;--_ga-mw-desktop:calc(100% - 0 - 0);--_ga-m-tablet:0 0 0 0;--_ga-p-tablet:0 0 0 0;--_ga-bg-tablet:transparent none;--_ga-zi-tablet:auto;--_ga-d-tablet:flex;--_ga-mw-tablet:calc(100% - 0 - 0);--_ga-m-mobile:0 0 0 0;--_ga-p-mobile:0 0 0 0;--_ga-bg-mobile:transparent none;--_ga-zi-mobile:auto;--_ga-d-mobile:flex;--_ga-mw-mobile:calc(100% - 0 - 0)\">\n\n<div style=\"text-align: center;\"><lord-icon src=\"https:\/\/cdn.lordicon.com\/yzctygpq.json\" trigger=\"hover\" colors=\"primary:#ffffff,secondary:#ffffff\" style=\"width:250px;height:250px\">\n<\/lord-icon><\/div>\n\n<\/div>\n\n<div class=\"grids-area\" style=\"--_ga-column:4\/10;--_ga-row:1\/7;--_ga-va:center;--_ga-m-desktop:0 0 0 0;--_ga-p-desktop:0 0 0 0;--_ga-bg-desktop:transparent none;--_ga-zi-desktop:auto;--_ga-d-desktop:flex;--_ga-mw-desktop:calc(100% - 0 - 0);--_ga-m-tablet:0 0 0 0;--_ga-p-tablet:0 0 0 0;--_ga-bg-tablet:transparent none;--_ga-zi-tablet:auto;--_ga-d-tablet:flex;--_ga-mw-tablet:calc(100% - 0 - 0);--_ga-m-mobile:0 0 0 0;--_ga-p-mobile:0 0 0 0;--_ga-bg-mobile:transparent none;--_ga-zi-mobile:auto;--_ga-d-mobile:flex;--_ga-mw-mobile:calc(100% - 0 - 0)\">\n\n<h2 class=\"wp-block-heading has-text-align-center has-white-color has-text-color advgb-dyn-9ac139ea\">Wi-Fi-Verbindung<\/h2>\n\n\n\n<p class=\"has-text-align-center\">Wi-Fi ist in der gesamten Anlage von BiVillage verf\u00fcgbar: Sie k\u00f6nnen <strong>kostenlos<\/strong> von Ihrem mobilen Ger\u00e4t aus surfen, indem Sie die <strong>Zugangscodes<\/strong> eingeben, die Sie einige Minuten nach dem Einchecken per E-Mail erhalten.<\/p>\n\n<\/div>\n\n<div class=\"grids-area\" style=\"--_ga-column:10\/13;--_ga-row:1\/7;--_ga-va:center;--_ga-m-desktop:0 0 0 0;--_ga-p-desktop:0 0 0 0;--_ga-bg-desktop:transparent none;--_ga-zi-desktop:auto;--_ga-d-desktop:flex;--_ga-mw-desktop:calc(100% - 0 - 0);--_ga-m-tablet:0 0 0 0;--_ga-p-tablet:0 0 0 0;--_ga-bg-tablet:transparent none;--_ga-zi-tablet:auto;--_ga-d-tablet:flex;--_ga-mw-tablet:calc(100% - 0 - 0);--_ga-m-mobile:0 0 0 0;--_ga-p-mobile:0 0 0 0;--_ga-bg-mobile:transparent none;--_ga-zi-mobile:auto;--_ga-d-mobile:flex;--_ga-mw-mobile:calc(100% - 0 - 0)\">\n\n<div style=\"text-align: center;\"><lord-icon src=\"https:\/\/cdn.lordicon.com\/yzctygpq.json\" trigger=\"hover\" colors=\"primary:#ffffff,secondary:#ffffff\" style=\"width:250px;height:250px\">\n<\/lord-icon><\/div>\n\n<\/div>\n<\/div><\/div>\n\n\t<div id=\"boxTextSlider_3\" class=\"box-text-slider-container-wrapper no-background \" style=\"--box-text-bck-color: #f3f3f3;--box-text-color: #000000;\">\n\n\t\t<div class=\"box-text-slider_content\">\n\t\t\t<h2>Ladestation f\u00fcr Elektroautos<\/h2>\n<p>Bei Ihrer Ankunft finden Sie die brandneue Ladestation f\u00fcr Elektroautos. F\u00fcr alle Informationen k\u00f6nnen Sie direkt am Empfangsb\u00fcro nachfragen oder schreiben Sie uns eine E-Mail an <a href=\"mailto:info@bivillage.com\">info@bivillage.com<\/a>.<\/p>\n\t\t<\/div>\n\n\t\t\t\t\t<div class=\"box-text-slider_slider\">\n\t\t\t\t<div class=\"swiper-wrapper\">\n\t\t\t\t\t\t\t\t\t\t\t\t\t\t\t\t\t<div class=\"box-text-slider_slider_slide swiper-slide\">\n\n\t\t\t\t\t\t\t\t\t\t\t\t\t\t\t<figure class=\"full-width\" style=\"background-color: #abadb1;\">\n\t\t\t\t\t\t\t\t\t<img decoding=\"async\" src=\"https:\/\/www.bivillage.com\/wp-content\/uploads\/2022\/08\/colonnina-ricarica-auto-bivillage-croazia.jpg\" alt=\"auto in ricarica elettrica alla colonnina al bivillage\" title=\"colonnina ricarica auto bivillage croazia\" \/>\n\t\t\t\t\t\t\t\t<\/figure>\n\t\t\t\t\t\t\t\n\t\t\t\t\t\t\t\n\t\t\t\t\t\t\t\t\t\t\t\t\t\t\t\t\t<div class=\"box-text-slider_slider_slide_title\">\n\t\t\t\t\t\t\t\t\t\tLadestation\t\t\t\t\t\t\t\t\t\t\t\t\t\t\t\t\n\t\t\t\t\t\t\t\t<\/div>\n\t\t\t\t\t\t\t\t\t\t\t\t\t<\/div>\n\t\t\t\t\t\t\n\t\t\t\t\t\t\t\t\t<\/div>\n\t\t\t\t\n\t\t\t\t\t\t\t<\/div>\n\t\t\t<\/div>\n\n\t\n\n\n\n\t<div id=\"boxTextSlider_4\" class=\"box-text-slider-container-wrapper no-background \" style=\"--box-text-color: #000000;\">\n\n\t\t<div class=\"box-text-slider_content\">\n\t\t\t<h2>Massagezentrum<\/h2>\n<p>Wollen Sie sich eine entspannende Massage g\u00f6nnen? Auf dem Campingplatz BiVillage finden Sie ein Massagezentrum, das sich auch im Urlaub um Ihren K\u00f6rper und Ihre Sch\u00f6nheit k\u00fcmmert!<\/p>\n\t\t<\/div>\n\n\t\t\t\t\t<div class=\"box-text-slider_slider\">\n\t\t\t\t<div class=\"swiper-wrapper\">\n\t\t\t\t\t\t\t\t\t\t\t\t\t\t\t\t\t<div class=\"box-text-slider_slider_slide swiper-slide\">\n\n\t\t\t\t\t\t\t\t\t\t\t\t\t\t\t<figure class=\"full-width\" style=\"background-color: #bbada9;\">\n\t\t\t\t\t\t\t\t\t<img decoding=\"async\" src=\"https:\/\/www.bivillage.com\/wp-content\/uploads\/2022\/08\/centro-massaggi-bivillage-croazia.jpg\" alt=\"massaggio al viso \" title=\"Facial treatment\" \/>\n\t\t\t\t\t\t\t\t<\/figure>\n\t\t\t\t\t\t\t\n\t\t\t\t\t\t\t\n\t\t\t\t\t\t\t\t\t\t\t\t\t\t\t\t\t<div class=\"box-text-slider_slider_slide_title\">\n\t\t\t\t\t\t\t\t\t\tMassagezentrum\t\t\t\t\t\t\t\t\t\t\t\t\t\t\t\t\n\t\t\t\t\t\t\t\t<\/div>\n\t\t\t\t\t\t\t\t\t\t\t\t\t<\/div>\n\t\t\t\t\t\t\n\t\t\t\t\t\t\t\t\t<\/div>\n\t\t\t\t\n\t\t\t\t\t\t\t<\/div>\n\t\t\t<\/div>\n\n\t\n\n\n\n\n<div class=\"wp-block-group advgb-dyn-ac567526\"><div class=\"wp-block-group__inner-container is-layout-flow wp-block-group-is-layout-flow\">\t<div id=\"boxTextSlider_5\" class=\"box-text-slider-container-wrapper no-background \" style=\"--box-text-bck-color: #f3f3f3;--box-text-color: #000000;\">\n\n\t\t<div class=\"box-text-slider_content\">\n\t\t\t<h2>Medizinische Klinik<\/h2>\n<p>BiVillage verf\u00fcgt \u00fcber eine <strong>medizinische Klinik<\/strong>, in der ein Arzt f\u00fcr alle gesundheitlichen Probleme zur Verf\u00fcgung steht. Wunden, Verbrennungen, Druckstellen und andere Erste Hilfe-Leistungen werden je nach Bedarf behandelt.<br \/>\n<strong>Medizinische Leistungen sind kostenpflichtig.<\/strong><\/p>\n\t\t<\/div>\n\n\t\t\t\t\t<div class=\"box-text-slider_slider\">\n\t\t\t\t<div class=\"swiper-wrapper\">\n\t\t\t\t\t\t\t\t\t\t\t\t\t\t\t\t\t<div class=\"box-text-slider_slider_slide swiper-slide\">\n\n\t\t\t\t\t\t\t\t\t\t\t\t\t\t\t<figure class=\"full-width\" style=\"background-color: #cfaeaf;\">\n\t\t\t\t\t\t\t\t\t<img decoding=\"async\" src=\"https:\/\/www.bivillage.com\/wp-content\/uploads\/2022\/08\/ambulatorio-medico-bivillage-croazia.jpg\" alt=\"stetoscopio e kit medico \" title=\"ambulatorio medico bivillage croazia\" \/>\n\t\t\t\t\t\t\t\t<\/figure>\n\t\t\t\t\t\t\t\n\t\t\t\t\t\t\t\n\t\t\t\t\t\t\t\t\t\t\t\t\t\t\t\t\t<div class=\"box-text-slider_slider_slide_title\">\n\t\t\t\t\t\t\t\t\t\tMedizinische Klinik\t\t\t\t\t\t\t\t\t\t\t\t\t\t\t\t\n\t\t\t\t\t\t\t\t<\/div>\n\t\t\t\t\t\t\t\t\t\t\t\t\t<\/div>\n\t\t\t\t\t\t\n\t\t\t\t\t\t\t\t\t<\/div>\n\t\t\t\t\n\t\t\t\t\t\t\t<\/div>\n\t\t\t<\/div>\n\n\t\n\n\n\n\n<\/div><\/div>\n","protected":false},"excerpt":{"rendered":"<p>Im BiVillage finden Sie<\/p>\n","protected":false},"author":1,"featured_media":5836,"parent":0,"menu_order":0,"comment_status":"closed","ping_status":"closed","template":"","meta":{"_acf_changed":false,"advgb_blocks_editor_width":"","advgb_blocks_columns_visual_guide":"","footnotes":""},"class_list":["post-11445","page","type-page","status-publish","has-post-thumbnail","hentry","entry"],"acf":[],"yoast_head":"<!-- This site is optimized with the Yoast SEO plugin v26.0 - https:\/\/yoast.com\/wordpress\/plugins\/seo\/ -->\n<title>Dienstleistungen im Feriendorf | Camping-Resort BiVillage in Istrien, Kroatien<\/title>\n<meta name=\"description\" content=\"Auf dem Campingplatz in Fa\u017eana wird nichts dem Zufall \u00fcberlassen: im BiVillage gibt es Wi-Fi, einen Arzt, einen Friseur und viele andere Dienstleistungen!\" \/>\n<meta name=\"robots\" content=\"index, follow, max-snippet:-1, max-image-preview:large, max-video-preview:-1\" \/>\n<link rel=\"canonical\" href=\"https:\/\/www.bivillage.com\/de\/zahlreiche-dienstleistungen\/\" \/>\n<meta property=\"og:locale\" content=\"de_DE\" \/>\n<meta property=\"og:type\" content=\"article\" \/>\n<meta property=\"og:title\" content=\"Dienstleistungen im Feriendorf | Camping-Resort BiVillage in Istrien, Kroatien\" \/>\n<meta property=\"og:description\" content=\"Auf dem Campingplatz in Fa\u017eana wird nichts dem Zufall \u00fcberlassen: im BiVillage gibt es Wi-Fi, einen Arzt, einen Friseur und viele andere Dienstleistungen!\" \/>\n<meta property=\"og:url\" content=\"https:\/\/www.bivillage.com\/de\/zahlreiche-dienstleistungen\/\" \/>\n<meta property=\"og:site_name\" content=\"BiVillage\" \/>\n<meta property=\"article:publisher\" content=\"https:\/\/www.facebook.com\/BiVillageHolidayCenter\/\" \/>\n<meta property=\"article:modified_time\" content=\"2023-10-27T07:08:10+00:00\" \/>\n<meta property=\"og:image\" content=\"https:\/\/www.bivillage.com\/wp-content\/uploads\/2022\/08\/servizi-bivillage-croazia-banner.jpg\" \/>\n\t<meta property=\"og:image:width\" content=\"1920\" \/>\n\t<meta property=\"og:image:height\" content=\"1000\" \/>\n\t<meta property=\"og:image:type\" content=\"image\/jpeg\" \/>\n<meta name=\"twitter:card\" content=\"summary_large_image\" \/>\n<meta name=\"twitter:label1\" content=\"Gesch\u00e4tzte Lesezeit\" \/>\n\t<meta name=\"twitter:data1\" content=\"1\u00a0Minute\" \/>\n<script type=\"application\/ld+json\" class=\"yoast-schema-graph\">{\"@context\":\"https:\/\/schema.org\",\"@graph\":[{\"@type\":\"WebPage\",\"@id\":\"https:\/\/www.bivillage.com\/de\/zahlreiche-dienstleistungen\/\",\"url\":\"https:\/\/www.bivillage.com\/de\/zahlreiche-dienstleistungen\/\",\"name\":\"Dienstleistungen im Feriendorf | Camping-Resort BiVillage in Istrien, Kroatien\",\"isPartOf\":{\"@id\":\"https:\/\/www.bivillage.com\/de\/#website\"},\"primaryImageOfPage\":{\"@id\":\"https:\/\/www.bivillage.com\/de\/zahlreiche-dienstleistungen\/#primaryimage\"},\"image\":{\"@id\":\"https:\/\/www.bivillage.com\/de\/zahlreiche-dienstleistungen\/#primaryimage\"},\"thumbnailUrl\":\"https:\/\/www.bivillage.com\/wp-content\/uploads\/2022\/08\/servizi-bivillage-croazia-banner.jpg\",\"datePublished\":\"2023-01-24T13:49:05+00:00\",\"dateModified\":\"2023-10-27T07:08:10+00:00\",\"description\":\"Auf dem Campingplatz in Fa\u017eana wird nichts dem Zufall \u00fcberlassen: im BiVillage gibt es Wi-Fi, einen Arzt, einen Friseur und viele andere Dienstleistungen!\",\"breadcrumb\":{\"@id\":\"https:\/\/www.bivillage.com\/de\/zahlreiche-dienstleistungen\/#breadcrumb\"},\"inLanguage\":\"de\",\"potentialAction\":[{\"@type\":\"ReadAction\",\"target\":[\"https:\/\/www.bivillage.com\/de\/zahlreiche-dienstleistungen\/\"]}]},{\"@type\":\"ImageObject\",\"inLanguage\":\"de\",\"@id\":\"https:\/\/www.bivillage.com\/de\/zahlreiche-dienstleistungen\/#primaryimage\",\"url\":\"https:\/\/www.bivillage.com\/wp-content\/uploads\/2022\/08\/servizi-bivillage-croazia-banner.jpg\",\"contentUrl\":\"https:\/\/www.bivillage.com\/wp-content\/uploads\/2022\/08\/servizi-bivillage-croazia-banner.jpg\",\"width\":1920,\"height\":1000,\"caption\":\"ragazza che richiede informazioni al bivillage\"},{\"@type\":\"BreadcrumbList\",\"@id\":\"https:\/\/www.bivillage.com\/de\/zahlreiche-dienstleistungen\/#breadcrumb\",\"itemListElement\":[{\"@type\":\"ListItem\",\"position\":1,\"name\":\"Home\",\"item\":\"https:\/\/www.bivillage.com\/de\/\"},{\"@type\":\"ListItem\",\"position\":2,\"name\":\"Zahlreiche Dienstleistungen\"}]},{\"@type\":\"WebSite\",\"@id\":\"https:\/\/www.bivillage.com\/de\/#website\",\"url\":\"https:\/\/www.bivillage.com\/de\/\",\"name\":\"BiVillage\",\"description\":\"Fasana, ISTRIA\",\"publisher\":{\"@id\":\"https:\/\/www.bivillage.com\/de\/#organization\"},\"potentialAction\":[{\"@type\":\"SearchAction\",\"target\":{\"@type\":\"EntryPoint\",\"urlTemplate\":\"https:\/\/www.bivillage.com\/de\/?s={search_term_string}\"},\"query-input\":{\"@type\":\"PropertyValueSpecification\",\"valueRequired\":true,\"valueName\":\"search_term_string\"}}],\"inLanguage\":\"de\"},{\"@type\":\"Organization\",\"@id\":\"https:\/\/www.bivillage.com\/de\/#organization\",\"name\":\"BiVillage\",\"alternateName\":\"bivillage\",\"url\":\"https:\/\/www.bivillage.com\/de\/\",\"logo\":{\"@type\":\"ImageObject\",\"inLanguage\":\"de\",\"@id\":\"https:\/\/www.bivillage.com\/de\/#\/schema\/logo\/image\/\",\"url\":\"https:\/\/www.bivillage.com\/wp-content\/uploads\/2022\/04\/logo-bivillage.png\",\"contentUrl\":\"https:\/\/www.bivillage.com\/wp-content\/uploads\/2022\/04\/logo-bivillage.png\",\"width\":973,\"height\":340,\"caption\":\"BiVillage\"},\"image\":{\"@id\":\"https:\/\/www.bivillage.com\/de\/#\/schema\/logo\/image\/\"},\"sameAs\":[\"https:\/\/www.facebook.com\/BiVillageHolidayCenter\/\",\"https:\/\/www.instagram.com\/bivillage_holidayresort\/\",\"https:\/\/www.youtube.com\/channel\/UCu0whYLFWz1DQK-xiTLIuVw\",\"https:\/\/www.tiktok.com\/@bivillage\"]}]}<\/script>\n<!-- \/ Yoast SEO plugin. -->","yoast_head_json":{"title":"Dienstleistungen im Feriendorf | Camping-Resort BiVillage in Istrien, Kroatien","description":"Auf dem Campingplatz in Fa\u017eana wird nichts dem Zufall \u00fcberlassen: im BiVillage gibt es Wi-Fi, einen Arzt, einen Friseur und viele andere Dienstleistungen!","robots":{"index":"index","follow":"follow","max-snippet":"max-snippet:-1","max-image-preview":"max-image-preview:large","max-video-preview":"max-video-preview:-1"},"canonical":"https:\/\/www.bivillage.com\/de\/zahlreiche-dienstleistungen\/","og_locale":"de_DE","og_type":"article","og_title":"Dienstleistungen im Feriendorf | Camping-Resort BiVillage in Istrien, Kroatien","og_description":"Auf dem Campingplatz in Fa\u017eana wird nichts dem Zufall \u00fcberlassen: im BiVillage gibt es Wi-Fi, einen Arzt, einen Friseur und viele andere Dienstleistungen!","og_url":"https:\/\/www.bivillage.com\/de\/zahlreiche-dienstleistungen\/","og_site_name":"BiVillage","article_publisher":"https:\/\/www.facebook.com\/BiVillageHolidayCenter\/","article_modified_time":"2023-10-27T07:08:10+00:00","og_image":[{"width":1920,"height":1000,"url":"https:\/\/www.bivillage.com\/wp-content\/uploads\/2022\/08\/servizi-bivillage-croazia-banner.jpg","type":"image\/jpeg"}],"twitter_card":"summary_large_image","twitter_misc":{"Gesch\u00e4tzte Lesezeit":"1\u00a0Minute"},"schema":{"@context":"https:\/\/schema.org","@graph":[{"@type":"WebPage","@id":"https:\/\/www.bivillage.com\/de\/zahlreiche-dienstleistungen\/","url":"https:\/\/www.bivillage.com\/de\/zahlreiche-dienstleistungen\/","name":"Dienstleistungen im Feriendorf | Camping-Resort BiVillage in Istrien, Kroatien","isPartOf":{"@id":"https:\/\/www.bivillage.com\/de\/#website"},"primaryImageOfPage":{"@id":"https:\/\/www.bivillage.com\/de\/zahlreiche-dienstleistungen\/#primaryimage"},"image":{"@id":"https:\/\/www.bivillage.com\/de\/zahlreiche-dienstleistungen\/#primaryimage"},"thumbnailUrl":"https:\/\/www.bivillage.com\/wp-content\/uploads\/2022\/08\/servizi-bivillage-croazia-banner.jpg","datePublished":"2023-01-24T13:49:05+00:00","dateModified":"2023-10-27T07:08:10+00:00","description":"Auf dem Campingplatz in Fa\u017eana wird nichts dem Zufall \u00fcberlassen: im BiVillage gibt es Wi-Fi, einen Arzt, einen Friseur und viele andere Dienstleistungen!","breadcrumb":{"@id":"https:\/\/www.bivillage.com\/de\/zahlreiche-dienstleistungen\/#breadcrumb"},"inLanguage":"de","potentialAction":[{"@type":"ReadAction","target":["https:\/\/www.bivillage.com\/de\/zahlreiche-dienstleistungen\/"]}]},{"@type":"ImageObject","inLanguage":"de","@id":"https:\/\/www.bivillage.com\/de\/zahlreiche-dienstleistungen\/#primaryimage","url":"https:\/\/www.bivillage.com\/wp-content\/uploads\/2022\/08\/servizi-bivillage-croazia-banner.jpg","contentUrl":"https:\/\/www.bivillage.com\/wp-content\/uploads\/2022\/08\/servizi-bivillage-croazia-banner.jpg","width":1920,"height":1000,"caption":"ragazza che richiede informazioni al bivillage"},{"@type":"BreadcrumbList","@id":"https:\/\/www.bivillage.com\/de\/zahlreiche-dienstleistungen\/#breadcrumb","itemListElement":[{"@type":"ListItem","position":1,"name":"Home","item":"https:\/\/www.bivillage.com\/de\/"},{"@type":"ListItem","position":2,"name":"Zahlreiche Dienstleistungen"}]},{"@type":"WebSite","@id":"https:\/\/www.bivillage.com\/de\/#website","url":"https:\/\/www.bivillage.com\/de\/","name":"BiVillage","description":"Fasana, ISTRIA","publisher":{"@id":"https:\/\/www.bivillage.com\/de\/#organization"},"potentialAction":[{"@type":"SearchAction","target":{"@type":"EntryPoint","urlTemplate":"https:\/\/www.bivillage.com\/de\/?s={search_term_string}"},"query-input":{"@type":"PropertyValueSpecification","valueRequired":true,"valueName":"search_term_string"}}],"inLanguage":"de"},{"@type":"Organization","@id":"https:\/\/www.bivillage.com\/de\/#organization","name":"BiVillage","alternateName":"bivillage","url":"https:\/\/www.bivillage.com\/de\/","logo":{"@type":"ImageObject","inLanguage":"de","@id":"https:\/\/www.bivillage.com\/de\/#\/schema\/logo\/image\/","url":"https:\/\/www.bivillage.com\/wp-content\/uploads\/2022\/04\/logo-bivillage.png","contentUrl":"https:\/\/www.bivillage.com\/wp-content\/uploads\/2022\/04\/logo-bivillage.png","width":973,"height":340,"caption":"BiVillage"},"image":{"@id":"https:\/\/www.bivillage.com\/de\/#\/schema\/logo\/image\/"},"sameAs":["https:\/\/www.facebook.com\/BiVillageHolidayCenter\/","https:\/\/www.instagram.com\/bivillage_holidayresort\/","https:\/\/www.youtube.com\/channel\/UCu0whYLFWz1DQK-xiTLIuVw","https:\/\/www.tiktok.com\/@bivillage"]}]}},"coauthors":[],"author_meta":{"author_link":"https:\/\/www.bivillage.com\/de\/news\/author\/admin\/","display_name":"admin"},"relative_dates":{"created":"Posted 3\u00a0Jahren ago","modified":"Updated 2\u00a0Jahren ago"},"absolute_dates":{"created":"Posted on Januar 24, 2023","modified":"Updated on Oktober 27, 2023"},"absolute_dates_time":{"created":"Posted on Januar 24, 2023 2:49 p.m.","modified":"Updated on Oktober 27, 2023 9:08 a.m."},"featured_img_caption":"","featured_img":"https:\/\/www.bivillage.com\/wp-content\/uploads\/2022\/08\/servizi-bivillage-croazia-banner-1568x817.jpg","series_order":"","_links":{"self":[{"href":"https:\/\/www.bivillage.com\/de\/wp-json\/wp\/v2\/pages\/11445","targetHints":{"allow":["GET"]}}],"collection":[{"href":"https:\/\/www.bivillage.com\/de\/wp-json\/wp\/v2\/pages"}],"about":[{"href":"https:\/\/www.bivillage.com\/de\/wp-json\/wp\/v2\/types\/page"}],"author":[{"embeddable":true,"href":"https:\/\/www.bivillage.com\/de\/wp-json\/wp\/v2\/users\/1"}],"replies":[{"embeddable":true,"href":"https:\/\/www.bivillage.com\/de\/wp-json\/wp\/v2\/comments?post=11445"}],"version-history":[{"count":0,"href":"https:\/\/www.bivillage.com\/de\/wp-json\/wp\/v2\/pages\/11445\/revisions"}],"wp:featuredmedia":[{"embeddable":true,"href":"https:\/\/www.bivillage.com\/de\/wp-json\/wp\/v2\/media\/5836"}],"wp:attachment":[{"href":"https:\/\/www.bivillage.com\/de\/wp-json\/wp\/v2\/media?parent=11445"}],"curies":[{"name":"wp","href":"https:\/\/api.w.org\/{rel}","templated":true}]}}